{"id":918,"date":"2022-07-26T12:03:50","date_gmt":"2022-07-26T10:03:50","guid":{"rendered":"https:\/\/www.solaal.org\/pays-de-la-loire\/?page_id=918"},"modified":"2025-11-18T14:36:31","modified_gmt":"2025-11-18T13:36:31","slug":"un-accompagnement-complet","status":"publish","type":"page","link":"https:\/\/www.solaal.org\/pays-de-la-loire\/nos-missions-nos-actions\/un-accompagnement-complet\/","title":{"rendered":"Un accompagnement complet"},"content":{"rendered":"\n<p>SOLAAL est une association facilitant l&rsquo;organisation des dons des entreprises agricoles et agroalimentaires \u00e0 destination des associations d&rsquo;aide alimentaire. Notre service gratuit, vise \u00e0 lutter contre le gaspillage alimentaire et la pr\u00e9carit\u00e9 alimentaire.<\/p>\n\n\n\n<section class=\"wp-block-title-c\">\n\t<h2>Le don sur l&rsquo;exploitation <\/h2>\n<\/section>\n\n\n<p class=\"has-medium-font-size\">Vous \u00eates <strong>agriculteur<\/strong>, vous avez des invendus li\u00e9s \u00e0 des probl\u00e8mes de calibrage, des difficult\u00e9s de vente, une annulation de commandes&#8230; Vous pouvez proposer votre don aux associations d&rsquo;aide alimentaire.<\/p>\n\n\n\n<div class=\"wp-block-buttons is-layout-flex wp-block-buttons-is-layout-flex\">\n<div class=\"wp-block-button\"><a class=\"wp-block-button__link has-medium-font-size has-custom-font-size wp-element-button\" href=\"https:\/\/www.solaal.org\/pays-de-la-loire\/wp-content\/uploads\/sites\/26\/2022\/07\/Fiche-fruits-et-legumes-PdL.pdf\">T\u00e9l\u00e9charger la fiche don<\/a><\/div>\n<\/div>\n\n\n\n<section class=\"wp-block-title-c\">\n\t<h2>Le refus d&rsquo;agr\u00e9age<\/h2>\n<\/section>\n\n\n<p class=\"has-medium-font-size\">Vous travaillez avec une plateforme de la grande distribution, il vous arrive d&rsquo;avoir des <strong>refus<\/strong> <strong>d&rsquo;agr\u00e9age<\/strong>. Sachez que nous pouvons g\u00e9rer les dons pour vous et vous permettre de b\u00e9n\u00e9ficier de la r\u00e9duction d&rsquo;imp\u00f4ts en r\u00e9alisant le suivi et notamment en r\u00e9cup\u00e9rant l&rsquo;attestation de don. <\/p>\n\n\n\n<p class=\"has-medium-font-size\">Nous avons mis en place un partenariat avec<strong> + de 420 plateformes.<\/strong><\/p>\n\n\n\n<div class=\"wp-block-buttons is-layout-flex wp-block-buttons-is-layout-flex\">\n<div class=\"wp-block-button\"><a class=\"wp-block-button__link has-medium-font-size has-custom-font-size wp-element-button\" href=\"https:\/\/www.solaal.org\/pays-de-la-loire\/contact\/\">Nous contacter<\/a><\/div>\n<\/div>\n\n\n\n<section class=\"wp-block-title-c\">\n\t<h2>Les dons dans le cadre d&rsquo;\u00e9v\u00e9nements <\/h2>\n<\/section>\n\n\n<p class=\"has-medium-font-size\">Vous organisez un <strong>\u00e9v\u00e9nement agricole<\/strong> et il vous reste des produits invendus \u00e0 l&rsquo;issue de cet \u00e9v\u00e9nement. Sachez que nous pouvons organiser le don pour que les produits b\u00e9n\u00e9ficient \u00e0 une association d&rsquo;aide alimentaire. <\/p>\n\n\n\n<div class=\"wp-block-buttons is-layout-flex wp-block-buttons-is-layout-flex\">\n<div class=\"wp-block-button\"><a class=\"wp-block-button__link has-medium-font-size has-custom-font-size wp-element-button\" href=\"https:\/\/www.solaal.org\/pays-de-la-loire\/2022\/07\/19\/__trashed\/\">Pour en savoir plus<\/a><\/div>\n\n\n\n<div class=\"wp-block-button\"><a class=\"wp-block-button__link has-medium-font-size has-custom-font-size wp-element-button\" href=\"https:\/\/www.solaal.org\/pays-de-la-loire\/wp-content\/uploads\/sites\/26\/2022\/07\/Fiche-don-evenements.pdf\">T\u00e9l\u00e9charger la fiche don<\/a><\/div>\n<\/div>\n\n\n\n<div class=\"wp-block-buttons is-layout-flex wp-block-buttons-is-layout-flex\"><\/div>\n\n\n\n<section class=\"wp-block-title-c\">\n\t<h2>Le glanage solidaire <\/h2>\n<\/section>\n\n\n<p class=\"has-medium-font-size\">Il vous reste des<strong> produits au champ<\/strong> puisque vous ne les avez pas ramass\u00e9s pour des raisons de calibrage ou des probl\u00e8mes techniques. Nous pouvons organiser une action de solidarit\u00e9 avec une association d&rsquo;aide alimentaire ou un \u00e9tablissement agricole. Les produits seront ensuite donn\u00e9s aux personnes accueillies \u00e0 l&rsquo;aide alimentaire.<\/p>\n\n\n\n<div class=\"wp-block-buttons is-layout-flex wp-block-buttons-is-layout-flex\">\n<div class=\"wp-block-button\"><a class=\"wp-block-button__link has-medium-font-size has-custom-font-size wp-element-button\" href=\"https:\/\/www.solaal.org\/pays-de-la-loire\/le-glanage-solidaire\/\">Pour en savoir plus<\/a><\/div>\n\n\n\n<div class=\"wp-block-button\"><a class=\"wp-block-button__link has-medium-font-size has-custom-font-size wp-element-button\" href=\"https:\/\/www.solaal.org\/pays-de-la-loire\/wp-content\/uploads\/sites\/26\/2022\/07\/Plaquette-glanage-solidaire_SOLAAL-Pays-de-la-Loire.pdf\">T\u00e9l\u00e9charger la fiche don<\/a><\/div>\n<\/div>\n\n\n\n<section class=\"wp-block-title-c\">\n\t<h2>Le retrait communautaire<\/h2>\n<\/section>\n\n\n<p class=\"has-medium-font-size\">En cas de difficult\u00e9 \u00e0 vendre la production, les r\u00e8gles europ\u00e9ennes pr\u00e9voient la possibilit\u00e9 de r\u00e9aliser des retraits de fruits et l\u00e9gumes du march\u00e9.<br><strong>Qui peut donner ? <\/strong>Les organisations de producteurs et les associations d&rsquo;organisations de producteurs reconnues ayant un programme op\u00e9rationnel agr\u00e9\u00e9 en cours d&rsquo;ex\u00e9cution \u00e0 la date du retrait de march\u00e9 et ayant inscrit la mesure \u00ab\u00a0retraits\u00a0\u00bb dans ce programme op\u00e9rationnel. <\/p>\n\n\n\n<div class=\"wp-block-buttons is-layout-flex wp-block-buttons-is-layout-flex\">\n<div class=\"wp-block-button\"><a class=\"wp-block-button__link has-medium-font-size has-custom-font-size wp-element-button\" href=\"https:\/\/www.solaal.org\/pays-de-la-loire\/wp-content\/uploads\/sites\/26\/2022\/07\/Fiche-le-retrait-communautaire-PdL.pdf\">T\u00e9l\u00e9charger la fiche don<\/a><\/div>\n<\/div>\n\n\n\n<section class=\"wp-block-title-c\">\n\t<h2>L&rsquo;abandon de recettes<\/h2>\n<\/section>\n\n\n<p class=\"has-medium-font-size\">Vous r\u00e9alisez de la grande culture, ou vendez du mat\u00e9riel agricole donc vous ne pouvez pas faire don directement de produits, sachez-que vous pouvez r\u00e9aliser de l&rsquo;abandon de recettes. 2 options s&rsquo;offrent \u00e0 vous : <\/p>\n\n\n\n<ul class=\"wp-block-list\">\n<li>Don \u00e0 SOLAAL Pays de la Loire pour soutenir le fonctionnement de l&rsquo;association <\/li>\n\n\n\n<li>Votre don financier peut servir \u00e0 acheter des denr\u00e9es alimentaires dont les associations d&rsquo;aide alimentaire ont besoin. SOLAAL Pays de la Loire s&rsquo;occupe de r\u00e9aliser l&rsquo;achat selon vos crit\u00e8res.<\/li>\n<\/ul>\n\n\n\n<div class=\"wp-block-buttons is-layout-flex wp-block-buttons-is-layout-flex\">\n<div class=\"wp-block-button\"><a class=\"wp-block-button__link has-medium-font-size has-custom-font-size wp-element-button\" href=\"https:\/\/www.solaal.org\/pays-de-la-loire\/wp-content\/uploads\/sites\/26\/2022\/07\/Fiche-grandes-cultures-PdL.pdf\">T\u00e9l\u00e9charger la fiche don <\/a><\/div>\n<\/div>\n\n\n<section class=\"home-left-text-and-right-slider not-h2\">\n\t\t<div class=\"home-left-text-and-right-slider-box inner wowo fadeInUp\">\n\t\t\t<div class=\"left\">\n\t\t\t\t<div class=\"transition-delay-1 wowo fadeInUp\">\n\t\t\t\t\t<h2>SOLAAL facilite le don alimentaire<\/h2>\n\t\t\t\t\t<h3>Un site internet d\u00e9di\u00e9 \u00e0 vos dons<\/h3>\n\t\t\t\t<\/div>\n\t\t\t\t<div class=\"transition-delay-2 wowo fadeInUp\">\n\t\t\t\t\t<p>Vous avez parcouru notre offre de services et vu sur quel type de dons vous pouviez \u00eatre accompagn\u00e9. N&rsquo;h\u00e9sitez pas \u00e0 d\u00e9poser vos propositions de dons sur notre site internet d\u00e9di\u00e9 !<\/p>\n\t\t\t\t<\/div>\n\t\t\t\t<div class=\"block transition-delay-3 wowo fadeInUp\">\n\t\t\t\t\t\t\t\t\t\t<div class=\"box\">\n\t\t\t\t\t\t<h4>Des fruits et l\u00e9gumes<\/h4>\n\t\t\t\t\t\t<h5>hors calibres<\/h5>\n\t\t\t\t\t<\/div>\n\t\t\t\t\t\t\t\t\t\t<div class=\"box\">\n\t\t\t\t\t\t<h4>Des yaourts<\/h4>\n\t\t\t\t\t\t<h5>produits \u00e0 la ferme<\/h5>\n\t\t\t\t\t<\/div>\n\t\t\t\t\t\t\t\t\t\t<div class=\"box\">\n\t\t\t\t\t\t<h4> Des fruits et l\u00e9gumes <\/h4>\n\t\t\t\t\t\t<h5>en refus d&rsquo;agr\u00e9age &#8230;<\/h5>\n\t\t\t\t\t<\/div>\n\t\t\t\t\t\t\t\t\t<\/div>\n\t\t\t\t\t\t\t\t<div class=\"link\">\n\t\t\t\t\t<a class=\"btn btn-b\" href=\"http:\/\/www.dons.solaal.org\" target=\"_self\"><i><\/i>C&rsquo;est par ici !<\/a>\n\t\t\t\t<\/div>\n\t\t\t\t\t\t\t<\/div>\n\t\t\t<div class=\"right\">\n\t\t\t\t<div class=\"left-text-and-right-slider\">\n\t\t\t\t\t\t\t\t\t\t<div class=\"slider-block\">\n\t\t\t\t\t\t<div class=\"video\">\n\t\t\t\t\t        <a href=\"#\" class=\"video-link embed\">\n\t\t\t\t\t          \t\t\t\t\t\t\t\t<div class=\"data-video\">\n\t\t\t\t\t\t\t\t\thttps:\/\/youtu.be\/7ght2yrFbt8\t\t\t\t\t\t\t\t\t\t\n\t\t\t\t\t\t\t\t\t<\/div>\n\t\t\t\t\t\t\t\t\t\t\t\t\t          <div class=\"img\">\n\t\t\t\t\t            <img decoding=\"async\" src=\"https:\/\/www.solaal.org\/pays-de-la-loire\/wp-content\/uploads\/sites\/26\/2025\/05\/Image-miniature-Kevin.png\" alt=\"\" class=\"img-bg \">\n\t\t\t\t\t          <\/div>\n\t\t\t\t\t          <div class=\"text-and-icon\">\n\t\t\t\t\t          \t<i class=\"icon-play\"><\/i>\n\t\t\t\t\t          \t<h2>K\u00e9vin MASSE<\/h2>\n\t\t\t\t\t          \t<h3><\/h3>\n\t\t\t\t\t          \t<h4>Le don une solution<\/h4>\n\t\t\t\t\t          <\/div>\n\t\t\t\t\t        <\/a>\n\t\t\t\t\t\t<\/div>\n\t\t\t\t\t<\/div>\n\t\t\t\t\t\t\t\t\t<\/div>\n\t\t\t\t<div class=\"text-c\">\n\t\t    \t\t<p>Je suis solidaire <\/p>\n\t\t    \t\t<h5>Je donne !<\/h5>\n\t\t    \t\t\t    \t\t\n\t    \t\t<\/div>\n\t\t\t<\/div>\n\t\t<\/div>\n\t<\/section>\n\t\n\n","protected":false},"excerpt":{"rendered":"<p>SOLAAL est une association facilitant l&rsquo;organisation des dons des entreprises agricoles et agroalimentaires \u00e0 destination des associations d&rsquo;aide alimentaire. Notre service gratuit, vise \u00e0 lutter contre le gaspillage alimentaire et la pr\u00e9carit\u00e9 alimentaire. Vous \u00eates agriculteur, vous avez des invendus li\u00e9s \u00e0 des probl\u00e8mes de calibrage, des difficult\u00e9s de vente, une annulation de commandes&#8230; Vous [&hellip;]<\/p>\n","protected":false},"author":16,"featured_media":0,"parent":453,"menu_order":18,"comment_status":"closed","ping_status":"closed","template":"","meta":{"_acf_changed":false,"inline_featured_image":false,"footnotes":""},"class_list":["post-918","page","type-page","status-publish","hentry"],"acf":[],"_links":{"self":[{"href":"https:\/\/www.solaal.org\/pays-de-la-loire\/wp-json\/wp\/v2\/pages\/918","targetHints":{"allow":["GET"]}}],"collection":[{"href":"https:\/\/www.solaal.org\/pays-de-la-loire\/wp-json\/wp\/v2\/pages"}],"about":[{"href":"https:\/\/www.solaal.org\/pays-de-la-loire\/wp-json\/wp\/v2\/types\/page"}],"author":[{"embeddable":true,"href":"https:\/\/www.solaal.org\/pays-de-la-loire\/wp-json\/wp\/v2\/users\/16"}],"replies":[{"embeddable":true,"href":"https:\/\/www.solaal.org\/pays-de-la-loire\/wp-json\/wp\/v2\/comments?post=918"}],"version-history":[{"count":68,"href":"https:\/\/www.solaal.org\/pays-de-la-loire\/wp-json\/wp\/v2\/pages\/918\/revisions"}],"predecessor-version":[{"id":2582,"href":"https:\/\/www.solaal.org\/pays-de-la-loire\/wp-json\/wp\/v2\/pages\/918\/revisions\/2582"}],"up":[{"embeddable":true,"href":"https:\/\/www.solaal.org\/pays-de-la-loire\/wp-json\/wp\/v2\/pages\/453"}],"wp:attachment":[{"href":"https:\/\/www.solaal.org\/pays-de-la-loire\/wp-json\/wp\/v2\/media?parent=918"}],"curies":[{"name":"wp","href":"https:\/\/api.w.org\/{rel}","templated":true}]}}