{"id":455,"date":"2022-05-16T18:35:51","date_gmt":"2022-05-16T16:35:51","guid":{"rendered":"https:\/\/www.solaal.org\/pays-de-la-loire\/vous-souhaitez-faire-un-don\/"},"modified":"2022-08-11T17:04:35","modified_gmt":"2022-08-11T15:04:35","slug":"vous-souhaitez-faire-un-don","status":"publish","type":"page","link":"https:\/\/www.solaal.org\/pays-de-la-loire\/vous-souhaitez-faire-un-don\/","title":{"rendered":"Vous souhaitez faire un don ?"},"content":{"rendered":"\n<p class=\"has-medium-font-size\">Vous souhaitez faire un don mais vous ne savez pas \u00e0 qui vous adresser, vous n&rsquo;avez pas le temps de g\u00e9rer le don ? SOLAAL vous accompagne gratuitement dans la gestion de vos dons.<\/p>\n\n\n\n<section class=\"wp-block-title-c\">\n\t<h2>Un accompagnement diversifi\u00e9 <\/h2>\n<\/section>\n\n\n<p class=\"has-medium-font-size\">SOLAAL Pays de la Loire peut vous accompagner sur diff\u00e9rents types de dons dont en voici la liste : <\/p>\n\n\n\n<ul class=\"wp-block-list\"><li>Don sur l&rsquo;exploitation <\/li><li>Don dans le cadre d&rsquo;un refus d&rsquo;agr\u00e9age <\/li><li>Don dans le cadre d&rsquo;un \u00e9v\u00e9nement<\/li><li>Le glanage solidaire <\/li><li>L&rsquo;abandon de recettes<\/li><li>Le retrait communautaire<\/li><\/ul>\n\n\n\n<p class=\"has-medium-font-size\">N&rsquo;h\u00e9sitez pas \u00e0 consulter nos pages d\u00e9di\u00e9es, <strong><a href=\"https:\/\/www.solaal.org\/pays-de-la-loire\/vous-souhaitez-faire-un-don\/quels-produits-donner\/\">quels produits donner ? <\/a><\/strong>, <strong><a href=\"https:\/\/www.solaal.org\/pays-de-la-loire\/vous-souhaitez-faire-un-don\/le-don-via-solaal\/\">le don via SOLAAL <\/a><\/strong>, ou encore notre<strong><a href=\"https:\/\/www.solaal.org\/pays-de-la-loire\/vous-souhaitez-faire-un-don\/f-a-q-du-don-agricole\/\"> F.A.Q.<\/a><\/strong> sur le don. <\/p>\n\n\n\n<p class=\"has-text-align-center\" style=\"font-size:24px\"><strong>Pour toute question, contactez-nous ! <\/strong><\/p>\n\n\n\n\t<section class=\"home-alimentaire not-h2\">\n\t\t<div class=\"home-alimentaire-box inner fadeInUp\">\n\t\t\t<a class=\"content\" href=\"http:\/\/www.dons.solaal.org\" target=\"_blank\">\n\t\t\t\t<div class=\"img-p\">\n\t\t\t\t\t<img decoding=\"async\" src=\"https:\/\/www.solaal.org\/pays-de-la-loire\/wp-content\/uploads\/sites\/26\/2022\/08\/image17159.png\" alt=\"\" class=\"desktop\">\n\t\t\t\t\t<img decoding=\"async\" src=\"https:\/\/www.solaal.org\/pays-de-la-loire\/wp-content\/uploads\/sites\/26\/2022\/08\/image17159.png\" alt=\"\" class=\"mobile\">\n\t\t\t\t<\/div>\n\t\t\t\t<div class=\"text\">\n\t\t\t\t\t<h2>Anti-gaspillage alimentaire<\/h2>\n\t\t\t\t\t<h3>Vous avez des produits \u00e0 donner ? <\/h3>\n\t\t\t\t<\/div>\n\t\t\t\t<div class=\"img\">\n\t\t\t\t\t<div class=\"badge-svg\">\n\t\t\t\t\t\t<img decoding=\"async\" src=\"https:\/\/www.solaal.org\/pays-de-la-loire\/wp-content\/uploads\/sites\/26\/2022\/05\/15-1.svg\" alt=\"\" \/>\n\t\t\t\t\t<\/div>\n\t\t\t\t<\/div>\n\t\t\t<\/a>\n\t\t\t<div class=\"links\">\n\t\t\t\t\t\t\t\t<a  class=\"btn btn-b btn-button\" href=\"http:\/\/www.dons.solaal.org\" target=\"_blank\"><i><\/i>Faire un don en ligne <\/a>\n\t\t\t\t\t\t\t\t<a  class=\"btn btn-b \" href=\"https:\/\/www.solaal.org\/pays-de-la-loire\/contact\/\" target=\"_blank\"><i><\/i>Contactez-nous !<\/a>\n\t\t\t\t\t\t\t<\/div>\n\t\t<\/div>\n\t<\/section>","protected":false},"excerpt":{"rendered":"<p>Vous souhaitez faire un don mais vous ne savez pas \u00e0 qui vous adresser, vous n&rsquo;avez pas le temps de g\u00e9rer le don ? SOLAAL vous accompagne gratuitement dans la gestion de vos dons. SOLAAL Pays de la Loire peut vous accompagner sur diff\u00e9rents types de dons dont en voici la liste : Don sur [&hellip;]<\/p>\n","protected":false},"author":1,"featured_media":0,"parent":0,"menu_order":27,"comment_status":"closed","ping_status":"closed","template":"","meta":{"_acf_changed":false,"inline_featured_image":false,"footnotes":""},"class_list":["post-455","page","type-page","status-publish","hentry"],"acf":[],"_links":{"self":[{"href":"https:\/\/www.solaal.org\/pays-de-la-loire\/wp-json\/wp\/v2\/pages\/455","targetHints":{"allow":["GET"]}}],"collection":[{"href":"https:\/\/www.solaal.org\/pays-de-la-loire\/wp-json\/wp\/v2\/pages"}],"about":[{"href":"https:\/\/www.solaal.org\/pays-de-la-loire\/wp-json\/wp\/v2\/types\/page"}],"author":[{"embeddable":true,"href":"https:\/\/www.solaal.org\/pays-de-la-loire\/wp-json\/wp\/v2\/users\/1"}],"replies":[{"embeddable":true,"href":"https:\/\/www.solaal.org\/pays-de-la-loire\/wp-json\/wp\/v2\/comments?post=455"}],"version-history":[{"count":16,"href":"https:\/\/www.solaal.org\/pays-de-la-loire\/wp-json\/wp\/v2\/pages\/455\/revisions"}],"predecessor-version":[{"id":1322,"href":"https:\/\/www.solaal.org\/pays-de-la-loire\/wp-json\/wp\/v2\/pages\/455\/revisions\/1322"}],"wp:attachment":[{"href":"https:\/\/www.solaal.org\/pays-de-la-loire\/wp-json\/wp\/v2\/media?parent=455"}],"curies":[{"name":"wp","href":"https:\/\/api.w.org\/{rel}","templated":true}]}}