{"id":555,"date":"2022-08-30T00:05:05","date_gmt":"2022-08-29T22:05:05","guid":{"rendered":"https:\/\/www.solaal.org\/ile-de-france\/?page_id=555"},"modified":"2022-08-31T23:16:19","modified_gmt":"2022-08-31T21:16:19","slug":"qui-recoit-les-dons","status":"publish","type":"page","link":"https:\/\/www.solaal.org\/ile-de-france\/vous-souhaitez-faire-un-don\/qui-recoit-les-dons\/","title":{"rendered":"Qui re\u00e7oit les dons ?"},"content":{"rendered":"\n<div class=\"wp-block-cover is-light\" style=\"min-height:312px;aspect-ratio:unset;\"><span aria-hidden=\"true\" class=\"wp-block-cover__background has-background-dim\"><\/span><img loading=\"lazy\" decoding=\"async\" width=\"1200\" height=\"900\" class=\"wp-block-cover__image-background wp-image-556\" alt=\"\" src=\"https:\/\/www.solaal.org\/ile-de-france\/wp-content\/uploads\/sites\/31\/2022\/08\/19_07-Pleurette-Lomme-1.jpg\" style=\"object-position:50% 100%\" data-object-fit=\"cover\" data-object-position=\"50% 100%\" srcset=\"https:\/\/www.solaal.org\/ile-de-france\/wp-content\/uploads\/sites\/31\/2022\/08\/19_07-Pleurette-Lomme-1.jpg 1200w, https:\/\/www.solaal.org\/ile-de-france\/wp-content\/uploads\/sites\/31\/2022\/08\/19_07-Pleurette-Lomme-1-300x225.jpg 300w, https:\/\/www.solaal.org\/ile-de-france\/wp-content\/uploads\/sites\/31\/2022\/08\/19_07-Pleurette-Lomme-1-1024x768.jpg 1024w, https:\/\/www.solaal.org\/ile-de-france\/wp-content\/uploads\/sites\/31\/2022\/08\/19_07-Pleurette-Lomme-1-768x576.jpg 768w\" sizes=\"auto, (max-width: 1200px) 100vw, 1200px\" \/><div class=\"wp-block-cover__inner-container is-layout-flow wp-block-cover-is-layout-flow\">\n<p class=\"has-text-align-center has-white-color has-text-color has-large-font-size\"><strong>Les associations d&rsquo;aide alimentaire nationales habilit\u00e9es<\/strong><\/p>\n<\/div><\/div>\n\n\n\n<p style=\"font-size:18px\">SOLAAL \u00cele-de-France facilite l\u2019organisation des dons des entreprises agricole et agroalimentaire \u00e0 destination des associations d\u2019aide alimentaire. Nous travaillons principalement avec <strong>les associations d&rsquo;aide alimentaire ayant une\u00a0habilitation nationale.<\/strong><\/p>\n\n\n\n<p style=\"font-size:18px\">Nous proposons les produits donn\u00e9s aux&nbsp;<strong>18 associations nationales habilit\u00e9es<\/strong>. Elles nous r\u00e9pondent en fonction de leurs besoins, leur disponibilit\u00e9 et leur capacit\u00e9 logistique (transport, humain, stockage\u2026). Puis nous vous envoyons un tableau r\u00e9capitulatif des quantit\u00e9s souhait\u00e9es par chaque association, pour validation. <br>En r\u00e9alisant la r\u00e9partition, nous faisons en sorte d\u2019\u00eatre&nbsp;<strong>\u00e9quitable entre tous les r\u00e9seaux<\/strong>&nbsp;mais il vous est bien s\u00fbr possible de choisir la ou les associations b\u00e9n\u00e9ficiaires.<\/p>\n\n\n\n<p style=\"font-size:18px\">Si votre entreprise travaille avec des bacs IFCO, SOLAAL a mis en place des&nbsp;<strong>partenariats avec certaines associations disposant d\u2019une habilitation pour recevoir les bacs IFCO <\/strong>et assurer le transfert de propri\u00e9t\u00e9.<br>Pour plus d\u2019informations, vous trouverez un article en cliquant&nbsp;<a href=\"https:\/\/www.solaal.org\/ifco-une-entreprise-engagee\/\" target=\"_blank\" rel=\"noreferrer noopener\"><strong>ICI<\/strong><\/a><strong>.<\/strong><\/p>\n\n\n\n\t<div class=\"wp-block-button-two\">\n\t\t<a href=\"https:\/\/www.solaal.org\/ile-de-france\/decouvrez-lassociation\/a-propos-de-solaal-ile-de-france\/\" target=\"_self\"><i><\/i>Contacter SOLAAL Hauts-de-France<\/a>\n\t<\/div>","protected":false},"excerpt":{"rendered":"<p>SOLAAL \u00cele-de-France facilite l\u2019organisation des dons des entreprises agricole et agroalimentaire \u00e0 destination des associations d\u2019aide alimentaire. Nous travaillons principalement avec les associations d&rsquo;aide alimentaire ayant une\u00a0habilitation nationale. Nous proposons les produits donn\u00e9s aux&nbsp;18 associations nationales habilit\u00e9es. Elles nous r\u00e9pondent en fonction de leurs besoins, leur disponibilit\u00e9 et leur capacit\u00e9 logistique (transport, humain, stockage\u2026). Puis [&hellip;]<\/p>\n","protected":false},"author":2,"featured_media":0,"parent":475,"menu_order":3,"comment_status":"closed","ping_status":"closed","template":"","meta":{"_acf_changed":false,"inline_featured_image":false,"footnotes":""},"class_list":["post-555","page","type-page","status-publish","hentry"],"acf":[],"_links":{"self":[{"href":"https:\/\/www.solaal.org\/ile-de-france\/wp-json\/wp\/v2\/pages\/555","targetHints":{"allow":["GET"]}}],"collection":[{"href":"https:\/\/www.solaal.org\/ile-de-france\/wp-json\/wp\/v2\/pages"}],"about":[{"href":"https:\/\/www.solaal.org\/ile-de-france\/wp-json\/wp\/v2\/types\/page"}],"author":[{"embeddable":true,"href":"https:\/\/www.solaal.org\/ile-de-france\/wp-json\/wp\/v2\/users\/2"}],"replies":[{"embeddable":true,"href":"https:\/\/www.solaal.org\/ile-de-france\/wp-json\/wp\/v2\/comments?post=555"}],"version-history":[{"count":4,"href":"https:\/\/www.solaal.org\/ile-de-france\/wp-json\/wp\/v2\/pages\/555\/revisions"}],"predecessor-version":[{"id":624,"href":"https:\/\/www.solaal.org\/ile-de-france\/wp-json\/wp\/v2\/pages\/555\/revisions\/624"}],"up":[{"embeddable":true,"href":"https:\/\/www.solaal.org\/ile-de-france\/wp-json\/wp\/v2\/pages\/475"}],"wp:attachment":[{"href":"https:\/\/www.solaal.org\/ile-de-france\/wp-json\/wp\/v2\/media?parent=555"}],"curies":[{"name":"wp","href":"https:\/\/api.w.org\/{rel}","templated":true}]}}