{"id":912,"date":"2022-08-04T10:50:43","date_gmt":"2022-08-04T08:50:43","guid":{"rendered":"https:\/\/www.solaal.org\/hauts-de-france\/?page_id=912"},"modified":"2025-09-08T14:43:14","modified_gmt":"2025-09-08T12:43:14","slug":"f-a-q-du-don-agricole","status":"publish","type":"page","link":"https:\/\/www.solaal.org\/hauts-de-france\/vous-souhaitez-faire-un-don\/f-a-q-du-don-agricole\/","title":{"rendered":"F.A.Q du don agricole"},"content":{"rendered":"\n<p><\/p>\n\n\n\n<p style=\"font-size:18px\"><strong>Vous \u00eates un acteur de milieu agricole ou agroalimentaire, une associations d&rsquo;aide alimentaire, un partenaire ? Vous vous questionnez quant \u00e0 l\u2019organisation d\u2019un don ou sur les actions que propose SOLAAL Hauts-de-France ? Vous trouverez ci-dessous les r\u00e9ponses aux questions que l\u2019on nous pose r\u00e9guli\u00e8rement.<\/strong><\/p>\n\n\n\n<p class=\"has-medium-font-size\"><em>Vous ne trouvez pas la r\u00e9ponse \u00e0 votre interrogation ? <\/em><a href=\"https:\/\/www.solaal.org\/hauts-de-france\/contact\/\">contactez-nous !<\/a><\/p>\n\n\n\n<div style=\"height:4px\" aria-hidden=\"true\" class=\"wp-block-spacer\"><\/div>\n\n\n\n<h2 class=\"wp-block-heading\">L&rsquo;organisation de SOLAAL Hauts-de-France<\/h2>\n\n\n\n<section class=\"faqs not-h2 \">\n\t\t<div class=\"faqs-box inner wowo fadeInUp\">\n\t\t\t\t\t\t<div class=\"block\">\n\t\t\t\t<div class=\"title-c\">\n\t\t\t\t\t<h2>Que signifie SOLAAL ?<\/h2>\n\t\t\t\t\t<i><\/i>\n\t\t\t\t<\/div>\n\t\t\t\t<div class=\"text-c\">\n\t\t\t\t\t<p>\u00ab\u00a0<strong>SOL<\/strong>idarit\u00e9 des producteurs\u00a0<strong>A<\/strong>gricoles et des fili\u00e8res\u00a0<strong>AL<\/strong>imentaires\u00a0\u00bb\u00a0est une association d\u2019int\u00e9r\u00eat g\u00e9n\u00e9ral, cr\u00e9\u00e9e en 2013. C\u2019est la seule association qui a pour but de\u00a0<strong>faciliter les dons<\/strong>\u00a0entre le secteur agricole et les associations d&rsquo;aide alimentaire\u00a0nationales et habilit\u00e9es. C&rsquo;est un\u00a0<strong>service gratuit<\/strong>\u00a0qui lutte contre les invendus\u00a0alimentaires et offre\u00a0des produits frais\u00a0aux plus d\u00e9munis.<br \/>\nDepuis 2018, elle essaime ses bonnes pratiques dans les r\u00e9gions gr\u00e2ce \u00e0 ses antennes.<\/p>\n\t\n\t\t\t\t<\/div>\n\t\t\t<\/div>\n\t\t\t\t\t\t<div class=\"block\">\n\t\t\t\t<div class=\"title-c\">\n\t\t\t\t\t<h2>Qui peut donner?<\/h2>\n\t\t\t\t\t<i><\/i>\n\t\t\t\t<\/div>\n\t\t\t\t<div class=\"text-c\">\n\t\t\t\t\t<p><strong>Tout professionnel issu des fili\u00e8res agricoles et agro-alimentaires<\/strong> : agriculteur, coop\u00e9rative, grossiste, organisation de producteur, magasin de coop\u00e9rative et de producteurs, etc.<br \/>\nEt pour les autres\u00a0? C\u2019est possible\u00a0! Nous pouvons vous aider \u00e0 organiser votre don ou vous rediriger vers les acteurs les plus appropri\u00e9s.<br \/>\nDans tous les cas, <a href=\"https:\/\/www.solaal.org\/hauts-de-france\/contact\/\" target=\"_blank\" rel=\"noopener\">contactez-nous\u00a0!<\/a><\/p>\n\t\n\t\t\t\t<\/div>\n\t\t\t<\/div>\n\t\t\t\t\t\t<div class=\"block\">\n\t\t\t\t<div class=\"title-c\">\n\t\t\t\t\t<h2>Pourquoi donner ?<\/h2>\n\t\t\t\t\t<i><\/i>\n\t\t\t\t<\/div>\n\t\t\t\t<div class=\"text-c\">\n\t\t\t\t\t<ul>\n<li>Par solidarit\u00e9<\/li>\n<li>Refus d\u2019agr\u00e9age par les entrep\u00f4ts de la grande distribution (calibrage, produits ou emballages ab\u00eem\u00e9s, surplus de commandes, etc.)<\/li>\n<li>Produits ne respectant pas les crit\u00e8res de contractualisation du client (hors calibre, surplus, produits t\u00e2ch\u00e9s ou ab\u00eem\u00e9s, etc.).<\/li>\n<li>Produits invendus en raison d&rsquo;une saturation du march\u00e9<\/li>\n<li>Produits non r\u00e9colt\u00e9s ou restant apr\u00e8s r\u00e9colte<\/li>\n<\/ul>\n\t\n\t\t\t\t<\/div>\n\t\t\t<\/div>\n\t\t\t\t\t\t<div class=\"block\">\n\t\t\t\t<div class=\"title-c\">\n\t\t\t\t\t<h2>Quels produits donner ?<\/h2>\n\t\t\t\t\t<i><\/i>\n\t\t\t\t<\/div>\n\t\t\t\t<div class=\"text-c\">\n\t\t\t\t\t<p><strong>Tout produit sain, loyal et marchand peut \u00eatre donn\u00e9 m\u00eame s\u2019il ne r\u00e9pond pas \u00e0 un cahier des charges sp\u00e9cifiques.<\/strong><\/p>\n<p>En raison des risques sanitaires, les associations ne peuvent accepter les produits suivants :<\/p>\n<ul>\n<li>p\u00e2tisseries r\u00e9frig\u00e9r\u00e9es \u00e0 base de cr\u00e8me p\u00e2tissi\u00e8re, cr\u00e8me chantilly,<\/li>\n<li>coquillages, crustac\u00e9s et hu\u00eetres,<\/li>\n<li>produits de poissonneries r\u00e9frig\u00e9r\u00e9es non pr\u00e9emball\u00e9s,<\/li>\n<li>viandes r\u00e9frig\u00e9r\u00e9es non pr\u00e9emball\u00e9es,<\/li>\n<li>steaks hach\u00e9s r\u00e9frig\u00e9r\u00e9s, pr\u00e9emball\u00e9s ou non,<\/li>\n<li>abats r\u00e9frig\u00e9r\u00e9s pr\u00e9emball\u00e9s ou non,<\/li>\n<li>farces et produits farcis r\u00e9frig\u00e9r\u00e9s pr\u00e9emball\u00e9s ou non,<\/li>\n<li>produits r\u00e9frig\u00e9r\u00e9s d\u00e9t\u00e9rior\u00e9s, ab\u00eem\u00e9s, pr\u00e9sentant un aspect anormal.<\/li>\n<\/ul>\n<p>Certains de ces produits peuvent faire exceptionnellement l\u2019objet de don, sous r\u00e9serve de mise en \u0153uvre de mesures de ma\u00eetrise sp\u00e9cifiques.<\/p>\n<p>Les viandes hach\u00e9es et les p\u00e2tisseries \u00e0 base de cr\u00e8me ainsi que les produits r\u00e9frig\u00e9r\u00e9s d\u00e9t\u00e9rior\u00e9s ou ab\u00eem\u00e9s ne peuvent en aucun cas faire l\u2019objet d\u2019un don, m\u00eame exceptionnel.<\/p>\n<p>Sauf exception,<strong> les associations d&rsquo;aide alimentaire ne sont pas autoris\u00e9es \u00e0 r\u00e9aliser d\u00e9coupe ni conditionnement<\/strong> (exemple, pour les meules de fromage).<\/p>\n<p>S&rsquo;il s&rsquo;agit de <strong>produits destin\u00e9s \u00e0 la transformation<\/strong>, le pr\u00e9ciser dans la proposition du don.<\/p>\n<p>Pour en savoir plus, consultez notre <a href=\"https:\/\/www.solaal.org\/hauts-de-france\/vous-souhaitez-faire-un-don\/quels-produits-donner\/\" target=\"_blank\" rel=\"noopener\">page d\u00e9di\u00e9e<\/a>.<br \/>\nN\u2019h\u00e9sitez pas \u00e0 nous contacter en cas de doute !<\/p>\n\t\n\t\t\t\t<\/div>\n\t\t\t<\/div>\n\t\t\t\t\t\t<div class=\"block\">\n\t\t\t\t<div class=\"title-c\">\n\t\t\t\t\t<h2>Comment donner ? <\/h2>\n\t\t\t\t\t<i><\/i>\n\t\t\t\t<\/div>\n\t\t\t\t<div class=\"text-c\">\n\t\t\t\t\t<p>Je passe directement par la webapp SOLAAL : <a href=\"https:\/\/dons.solaal.org\" target=\"_blank\" rel=\"noopener\">https:\/\/dons.solaal.org<\/a><br \/>\nLe tutoriel est disponible <a href=\"https:\/\/youtu.be\/K4hc7HDPA7c\" target=\"_blank\" rel=\"noopener\">ici<\/a><\/p>\n<p>Ou je contacte l&rsquo;\u00e9quipe SOLAAL Hauts-de-France : <a href=\"https:\/\/www.solaal.org\/hauts-de-france\/vous-souhaitez-faire-un-don\/contact\/\" target=\"_blank\" rel=\"noopener\">contacter<\/a><\/p>\n\t\n\t\t\t\t<\/div>\n\t\t\t<\/div>\n\t\t\t\t\t\t<div class=\"block\">\n\t\t\t\t<div class=\"title-c\">\n\t\t\t\t\t<h2>O\u00f9 vont mes dons ?<\/h2>\n\t\t\t\t\t<i><\/i>\n\t\t\t\t<\/div>\n\t\t\t\t<div class=\"text-c\">\n\t\t\t\t\t<p>Pour s\u00e9curiser la tra\u00e7abilit\u00e9 de vos dons, ils sont donn\u00e9s \u00e0 des <strong>associations nationales habilit\u00e9es,<\/strong> dont la liste est d\u00e9finie par arr\u00eat\u00e9 interminist\u00e9riel. Ces associations s\u2019engagent \u00e0 ce que les produits donn\u00e9s aillent aux 6 millions de personnes qui ont recours \u00e0 l\u2019aide alimentaire. Les produits sont donn\u00e9s gratuitement aux associations. Certaines d\u2019entre elles demandent une participation au b\u00e9n\u00e9ficiaire, de l\u2019ordre de 10 %-20% du prix du march\u00e9.<\/p>\n<p>N\u2019h\u00e9sitez pas \u00e0 nous contacter pour avoir la liste compl\u00e8te des associations nationales et habilit\u00e9es\u00a0!<\/p>\n<p>Exceptionnellement, s\u2019il y a un manque de retour positif sur une offre de don, nous pouvons la proposer \u00e0 une <strong>association habilit\u00e9e r\u00e9gionalement<\/strong>. Si c\u2019est le cas, l\u2019association doit s\u2019engager aupr\u00e8s du donateur que les produits collect\u00e9s sont destin\u00e9s \u00e0 l\u2019aide alimentaire et indiquer le cas \u00e9ch\u00e9ant le montant de la contribution demand\u00e9e aux personnes auxquelles sont destin\u00e9s les dons.<\/p>\n<p><strong>SOLAAL r\u00e9partit les dons<\/strong> entre les associations d\u2019aide alimentaire selon une r\u00e8gle qui se veut le plus <strong>\u00e9quitable<\/strong> possible<strong>,<\/strong> par souci de servir au mieux les besoins de toutes les associations. Par ailleurs, nous r\u00e9pondons \u00e0 tous les agriculteurs sans distinction.<\/p>\n<p>Pour en savoir plus, consultez notre <a href=\"https:\/\/www.solaal.org\/hauts-de-france\/vous-souhaitez-faire-un-don\/qui-recoit-les-dons\/\" target=\"_blank\" rel=\"noopener\">page d\u00e9di\u00e9e<\/a>.<\/p>\n\t\n\t\t\t\t<\/div>\n\t\t\t<\/div>\n\t\t\t\t\t<\/div>\n\t<\/section>\n\n\n<h2 class=\"wp-block-heading\">Les actualit\u00e9s de SOLAAL<\/h2>\n\n\n\n<section class=\"faqs not-h2 \">\n\t\t<div class=\"faqs-box inner wowo fadeInUp\">\n\t\t\t\t\t\t<div class=\"block\">\n\t\t\t\t<div class=\"title-c\">\n\t\t\t\t\t<h2>Journ\u00e9e Nationale du Don Agricole (JNDA) ?<\/h2>\n\t\t\t\t\t<i><\/i>\n\t\t\t\t<\/div>\n\t\t\t\t<div class=\"text-c\">\n\t\t\t\t\t<p><strong>La Journ\u00e9e nationale du don agricole a lieu tous les ans, pendant le mois de septembre.<\/strong><\/p>\n<p>Les objectifs sont de\u00a0:<\/p>\n<ul>\n<li>mobiliser les acteurs du monde agricole, sur tout le territoire, autour d\u2019une d\u00e9marche de solidarit\u00e9.<\/li>\n<li>mettre en avant la g\u00e9n\u00e9rosit\u00e9 des agriculteurs \u00e0 travers des actions et des rencontres.<\/li>\n<\/ul>\n<p>Pour en savoir plus, consultez notre <a href=\"https:\/\/www.solaal.org\/hauts-de-france\/journees-nationales-du-don-agricole-2025\/\" target=\"_blank\" rel=\"noopener\">page d\u00e9di\u00e9e<\/a>.<\/p>\n\t\n\t\t\t\t<\/div>\n\t\t\t<\/div>\n\t\t\t\t\t\t<div class=\"block\">\n\t\t\t\t<div class=\"title-c\">\n\t\t\t\t\t<h2>Qu&rsquo;est ce que la cha\u00eene du don agricole et de la solidarit\u00e9<\/h2>\n\t\t\t\t\t<i><\/i>\n\t\t\t\t<\/div>\n\t\t\t\t<div class=\"text-c\">\n\t\t\t\t\t<p>La cha\u00eene du don agricole et de la solidarit\u00e9, v\u00e9ritable marque de fabrique de l\u2019association, a \u00e9t\u00e9 cr\u00e9\u00e9e \u00e0 l\u2019initiative de Jean Michel Hamel, agriculteur, secr\u00e9taire g\u00e9n\u00e9ral de SOLAAL et pr\u00e9sident de SOLAAL Normandie, en 2014.<\/p>\n<p>C\u2019est un \u00e9v\u00e8nement qui permet de mettre en avant \u00e0 la fois les produits du donateur mais aussi de cr\u00e9er du lien entre le donateur et les b\u00e9n\u00e9ficiaires et les associations d\u2019aide alimentaire. Les produits alimentaires donn\u00e9s circulent de main en main jusqu\u2019au camion de l&rsquo;association d\u2019aide alimentaire. Un beau moment d\u2019\u00e9change et de partage o\u00f9 tout le monde peut participer ! Les cha\u00eenes du don sont aussi l\u2019occasion pour le donateur de faire d\u00e9couvrir ses produits.<\/p>\n<p>Pour plus d&rsquo;informations : <a href=\"https:\/\/www.solaal.org\/nos-missions-nos-actions\/chaine-du-don-agricole-et-de-la-solidarite\/\" target=\"_blank\" rel=\"noopener\">https:\/\/www.solaal.org\/nos-missions-nos-actions\/chaine-du-don-agricole-et-de-la-solidarite\/<\/a><\/p>\n\t\n\t\t\t\t<\/div>\n\t\t\t<\/div>\n\t\t\t\t\t\t<div class=\"block\">\n\t\t\t\t<div class=\"title-c\">\n\t\t\t\t\t<h2>Comment puis-je suivre les actualit\u00e9s sur le don agricole ?<\/h2>\n\t\t\t\t\t<i><\/i>\n\t\t\t\t<\/div>\n\t\t\t\t<div class=\"text-c\">\n\t\t\t\t\t<p>Vous pouvez vous inscrire \u00e0 la Newsletter de SOLAAL qui est envoy\u00e9e une fois par mois.<br \/>\n<a href=\"https:\/\/www.solaal.org\/newsletter\/\" target=\"_blank\" rel=\"noopener\">https:\/\/www.solaal.org\/newsletter\/<\/a><\/p>\n<p>SOLAAL Hauts-de-France poss\u00e8de aussi :<\/p>\n<ul>\n<li>un compte\u00a0<a href=\"https:\/\/twitter.com\/SOLAALHdF\" target=\"_blank\" rel=\"noopener\">Twitter<\/a><\/li>\n<li>une page\u00a0<a href=\"https:\/\/www.facebook.com\/SOLAALHdF\/\" target=\"_blank\" rel=\"noopener\">Facebook<\/a><\/li>\n<li>une page\u00a0<a href=\"https:\/\/www.youtube.com\/watch?v=jw7opBZ1K9g&amp;list=UUVlmUBpGLOBbHD6royr-FXQ\" target=\"_blank\" rel=\"noopener\">Youtube<\/a><\/li>\n<li>une page\u00a0<a href=\"https:\/\/www.linkedin.com\/company\/solaal-hauts-de-france\" target=\"_blank\" rel=\"noopener\">LinkedIn<\/a><\/li>\n<\/ul>\n\t\n\t\t\t\t<\/div>\n\t\t\t<\/div>\n\t\t\t\t\t<\/div>\n\t<\/section>\n\n\n<h2 class=\"wp-block-heading\">La logistique du don<\/h2>\n\n\n\n<section class=\"faqs not-h2 \">\n\t\t<div class=\"faqs-box inner wowo fadeInUp\">\n\t\t\t\t\t\t<div class=\"block\">\n\t\t\t\t<div class=\"title-c\">\n\t\t\t\t\t<h2>Puis-je choisir une association pour mes dons ?<\/h2>\n\t\t\t\t\t<i><\/i>\n\t\t\t\t<\/div>\n\t\t\t\t<div class=\"text-c\">\n\t\t\t\t\t<p>Vous pouvez pr\u00e9ciser la ou les association(s) \u00e0 qui vous souhaitez donner. SOLAAL s\u2019occupera de les contacter pour vous.<\/p>\n\t\n\t\t\t\t<\/div>\n\t\t\t<\/div>\n\t\t\t\t\t\t<div class=\"block\">\n\t\t\t\t<div class=\"title-c\">\n\t\t\t\t\t<h2>Qui remplit l&rsquo;attestation de don ?<\/h2>\n\t\t\t\t\t<i><\/i>\n\t\t\t\t<\/div>\n\t\t\t\t<div class=\"text-c\">\n\t\t\t\t\t<p>L&rsquo;attestation de don, transmise par SOLAAL, est \u00e0 renseigner par le <strong>donateur<\/strong> et <strong>l&rsquo;association d&rsquo;int\u00e9r\u00eat g\u00e9n\u00e9ral qui est b\u00e9n\u00e9ficiaire<\/strong>.<\/p>\n<p>Depuis le 1er janvier 2022, le donateur doit mentionner la valeur du don, s&rsquo;il souhaite b\u00e9n\u00e9ficier d&rsquo;une r\u00e9duction d&rsquo;imp\u00f4t.<\/p>\n<p>N\u2019h\u00e9sitez pas \u00e0 nous contacter en cas de doute !<\/p>\n\t\n\t\t\t\t<\/div>\n\t\t\t<\/div>\n\t\t\t\t\t\t<div class=\"block\">\n\t\t\t\t<div class=\"title-c\">\n\t\t\t\t\t<h2>Quel est le montant de ma r\u00e9duction d\u2019imp\u00f4t ?<\/h2>\n\t\t\t\t\t<i><\/i>\n\t\t\t\t<\/div>\n\t\t\t\t<div class=\"text-c\">\n\t\t\t\t\t<p>A la suite de votre don, l\u2019association d&rsquo;aide alimentaire d\u00e9livre une attestation \u00e0 l&rsquo;agriculteur\u00a0qui peut ainsi b\u00e9n\u00e9ficier d\u2019une\u00a0<strong>r\u00e9duction d\u2019imp\u00f4t de 60% du co\u00fbt de revient du produit donn\u00e9, dans la limite de 20 000\u20ac ou de 0,5 % du chiffre d\u2019affaires.<\/strong><\/p>\n<p>L\u2019utilisation de la r\u00e9duction d\u2019imp\u00f4ts est possible pendant cinq ann\u00e9es d\u2019exercice fiscal, par exemple si l\u2019on n\u2019est pas imposable l\u2019ann\u00e9e du don.<\/p>\n<p>Les versements exc\u00e9dant le plafond de 0,5% du chiffre d\u2019affaires au cours d\u2019un exercice N peuvent donner lieu \u00e0 une r\u00e9duction d\u2019imp\u00f4ts au titre des cinq exercices suivants, apr\u00e8s prise en compte des versements effectu\u00e9s au titre de chacun de ces exercices, sans qu\u2019il puisse en r\u00e9sulter un d\u00e9passement du plafond<\/p>\n<p>Pour en savoir plus, consultez notre <a href=\"https:\/\/www.solaal.org\/hauts-de-france\/vous-souhaitez-faire-un-don\/le-don-de-a-a-z\/\" target=\"_blank\" rel=\"noopener\">page d\u00e9di\u00e9e<\/a>.<\/p>\n\t\n\t\t\t\t<\/div>\n\t\t\t<\/div>\n\t\t\t\t\t\t<div class=\"block\">\n\t\t\t\t<div class=\"title-c\">\n\t\t\t\t\t<h2>Comment d\u00e9clarer mes dons aux imp\u00f4ts ?<\/h2>\n\t\t\t\t\t<i><\/i>\n\t\t\t\t<\/div>\n\t\t\t\t<div class=\"text-c\">\n\t\t\t\t\t<p>Vous avez donn\u00e9 des produits alimentaires \u00e0 une association d&rsquo;aide alimentaire et vous ne savez pas comment d\u00e9clarer vos dons aux imp\u00f4ts ? SOLAAL Hauts-de-France et CERFRANCE Picardie Nord de Seine vous ont pr\u00e9par\u00e9 une vid\u00e9o pour tout vous expliquer. <a href=\"https:\/\/youtu.be\/eaH7N_b36mI\" target=\"_blank\" rel=\"noopener\">Cliquez ici.<\/a><\/p>\n<p>&nbsp;<\/p>\n<p>&nbsp;<\/p>\n\t\n\t\t\t\t<\/div>\n\t\t\t<\/div>\n\t\t\t\t\t\t<div class=\"block\">\n\t\t\t\t<div class=\"title-c\">\n\t\t\t\t\t<h2>Y a-t-il une quantit\u00e9 minimale pour faire un don ?<\/h2>\n\t\t\t\t\t<i><\/i>\n\t\t\t\t<\/div>\n\t\t\t\t<div class=\"text-c\">\n\t\t\t\t\t<p>Il n&rsquo;y a <strong>pas de quantit\u00e9 minimum ni maximum.<br \/>\n<\/strong>Il n\u2019y a pas de petits dons\u00a0! Tous les volumes sont accept\u00e9s.<\/p>\n\t\n\t\t\t\t<\/div>\n\t\t\t<\/div>\n\t\t\t\t\t\t<div class=\"block\">\n\t\t\t\t<div class=\"title-c\">\n\t\t\t\t\t<h2>Comment s\u2019organise le transport ?<\/h2>\n\t\t\t\t\t<i><\/i>\n\t\t\t\t<\/div>\n\t\t\t\t<div class=\"text-c\">\n\t\t\t\t\t<p><strong>SOLAAL ne dispose pas de moyen logistique ni de stockage<\/strong> pour venir r\u00e9cup\u00e9rer des produits. Toutefois elle organise la retrait des produits de A \u00e0 Z.<\/p>\n<p>Plusieurs cas de transport sont possibles :<\/p>\n<ul>\n<li>L\u2019association vient retirer les produits conditionn\u00e9s et, le cas \u00e9ch\u00e9ant, vous retourne les emballages (palox, caisses) ou l\u2019association vient r\u00e9cup\u00e9rer le don avec son propre conditionnement.<\/li>\n<li>Vous pouvez aussi proposer de livrer les produits, \u00e0 l\u2019entrep\u00f4t de l\u2019association ou dans un point de rencontre \u00e0 d\u00e9terminer (march\u00e9s, magasin du producteur, etc.). Dans ce cas, une attestation de don en logistique vous est transmise. Si vous fa\u00eetes don du conditionnement, l\u2019attestation de don de produits, inclura le don de conditionnement. Vous b\u00e9n\u00e9ficierez d\u2019une r\u00e9duction d\u2019imp\u00f4t de 60% du co\u00fbt de revient du conditionnement et du transport, dans la limite de 20 000 \u20ac ou de 0,5 % du chiffre d\u2019affaires.<\/li>\n<li>SOLAAL peut organiser la livraison gr\u00e2ce au m\u00e9c\u00e9nat logistique<\/li>\n<\/ul>\n\t\n\t\t\t\t<\/div>\n\t\t\t<\/div>\n\t\t\t\t\t\t<div class=\"block\">\n\t\t\t\t<div class=\"title-c\">\n\t\t\t\t\t<h2>Quel est le conditionnement pr\u00e9f\u00e9rable pour mes dons ?<\/h2>\n\t\t\t\t\t<i><\/i>\n\t\t\t\t<\/div>\n\t\t\t\t<div class=\"text-c\">\n\t\t\t\t\t<p>Les petits conditionnements sont plus faciles \u00e0 distribuer par les b\u00e9n\u00e9voles des associations. Pensez-y\u00a0!<\/p>\n\t\n\t\t\t\t<\/div>\n\t\t\t<\/div>\n\t\t\t\t\t\t<div class=\"block\">\n\t\t\t\t<div class=\"title-c\">\n\t\t\t\t\t<h2>Quel est l\u2019\u00e9tiquetage autoris\u00e9 ?<\/h2>\n\t\t\t\t\t<i><\/i>\n\t\t\t\t<\/div>\n\t\t\t\t<div class=\"text-c\">\n\t\t\t\t\t<p><strong>La r\u00e9glementation concernant l\u2019\u00e9tiquetage est la m\u00eame que celle pr\u00e9vue pour les produits commercialis\u00e9s.<\/strong><\/p>\n<p>Cependant, la r\u00e9glementation admet le don alimentaire \u00e0 une association, des produits ayant une <strong>absence d\u2019\u00e9tiquetage ou un d\u00e9faut d\u2019\u00e9tiquetage<\/strong>. L\u2019agriculteur devra \u00eatre en capacit\u00e9 de fournir un\u00a0<strong>document<\/strong>\u00a0en langue fran\u00e7aise comprenant l\u2019ensemble des mentions requises par la r\u00e9glementation et les mentions obligatoires suivantes\u00a0:<\/p>\n<ul>\n<li>la d\u00e9nomination de vente<\/li>\n<li>les conditions particuli\u00e8res de conservation (DLC \/ DDM)<\/li>\n<li>l\u2019identification de l\u2019op\u00e9rateur<\/li>\n<\/ul>\n\t\n\t\t\t\t<\/div>\n\t\t\t<\/div>\n\t\t\t\t\t\t<div class=\"block\">\n\t\t\t\t<div class=\"title-c\">\n\t\t\t\t\t<h2>Quelle est ma responsabilit\u00e9  ?<\/h2>\n\t\t\t\t\t<i><\/i>\n\t\t\t\t<\/div>\n\t\t\t\t<div class=\"text-c\">\n\t\t\t\t\t<p><strong>Le don ob\u00e9it aux m\u00eames r\u00e8gles que celles de la mise en march\u00e9.<\/strong><\/p>\n<p>Les agriculteurs peuvent donner \u00e0 des associations d\u2019aide alimentaire des denr\u00e9es alimentaires dans des conditions identiques et en respectant les m\u00eames pr\u00e9cautions que lorsqu\u2019ils approvisionnent tout autre \u00e9tablissement de remise directe, et leur responsabilit\u00e9 peut \u00eatre engag\u00e9e dans des conditions strictement identiques.<\/p>\n\t\n\t\t\t\t<\/div>\n\t\t\t<\/div>\n\t\t\t\t\t\t<div class=\"block\">\n\t\t\t\t<div class=\"title-c\">\n\t\t\t\t\t<h2>Quels sont les r\u00e9glementations des dates de p\u00e9remption ?<\/h2>\n\t\t\t\t\t<i><\/i>\n\t\t\t\t<\/div>\n\t\t\t\t<div class=\"text-c\">\n\t\t\t\t\t<p><strong>DLC : Date limite de consommation<\/strong><br \/>\nAucun produit \u00e0 DLC d\u00e9pass\u00e9e ne peut \u00eatre donn\u00e9 !<br \/>\n<strong>DDM : Date de durabilit\u00e9 minimale<\/strong><br \/>\nElle remplace la date limite d\u2019utilisation optimale (DLUO). Un don de produits \u00e0 DDM d\u00e9pass\u00e9e peut \u00eatre accept\u00e9 puisque le produit reste sain.<\/p>\n\t\n\t\t\t\t<\/div>\n\t\t\t<\/div>\n\t\t\t\t\t\t<div class=\"block\">\n\t\t\t\t<div class=\"title-c\">\n\t\t\t\t\t<h2>Comment s\u2019organise un abandon de recettes ? <\/h2>\n\t\t\t\t\t<i><\/i>\n\t\t\t\t<\/div>\n\t\t\t\t<div class=\"text-c\">\n\t\t\t\t\t<p>Vous \u00eates un <strong>producteur d&rsquo;une grande culture<\/strong> et vous souhaitez donner, <strong>c&rsquo;est tr\u00e8s simple !<\/strong><\/p>\n<ul>\n<li>Pr\u00e9venez votre acheteur que vous souhaitez r\u00e9aliser un abandon de recettes sur une partie de votre production au profit de SOLAAL Hauts-de-France ou d&rsquo;une association d&rsquo;aide alimentaire habilit\u00e9e<\/li>\n<li>Le montant \u00e9quivalent au volume donn\u00e9 est vers\u00e9 par votre acheteur \u00e0 SOLAAL Hauts-de-France ou \u00e0 l\u2019association d\u2019aide<br \/>\nalimentaire habilit\u00e9e<\/li>\n<li>SOLAAL Hauts-de-France ou l\u2019association vous adresse un re\u00e7u fiscal (CERFA)<\/li>\n<\/ul>\n\t\n\t\t\t\t<\/div>\n\t\t\t<\/div>\n\t\t\t\t\t<\/div>\n\t<\/section>","protected":false},"excerpt":{"rendered":"<p>Vous \u00eates un acteur de milieu agricole ou agroalimentaire, une associations d&rsquo;aide alimentaire, un partenaire ? Vous vous questionnez quant \u00e0 l\u2019organisation d\u2019un don ou sur les actions que propose SOLAAL Hauts-de-France ? Vous trouverez ci-dessous les r\u00e9ponses aux questions que l\u2019on nous pose r\u00e9guli\u00e8rement. Vous ne trouvez pas la r\u00e9ponse \u00e0 votre interrogation ? [&hellip;]<\/p>\n","protected":false},"author":2,"featured_media":0,"parent":547,"menu_order":0,"comment_status":"closed","ping_status":"closed","template":"","meta":{"_acf_changed":false,"inline_featured_image":false,"footnotes":""},"class_list":["post-912","page","type-page","status-publish","hentry"],"acf":[],"_links":{"self":[{"href":"https:\/\/www.solaal.org\/hauts-de-france\/wp-json\/wp\/v2\/pages\/912","targetHints":{"allow":["GET"]}}],"collection":[{"href":"https:\/\/www.solaal.org\/hauts-de-france\/wp-json\/wp\/v2\/pages"}],"about":[{"href":"https:\/\/www.solaal.org\/hauts-de-france\/wp-json\/wp\/v2\/types\/page"}],"author":[{"embeddable":true,"href":"https:\/\/www.solaal.org\/hauts-de-france\/wp-json\/wp\/v2\/users\/2"}],"replies":[{"embeddable":true,"href":"https:\/\/www.solaal.org\/hauts-de-france\/wp-json\/wp\/v2\/comments?post=912"}],"version-history":[{"count":51,"href":"https:\/\/www.solaal.org\/hauts-de-france\/wp-json\/wp\/v2\/pages\/912\/revisions"}],"predecessor-version":[{"id":4455,"href":"https:\/\/www.solaal.org\/hauts-de-france\/wp-json\/wp\/v2\/pages\/912\/revisions\/4455"}],"up":[{"embeddable":true,"href":"https:\/\/www.solaal.org\/hauts-de-france\/wp-json\/wp\/v2\/pages\/547"}],"wp:attachment":[{"href":"https:\/\/www.solaal.org\/hauts-de-france\/wp-json\/wp\/v2\/media?parent=912"}],"curies":[{"name":"wp","href":"https:\/\/api.w.org\/{rel}","templated":true}]}}