{"id":592,"date":"2022-05-05T11:43:18","date_gmt":"2022-05-05T09:43:18","guid":{"rendered":"https:\/\/www.solaal.org\/hauts-de-france\/?page_id=592"},"modified":"2026-02-17T12:22:17","modified_gmt":"2026-02-17T11:22:17","slug":"partenaires-solidaires","status":"publish","type":"page","link":"https:\/\/www.solaal.org\/hauts-de-france\/decouvrez-lassociation\/partenaires-solidaires\/","title":{"rendered":"Nos partenaires publics"},"content":{"rendered":"\n\t<div class=\"wp-block-button-two\">\n\t\t<a href=\"https:\/\/www.solaal.org\/hauts-de-france\/contact\/\" target=\"_blank\"><i><\/i>Je veux soutenir SOLAAL <\/a>\n\t<\/div>\n\n\n\t<section class=\"actualites-list not-h2\">\n\t\t<div class=\"actualites-list-box inner\">\n\t\t\n\t\t\t\n\n\t\t\t<div class=\"part-membres-content\">\n\t\t\t\t\t\t\t\t\t\t\n\t\t\t\t\t\t\t\t            \t\t\t\t\t\t<div class=\"list\">\n\t\t\t\t\t\t\t<a href=\"https:\/\/www.ca2bm.fr\/\"  target=\"_blank\" class=\"list-box\">\n\t\t\t\t\t\t\t\t<div class=\"img-c\">\n\t\t\t\t\t\t\t        <div class=\"img\" style=\"background-image: url(https:\/\/www.solaal.org\/hauts-de-france\/wp-content\/uploads\/sites\/18\/2026\/01\/LOGO_CA2BM-detoure-1024x516.png);\"><\/div>\n\t\t\t\t\t\t\t\t<\/div>\n\t\t\t\t\t\t\t\t<div class=\"title-c\">\n\t\t\t\t\t\t\t\t\t<h2>Communaut\u00e9 d&rsquo;Agglom\u00e9ration des Deux Baies en Montreuillois<\/h2>\n\t\t\t\t\t\t\t\t\t<div class=\"link\">\n\t\t\t\t\t\t\t\t\t\t<span class=\"btn\"><i><\/i>En savoir +<\/span>\n\t\t\t\t\t\t\t\t\t<\/div>\n\t\t\t\t\t\t\t\t<\/div>\n\t\t\t\t\t\t\t<\/a>\n\t\t\t\t\t\t<\/div>\n\t\t\t\t\t\t\t\t\t\t\t\t\t\t\t\t\t\t            \t\t\t\t\t\t<div class=\"list\">\n\t\t\t\t\t\t\t<a href=\"https:\/\/www.agglo-lenslievin.fr\/\"  target=\"_blank\" class=\"list-box\">\n\t\t\t\t\t\t\t\t<div class=\"img-c\">\n\t\t\t\t\t\t\t        <div class=\"img\" style=\"background-image: url(https:\/\/www.solaal.org\/hauts-de-france\/wp-content\/uploads\/sites\/18\/2023\/07\/LOGOTYPE-CALL-_QUADRI-1024x520.jpg);\"><\/div>\n\t\t\t\t\t\t\t\t<\/div>\n\t\t\t\t\t\t\t\t<div class=\"title-c\">\n\t\t\t\t\t\t\t\t\t<h2>Communaut\u00e9 d&rsquo;Agglom\u00e9ration Lens Li\u00e9vin<\/h2>\n\t\t\t\t\t\t\t\t\t<div class=\"link\">\n\t\t\t\t\t\t\t\t\t\t<span class=\"btn\"><i><\/i>En savoir +<\/span>\n\t\t\t\t\t\t\t\t\t<\/div>\n\t\t\t\t\t\t\t\t<\/div>\n\t\t\t\t\t\t\t<\/a>\n\t\t\t\t\t\t<\/div>\n\t\t\t\t\t\t\t\t\t\t\t\t\t\t\t\t\t\t\t\t\t\n\t\t\t\t\t\t<div class=\"list\">\n\t\t\t\t\t\t\t<div class=\"list-box\">\n\t\t\t\t\t\t\t\t<div class=\"img-c\">\n\t\t\t\t\t\t\t        <div class=\"img\" style=\"background-image: url(https:\/\/www.solaal.org\/hauts-de-france\/wp-content\/uploads\/sites\/18\/2026\/02\/LOGO-AGGLO-HC-vert-1024x1024.jpg);\"><\/div>\n\t\t\t\t\t\t\t\t<\/div>\n\t\t\t\t\t\t\t\t<div class=\"title-c\">\n\t\t\t\t\t\t\t\t\t<h2>Communaut\u00e9 d\u2019Agglom\u00e9ration H\u00e9nin Carvin<\/h2>\n\t\t\t\t\t\t\t\t<\/div>\n\t\t\t\t\t\t\t<\/div>\n\t\t\t\t\t\t<\/div>\n\t\t\t\t\t\t\t\t\t\t\t\t            \t\t\t\t\t\t<div class=\"list\">\n\t\t\t\t\t\t\t<a href=\"https:\/\/www.carct.fr\/\"  target=\"_blank\" class=\"list-box\">\n\t\t\t\t\t\t\t\t<div class=\"img-c\">\n\t\t\t\t\t\t\t        <div class=\"img\" style=\"background-image: url(https:\/\/www.solaal.org\/hauts-de-france\/wp-content\/uploads\/sites\/18\/2026\/02\/logo-CA-Region-Chateau-Thierry-bleu-1024x724.jpg);\"><\/div>\n\t\t\t\t\t\t\t\t<\/div>\n\t\t\t\t\t\t\t\t<div class=\"title-c\">\n\t\t\t\t\t\t\t\t\t<h2>Communaut\u00e9 d&rsquo;Agglom\u00e9ration de la R\u00e9gion de Ch\u00e2teau-Thierry<\/h2>\n\t\t\t\t\t\t\t\t\t<div class=\"link\">\n\t\t\t\t\t\t\t\t\t\t<span class=\"btn\"><i><\/i>En savoir +<\/span>\n\t\t\t\t\t\t\t\t\t<\/div>\n\t\t\t\t\t\t\t\t<\/div>\n\t\t\t\t\t\t\t<\/a>\n\t\t\t\t\t\t<\/div>\n\t\t\t\t\t\t\t\t\t\t\t\t\t\t\t\t\t\t            \t\t\t\t\t\t<div class=\"list\">\n\t\t\t\t\t\t\t<a href=\"https:\/\/aisne.com\/\"  target=\"_blank\" class=\"list-box\">\n\t\t\t\t\t\t\t\t<div class=\"img-c\">\n\t\t\t\t\t\t\t        <div class=\"img\" style=\"background-image: url(https:\/\/www.solaal.org\/hauts-de-france\/wp-content\/uploads\/sites\/18\/2022\/08\/Image27.jpg);\"><\/div>\n\t\t\t\t\t\t\t\t<\/div>\n\t\t\t\t\t\t\t\t<div class=\"title-c\">\n\t\t\t\t\t\t\t\t\t<h2>Conseil D\u00e9partemental de l&rsquo;Aisne<\/h2>\n\t\t\t\t\t\t\t\t\t<div class=\"link\">\n\t\t\t\t\t\t\t\t\t\t<span class=\"btn\"><i><\/i>En savoir +<\/span>\n\t\t\t\t\t\t\t\t\t<\/div>\n\t\t\t\t\t\t\t\t<\/div>\n\t\t\t\t\t\t\t<\/a>\n\t\t\t\t\t\t<\/div>\n\t\t\t\t\t\t\t\t\t\t\t\t\t\t\t\t\t\t            \t\t\t\t\t\t<div class=\"list\">\n\t\t\t\t\t\t\t<a href=\"https:\/\/www.somme.fr\/\"  target=\"_blank\" class=\"list-box\">\n\t\t\t\t\t\t\t\t<div class=\"img-c\">\n\t\t\t\t\t\t\t        <div class=\"img\" style=\"background-image: url(https:\/\/www.solaal.org\/hauts-de-france\/wp-content\/uploads\/sites\/18\/2022\/08\/Image32.jpg);\"><\/div>\n\t\t\t\t\t\t\t\t<\/div>\n\t\t\t\t\t\t\t\t<div class=\"title-c\">\n\t\t\t\t\t\t\t\t\t<h2>Conseil D\u00e9partemental de la Somme<\/h2>\n\t\t\t\t\t\t\t\t\t<div class=\"link\">\n\t\t\t\t\t\t\t\t\t\t<span class=\"btn\"><i><\/i>En savoir +<\/span>\n\t\t\t\t\t\t\t\t\t<\/div>\n\t\t\t\t\t\t\t\t<\/div>\n\t\t\t\t\t\t\t<\/a>\n\t\t\t\t\t\t<\/div>\n\t\t\t\t\t\t\t\t\t\t\t\t\t\t\t\t\t\t            \t\t\t\t\t\t<div class=\"list\">\n\t\t\t\t\t\t\t<a href=\"https:\/\/www.oise.fr\/\"  target=\"_blank\" class=\"list-box\">\n\t\t\t\t\t\t\t\t<div class=\"img-c\">\n\t\t\t\t\t\t\t        <div class=\"img\" style=\"background-image: url(https:\/\/www.solaal.org\/hauts-de-france\/wp-content\/uploads\/sites\/18\/2022\/08\/Image28.jpg);\"><\/div>\n\t\t\t\t\t\t\t\t<\/div>\n\t\t\t\t\t\t\t\t<div class=\"title-c\">\n\t\t\t\t\t\t\t\t\t<h2>Conseil D\u00e9partemental de l&rsquo;Oise<\/h2>\n\t\t\t\t\t\t\t\t\t<div class=\"link\">\n\t\t\t\t\t\t\t\t\t\t<span class=\"btn\"><i><\/i>En savoir +<\/span>\n\t\t\t\t\t\t\t\t\t<\/div>\n\t\t\t\t\t\t\t\t<\/div>\n\t\t\t\t\t\t\t<\/a>\n\t\t\t\t\t\t<\/div>\n\t\t\t\t\t\t\t\t\t\t\t\t\t\t\t\t\t\t            \t\t\t\t\t\t<div class=\"list\">\n\t\t\t\t\t\t\t<a href=\"https:\/\/lenord.fr\/\"  target=\"_blank\" class=\"list-box\">\n\t\t\t\t\t\t\t\t<div class=\"img-c\">\n\t\t\t\t\t\t\t        <div class=\"img\" style=\"background-image: url(https:\/\/www.solaal.org\/hauts-de-france\/wp-content\/uploads\/sites\/18\/2022\/08\/Logo_Nord-4.png);\"><\/div>\n\t\t\t\t\t\t\t\t<\/div>\n\t\t\t\t\t\t\t\t<div class=\"title-c\">\n\t\t\t\t\t\t\t\t\t<h2>Conseil D\u00e9partemental du Nord<\/h2>\n\t\t\t\t\t\t\t\t\t<div class=\"link\">\n\t\t\t\t\t\t\t\t\t\t<span class=\"btn\"><i><\/i>En savoir +<\/span>\n\t\t\t\t\t\t\t\t\t<\/div>\n\t\t\t\t\t\t\t\t<\/div>\n\t\t\t\t\t\t\t<\/a>\n\t\t\t\t\t\t<\/div>\n\t\t\t\t\t\t\t\t\t\t\t\t\t\t\t\t\t\t            \t\t\t\t\t\t<div class=\"list\">\n\t\t\t\t\t\t\t<a href=\"https:\/\/www.pasdecalais.fr\/\"  target=\"_blank\" class=\"list-box\">\n\t\t\t\t\t\t\t\t<div class=\"img-c\">\n\t\t\t\t\t\t\t        <div class=\"img\" style=\"background-image: url(https:\/\/www.solaal.org\/hauts-de-france\/wp-content\/uploads\/sites\/18\/2022\/08\/logotype_mon_departement_format-1024x315.jpg);\"><\/div>\n\t\t\t\t\t\t\t\t<\/div>\n\t\t\t\t\t\t\t\t<div class=\"title-c\">\n\t\t\t\t\t\t\t\t\t<h2>Conseil D\u00e9partemental du Pas-de-Calais<\/h2>\n\t\t\t\t\t\t\t\t\t<div class=\"link\">\n\t\t\t\t\t\t\t\t\t\t<span class=\"btn\"><i><\/i>En savoir +<\/span>\n\t\t\t\t\t\t\t\t\t<\/div>\n\t\t\t\t\t\t\t\t<\/div>\n\t\t\t\t\t\t\t<\/a>\n\t\t\t\t\t\t<\/div>\n\t\t\t\t\t\t\t\t\t\t\t\t\t\t\t\t\t\t            \t\t\t\t\t\t<div class=\"list\">\n\t\t\t\t\t\t\t<a href=\"https:\/\/www.cc-sudartois.fr\/\"  target=\"_blank\" class=\"list-box\">\n\t\t\t\t\t\t\t\t<div class=\"img-c\">\n\t\t\t\t\t\t\t        <div class=\"img\" style=\"background-image: url(https:\/\/www.solaal.org\/hauts-de-france\/wp-content\/uploads\/sites\/18\/2026\/02\/Logo-CCSA-Bitmap-Medium-1024x506.jpg);\"><\/div>\n\t\t\t\t\t\t\t\t<\/div>\n\t\t\t\t\t\t\t\t<div class=\"title-c\">\n\t\t\t\t\t\t\t\t\t<h2>Communaut\u00e9 de communes du Sud Artois<\/h2>\n\t\t\t\t\t\t\t\t\t<div class=\"link\">\n\t\t\t\t\t\t\t\t\t\t<span class=\"btn\"><i><\/i>En savoir +<\/span>\n\t\t\t\t\t\t\t\t\t<\/div>\n\t\t\t\t\t\t\t\t<\/div>\n\t\t\t\t\t\t\t<\/a>\n\t\t\t\t\t\t<\/div>\n\t\t\t\t\t\t\t\t\t\t\t\t\t\t\t\t\t\t            \t\t\t\t\t\t<div class=\"list\">\n\t\t\t\t\t\t\t<a href=\"https:\/\/www.hautsdefrance.fr\/\"  target=\"_blank\" class=\"list-box\">\n\t\t\t\t\t\t\t\t<div class=\"img-c\">\n\t\t\t\t\t\t\t        <div class=\"img\" style=\"background-image: url(https:\/\/www.solaal.org\/hauts-de-france\/wp-content\/uploads\/sites\/18\/2022\/08\/Image29.jpg);\"><\/div>\n\t\t\t\t\t\t\t\t<\/div>\n\t\t\t\t\t\t\t\t<div class=\"title-c\">\n\t\t\t\t\t\t\t\t\t<h2>Conseil R\u00e9gional Hauts-de-France<\/h2>\n\t\t\t\t\t\t\t\t\t<div class=\"link\">\n\t\t\t\t\t\t\t\t\t\t<span class=\"btn\"><i><\/i>En savoir +<\/span>\n\t\t\t\t\t\t\t\t\t<\/div>\n\t\t\t\t\t\t\t\t<\/div>\n\t\t\t\t\t\t\t<\/a>\n\t\t\t\t\t\t<\/div>\n\t\t\t\t\t\t\t\t\t\t\t\t\t\t\t\t\t\t\t\t\t\n\t\t\t\t\t\t<div class=\"list\">\n\t\t\t\t\t\t\t<div class=\"list-box\">\n\t\t\t\t\t\t\t\t<div class=\"img-c\">\n\t\t\t\t\t\t\t        <div class=\"img\" style=\"background-image: url(https:\/\/www.solaal.org\/hauts-de-france\/wp-content\/uploads\/sites\/18\/2024\/09\/Logo-prefet_Somme_CMJN_-1024x848.jpg);\"><\/div>\n\t\t\t\t\t\t\t\t<\/div>\n\t\t\t\t\t\t\t\t<div class=\"title-c\">\n\t\t\t\t\t\t\t\t\t<h2>DDETS de la Somme<\/h2>\n\t\t\t\t\t\t\t\t<\/div>\n\t\t\t\t\t\t\t<\/div>\n\t\t\t\t\t\t<\/div>\n\t\t\t\t\t\t\t\t\t\t\t\t\t\t\t\n\t\t\t\t\t\t<div class=\"list\">\n\t\t\t\t\t\t\t<div class=\"list-box\">\n\t\t\t\t\t\t\t\t<div class=\"img-c\">\n\t\t\t\t\t\t\t        <div class=\"img\" style=\"background-image: url(https:\/\/www.solaal.org\/hauts-de-france\/wp-content\/uploads\/sites\/18\/2024\/09\/Logo_Prefete-de-Oise_RVB-907x1024.jpg);\"><\/div>\n\t\t\t\t\t\t\t\t<\/div>\n\t\t\t\t\t\t\t\t<div class=\"title-c\">\n\t\t\t\t\t\t\t\t\t<h2>DDETS de l&rsquo;Oise<\/h2>\n\t\t\t\t\t\t\t\t<\/div>\n\t\t\t\t\t\t\t<\/div>\n\t\t\t\t\t\t<\/div>\n\t\t\t\t\t\t\t\t\t\t\t\t\t\t\t\n\t\t\t\t\t\t<div class=\"list\">\n\t\t\t\t\t\t\t<div class=\"list-box\">\n\t\t\t\t\t\t\t\t<div class=\"img-c\">\n\t\t\t\t\t\t\t        <div class=\"img\" style=\"background-image: url(https:\/\/www.solaal.org\/hauts-de-france\/wp-content\/uploads\/sites\/18\/2024\/09\/Logo_Prefet-et-DDETS-du-Nord-Copie.png);\"><\/div>\n\t\t\t\t\t\t\t\t<\/div>\n\t\t\t\t\t\t\t\t<div class=\"title-c\">\n\t\t\t\t\t\t\t\t\t<h2>DDETS du Nord<\/h2>\n\t\t\t\t\t\t\t\t<\/div>\n\t\t\t\t\t\t\t<\/div>\n\t\t\t\t\t\t<\/div>\n\t\t\t\t\t\t\t\t\t\t\t\t            \t\t\t\t\t\t<div class=\"list\">\n\t\t\t\t\t\t\t<a href=\"https:\/\/draaf.hauts-de-france.agriculture.gouv.fr\/\"  target=\"_blank\" class=\"list-box\">\n\t\t\t\t\t\t\t\t<div class=\"img-c\">\n\t\t\t\t\t\t\t        <div class=\"img\" style=\"background-image: url(https:\/\/www.solaal.org\/hauts-de-france\/wp-content\/uploads\/sites\/18\/2022\/08\/Logo-Pna.png);\"><\/div>\n\t\t\t\t\t\t\t\t<\/div>\n\t\t\t\t\t\t\t\t<div class=\"title-c\">\n\t\t\t\t\t\t\t\t\t<h2>DRAAF Hauts-de-France<\/h2>\n\t\t\t\t\t\t\t\t\t<div class=\"link\">\n\t\t\t\t\t\t\t\t\t\t<span class=\"btn\"><i><\/i>En savoir +<\/span>\n\t\t\t\t\t\t\t\t\t<\/div>\n\t\t\t\t\t\t\t\t<\/div>\n\t\t\t\t\t\t\t<\/a>\n\t\t\t\t\t\t<\/div>\n\t\t\t\t\t\t\t\t\t\t\t\t\t\t\t\t\t\t            \t\t\t\t\t\t<div class=\"list\">\n\t\t\t\t\t\t\t<a href=\"https:\/\/www.nord.gouv.fr\/Services-de-l-Etat\/Prefecture\/La-Prefecture-de-region-Hauts-de-France\"  target=\"_blank\" class=\"list-box\">\n\t\t\t\t\t\t\t\t<div class=\"img-c\">\n\t\t\t\t\t\t\t        <div class=\"img\" style=\"background-image: url(https:\/\/www.solaal.org\/hauts-de-france\/wp-content\/uploads\/sites\/18\/2024\/09\/PREF_region_Hauts_de_France_RVB-1024x743.png);\"><\/div>\n\t\t\t\t\t\t\t\t<\/div>\n\t\t\t\t\t\t\t\t<div class=\"title-c\">\n\t\t\t\t\t\t\t\t\t<h2>DREETS Hauts-de-France<\/h2>\n\t\t\t\t\t\t\t\t\t<div class=\"link\">\n\t\t\t\t\t\t\t\t\t\t<span class=\"btn\"><i><\/i>En savoir +<\/span>\n\t\t\t\t\t\t\t\t\t<\/div>\n\t\t\t\t\t\t\t\t<\/div>\n\t\t\t\t\t\t\t<\/a>\n\t\t\t\t\t\t<\/div>\n\t\t\t\t\t\t\t\t\t\t\t\t\t\t\t\t\t\t            \t\t\t\t\t\t<div class=\"list\">\n\t\t\t\t\t\t\t<a href=\"https:\/\/www.douaisis-agglo.com\/\"  target=\"_blank\" class=\"list-box\">\n\t\t\t\t\t\t\t\t<div class=\"img-c\">\n\t\t\t\t\t\t\t        <div class=\"img\" style=\"background-image: url(https:\/\/www.solaal.org\/hauts-de-france\/wp-content\/uploads\/sites\/18\/2022\/08\/Image25.png);\"><\/div>\n\t\t\t\t\t\t\t\t<\/div>\n\t\t\t\t\t\t\t\t<div class=\"title-c\">\n\t\t\t\t\t\t\t\t\t<h2>Douaisis Agglo<\/h2>\n\t\t\t\t\t\t\t\t\t<div class=\"link\">\n\t\t\t\t\t\t\t\t\t\t<span class=\"btn\"><i><\/i>En savoir +<\/span>\n\t\t\t\t\t\t\t\t\t<\/div>\n\t\t\t\t\t\t\t\t<\/div>\n\t\t\t\t\t\t\t<\/a>\n\t\t\t\t\t\t<\/div>\n\t\t\t\t\t\t\t\t\t\t\t\t\t\t\t\t\t\t            \t\t\t\t\t\t<div class=\"list\">\n\t\t\t\t\t\t\t<a href=\"https:\/\/www.lillemetropole.fr\/\"  target=\"_blank\" class=\"list-box\">\n\t\t\t\t\t\t\t\t<div class=\"img-c\">\n\t\t\t\t\t\t\t        <div class=\"img\" style=\"background-image: url(https:\/\/www.solaal.org\/hauts-de-france\/wp-content\/uploads\/sites\/18\/2026\/01\/logo-MEL.jpg);\"><\/div>\n\t\t\t\t\t\t\t\t<\/div>\n\t\t\t\t\t\t\t\t<div class=\"title-c\">\n\t\t\t\t\t\t\t\t\t<h2>M\u00e9tropole Europ\u00e9enne de Lille<\/h2>\n\t\t\t\t\t\t\t\t\t<div class=\"link\">\n\t\t\t\t\t\t\t\t\t\t<span class=\"btn\"><i><\/i>En savoir +<\/span>\n\t\t\t\t\t\t\t\t\t<\/div>\n\t\t\t\t\t\t\t\t<\/div>\n\t\t\t\t\t\t\t<\/a>\n\t\t\t\t\t\t<\/div>\n\t\t\t\t\t\t\t\t\t\t\t\t\t\t\t\t\t\t            \t\t\t\t\t\t<div class=\"list\">\n\t\t\t\t\t\t\t<a href=\"https:\/\/www.agglo-porteduhainaut.fr\/\"  target=\"_blank\" class=\"list-box\">\n\t\t\t\t\t\t\t\t<div class=\"img-c\">\n\t\t\t\t\t\t\t        <div class=\"img\" style=\"background-image: url(https:\/\/www.solaal.org\/hauts-de-france\/wp-content\/uploads\/sites\/18\/2025\/08\/La-Porte-du-Hainaut_LOGO_web-1024x639.jpg);\"><\/div>\n\t\t\t\t\t\t\t\t<\/div>\n\t\t\t\t\t\t\t\t<div class=\"title-c\">\n\t\t\t\t\t\t\t\t\t<h2>La Porte du Hainaut<\/h2>\n\t\t\t\t\t\t\t\t\t<div class=\"link\">\n\t\t\t\t\t\t\t\t\t\t<span class=\"btn\"><i><\/i>En savoir +<\/span>\n\t\t\t\t\t\t\t\t\t<\/div>\n\t\t\t\t\t\t\t\t<\/div>\n\t\t\t\t\t\t\t<\/a>\n\t\t\t\t\t\t<\/div>\n\t\t\t\t\t\t\t\t\t\t\t\t\t\t\t\t\t\t<\/div>\n\t\t\t\t\t\t\t\t<\/div>\n\t<\/section>","protected":false},"excerpt":{"rendered":"","protected":false},"author":1,"featured_media":0,"parent":541,"menu_order":0,"comment_status":"closed","ping_status":"closed","template":"","meta":{"_acf_changed":false,"inline_featured_image":false,"footnotes":""},"class_list":["post-592","page","type-page","status-publish","hentry"],"acf":[],"_links":{"self":[{"href":"https:\/\/www.solaal.org\/hauts-de-france\/wp-json\/wp\/v2\/pages\/592","targetHints":{"allow":["GET"]}}],"collection":[{"href":"https:\/\/www.solaal.org\/hauts-de-france\/wp-json\/wp\/v2\/pages"}],"about":[{"href":"https:\/\/www.solaal.org\/hauts-de-france\/wp-json\/wp\/v2\/types\/page"}],"author":[{"embeddable":true,"href":"https:\/\/www.solaal.org\/hauts-de-france\/wp-json\/wp\/v2\/users\/1"}],"replies":[{"embeddable":true,"href":"https:\/\/www.solaal.org\/hauts-de-france\/wp-json\/wp\/v2\/comments?post=592"}],"version-history":[{"count":22,"href":"https:\/\/www.solaal.org\/hauts-de-france\/wp-json\/wp\/v2\/pages\/592\/revisions"}],"predecessor-version":[{"id":4671,"href":"https:\/\/www.solaal.org\/hauts-de-france\/wp-json\/wp\/v2\/pages\/592\/revisions\/4671"}],"up":[{"embeddable":true,"href":"https:\/\/www.solaal.org\/hauts-de-france\/wp-json\/wp\/v2\/pages\/541"}],"wp:attachment":[{"href":"https:\/\/www.solaal.org\/hauts-de-france\/wp-json\/wp\/v2\/media?parent=592"}],"curies":[{"name":"wp","href":"https:\/\/api.w.org\/{rel}","templated":true}]}}