{"id":354,"date":"2022-02-21T16:15:58","date_gmt":"2022-02-21T15:15:58","guid":{"rendered":"https:\/\/www.solaal.org\/hauts-de-france\/?page_id=354"},"modified":"2025-06-11T11:20:41","modified_gmt":"2025-06-11T09:20:41","slug":"content-allinone","status":"publish","type":"page","link":"https:\/\/www.solaal.org\/hauts-de-france\/presse-documentation\/content-allinone\/","title":{"rendered":"All in one \/ Des paniers fermiers pour les \u00e9tudiants du Nord et du Pas-de-Calais."},"content":{"rendered":"\n<p><strong>En ce temps<\/strong> de crise sanitaire, se trouvent en grande pr\u00e9carit\u00e9. Afin de r\u00e9pondre \u00e0 leurs besoins sur le plan alimentaire, le Cr\u00e9dit Agricole Mutuel Nord de France a mis en place une initiative locale avec l\u2019achat aux agriculteurs de paniers fermiers (l\u00e9gumes, fruits, g\u00e2teau, etc.) pour les offrir aux \u00e9tudiants du Nord et du Pas-de-Calais.<\/p>\n\n\n<div class=\"wp-block-image\">\n<figure class=\"aligncenter is-resized\"><a href=\"https:\/\/www.solaal.org\/wp-content\/uploads\/2022\/02\/page-all-in-one.jpg\"><img decoding=\"async\" src=\"https:\/\/www.solaal.org\/wp-content\/uploads\/2022\/02\/page-all-in-one.jpg\" alt=\"\" class=\"wp-image-355\" style=\"width:485px;height:269px\" \/><\/a><figcaption class=\"wp-element-caption\">Lorem Duthoit, agriculteur de Sainghin-en-Weppes<\/figcaption><\/figure>\n<\/div>\n\n\n<section class=\"wp-block-title-c\">\n\t<h2>Dolor non turpis vestibulum interm erttet (h2)<\/h2>\n<\/section>\n\n\n<p>Le Cr\u00e9dit Agricole Mutuel Nord de France a fait appel \u00e0 SOLAAL Hauts-de-France et \u00e0 l\u2019Universit\u00e9 de Lille pour organiser la r\u00e9partition de 500 paniers aupr\u00e8s d\u2019associations d\u2019aide alimentaire. Trois ont \u00e9t\u00e9 s\u00e9lectionn\u00e9es en fonction des quantit\u00e9s disponibles mais \u00e9galement de leur localisation afin que les paniers soient \u00e9quitablement r\u00e9partis sur les deux d\u00e9partements. Le CROUS de Lille (59), les Restos du C\u0153ur de Dainville (62) et l\u2019Association d\u2019Entraide, de Soutien et d\u2019Accompagnement des Etudiants de l\u2019Universit\u00e9 C\u00f4te d\u2019Opale de Dunkerque (59) ont ainsi pu distribuer les paniers aux \u00e9tudiants pouvant b\u00e9n\u00e9ficier de l\u2019aide alimentaire.<\/p>\n\n\n\n<div class=\"wp-block-file\"><a id=\"wp-block-file--media-c9c0be29-5216-47ac-9eb6-e3c93a58096d\" href=\"https:\/\/www.solaal.org\/hauts-de-france\/wp-content\/uploads\/sites\/18\/2022\/05\/document.pdf\">Nom du document<\/a><a href=\"https:\/\/www.solaal.org\/hauts-de-france\/wp-content\/uploads\/sites\/18\/2022\/05\/document.pdf\" class=\"wp-block-file__button wp-element-button\" download aria-describedby=\"wp-block-file--media-c9c0be29-5216-47ac-9eb6-e3c93a58096d\">T\u00e9l\u00e9charger le document<\/a><\/div>\n\n\n<div class=\"wp-block-image\">\n<figure class=\"aligncenter size-medium is-resized\"><a href=\"https:\/\/www.solaal.org\/wp-content\/uploads\/2022\/02\/actualites-1.jpg\"><img decoding=\"async\" src=\"https:\/\/www.solaal.org\/wp-content\/uploads\/2022\/02\/actualites-1-edited-300x169.jpg\" alt=\"\" class=\"wp-image-1197\" style=\"width:632px;height:auto\" \/><\/a><figcaption class=\"wp-element-caption\">Lorem ipsum<\/figcaption><\/figure>\n<\/div>\n\n\n<p>Le 24 avril 2021, \u00e0 Arras, lors d\u2019une distribution par les Restos du C\u0153ur, trois \u00e9tudiants nous ont fait part de leurs difficult\u00e9s et leurs raisons de faire appel \u00e0 l\u2019aide alimentaire. \u00ab Avec la crise actuelle on ne peut pas avoir de travail donc pas de salaire. Gr\u00e2ce au panier fermier je vais pouvoir me nourrir pendant environ deux semaines \u00bb, t\u00e9moigne Belinda, 18 ans, \u00e9tudiante en commerce international. \u00ab Je suis en difficult\u00e9 depuis la crise de la COVID car mes parents \u00e9taient dans le tourisme. A cause du manque d\u2019activit\u00e9, ils sont maintenant au ch\u00f4mage, ce qui a mis toute ma famille dans la gal\u00e8re. Les Restos du C\u0153ur me permettent de faire une \u00e9conomie d\u2019une centaine d\u2019euros par mois, ce qui n\u2019est pas n\u00e9gligeable. \u00bb<\/p>\n\n\n\n<blockquote class=\"wp-block-quote is-layout-flow wp-block-quote-is-layout-flow\">\n<p>VENIR AUX RESTOS DU C\u0152UR, PERMET DE COMPENSER LES FRAIS QUE NOUS POUVONS AVOIR EN TANT QU&rsquo;\u00c9TUDIANT. DE PLUS, EN TEMPS DE CONFINEMENT NOUS SOMMES SEULS \u00c0 LA MAISON ALORS, LORSQU&rsquo;ON VIENT \u00c0 LA DISTRIBUTION ALIMENTAIRE NOUS SOMMES HEUREUX DE VOIR D&rsquo;AUTRES PERSONNES.<\/p>\n<cite><strong>Ahmadou RENOIR<\/strong> \u00c9l\u00e8ve en pr\u00e9pa scientifique au lyc\u00e9e Robespierre<\/cite><\/blockquote>\n\n\n\n<section class=\"wp-block-title-c\">\n\t<h2>Grille g\u00e9n\u00e9rale<\/h2>\n<\/section>\n\n\n<figure class=\"wp-block-gallery has-nested-images columns-3 is-cropped width-770 wp-block-gallery-1 is-layout-flex wp-block-gallery-is-layout-flex\">\n<figure class=\"wp-block-image size-medium\"><a href=\"https:\/\/www.solaal.org\/wp-content\/uploads\/2022\/02\/temoignages-10.jpg\"><img decoding=\"async\" data-id=\"204\" src=\"https:\/\/www.solaal.org\/wp-content\/uploads\/2022\/02\/temoignages-10-300x288.jpg\" alt=\"\" class=\"wp-image-204\" \/><\/a><\/figure>\n\n\n\n<figure class=\"wp-block-image size-medium\"><a href=\"https:\/\/www.solaal.org\/wp-content\/uploads\/2022\/02\/page-all-in-one-8.jpg\"><img decoding=\"async\" data-id=\"471\" src=\"https:\/\/www.solaal.org\/wp-content\/uploads\/2022\/02\/page-all-in-one-8-300x300.jpg\" alt=\"alt text\" class=\"wp-image-471\" \/><\/a><figcaption class=\"wp-element-caption\">Caption de l&rsquo;image<\/figcaption><\/figure>\n\n\n\n<figure class=\"wp-block-image size-medium\"><a href=\"https:\/\/www.solaal.org\/wp-content\/uploads\/2022\/02\/page-all-in-one-9.jpg\"><img decoding=\"async\" data-id=\"472\" src=\"https:\/\/www.solaal.org\/wp-content\/uploads\/2022\/02\/page-all-in-one-9-300x300.jpg\" alt=\"\" class=\"wp-image-472\" \/><\/a><\/figure>\n\n\n\n<figure class=\"wp-block-image size-large\"><a href=\"https:\/\/www.solaal.org\/wp-content\/uploads\/2022\/02\/page-all-in-one-5.jpg\"><img decoding=\"async\" data-id=\"496\" src=\"https:\/\/www.solaal.org\/wp-content\/uploads\/2022\/02\/page-all-in-one-5-1024x486.jpg\" alt=\"\" class=\"wp-image-496\" \/><\/a><figcaption class=\"wp-element-caption\">L\u00e9gende de l&rsquo;image<\/figcaption><\/figure>\n\n\n\n<figure class=\"wp-block-image size-medium\"><a href=\"https:\/\/www.solaal.org\/wp-content\/uploads\/2022\/02\/page-all-in-one-7.jpg\"><img decoding=\"async\" data-id=\"535\" src=\"https:\/\/www.solaal.org\/wp-content\/uploads\/2022\/02\/page-all-in-one-7-300x300.jpg\" alt=\"\" class=\"wp-image-535\" \/><\/a><figcaption class=\"wp-element-caption\">Coeur coeur<\/figcaption><\/figure>\n<\/figure>\n\n\n\n<p>Magn\u00e9-Ma\u00ebva, 19 ans, en 2\u00e8me ann\u00e9e de licence \u00e0 l\u2019Universit\u00e9 d\u2019Artois, nous explique : \u00ab Je vis loin de mes parents donc j\u2019ai beaucoup de choses \u00e0 payer. L\u2019aide alimentaire m\u2019a permis de bien m\u2019alimenter. Cela m\u2019a donn\u00e9 le go\u00fbt de faire beaucoup .<\/p>\n\n\n\n<p>Proin est turpis, finibus a cursus scelerisque, dictum sed arcu. Sed ut ornare arcu. Fusce maximus laoreet lobortis. Mauris hendrerit magna quis tempus maximus. Fanibus a cursus scelerisque, dictum sed arcu. Sed ut ornare arcu. Fusce maximus laoreet lobortis. Mauris hendrerit magna quis tempus maximus.<\/p>\n\n\n\n<section class=\"wp-block-title-c\">\n\t<h2>non turpis vestibulum interm ertert (H2)<\/h2>\n<\/section>\n\n\n<h3 class=\"wp-block-heading\" id=\"dolor-non-turpis-vestibulum-interm-titre-1-h3\">Dolor non turpis vestibulum interm titre 1 (H3)<\/h3>\n\n\n\n<p><strong>Lorem ipsum dolor sit amet<\/strong>, consectetur adipiscing elit. Aliquam sollicitudin magna quis pellentesque interdum. Proinest turpis, finibus a cursus scelerisque, dictum sed arcu. Sed ut ornare arcu. Fusce maximus laoreet lobortis. Mauris <a href=\"#\">hendrerit magna<\/a> quis tempus maximus.<\/p>\n\n\n\n<p>Proin est turpis, finibus a cursus scelerisque, dictum sed arcu. Sed ut ornare arcu. Fusce maximus laoreet lobortis. Mauris hendrerit magna quis tempus maximus. Fanibus a cursus scelerisque, dictum sed arcu. Sed ut ornare arcu. Fusce maximus laoreet lobortis. Mauris hendrerit magna quis tempus maximus.<\/p>\n\n\n\n<h4 class=\"wp-block-heading\" id=\"lorem-ipsum-dolor-es-h4\">Lorem ipsum dolor es (h4)<\/h4>\n\n\n\n<ul class=\"wp-block-list\">\n<li>Lorem ipsum dolor sit amet, consectetur adipiscing elit. Curabitur magna augue, vehicula et imperdiet rhoncus, rutrum eu ipsum.<\/li>\n\n\n\n<li>Lorem ipsum dolor sit amet, consectetur adipiscing elit. Curabitur magna augue, vehicula et imperdiet rhoncus, <a data-type=\"page\" data-id=\"7\" href=\"https:\/\/www.solaal.org\/\">rutrum eu<\/a> ipsum. Sed ultricies, enim sit amet maximus interdum, neque leo iaculis velit, sed finibus quam nulla id felis.\n<ul class=\"wp-block-list\">\n<li>Nulla eu rutrum dolor. Aenean est justo, egestas ac pellentesque facilisis, tincidunt sit amet diam.<\/li>\n\n\n\n<li>Aenean est justo, egestas ac pellentesque facilisis, tincidunt sit amet diam.<\/li>\n<\/ul>\n<\/li>\n<\/ul>\n\n\n\n\t<div class=\"wp-block-button-two\">\n\t\t<a href=\"#\" target=\"_self\"><i><\/i>Contactez nos \u00e9quipes<\/a>\n\t<\/div>\n\n\n<div class=\"wp-block-buttons is-layout-flex wp-block-buttons-is-layout-flex\">\n<div class=\"wp-block-button\"><a class=\"wp-block-button__link wp-element-button\" href=\"https:\/\/www.solaal.org\/hauts-de-france\/\">En savoir plus sur SOLAAL<\/a><\/div>\n<\/div>\n\n\n\n<div class=\"wp-block-file\"><a id=\"wp-block-file--media-f6ae2a43-55d9-41b3-a624-993dfd45f4f0\" href=\"https:\/\/www.solaal.org\/hauts-de-france\/hauts-de-france\/wp-content\/uploads\/sites\/18\/2022\/02\/page-all-in-one-9.jpg\">page-all-in-one-9<\/a><a href=\"https:\/\/www.solaal.org\/hauts-de-france\/hauts-de-france\/wp-content\/uploads\/sites\/18\/2022\/02\/page-all-in-one-9.jpg\" class=\"wp-block-file__button wp-element-button\" download aria-describedby=\"wp-block-file--media-f6ae2a43-55d9-41b3-a624-993dfd45f4f0\">T\u00e9l\u00e9chargez le document (15 Mo)<\/a><\/div>\n\n\n\n<p>Magn\u00e9-Ma\u00ebva, 19 ans, en 2\u00e8me ann\u00e9e de licence \u00e0 l\u2019Universit\u00e9 d\u2019Artois, nous explique : \u00ab Je vis loin de mes parents donc j\u2019ai beaucoup de choses \u00e0 payer. L\u2019aide alimentaire m\u2019a permis de bien m\u2019alimenter. Cela m\u2019a donn\u00e9 le go\u00fbt de faire beaucoup de petits plats, une envie que je n\u2019avais pas avant. Les Restos du C\u0153ur m\u2019ont permis \u00e9galement de sortir de l\u2019isolement de ma chambre du CROUS gr\u00e2ce aux contacts que je peux avoir avec les gens de l\u2019association. \u00bb<\/p>\n\n\n\n<p>Merci au Cr\u00e9dit Agricole Mutuel Nord de France pour sa g\u00e9n\u00e9rosit\u00e9 qui a permis aux \u00e9tudiants du Nord et du Pas-de-Calais de b\u00e9n\u00e9ficier de produits fermiers, frais et locaux.<\/p>\n\n\n\n<p><strong>Une initiative \u00e0 r\u00e9it\u00e9rer sans h\u00e9siter !<\/strong><\/p>\n\n\n\n<h5 class=\"wp-block-heading\" id=\"title-h5\">Title (h5)<\/h5>\n\n\n\n<p>Magn\u00e9-Ma\u00ebva, 19 ans, en 2\u00e8me ann\u00e9e de licence \u00e0 l\u2019Universit\u00e9 d\u2019Artois, nous explique : \u00ab Je vis loin de mes parents donc j\u2019ai beaucoup de choses \u00e0 payer. L\u2019aide alimentaire m\u2019a permis de bien m\u2019alimenter. Cela m\u2019a donn\u00e9 le go\u00fbt de faire beaucoup de petits plats, une envie que je n\u2019avais pas avant. Les Restos du C\u0153ur m\u2019ont permis \u00e9galement de sortir de l\u2019isolement de ma chambre du CROUS gr\u00e2ce aux contacts que je peux avoir avec les gens de l\u2019association. \u00bb<\/p>\n\n\n\n<p>Merci au Cr\u00e9dit Agricole Mutuel Nord de France pour sa g\u00e9n\u00e9rosit\u00e9 qui a permis aux \u00e9tudiants du Nord et du Pas-de-Calais de b\u00e9n\u00e9ficier de produits fermiers, frais et locaux.<\/p>\n\n\n\n<p><strong>Une initiative \u00e0 r\u00e9it\u00e9rer sans h\u00e9siter !<\/strong><\/p>\n\n\n\n\t<section class=\"home-alimentaire not-h2\">\n\t\t<div class=\"home-alimentaire-box inner fadeInUp\">\n\t\t\t<a class=\"content\" href=\"https:\/\/dons.solaal.org\/\" target=\"_blank\">\n\t\t\t\t<div class=\"img-p\">\n\t\t\t\t\t<img decoding=\"async\" src=\"https:\/\/www.solaal.org\/hauts-de-france\/wp-content\/uploads\/sites\/18\/2022\/02\/deco-poireaux.png\" alt=\"\" class=\"desktop\">\n\t\t\t\t\t<img decoding=\"async\" src=\"https:\/\/www.solaal.org\/hauts-de-france\/wp-content\/uploads\/sites\/18\/2022\/02\/deco-poireaux-petit.png\" alt=\"\" class=\"mobile\">\n\t\t\t\t<\/div>\n\t\t\t\t<div class=\"text\">\n\t\t\t\t\t<h2>Anti-gaspillage alimentaire<\/h2>\n\t\t\t\t\t<h3>Vous avez des produits \u00e0 donner ?<\/h3>\n\t\t\t\t<\/div>\n\t\t\t\t<div class=\"img\">\n\t\t\t\t\t<div class=\"badge-svg\">\n\t\t\t\t\t\t<img decoding=\"async\" src=\"https:\/\/www.solaal.org\/hauts-de-france\/wp-content\/uploads\/sites\/18\/2022\/02\/badge-svg-css.svg\" alt=\"\" \/>\n\t\t\t\t\t<\/div>\n\t\t\t\t<\/div>\n\t\t\t<\/a>\n\t\t\t<div class=\"links\">\n\t\t\t\t\t\t\t\t<a  class=\"btn btn-b btn-button\" href=\"https:\/\/dons.solaal.org\/\" target=\"_blank\"><i><\/i>Faire un don en ligne<\/a>\n\t\t\t\t\t\t\t\t<a  class=\"btn btn-b \" href=\"https:\/\/www.solaal.org\/hauts-de-france\/contact\/\" target=\"_self\"><i><\/i>Contactez-nous<\/a>\n\t\t\t\t\t\t\t<\/div>\n\t\t<\/div>\n\t<\/section>\n\n\n<p>Magn\u00e9-Ma\u00ebva, 19 ans, en 2\u00e8me ann\u00e9e de licence \u00e0 l\u2019Universit\u00e9 d\u2019Artois, nous explique : \u00ab Je vis loin de mes parents donc j\u2019ai beaucoup de choses \u00e0 payer. L\u2019aide alimentaire m\u2019a permis de bien m\u2019alimenter. Cela m\u2019a donn\u00e9 le go\u00fbt de faire beaucoup de petits plats, une envie que je n\u2019avais pas avant. Les Restos du C\u0153ur m\u2019ont permis \u00e9galement de sortir de l\u2019isolement de ma chambre du CROUS gr\u00e2ce aux contacts que je peux avoir avec les gens de l\u2019association.<\/p>\n\n\n\n<p>Merci au Cr\u00e9dit Agricole Mutuel Nord de France pour sa g\u00e9n\u00e9rosit\u00e9 qui a permis aux \u00e9tudiants du Nord et du Pas-de-Calais de b\u00e9n\u00e9ficier de produits fermiers, frais et locaux.<\/p>\n\n\n\n\t<section class=\"home-video style-two width-770\">\n\t\t<div class=\"home-video-box inner wowo fadeInUp\">\n\t\t\t<div class=\"video\">\n\t\t        <a href=\"#\" class=\"video-link embed\">\n\t\t          \t\t\t\t\t<div class=\"data-video\">\n\t\t\t\t\t\t<a href=\"https:\/\/youtu.be\/-NkfMz5k6SE\">https:\/\/youtu.be\/-NkfMz5k6SE<\/a>\t\t\t\t\t\t\t\n\t\t\t\t\t\t<\/div>\n\t\t\t\t\t\t\t\t          <div class=\"img\">\n\t\t\t            <img decoding=\"async\" src=\"https:\/\/www.solaal.org\/hauts-de-france\/wp-content\/uploads\/sites\/18\/2022\/02\/loca-home-3.png\" alt=\"\" class=\"img-bg \">\n\t\t\t          <\/div>\n\t\t\t          <div class=\"text-and-icon\">\n\t\t\t          \t<h2>Pr\u00e9sentation de <span>SOLAAL Hauts-de-France<\/span><\/h2>\n\t\t\t          \t<i class=\"icon-play\"><\/i>\n\t\t\t          <\/div>\n\t\t        <\/a>\n\t\t    <\/div>\n\t\t    <div class=\"text\">\n\t\t    \t<p>D\u00e9couvrez l\u2019association et ses missions dans un clip vid\u00e9o de 3 minutes !<\/p>\n\t    \t<\/div>\n\t\t<\/div>\t\n\t<\/section>\n\n\n<p>Magn\u00e9-Ma\u00ebva, 19 ans, en 2\u00e8me ann\u00e9e de licence \u00e0 l\u2019Universit\u00e9 d\u2019Artois, nous explique : \u00ab Je vis loin de mes parents donc j\u2019ai beaucoup de choses \u00e0 payer. L\u2019aide alimentaire m\u2019a permis de bien m\u2019alimenter. Cela m\u2019a donn\u00e9 le go\u00fbt de faire beaucoup de petits plats, une envie que je n\u2019avais pas avant. Les Restos du C\u0153ur m\u2019ont permis \u00e9galement de sortir de l\u2019isolement de ma chambre du CROUS gr\u00e2ce aux contacts que je peux avoir avec les gens de l\u2019association.<\/p>\n\n\n\n<p>Merci au Cr\u00e9dit Agricole Mutuel Nord de France pour sa g\u00e9n\u00e9rosit\u00e9 qui a permis aux \u00e9tudiants du Nord et du Pas-de-Calais de b\u00e9n\u00e9ficier de produits fermiers, frais et locaux.<\/p>\n\n\n\n<figure class=\"wp-block-table is-style-regular\"><table><tbody><tr><td><\/td><td>Lorem ipsum dolor sit amet<\/td><td>Lorem ipsum dolor sit<\/td><td>Lorem ipsum dolor sit amet<\/td><\/tr><tr><td>Lorem ipsum dolor sit amet<\/td><td>0,30 \u20ac<\/td><td>0,50 \u20ac<\/td><td>0,70 \u20ac<\/td><\/tr><tr><td>Lorem ipsum dolor sit amet<\/td><td>0,30 \u20ac<\/td><td>0,30 \u20ac<\/td><td>0,30 \u20ac<\/td><\/tr><\/tbody><\/table><\/figure>\n\n\n\n<h2 class=\"wp-block-heading\" id=\"les-equipes-solaal-hauts-de-france\">Les \u00e9quipes Solaal Hauts-de-France<\/h2>\n\n\n\n<div class=\"wp-block-columns width-770 is-layout-flex wp-container-core-columns-is-layout-9d6595d7 wp-block-columns-is-layout-flex\">\n<div class=\"wp-block-column is-layout-flow wp-block-column-is-layout-flow\">\n\t<section class=\"contacto-one-block\">\n\t\t<div class=\"contacto-one-block-box wowo fadeInUp\">\n\t\t\t<div class=\"block\">\n\t\t\t\t<div class=\"box\">\n\t\t\t\t\t<div class=\"img bg-img\" style=\"background-image: url(https:\/\/www.solaal.org\/hauts-de-france\/wp-content\/uploads\/sites\/18\/2022\/02\/Jean-Christophe-RUFIN.jpg);\">\n\t\t\t\t\t<\/div>\n\t\t\t\t\t<div class=\"text\">\n\t\t\t\t\t\t<h3>Jean-Christophe RUFIN<\/h3>\n\t\t\t\t\t\t<h4>Pr\u00e9sident<\/h4>\n\t\t\t\t\t\t\t\t\t\t\t\t\t<a class=\"link\" href=\"mailto:jc.rufin@solaal.org\" target=\"_blank\"><i><\/i>jc.rufin@solaal.org<\/a><br \/>\n\t\t\t\t\t\t\t\t\t\t\t\t\t\t\t\t\t<\/div>\n\t\t\t\t<\/div>\n\t\t\t<\/div>\n\t\t<\/div>\n\t<\/section><\/div>\n\n\n\n<div class=\"wp-block-column is-layout-flow wp-block-column-is-layout-flow\">\n\t<section class=\"contacto-one-block\">\n\t\t<div class=\"contacto-one-block-box wowo fadeInUp\">\n\t\t\t<div class=\"block\">\n\t\t\t\t<div class=\"box\">\n\t\t\t\t\t<div class=\"img bg-img\" style=\"background-image: url(https:\/\/www.solaal.org\/hauts-de-france\/wp-content\/uploads\/sites\/18\/2022\/02\/loca-home-7.jpg);\">\n\t\t\t\t\t<\/div>\n\t\t\t\t\t<div class=\"text\">\n\t\t\t\t\t\t<h3>C\u00e9cile PELTIER<\/h3>\n\t\t\t\t\t\t<h4>Coordinatrice<\/h4>\n\t\t\t\t\t\t\t\t\t\t\t\t\t<a class=\"link\" href=\"mailto:c.peltier@solaal.org\" target=\"_blank\"><i><\/i>c.peltier@solaal.org<\/a><br \/>\n\t\t\t\t\t\t\t\t\t\t\t\t\t\t\t\t\t<\/div>\n\t\t\t\t<\/div>\n\t\t\t<\/div>\n\t\t<\/div>\n\t<\/section><\/div>\n\n\n\n<div class=\"wp-block-column is-layout-flow wp-block-column-is-layout-flow\">\n<h5 class=\"wp-block-heading\" id=\"solaalhauts-de-france\">SOLAAL<br>Hauts-de-France<\/h5>\n\n\n\n<p><a rel=\"noreferrer noopener\" href=\"tel:0153834789\" target=\"_blank\">01 53 83 47 89<\/a><br><a rel=\"noreferrer noopener\" href=\"https:\/\/goo.gl\/maps\/iaUR4xJdoZVkve73A\" target=\"_blank\">11, rue de La Baume 75008 Paris<\/a><\/p>\n\n\n\n<div class=\"wp-block-buttons is-layout-flex wp-block-buttons-is-layout-flex\">\n<div class=\"wp-block-button\"><a class=\"wp-block-button__link wp-element-button\" href=\"https:\/\/goo.gl\/maps\/iaUR4xJdoZVkve73A\">Plan d\u2019acc\u00e8s<\/a><\/div>\n<\/div>\n<\/div>\n<\/div>\n\n\n\n<section class=\"faqs not-h2 \">\n\t\t<div class=\"faqs-box inner wowo fadeInUp\">\n\t\t\t\t\t\t<div class=\"block\">\n\t\t\t\t<div class=\"title-c\">\n\t\t\t\t\t<h2>Rapport d&rsquo;activit\u00e9 2021<\/h2>\n\t\t\t\t\t<i><\/i>\n\t\t\t\t<\/div>\n\t\t\t\t<div class=\"text-c\">\n\t\t\t\t\t<p><a href=\"https:\/\/www.solaal.org\/hauts-de-france\/wp-content\/uploads\/sites\/18\/2022\/06\/Rapport-dactivites-2021-SOLAAL-HdF-1.pdf\">Rapport d&rsquo;activit\u00e9s 2021 &#8211; SOLAAL HdF<\/a><\/p>\n<p>&nbsp;<\/p>\n\t\n\t\t\t\t<\/div>\n\t\t\t<\/div>\n\t\t\t\t\t\t<div class=\"block\">\n\t\t\t\t<div class=\"title-c\">\n\t\t\t\t\t<h2>Sous titre<\/h2>\n\t\t\t\t\t<i><\/i>\n\t\t\t\t<\/div>\n\t\t\t\t<div class=\"text-c\">\n\t\t\t\t\t<p>Lorem ipsum dolor sit amet, consectetur adipiscing elit. Proin eu eros nec ante semper placerat. Pellentesque dapibus dui vel tincidunt dictum. Nulla fringilla laoreet turpis, a pretium risus sodales in.<\/p>\n\t\n\t\t\t\t<\/div>\n\t\t\t<\/div>\n\t\t\t\t\t<\/div>\n\t<\/section>\n\n\n\t<section class=\"home-add-new-block not-h2\">\n\t\t<div class=\"home-add-new-block-box inner fadeInUp\">\n\t\t\t<div class=\"content\">\n\t\t\t\t<div class=\"img-p\">\n\t\t\t\t\t<img decoding=\"async\" src=\"https:\/\/www.solaal.org\/hauts-de-france\/wp-content\/uploads\/sites\/18\/2022\/02\/deco-carottes.png\" alt=\"\">\n\t\t\t\t<\/div>\n\t\t\t\t\n\t\t\t\t<div class=\"home-add-new-block-slider\">\n\t\t\t\t\t\t\t\t\t<\/div>\n\t\t\t<\/div>\n\t\t\t<div class=\"end-text\">\n\t\t\t\t\t\t\t\t<p><a href=\"https:\/\/dons.solaal.org\/login\" target=\"_blank\"  class=\"box\">Vous aussi, Rejoignez Solaal Hauts-de-France !<\/a><\/p>\n\t\t\t\t\t\t\t<\/div>\n\t\t<\/div>\n\t<\/section>","protected":false},"excerpt":{"rendered":"<p>En ce temps de crise sanitaire, se trouvent en grande pr\u00e9carit\u00e9. Afin de r\u00e9pondre \u00e0 leurs besoins sur le plan alimentaire, le Cr\u00e9dit Agricole Mutuel Nord de France a mis en place une initiative locale avec l\u2019achat aux agriculteurs de paniers fermiers (l\u00e9gumes, fruits, g\u00e2teau, etc.) pour les offrir aux \u00e9tudiants du Nord et du [&hellip;]<\/p>\n","protected":false},"author":1,"featured_media":0,"parent":545,"menu_order":0,"comment_status":"closed","ping_status":"closed","template":"","meta":{"_acf_changed":false,"inline_featured_image":false,"footnotes":""},"class_list":["post-354","page","type-page","status-publish","hentry"],"acf":[],"_links":{"self":[{"href":"https:\/\/www.solaal.org\/hauts-de-france\/wp-json\/wp\/v2\/pages\/354","targetHints":{"allow":["GET"]}}],"collection":[{"href":"https:\/\/www.solaal.org\/hauts-de-france\/wp-json\/wp\/v2\/pages"}],"about":[{"href":"https:\/\/www.solaal.org\/hauts-de-france\/wp-json\/wp\/v2\/types\/page"}],"author":[{"embeddable":true,"href":"https:\/\/www.solaal.org\/hauts-de-france\/wp-json\/wp\/v2\/users\/1"}],"replies":[{"embeddable":true,"href":"https:\/\/www.solaal.org\/hauts-de-france\/wp-json\/wp\/v2\/comments?post=354"}],"version-history":[{"count":103,"href":"https:\/\/www.solaal.org\/hauts-de-france\/wp-json\/wp\/v2\/pages\/354\/revisions"}],"predecessor-version":[{"id":4351,"href":"https:\/\/www.solaal.org\/hauts-de-france\/wp-json\/wp\/v2\/pages\/354\/revisions\/4351"}],"up":[{"embeddable":true,"href":"https:\/\/www.solaal.org\/hauts-de-france\/wp-json\/wp\/v2\/pages\/545"}],"wp:attachment":[{"href":"https:\/\/www.solaal.org\/hauts-de-france\/wp-json\/wp\/v2\/media?parent=354"}],"curies":[{"name":"wp","href":"https:\/\/api.w.org\/{rel}","templated":true}]}}