{"id":2062,"date":"2022-08-17T17:32:50","date_gmt":"2022-08-17T15:32:50","guid":{"rendered":"https:\/\/www.solaal.org\/hauts-de-france\/?page_id=2062"},"modified":"2026-02-18T09:42:28","modified_gmt":"2026-02-18T08:42:28","slug":"qui-recoit-les-dons","status":"publish","type":"page","link":"https:\/\/www.solaal.org\/hauts-de-france\/vous-souhaitez-faire-un-don\/qui-recoit-les-dons\/","title":{"rendered":"Nos partenaires associatifs"},"content":{"rendered":"\n<div class=\"wp-block-cover is-light\" style=\"min-height:312px;aspect-ratio:unset;\"><img decoding=\"async\" width=\"1600\" height=\"1200\" class=\"wp-block-cover__image-background wp-image-3790\" alt=\"\" src=\"https:\/\/www.solaal.org\/hauts-de-france\/wp-content\/uploads\/sites\/18\/2024\/12\/24_10_08-Glanage-EARL-du-Marais-02-Robin.e.s-des-Bennes-Saint-Quentin-9.jpg\" style=\"object-position:49% 63%\" data-object-fit=\"cover\" data-object-position=\"49% 63%\" srcset=\"https:\/\/www.solaal.org\/hauts-de-france\/wp-content\/uploads\/sites\/18\/2024\/12\/24_10_08-Glanage-EARL-du-Marais-02-Robin.e.s-des-Bennes-Saint-Quentin-9.jpg 1600w, https:\/\/www.solaal.org\/hauts-de-france\/wp-content\/uploads\/sites\/18\/2024\/12\/24_10_08-Glanage-EARL-du-Marais-02-Robin.e.s-des-Bennes-Saint-Quentin-9-300x225.jpg 300w, https:\/\/www.solaal.org\/hauts-de-france\/wp-content\/uploads\/sites\/18\/2024\/12\/24_10_08-Glanage-EARL-du-Marais-02-Robin.e.s-des-Bennes-Saint-Quentin-9-1024x768.jpg 1024w, https:\/\/www.solaal.org\/hauts-de-france\/wp-content\/uploads\/sites\/18\/2024\/12\/24_10_08-Glanage-EARL-du-Marais-02-Robin.e.s-des-Bennes-Saint-Quentin-9-768x576.jpg 768w, https:\/\/www.solaal.org\/hauts-de-france\/wp-content\/uploads\/sites\/18\/2024\/12\/24_10_08-Glanage-EARL-du-Marais-02-Robin.e.s-des-Bennes-Saint-Quentin-9-1536x1152.jpg 1536w\" sizes=\"(max-width: 1600px) 100vw, 1600px\" \/><span aria-hidden=\"true\" class=\"wp-block-cover__background has-background-dim\" style=\"background-color:#858078\"><\/span><div class=\"wp-block-cover__inner-container is-layout-flow wp-block-cover-is-layout-flow\">\n<p class=\"has-text-align-center has-white-color has-text-color has-link-color has-large-font-size wp-elements-32bded1eef645a8288dff1c370b1492d\"><strong>Les associations d&rsquo;aide alimentaire habilit\u00e9es<\/strong><\/p>\n<\/div><\/div>\n\n\n\n<div style=\"height:3px\" aria-hidden=\"true\" class=\"wp-block-spacer\"><\/div>\n\n\n\n<p style=\"font-size:18px\">SOLAAL Hauts-de-France facilite l\u2019organisation des dons des entreprises agricoles et agroalimentaires \u00e0 destination des associations d\u2019aide alimentaire. Nous travaillons principalement avec <strong>les associations d&rsquo;aide alimentaire ayant une&nbsp;habilitation nationale et r\u00e9gionales<\/strong><\/p>\n\n\n\n<p style=\"font-size:18px\">Nous proposons les produits donn\u00e9s aux&nbsp;<strong>21 associations nationales habilit\u00e9es<\/strong>. Elles nous r\u00e9pondent en fonction de leurs besoins, leur disponibilit\u00e9 et leur capacit\u00e9 logistique (transport, humain, stockage\u2026). Puis nous vous envoyons un tableau r\u00e9capitulatif des quantit\u00e9s souhait\u00e9es par chaque association, pour validation. <br>En r\u00e9alisant la r\u00e9partition, nous faisons en sorte d\u2019\u00eatre&nbsp;<strong>\u00e9quitable entre tous les r\u00e9seaux<\/strong>&nbsp;mais il vous est bien s\u00fbr possible de choisir la ou les associations b\u00e9n\u00e9ficiaires.<\/p>\n\n\n\n<p style=\"font-size:18px\">Si votre entreprise travaille avec des bacs IFCO, SOLAAL a mis en place des&nbsp;<strong>partenariats avec certaines associations disposant d\u2019une habilitation pour recevoir les bacs IFCO <\/strong>et assurer le transfert de propri\u00e9t\u00e9.<br>Pour plus d\u2019informations, vous trouverez un article en cliquant&nbsp;<a href=\"https:\/\/www.solaal.org\/ifco-une-entreprise-engagee\/\" target=\"_blank\" rel=\"noreferrer noopener\"><strong>ICI<\/strong><\/a><strong>.<\/strong><\/p>\n\n\n\n<p style=\"font-size:18px\">Pour en savoir plus sur <strong>l&rsquo;organisation et les missions des structures de l&rsquo;aide alimentaire<\/strong>, vous pouvez visionner les capsules vid\u00e9os r\u00e9alis\u00e9es par <a href=\"https:\/\/www.sstrn.com\/\" target=\"_blank\" rel=\"noreferrer noopener\">le Service Social du Travail R\u00e9gion Nord (S.S.T.R.N)<\/a>. Vous trouverez les liens ci-dessous. <\/p>\n\n\n\n<ul style=\"font-size:18px\" class=\"wp-block-list\">\n<li>Les acteurs de l\u2019aide alimentaire :&nbsp;<a href=\"https:\/\/youtu.be\/i2FEzq_Gptk\" target=\"_blank\" rel=\"noreferrer noopener\">https:\/\/youtu.be\/i2FEzq_Gptk<\/a><\/li>\n\n\n\n<li>La pr\u00e9carit\u00e9 alimentaire :&nbsp;<a href=\"https:\/\/youtu.be\/6J2HwJOeALU\" target=\"_blank\" rel=\"noreferrer noopener\">https:\/\/youtu.be\/6J2HwJOeALU<\/a><\/li>\n\n\n\n<li>La sp\u00e9cificit\u00e9 des travailleurs en vuln\u00e9rabilit\u00e9 \u00e9conomique :&nbsp;<a href=\"https:\/\/youtu.be\/liWWndNenBM\" target=\"_blank\" rel=\"noreferrer noopener\">https:\/\/youtu.be\/liWWndNenBM<\/a><\/li>\n\n\n\n<li>L\u2019alimentation et la sant\u00e9 :&nbsp;<a href=\"https:\/\/youtu.be\/ScjwBSx1IKY\" target=\"_blank\" rel=\"noreferrer noopener\">https:\/\/youtu.be\/ScjwBSx1IKY<\/a><\/li>\n\n\n\n<li>Hygi\u00e8ne et s\u00e9curit\u00e9 alimentaire :&nbsp;<a href=\"https:\/\/youtu.be\/Pom8HxpIKWs\" target=\"_blank\" rel=\"noreferrer noopener\">https:\/\/youtu.be\/Pom8HxpIKWs<\/a><\/li>\n<\/ul>\n\n\n\n\t<div class=\"wp-block-button-two\">\n\t\t<a href=\"https:\/\/www.solaal.org\/hauts-de-france\/contact\/\" target=\"_self\"><i><\/i>Contacter SOLAAL Hauts-de-France<\/a>\n\t<\/div>\n\n\n<div style=\"height:37px\" aria-hidden=\"true\" class=\"wp-block-spacer\"><\/div>\n\n\n\n<h2 class=\"wp-block-heading\">Aper\u00e7u de nos associations partenaires <\/h2>\n\n\n\n<div class=\"wp-block-columns is-layout-flex wp-container-core-columns-is-layout-9d6595d7 wp-block-columns-is-layout-flex\">\n<div class=\"wp-block-column is-vertically-aligned-center is-layout-flow wp-block-column-is-layout-flow\"><div class=\"wp-block-image\">\n<figure class=\"alignleft size-full\"><a href=\"https:\/\/adra.fr\/\" target=\"_blank\" rel=\" noreferrer noopener\"><img decoding=\"async\" width=\"300\" height=\"80\" src=\"https:\/\/www.solaal.org\/hauts-de-france\/wp-content\/uploads\/sites\/18\/2025\/03\/ADRA.png\" alt=\"\" class=\"wp-image-4164\" \/><\/a><\/figure>\n<\/div><\/div>\n\n\n\n<div class=\"wp-block-column is-vertically-aligned-center is-layout-flow wp-block-column-is-layout-flow\"><div class=\"wp-block-image\">\n<figure class=\"aligncenter size-full is-resized\"><a href=\"https:\/\/andes-france.com\/\" target=\"_blank\" rel=\" noreferrer noopener\"><img decoding=\"async\" width=\"873\" height=\"557\" src=\"https:\/\/www.solaal.org\/hauts-de-france\/wp-content\/uploads\/sites\/18\/2025\/03\/Logo-Andes.png\" alt=\"\" class=\"wp-image-4145\" style=\"aspect-ratio:1.5673936360386127;width:191px;height:auto\" srcset=\"https:\/\/www.solaal.org\/hauts-de-france\/wp-content\/uploads\/sites\/18\/2025\/03\/Logo-Andes.png 873w, https:\/\/www.solaal.org\/hauts-de-france\/wp-content\/uploads\/sites\/18\/2025\/03\/Logo-Andes-300x191.png 300w, https:\/\/www.solaal.org\/hauts-de-france\/wp-content\/uploads\/sites\/18\/2025\/03\/Logo-Andes-768x490.png 768w\" sizes=\"(max-width: 873px) 100vw, 873px\" \/><\/a><\/figure>\n<\/div><\/div>\n\n\n\n<div class=\"wp-block-column is-vertically-aligned-center is-layout-flow wp-block-column-is-layout-flow\"><div class=\"wp-block-image\">\n<figure class=\"alignright size-large is-resized\"><a href=\"https:\/\/www.armeedusalut.fr\/\" target=\"_blank\" rel=\" noreferrer noopener\"><img decoding=\"async\" width=\"885\" height=\"1024\" src=\"https:\/\/www.solaal.org\/hauts-de-france\/wp-content\/uploads\/sites\/18\/2025\/03\/Logo_de_lArmee_du_Salut.svg-885x1024.png\" alt=\"\" class=\"wp-image-4173\" style=\"aspect-ratio:0.864268112370626;width:119px;height:auto\" srcset=\"https:\/\/www.solaal.org\/hauts-de-france\/wp-content\/uploads\/sites\/18\/2025\/03\/Logo_de_lArmee_du_Salut.svg-885x1024.png 885w, https:\/\/www.solaal.org\/hauts-de-france\/wp-content\/uploads\/sites\/18\/2025\/03\/Logo_de_lArmee_du_Salut.svg-259x300.png 259w, https:\/\/www.solaal.org\/hauts-de-france\/wp-content\/uploads\/sites\/18\/2025\/03\/Logo_de_lArmee_du_Salut.svg-768x889.png 768w, https:\/\/www.solaal.org\/hauts-de-france\/wp-content\/uploads\/sites\/18\/2025\/03\/Logo_de_lArmee_du_Salut.svg.png 1037w\" sizes=\"(max-width: 885px) 100vw, 885px\" \/><\/a><\/figure>\n<\/div><\/div>\n<\/div>\n\n\n\n<div class=\"wp-block-columns is-layout-flex wp-container-core-columns-is-layout-9d6595d7 wp-block-columns-is-layout-flex\">\n<div class=\"wp-block-column is-vertically-aligned-center is-layout-flow wp-block-column-is-layout-flow\">\n<figure class=\"wp-block-image size-large\"><a href=\"https:\/\/www.banquealimentaire.org\/\" target=\"_blank\" rel=\" noreferrer noopener\"><img decoding=\"async\" width=\"1024\" height=\"228\" src=\"https:\/\/www.solaal.org\/hauts-de-france\/wp-content\/uploads\/sites\/18\/2026\/02\/BA_Logo_rvb-1024x228.png\" alt=\"\" class=\"wp-image-4703\" srcset=\"https:\/\/www.solaal.org\/hauts-de-france\/wp-content\/uploads\/sites\/18\/2026\/02\/BA_Logo_rvb-1024x228.png 1024w, https:\/\/www.solaal.org\/hauts-de-france\/wp-content\/uploads\/sites\/18\/2026\/02\/BA_Logo_rvb-300x67.png 300w, https:\/\/www.solaal.org\/hauts-de-france\/wp-content\/uploads\/sites\/18\/2026\/02\/BA_Logo_rvb-768x171.png 768w, https:\/\/www.solaal.org\/hauts-de-france\/wp-content\/uploads\/sites\/18\/2026\/02\/BA_Logo_rvb-1536x342.png 1536w, https:\/\/www.solaal.org\/hauts-de-france\/wp-content\/uploads\/sites\/18\/2026\/02\/BA_Logo_rvb.png 1600w\" sizes=\"(max-width: 1024px) 100vw, 1024px\" \/><\/a><\/figure>\n<\/div>\n\n\n\n<div class=\"wp-block-column is-vertically-aligned-center is-layout-flow wp-block-column-is-layout-flow\"><div class=\"wp-block-image\">\n<figure class=\"aligncenter size-full is-resized\"><a href=\"https:\/\/cop1.fr\/\" target=\"_blank\" rel=\" noreferrer noopener\"><img decoding=\"async\" width=\"227\" height=\"99\" src=\"https:\/\/www.solaal.org\/hauts-de-france\/wp-content\/uploads\/sites\/18\/2025\/03\/logo-cop1.svg\" alt=\"\" class=\"wp-image-4168\" style=\"aspect-ratio:1.5673936360386127;width:191px;height:auto\" \/><\/a><\/figure>\n<\/div><\/div>\n\n\n\n<div class=\"wp-block-column is-vertically-aligned-center is-layout-flow wp-block-column-is-layout-flow\"><div class=\"wp-block-image\">\n<figure class=\"alignright size-full\"><a href=\"https:\/\/www.croix-rouge.fr\/\" target=\"_blank\" rel=\" noreferrer noopener\"><img decoding=\"async\" width=\"1600\" height=\"477\" src=\"https:\/\/www.solaal.org\/hauts-de-france\/wp-content\/uploads\/sites\/18\/2026\/02\/Logo-Croix-Rouge-2.png\" alt=\"\" class=\"wp-image-4691\" srcset=\"https:\/\/www.solaal.org\/hauts-de-france\/wp-content\/uploads\/sites\/18\/2026\/02\/Logo-Croix-Rouge-2.png 1600w, https:\/\/www.solaal.org\/hauts-de-france\/wp-content\/uploads\/sites\/18\/2026\/02\/Logo-Croix-Rouge-2-300x89.png 300w, https:\/\/www.solaal.org\/hauts-de-france\/wp-content\/uploads\/sites\/18\/2026\/02\/Logo-Croix-Rouge-2-1024x305.png 1024w, https:\/\/www.solaal.org\/hauts-de-france\/wp-content\/uploads\/sites\/18\/2026\/02\/Logo-Croix-Rouge-2-768x229.png 768w, https:\/\/www.solaal.org\/hauts-de-france\/wp-content\/uploads\/sites\/18\/2026\/02\/Logo-Croix-Rouge-2-1536x458.png 1536w\" sizes=\"(max-width: 1600px) 100vw, 1600px\" \/><\/a><\/figure>\n<\/div><\/div>\n<\/div>\n\n\n\n<div class=\"wp-block-columns are-vertically-aligned-center is-layout-flex wp-container-core-columns-is-layout-9d6595d7 wp-block-columns-is-layout-flex\">\n<div class=\"wp-block-column is-vertically-aligned-center is-layout-flow wp-block-column-is-layout-flow\"><div class=\"wp-block-image\">\n<figure class=\"alignleft size-full is-resized\"><a href=\"https:\/\/www.restosducoeur.org\/\" target=\"_blank\" rel=\" noreferrer noopener\"><img decoding=\"async\" width=\"1209\" height=\"1200\" src=\"https:\/\/www.solaal.org\/hauts-de-france\/wp-content\/uploads\/sites\/18\/2025\/03\/Restos_du_coeur_Logo.png\" alt=\"\" class=\"wp-image-4146\" style=\"aspect-ratio:1.0075270052861411;width:147px;height:auto\" srcset=\"https:\/\/www.solaal.org\/hauts-de-france\/wp-content\/uploads\/sites\/18\/2025\/03\/Restos_du_coeur_Logo.png 1209w, https:\/\/www.solaal.org\/hauts-de-france\/wp-content\/uploads\/sites\/18\/2025\/03\/Restos_du_coeur_Logo-300x298.png 300w, https:\/\/www.solaal.org\/hauts-de-france\/wp-content\/uploads\/sites\/18\/2025\/03\/Restos_du_coeur_Logo-1024x1016.png 1024w, https:\/\/www.solaal.org\/hauts-de-france\/wp-content\/uploads\/sites\/18\/2025\/03\/Restos_du_coeur_Logo-150x150.png 150w, https:\/\/www.solaal.org\/hauts-de-france\/wp-content\/uploads\/sites\/18\/2025\/03\/Restos_du_coeur_Logo-768x762.png 768w, https:\/\/www.solaal.org\/hauts-de-france\/wp-content\/uploads\/sites\/18\/2025\/03\/Restos_du_coeur_Logo-16x16.png 16w\" sizes=\"(max-width: 1209px) 100vw, 1209px\" \/><\/a><\/figure>\n<\/div><\/div>\n\n\n\n<div class=\"wp-block-column is-vertically-aligned-center is-layout-flow wp-block-column-is-layout-flow\"><div class=\"wp-block-image\">\n<figure class=\"aligncenter size-large is-resized\"><a href=\"https:\/\/www.restosducoeur.org\/\" target=\"_blank\" rel=\" noreferrer noopener\"><img decoding=\"async\" width=\"1024\" height=\"1024\" src=\"https:\/\/www.solaal.org\/hauts-de-france\/wp-content\/uploads\/sites\/18\/2025\/03\/logo-linkee-1024x1024.png\" alt=\"\" class=\"wp-image-4154\" style=\"width:204px;height:auto\" srcset=\"https:\/\/www.solaal.org\/hauts-de-france\/wp-content\/uploads\/sites\/18\/2025\/03\/logo-linkee-1024x1024.png 1024w, https:\/\/www.solaal.org\/hauts-de-france\/wp-content\/uploads\/sites\/18\/2025\/03\/logo-linkee-300x300.png 300w, https:\/\/www.solaal.org\/hauts-de-france\/wp-content\/uploads\/sites\/18\/2025\/03\/logo-linkee-150x150.png 150w, https:\/\/www.solaal.org\/hauts-de-france\/wp-content\/uploads\/sites\/18\/2025\/03\/logo-linkee-768x768.png 768w, https:\/\/www.solaal.org\/hauts-de-france\/wp-content\/uploads\/sites\/18\/2025\/03\/logo-linkee-16x16.png 16w, https:\/\/www.solaal.org\/hauts-de-france\/wp-content\/uploads\/sites\/18\/2025\/03\/logo-linkee.png 1080w\" sizes=\"(max-width: 1024px) 100vw, 1024px\" \/><\/a><\/figure>\n<\/div><\/div>\n\n\n\n<div class=\"wp-block-column is-vertically-aligned-center is-layout-flow wp-block-column-is-layout-flow\"><div class=\"wp-block-image\">\n<figure class=\"alignright size-full is-resized\"><a href=\"https:\/\/www.panierdelamer.fr\/\" target=\"_blank\" rel=\" noreferrer noopener\"><img decoding=\"async\" width=\"346\" height=\"228\" src=\"https:\/\/www.solaal.org\/hauts-de-france\/wp-content\/uploads\/sites\/18\/2026\/02\/logo_panier_de_la_mer.png\" alt=\"\" class=\"wp-image-4702\" style=\"aspect-ratio:1.5176114236261358;width:216px;height:auto\" srcset=\"https:\/\/www.solaal.org\/hauts-de-france\/wp-content\/uploads\/sites\/18\/2026\/02\/logo_panier_de_la_mer.png 346w, https:\/\/www.solaal.org\/hauts-de-france\/wp-content\/uploads\/sites\/18\/2026\/02\/logo_panier_de_la_mer-300x198.png 300w\" sizes=\"(max-width: 346px) 100vw, 346px\" \/><\/a><\/figure>\n<\/div><\/div>\n<\/div>\n\n\n\n<div class=\"wp-block-columns are-vertically-aligned-center is-layout-flex wp-container-core-columns-is-layout-9d6595d7 wp-block-columns-is-layout-flex\">\n<div class=\"wp-block-column is-vertically-aligned-center is-layout-flow wp-block-column-is-layout-flow\"><div class=\"wp-block-image\">\n<figure class=\"alignleft size-large\"><a href=\"https:\/\/www.ssvp.fr\/\" target=\"_blank\" rel=\" noreferrer noopener\"><img decoding=\"async\" src=\"https:\/\/www.solaal.org\/hauts-de-france\/wp-content\/uploads\/sites\/18\/2026\/02\/Logo-societe-st-vincent-de-paul-2-1024x351.png\" alt=\"\" class=\"wp-image-4699\" \/><\/a><\/figure>\n<\/div><\/div>\n\n\n\n<div class=\"wp-block-column is-vertically-aligned-center is-layout-flow wp-block-column-is-layout-flow\"><div class=\"wp-block-image\">\n<figure class=\"aligncenter size-full\"><a href=\"https:\/\/www.ordredemaltefrance.org\/ordre-de-malte-france\/\" target=\"_blank\" rel=\" noreferrer noopener\"><img decoding=\"async\" width=\"863\" height=\"296\" src=\"https:\/\/www.solaal.org\/hauts-de-france\/wp-content\/uploads\/sites\/18\/2026\/02\/Logo-France-horizontal-ecriture-noire-couleur.png\" alt=\"\" class=\"wp-image-4701\" srcset=\"https:\/\/www.solaal.org\/hauts-de-france\/wp-content\/uploads\/sites\/18\/2026\/02\/Logo-France-horizontal-ecriture-noire-couleur.png 863w, https:\/\/www.solaal.org\/hauts-de-france\/wp-content\/uploads\/sites\/18\/2026\/02\/Logo-France-horizontal-ecriture-noire-couleur-300x103.png 300w, https:\/\/www.solaal.org\/hauts-de-france\/wp-content\/uploads\/sites\/18\/2026\/02\/Logo-France-horizontal-ecriture-noire-couleur-768x263.png 768w\" sizes=\"(max-width: 863px) 100vw, 863px\" \/><\/a><\/figure>\n<\/div><\/div>\n\n\n\n<div class=\"wp-block-column is-vertically-aligned-center is-layout-flow wp-block-column-is-layout-flow\"><\/div>\n<\/div>\n\n\n\n<p><\/p>\n","protected":false},"excerpt":{"rendered":"<p>SOLAAL Hauts-de-France facilite l\u2019organisation des dons des entreprises agricoles et agroalimentaires \u00e0 destination des associations d\u2019aide alimentaire. Nous travaillons principalement avec les associations d&rsquo;aide alimentaire ayant une&nbsp;habilitation nationale et r\u00e9gionales Nous proposons les produits donn\u00e9s aux&nbsp;21 associations nationales habilit\u00e9es. Elles nous r\u00e9pondent en fonction de leurs besoins, leur disponibilit\u00e9 et leur capacit\u00e9 logistique (transport, humain, [&hellip;]<\/p>\n","protected":false},"author":11,"featured_media":0,"parent":547,"menu_order":0,"comment_status":"closed","ping_status":"closed","template":"","meta":{"_acf_changed":false,"inline_featured_image":false,"footnotes":""},"class_list":["post-2062","page","type-page","status-publish","hentry"],"acf":[],"_links":{"self":[{"href":"https:\/\/www.solaal.org\/hauts-de-france\/wp-json\/wp\/v2\/pages\/2062","targetHints":{"allow":["GET"]}}],"collection":[{"href":"https:\/\/www.solaal.org\/hauts-de-france\/wp-json\/wp\/v2\/pages"}],"about":[{"href":"https:\/\/www.solaal.org\/hauts-de-france\/wp-json\/wp\/v2\/types\/page"}],"author":[{"embeddable":true,"href":"https:\/\/www.solaal.org\/hauts-de-france\/wp-json\/wp\/v2\/users\/11"}],"replies":[{"embeddable":true,"href":"https:\/\/www.solaal.org\/hauts-de-france\/wp-json\/wp\/v2\/comments?post=2062"}],"version-history":[{"count":49,"href":"https:\/\/www.solaal.org\/hauts-de-france\/wp-json\/wp\/v2\/pages\/2062\/revisions"}],"predecessor-version":[{"id":4705,"href":"https:\/\/www.solaal.org\/hauts-de-france\/wp-json\/wp\/v2\/pages\/2062\/revisions\/4705"}],"up":[{"embeddable":true,"href":"https:\/\/www.solaal.org\/hauts-de-france\/wp-json\/wp\/v2\/pages\/547"}],"wp:attachment":[{"href":"https:\/\/www.solaal.org\/hauts-de-france\/wp-json\/wp\/v2\/media?parent=2062"}],"curies":[{"name":"wp","href":"https:\/\/api.w.org\/{rel}","templated":true}]}}