{"id":1765,"date":"2022-08-16T15:18:37","date_gmt":"2022-08-16T13:18:37","guid":{"rendered":"https:\/\/www.solaal.org\/hauts-de-france\/?page_id=1765"},"modified":"2023-12-22T14:16:20","modified_gmt":"2023-12-22T13:16:20","slug":"nos-ambassadeurs","status":"publish","type":"page","link":"https:\/\/www.solaal.org\/hauts-de-france\/decouvrez-lassociation\/nos-ambassadeurs\/","title":{"rendered":"Nos Ambassadeurs"},"content":{"rendered":"\n<div class=\"wp-block-cover aligncenter has-parallax\"><span aria-hidden=\"true\" class=\"wp-block-cover__background has-background-dim\"><\/span><div role=\"img\" class=\"wp-block-cover__image-background wp-image-1769 has-parallax\" style=\"background-position:50% 50%;background-image:url(https:\/\/www.solaal.org\/hauts-de-france\/wp-content\/uploads\/sites\/18\/2022\/08\/IMG_1379.jpg)\"><\/div><div class=\"wp-block-cover__inner-container is-layout-flow wp-block-cover-is-layout-flow\">\n<p class=\"has-text-align-center has-large-font-size\"><strong>&nbsp;Je suis un agriculteur solidaire, <\/strong><br><strong>je deviens Ambassadeur SOLAAL Hauts-de-France !<\/strong><\/p>\n<\/div><\/div>\n\n\n\n<div style=\"height:14px\" aria-hidden=\"true\" class=\"wp-block-spacer\"><\/div>\n\n\n\n<p style=\"font-size:18px\"><strong>La volont\u00e9 de SOLAAL Hauts-de-France est de cr\u00e9er un r\u00e9seau d\u2019agriculteurs-Ambassadeurs dans tous les d\u00e9partements des Hauts-de-France et de l\u2019animer par des rencontres r\u00e9guli\u00e8res. <\/strong><br><strong>Le r\u00f4le de l&rsquo;Ambassadeur est de communiquer <strong>au niveau local<\/strong><\/strong> <strong>sur le don agricole et sur la solidarit\u00e9 des m\u00e9tiers de l&rsquo;agriculture et de des fili\u00e8res. <\/strong><\/p>\n\n\n\n<section class=\"wp-block-title-c\">\n\t<h2>Pourquoi nous avons besoin de vous ? <\/h2>\n<\/section>\n\n\n<div class=\"wp-block-columns is-layout-flex wp-container-core-columns-is-layout-9d6595d7 wp-block-columns-is-layout-flex\">\n<div class=\"wp-block-column is-vertically-aligned-center is-layout-flow wp-block-column-is-layout-flow\">\n\n\n<div class=\"wp-block-one-img width-770\">\n\t<a >\n\t\t<img decoding=\"async\" src=\"https:\/\/www.solaal.org\/hauts-de-france\/wp-content\/uploads\/sites\/18\/2022\/08\/Imag-Ambassadeur-1.png\" alt=\"\" \/>\n\t<\/a>\n\t<\/div>\r\n<\/div>\n\n\n\n<div class=\"wp-block-column is-layout-flow wp-block-column-is-layout-flow\">\n\n\n<div class=\"wp-block-one-img width-770\">\n\t<a >\n\t\t<img decoding=\"async\" src=\"https:\/\/www.solaal.org\/hauts-de-france\/wp-content\/uploads\/sites\/18\/2022\/08\/Image-Ambassadeur.png\" alt=\"\" \/>\n\t<\/a>\n\t<\/div>\r\n<\/div>\n<\/div>\n\n\n\n<section class=\"wp-block-title-c\">\n\t<h2>Quelles sont vos missions ? <\/h2>\n<\/section>\n\n\n<ul class=\"wp-block-list\" style=\"font-size:18px\">\n<li>Faire conna\u00eetre la d\u00e9marche de SOLAAL Hauts-de-France sur son territoire de vie locale<\/li>\n\n\n\n<li>Participer \u00e0 des op\u00e9rations organis\u00e9es de r\u00e9cup\u00e9ration de produits alimentaires invendus<\/li>\n\n\n\n<li>Promouvoir les <a href=\"https:\/\/www.solaal.org\/hauts-de-france\/nos-missions-nos-actions\/glanage-solidaire-en-2022\/\" target=\"_blank\" rel=\"noreferrer noopener\">glanages solidaires<\/a><\/li>\n\n\n\n<li>Participer \u00e0 des <a href=\"https:\/\/www.solaal.org\/hauts-de-france\/nos-missions-nos-actions\/salons-et-foires\/\" target=\"_blank\" rel=\"noreferrer noopener\">\u00e9v\u00e9nements agricoles et grand public<\/a><\/li>\n\n\n\n<li>Faire conna\u00eetre les <a href=\"https:\/\/www.solaal.org\/hauts-de-france\/nos-missions-nos-actions\/https-solaal-flowww-fr-hauts-de-france-wp-admin-post-phppost1083actionedit\/\" target=\"_blank\" rel=\"noreferrer noopener\">Journ\u00e9es nationales du don agricole<\/a><\/li>\n<\/ul>\n\n\n\n<section class=\"wp-block-title-c\">\n\t<h2>Quels moyens sont mis \u00e0 votre disposition ? <\/h2>\n<\/section>\n\n\n<ul class=\"wp-block-list\" style=\"font-size:18px\">\n<li>Une formation organis\u00e9e sur une journ\u00e9e et divis\u00e9e en deux parties : pr\u00e9sentation en salle de la logistique du don agricole et du fonctionnement de SOLAAL Hauts-de-France, puis une visite d&rsquo;associations d&rsquo;aide alimentaire<\/li>\n\n\n\n<li><a href=\"https:\/\/acrobat.adobe.com\/link\/review?uri=urn:aaid:scds:US:bdf9764c-22f4-3a0a-809b-e4fb3b3ec5a7\" target=\"_blank\" rel=\"noreferrer noopener\">Un guide du don<\/a> : fiches techniques par type de don<\/li>\n\n\n\n<li>Des outils de communication : flyers, affiches, t-shirt, acc\u00e8s \u00e0 un kak\u00e9mono et un oriflamme<\/li>\n<\/ul>\n\n\n\n<p style=\"font-size:18px\">En 2021, la formation s&rsquo;est d\u00e9roul\u00e9e en visio-conf\u00e9rence. Chaque ann\u00e9e, une formation est propos\u00e9e dans un d\u00e9partement diff\u00e9rent. Contactez-nous pour en savoir plus.<\/p>\n\n\n\n\t<div class=\"wp-block-button-two\">\n\t\t<a href=\"https:\/\/www.solaal.org\/hauts-de-france\/contact\/\" target=\"_self\"><i><\/i>Je veux devenir Ambassadeur<\/a>\n\t<\/div>\n\n\n<div style=\"height:7px\" aria-hidden=\"true\" class=\"wp-block-spacer\"><\/div>\n\n\n\n<section class=\"wp-block-title-c\">\n\t<h2>Nos Ambassadeurs<\/h2>\n<\/section>\n\n\n<figure class=\"wp-block-pullquote has-text-align-center\"><blockquote><p>Lors de la formation nous avons visit\u00e9 une&nbsp;\u00e9picerie solidaire \u00e9tudiante et la&nbsp;Banque Alimentaire d\u2019Amiens.&nbsp;C\u2019\u00e9tait tr\u00e8s int\u00e9ressant et \u00e7a nous a remotiv\u00e9. Cette formation nous permet de mieux parler du don agricole et du r\u00f4le de SOLAAL dans son organisation<\/p><cite>Myriam Monsigny<br>Agricultrice (80) &#8211; Promo 2022<\/cite><\/blockquote><\/figure>\n\n\n\n<p style=\"font-size:18px\">Pour les retours de la formation 2019, lire l&rsquo;article : <a href=\"https:\/\/www.solaal.org\/hauts-de-france\/2019\/12\/18\/les-agriculteurs-des-acteurs-du-don-alimentaire\/\" target=\"_blank\" rel=\"noreferrer noopener\">\u00ab\u00a0Les agriculteurs, des acteurs du don alimentaire\u00a0\u00bb<\/a><\/p>\n\n\n\n<section class=\"four-img width-770\">\n\t\t<div class=\"four-img-box inner wowo fadeInUp\">\n\t\t\t<div class=\"content gallery-wrap\">\n\t\t\t\t\t\t\t\t<div class=\"block\">\n\t\t\t\t\t<a href=\"https:\/\/www.solaal.org\/hauts-de-france\/wp-content\/uploads\/sites\/18\/2022\/08\/22_05_20-Formation-Ambassadeur-pour-les-elus-5.jpg\" data-rel=\"lightcase:myCollection\">\n\t\t\t\t\t\t<div class=\"bg-img\" style=\"background-image: url(https:\/\/www.solaal.org\/hauts-de-france\/wp-content\/uploads\/sites\/18\/2022\/08\/22_05_20-Formation-Ambassadeur-pour-les-elus-5.jpg);\"><\/div>\n\t\t\t\t\t<\/a>\n\t\t\t\t\t\t\t\t\t\t<span>Promo 2022 &#8211; visite de la Banque Alimentaire de Longueau (80)<\/span>\n\t\t\t\t\t\t\t\t\t<\/div>\n\t\t\t\t\t\t\t\t<div class=\"block\">\n\t\t\t\t\t<div class=\"box-box\">\n\t\t\t\t\t\t\t\t\t\t\t\t<div class=\"box\">\n\t\t\t\t\t\t\t<a href=\"https:\/\/www.solaal.org\/hauts-de-france\/wp-content\/uploads\/sites\/18\/2022\/08\/20191113_161411.jpg\" data-rel=\"lightcase:myCollection\">\n\t\t\t\t\t\t\t<div class=\"bg-img\" style=\"background-image: url(https:\/\/www.solaal.org\/hauts-de-france\/wp-content\/uploads\/sites\/18\/2022\/08\/20191113_161411.jpg);\"><\/div>\n\t\t\t\t\t\t\t<\/a>\n\t\t\t\t\t\t\t\t\t\t\t\t\t\t<span>Promo 2019 &#8211; Visite de l&rsquo;\u00e9picerie solidaire PACTE 62<\/span>\n\t\t\t\t\t\t\t\t\t\t\t\t\t<\/div>\n\t\t\t\t\t\t\t\t\t\t\t\t<div class=\"box\">\n\t\t\t\t\t\t\t<a href=\"https:\/\/www.solaal.org\/hauts-de-france\/wp-content\/uploads\/sites\/18\/2022\/08\/Image1.png\" data-rel=\"lightcase:myCollection\">\n\t\t\t\t\t\t\t<div class=\"bg-img\" style=\"background-image: url(https:\/\/www.solaal.org\/hauts-de-france\/wp-content\/uploads\/sites\/18\/2022\/08\/Image1.png);\"><\/div>\n\t\t\t\t\t\t\t<\/a>\n\t\t\t\t\t\t\t\t\t\t\t\t\t\t<span>Antoine Helleboid, agriculteur-Ambassadeur de TILQUES (62)<\/span>\n\t\t\t\t\t\t\t\t\t\t\t\t\t<\/div>\n\t\t\t\t\t\t\t\t\t\t\t\t<div class=\"box\">\n\t\t\t\t\t\t\t<a href=\"https:\/\/www.solaal.org\/hauts-de-france\/wp-content\/uploads\/sites\/18\/2022\/08\/22_06_09-Terres-en-Fete-1-rotated-e1703250973803.jpg\" data-rel=\"lightcase:myCollection\">\n\t\t\t\t\t\t\t<div class=\"bg-img\" style=\"background-image: url(https:\/\/www.solaal.org\/hauts-de-france\/wp-content\/uploads\/sites\/18\/2022\/08\/22_06_09-Terres-en-Fete-1-rotated-e1703250973803.jpg);\"><\/div>\n\t\t\t\t\t\t\t<\/a>\n\t\t\t\t\t\t\t\t\t\t\t\t\t\t<span>Colette Guilbert, agricultrice-Ambassadrice d&rsquo;ABLAINZEVELLE (62)<\/span>\n\t\t\t\t\t\t\t\t\t\t\t\t\t<\/div>\n\t\t\t\t\t\t\t\t\t\t\t<\/div>\n\t\t\t\t\t\n\t\t\t\t<\/div>\n\t\t\t<\/div>\n\t\t<\/div>\n\t<\/section>","protected":false},"excerpt":{"rendered":"<p>La volont\u00e9 de SOLAAL Hauts-de-France est de cr\u00e9er un r\u00e9seau d\u2019agriculteurs-Ambassadeurs dans tous les d\u00e9partements des Hauts-de-France et de l\u2019animer par des rencontres r\u00e9guli\u00e8res. Le r\u00f4le de l&rsquo;Ambassadeur est de communiquer au niveau local sur le don agricole et sur la solidarit\u00e9 des m\u00e9tiers de l&rsquo;agriculture et de des fili\u00e8res. En 2021, la formation s&rsquo;est [&hellip;]<\/p>\n","protected":false},"author":11,"featured_media":0,"parent":541,"menu_order":1,"comment_status":"closed","ping_status":"closed","template":"","meta":{"_acf_changed":false,"inline_featured_image":false,"footnotes":""},"class_list":["post-1765","page","type-page","status-publish","hentry"],"acf":[],"_links":{"self":[{"href":"https:\/\/www.solaal.org\/hauts-de-france\/wp-json\/wp\/v2\/pages\/1765","targetHints":{"allow":["GET"]}}],"collection":[{"href":"https:\/\/www.solaal.org\/hauts-de-france\/wp-json\/wp\/v2\/pages"}],"about":[{"href":"https:\/\/www.solaal.org\/hauts-de-france\/wp-json\/wp\/v2\/types\/page"}],"author":[{"embeddable":true,"href":"https:\/\/www.solaal.org\/hauts-de-france\/wp-json\/wp\/v2\/users\/11"}],"replies":[{"embeddable":true,"href":"https:\/\/www.solaal.org\/hauts-de-france\/wp-json\/wp\/v2\/comments?post=1765"}],"version-history":[{"count":85,"href":"https:\/\/www.solaal.org\/hauts-de-france\/wp-json\/wp\/v2\/pages\/1765\/revisions"}],"predecessor-version":[{"id":3361,"href":"https:\/\/www.solaal.org\/hauts-de-france\/wp-json\/wp\/v2\/pages\/1765\/revisions\/3361"}],"up":[{"embeddable":true,"href":"https:\/\/www.solaal.org\/hauts-de-france\/wp-json\/wp\/v2\/pages\/541"}],"wp:attachment":[{"href":"https:\/\/www.solaal.org\/hauts-de-france\/wp-json\/wp\/v2\/media?parent=1765"}],"curies":[{"name":"wp","href":"https:\/\/api.w.org\/{rel}","templated":true}]}}