{"id":1043,"date":"2022-08-08T11:27:08","date_gmt":"2022-08-08T09:27:08","guid":{"rendered":"https:\/\/www.solaal.org\/hauts-de-france\/?page_id=1043"},"modified":"2026-04-28T08:25:25","modified_gmt":"2026-04-28T06:25:25","slug":"notre-gouvernance","status":"publish","type":"page","link":"https:\/\/www.solaal.org\/hauts-de-france\/decouvrez-lassociation\/notre-gouvernance\/","title":{"rendered":"Notre gouvernance"},"content":{"rendered":"\n<section class=\"wp-block-title-c\">\n\t<h2>Le Bureau<\/h2>\n<\/section>\n\n\n<div class=\"wp-block-columns are-vertically-aligned-center is-layout-flex wp-container-core-columns-is-layout-9d6595d7 wp-block-columns-is-layout-flex\">\n<div class=\"wp-block-column is-vertically-aligned-center is-layout-flow wp-block-column-is-layout-flow\">\n\t<section class=\"contacto-one-block\">\n\t\t<div class=\"contacto-one-block-box wowo fadeInUp\">\n\t\t\t<div class=\"block\">\n\t\t\t\t<div class=\"box\">\n\t\t\t\t\t<div class=\"img bg-img\" style=\"background-image: url(https:\/\/www.solaal.org\/hauts-de-france\/wp-content\/uploads\/sites\/18\/2022\/02\/Jean-Christophe-RUFIN.jpg);\">\n\t\t\t\t\t<\/div>\n\t\t\t\t\t<div class=\"text\">\n\t\t\t\t\t\t<h3>Jean-Christophe RUFIN<\/h3>\n\t\t\t\t\t\t<h4><span>Pr\u00e9sident<\/span><\/h4>\n\t\t\t\t\t\t\t\t\t\t\t\t\t\t\t\t\t<\/div>\n\t\t\t\t<\/div>\n\t\t\t<\/div>\n\t\t<\/div>\n\t<\/section><\/div>\n\n\n\n<div class=\"wp-block-column is-vertically-aligned-center is-layout-flow wp-block-column-is-layout-flow\">\n\t<section class=\"contacto-one-block\">\n\t\t<div class=\"contacto-one-block-box wowo fadeInUp\">\n\t\t\t<div class=\"block\">\n\t\t\t\t<div class=\"box\">\n\t\t\t\t\t<div class=\"img bg-img\" style=\"background-image: url(https:\/\/www.solaal.org\/hauts-de-france\/wp-content\/uploads\/sites\/18\/2026\/04\/Logo-Chbr-Agri-HdF.jpg);\">\n\t\t\t\t\t<\/div>\n\t\t\t\t\t<div class=\"text\">\n\t\t\t\t\t\t<h3>Mathilde DEGRENDEL<\/h3>\n\t\t\t\t\t\t<h4><span>Vice-Pr\u00e9sidente<\/span><\/h4>\n\t\t\t\t\t\t\t\t\t\t\t\t\t\t\t\t\t<\/div>\n\t\t\t\t<\/div>\n\t\t\t<\/div>\n\t\t<\/div>\n\t<\/section><\/div>\n\n\n\n<div class=\"wp-block-column is-vertically-aligned-center is-layout-flow wp-block-column-is-layout-flow\">\n\t<section class=\"contacto-one-block\">\n\t\t<div class=\"contacto-one-block-box wowo fadeInUp\">\n\t\t\t<div class=\"block\">\n\t\t\t\t<div class=\"box\">\n\t\t\t\t\t<div class=\"img bg-img\" style=\"background-image: url(https:\/\/www.solaal.org\/hauts-de-france\/wp-content\/uploads\/sites\/18\/2026\/04\/Photo-Damien-Van-Isacker-e1777105943287.jpeg);\">\n\t\t\t\t\t<\/div>\n\t\t\t\t\t<div class=\"text\">\n\t\t\t\t\t\t<h3>Damien VAN ISACKER<\/h3>\n\t\t\t\t\t\t<h4><span>Vice-Pr\u00e9sident<\/span><\/h4>\n\t\t\t\t\t\t\t\t\t\t\t\t\t\t\t\t\t<\/div>\n\t\t\t\t<\/div>\n\t\t\t<\/div>\n\t\t<\/div>\n\t<\/section><\/div>\n<\/div>\n\n\n\n<div class=\"wp-block-columns are-vertically-aligned-center is-layout-flex wp-container-core-columns-is-layout-9d6595d7 wp-block-columns-is-layout-flex\">\n<div class=\"wp-block-column is-vertically-aligned-center is-layout-flow wp-block-column-is-layout-flow\">\n\t<section class=\"contacto-one-block\">\n\t\t<div class=\"contacto-one-block-box wowo fadeInUp\">\n\t\t\t<div class=\"block\">\n\t\t\t\t<div class=\"box\">\n\t\t\t\t\t<div class=\"img bg-img\" style=\"background-image: url(https:\/\/www.solaal.org\/hauts-de-france\/wp-content\/uploads\/sites\/18\/2026\/04\/26_04_22-Photo-de-Christophe-Saudmont-2-e1776959315207.jpg);\">\n\t\t\t\t\t<\/div>\n\t\t\t\t\t<div class=\"text\">\n\t\t\t\t\t\t<h3>Christophe SAUDMONT<\/h3>\n\t\t\t\t\t\t<h4><span>Tr\u00e9sorier<\/span><\/h4>\n\t\t\t\t\t\t\t\t\t\t\t\t\t\t\t\t\t<\/div>\n\t\t\t\t<\/div>\n\t\t\t<\/div>\n\t\t<\/div>\n\t<\/section><\/div>\n\n\n\n<div class=\"wp-block-column is-vertically-aligned-center is-layout-flow wp-block-column-is-layout-flow\">\n\t<section class=\"contacto-one-block\">\n\t\t<div class=\"contacto-one-block-box wowo fadeInUp\">\n\t\t\t<div class=\"block\">\n\t\t\t\t<div class=\"box\">\n\t\t\t\t\t<div class=\"img bg-img\" style=\"background-image: url(https:\/\/www.solaal.org\/hauts-de-france\/wp-content\/uploads\/sites\/18\/2022\/08\/logo-JA-HDF.png);\">\n\t\t\t\t\t<\/div>\n\t\t\t\t\t<div class=\"text\">\n\t\t\t\t\t\t<h3>Un repr\u00e9sentant des JA Hauts-de-France<\/h3>\n\t\t\t\t\t\t<h4><span>Secr\u00e9taire G\u00e9n\u00e9ral<\/span><\/h4>\n\t\t\t\t\t\t\t\t\t\t\t\t\t\t\t\t\t<\/div>\n\t\t\t\t<\/div>\n\t\t\t<\/div>\n\t\t<\/div>\n\t<\/section><\/div>\n\n\n\n<div class=\"wp-block-column is-vertically-aligned-center is-layout-flow wp-block-column-is-layout-flow\"><\/div>\n<\/div>\n\n\n\n<section class=\"wp-block-title-c\">\n\t<h2>Le Conseil d&rsquo;Administration<\/h2>\n<\/section>\n\n\n<div class=\"wp-block-columns are-vertically-aligned-center is-layout-flex wp-container-core-columns-is-layout-9d6595d7 wp-block-columns-is-layout-flex\">\n<div class=\"wp-block-column is-vertically-aligned-center is-layout-flow wp-block-column-is-layout-flow\"><div class=\"wp-block-image\">\n<figure class=\"aligncenter size-full\"><img decoding=\"async\" width=\"417\" height=\"318\" src=\"https:\/\/www.solaal.org\/hauts-de-france\/wp-content\/uploads\/sites\/18\/2022\/08\/Logo-FRSEA.png\" alt=\"\" class=\"wp-image-1209\" srcset=\"https:\/\/www.solaal.org\/hauts-de-france\/wp-content\/uploads\/sites\/18\/2022\/08\/Logo-FRSEA.png 417w, https:\/\/www.solaal.org\/hauts-de-france\/wp-content\/uploads\/sites\/18\/2022\/08\/Logo-FRSEA-300x229.png 300w\" sizes=\"(max-width: 417px) 100vw, 417px\" \/><\/figure>\n<\/div><\/div>\n\n\n\n<div class=\"wp-block-column is-vertically-aligned-center is-layout-flow wp-block-column-is-layout-flow\"><div class=\"wp-block-image\">\n<figure class=\"aligncenter size-full is-resized\"><img decoding=\"async\" width=\"639\" height=\"550\" src=\"https:\/\/www.solaal.org\/hauts-de-france\/wp-content\/uploads\/sites\/18\/2022\/08\/logo-JA-HDF.png\" alt=\"\" class=\"wp-image-1210\" style=\"width:183px;height:157px\" srcset=\"https:\/\/www.solaal.org\/hauts-de-france\/wp-content\/uploads\/sites\/18\/2022\/08\/logo-JA-HDF.png 639w, https:\/\/www.solaal.org\/hauts-de-france\/wp-content\/uploads\/sites\/18\/2022\/08\/logo-JA-HDF-300x258.png 300w\" sizes=\"(max-width: 639px) 100vw, 639px\" \/><\/figure>\n<\/div><\/div>\n\n\n\n<div class=\"wp-block-column is-vertically-aligned-center is-layout-flow wp-block-column-is-layout-flow\"><div class=\"wp-block-image\">\n<figure class=\"aligncenter size-full is-resized\"><img decoding=\"async\" src=\"https:\/\/www.solaal.org\/hauts-de-france\/wp-content\/uploads\/sites\/18\/2022\/08\/Logo-Chbr-Agri-HdF.jpg\" alt=\"\" class=\"wp-image-1202\" style=\"width:154px;height:183px\" \/><\/figure>\n<\/div><\/div>\n<\/div>\n\n\n\n<div class=\"wp-block-columns are-vertically-aligned-center is-layout-flex wp-container-core-columns-is-layout-9d6595d7 wp-block-columns-is-layout-flex\">\n<div class=\"wp-block-column is-vertically-aligned-center is-layout-flow wp-block-column-is-layout-flow\"><div class=\"wp-block-image\">\n<figure class=\"aligncenter size-full is-resized\"><img decoding=\"async\" width=\"200\" height=\"200\" src=\"https:\/\/www.solaal.org\/hauts-de-france\/wp-content\/uploads\/sites\/18\/2026\/04\/credit-agricole-NDF-logo.png\" alt=\"\" class=\"wp-image-4776\" style=\"width:157px;height:auto\" srcset=\"https:\/\/www.solaal.org\/hauts-de-france\/wp-content\/uploads\/sites\/18\/2026\/04\/credit-agricole-NDF-logo.png 200w, https:\/\/www.solaal.org\/hauts-de-france\/wp-content\/uploads\/sites\/18\/2026\/04\/credit-agricole-NDF-logo-150x150.png 150w, https:\/\/www.solaal.org\/hauts-de-france\/wp-content\/uploads\/sites\/18\/2026\/04\/credit-agricole-NDF-logo-16x16.png 16w\" sizes=\"(max-width: 200px) 100vw, 200px\" \/><\/figure>\n<\/div><\/div>\n\n\n\n<div class=\"wp-block-column is-vertically-aligned-center is-layout-flow wp-block-column-is-layout-flow\"><div class=\"wp-block-image\">\n<figure class=\"aligncenter size-full is-resized\"><img decoding=\"async\" width=\"300\" height=\"267\" src=\"https:\/\/www.solaal.org\/hauts-de-france\/wp-content\/uploads\/sites\/18\/2026\/04\/Logo-groupama-Paris-Val-de-Loite.png\" alt=\"\" class=\"wp-image-4781\" style=\"aspect-ratio:1.123670383185954;width:148px;height:auto\" \/><\/figure>\n<\/div><\/div>\n\n\n\n<div class=\"wp-block-column is-vertically-aligned-center is-layout-flow wp-block-column-is-layout-flow\"><div class=\"wp-block-image\">\n<figure class=\"aligncenter size-full is-resized\"><img decoding=\"async\" width=\"827\" height=\"447\" src=\"https:\/\/www.solaal.org\/hauts-de-france\/wp-content\/uploads\/sites\/18\/2022\/08\/Logo-Interfel-HdF.jpg\" alt=\"\" class=\"wp-image-1221\" style=\"aspect-ratio:1.8503745911153318;width:233px;height:auto\" srcset=\"https:\/\/www.solaal.org\/hauts-de-france\/wp-content\/uploads\/sites\/18\/2022\/08\/Logo-Interfel-HdF.jpg 827w, https:\/\/www.solaal.org\/hauts-de-france\/wp-content\/uploads\/sites\/18\/2022\/08\/Logo-Interfel-HdF-300x162.jpg 300w, https:\/\/www.solaal.org\/hauts-de-france\/wp-content\/uploads\/sites\/18\/2022\/08\/Logo-Interfel-HdF-768x415.jpg 768w\" sizes=\"(max-width: 827px) 100vw, 827px\" \/><\/figure>\n<\/div><\/div>\n<\/div>\n\n\n\n<div class=\"wp-block-columns are-vertically-aligned-center is-layout-flex wp-container-core-columns-is-layout-9d6595d7 wp-block-columns-is-layout-flex\">\n<div class=\"wp-block-column is-vertically-aligned-center is-layout-flow wp-block-column-is-layout-flow\"><div class=\"wp-block-image\">\n<figure class=\"aligncenter size-large is-resized\"><img decoding=\"async\" width=\"1024\" height=\"918\" src=\"https:\/\/www.solaal.org\/hauts-de-france\/wp-content\/uploads\/sites\/18\/2022\/08\/logo-usaa-400-x-400-1024x918.jpg\" alt=\"\" class=\"wp-image-1215\" style=\"width:176px;height:157px\" srcset=\"https:\/\/www.solaal.org\/hauts-de-france\/wp-content\/uploads\/sites\/18\/2022\/08\/logo-usaa-400-x-400-1024x918.jpg 1024w, https:\/\/www.solaal.org\/hauts-de-france\/wp-content\/uploads\/sites\/18\/2022\/08\/logo-usaa-400-x-400-300x269.jpg 300w, https:\/\/www.solaal.org\/hauts-de-france\/wp-content\/uploads\/sites\/18\/2022\/08\/logo-usaa-400-x-400-768x688.jpg 768w, https:\/\/www.solaal.org\/hauts-de-france\/wp-content\/uploads\/sites\/18\/2022\/08\/logo-usaa-400-x-400.jpg 1339w\" sizes=\"(max-width: 1024px) 100vw, 1024px\" \/><\/figure>\n<\/div><\/div>\n\n\n\n<div class=\"wp-block-column is-vertically-aligned-center is-layout-flow wp-block-column-is-layout-flow\"><div class=\"wp-block-image\">\n<figure class=\"aligncenter size-large is-resized\"><img decoding=\"async\" width=\"857\" height=\"1024\" src=\"https:\/\/www.solaal.org\/hauts-de-france\/wp-content\/uploads\/sites\/18\/2024\/04\/APEF-Logo-Quadri-857x1024.jpg\" alt=\"\" class=\"wp-image-3502\" style=\"aspect-ratio:0.8369606720122184;width:167px;height:auto\" srcset=\"https:\/\/www.solaal.org\/hauts-de-france\/wp-content\/uploads\/sites\/18\/2024\/04\/APEF-Logo-Quadri-857x1024.jpg 857w, https:\/\/www.solaal.org\/hauts-de-france\/wp-content\/uploads\/sites\/18\/2024\/04\/APEF-Logo-Quadri-251x300.jpg 251w, https:\/\/www.solaal.org\/hauts-de-france\/wp-content\/uploads\/sites\/18\/2024\/04\/APEF-Logo-Quadri-768x918.jpg 768w, https:\/\/www.solaal.org\/hauts-de-france\/wp-content\/uploads\/sites\/18\/2024\/04\/APEF-Logo-Quadri.jpg 1004w\" sizes=\"(max-width: 857px) 100vw, 857px\" \/><\/figure>\n<\/div><\/div>\n\n\n\n<div class=\"wp-block-column is-vertically-aligned-center is-layout-flow wp-block-column-is-layout-flow\"><div class=\"wp-block-image\">\n<figure class=\"aligncenter size-large is-resized\"><img decoding=\"async\" width=\"1024\" height=\"639\" src=\"https:\/\/www.solaal.org\/hauts-de-france\/wp-content\/uploads\/sites\/18\/2026\/04\/Logo-BM_MSA_SignatureQ-1024x639.png\" alt=\"\" class=\"wp-image-4784\" style=\"aspect-ratio:1.6026320599524766;width:250px;height:auto\" srcset=\"https:\/\/www.solaal.org\/hauts-de-france\/wp-content\/uploads\/sites\/18\/2026\/04\/Logo-BM_MSA_SignatureQ-1024x639.png 1024w, https:\/\/www.solaal.org\/hauts-de-france\/wp-content\/uploads\/sites\/18\/2026\/04\/Logo-BM_MSA_SignatureQ-300x187.png 300w, https:\/\/www.solaal.org\/hauts-de-france\/wp-content\/uploads\/sites\/18\/2026\/04\/Logo-BM_MSA_SignatureQ-768x480.png 768w, https:\/\/www.solaal.org\/hauts-de-france\/wp-content\/uploads\/sites\/18\/2026\/04\/Logo-BM_MSA_SignatureQ-1536x959.png 1536w, https:\/\/www.solaal.org\/hauts-de-france\/wp-content\/uploads\/sites\/18\/2026\/04\/Logo-BM_MSA_SignatureQ.png 1600w\" sizes=\"(max-width: 1024px) 100vw, 1024px\" \/><\/figure>\n<\/div><\/div>\n<\/div>\n\n\n\n<div class=\"wp-block-columns are-vertically-aligned-center is-layout-flex wp-container-core-columns-is-layout-9d6595d7 wp-block-columns-is-layout-flex\">\n<div class=\"wp-block-column is-vertically-aligned-center is-layout-flow wp-block-column-is-layout-flow\"><div class=\"wp-block-image\">\n<figure class=\"aligncenter size-large is-resized\"><img decoding=\"async\" width=\"1024\" height=\"805\" src=\"https:\/\/www.solaal.org\/hauts-de-france\/wp-content\/uploads\/sites\/18\/2022\/08\/Logo-Coop-Agri-HdF-1024x805.png\" alt=\"\" class=\"wp-image-1219\" style=\"aspect-ratio:1.272107363075807;width:258px;height:auto\" srcset=\"https:\/\/www.solaal.org\/hauts-de-france\/wp-content\/uploads\/sites\/18\/2022\/08\/Logo-Coop-Agri-HdF-1024x805.png 1024w, https:\/\/www.solaal.org\/hauts-de-france\/wp-content\/uploads\/sites\/18\/2022\/08\/Logo-Coop-Agri-HdF-300x236.png 300w, https:\/\/www.solaal.org\/hauts-de-france\/wp-content\/uploads\/sites\/18\/2022\/08\/Logo-Coop-Agri-HdF-768x604.png 768w, https:\/\/www.solaal.org\/hauts-de-france\/wp-content\/uploads\/sites\/18\/2022\/08\/Logo-Coop-Agri-HdF.png 1526w\" sizes=\"(max-width: 1024px) 100vw, 1024px\" \/><\/figure>\n<\/div><\/div>\n\n\n\n<div class=\"wp-block-column is-vertically-aligned-center is-layout-flow wp-block-column-is-layout-flow\"><div class=\"wp-block-image\">\n<figure class=\"aligncenter size-full is-resized\"><img decoding=\"async\" width=\"150\" height=\"145\" src=\"https:\/\/www.solaal.org\/hauts-de-france\/wp-content\/uploads\/sites\/18\/2022\/08\/logofdsea80.webp\" alt=\"\" class=\"wp-image-1292\" style=\"aspect-ratio:1.034603285564488;width:165px;height:auto\" srcset=\"https:\/\/www.solaal.org\/hauts-de-france\/wp-content\/uploads\/sites\/18\/2022\/08\/logofdsea80.webp 150w, https:\/\/www.solaal.org\/hauts-de-france\/wp-content\/uploads\/sites\/18\/2022\/08\/logofdsea80-16x16.webp 16w\" sizes=\"(max-width: 150px) 100vw, 150px\" \/><\/figure>\n<\/div><\/div>\n\n\n\n<div class=\"wp-block-column is-vertically-aligned-center is-layout-flow wp-block-column-is-layout-flow\"><div class=\"wp-block-image\">\n<figure class=\"aligncenter size-full is-resized\"><img decoding=\"async\" width=\"470\" height=\"470\" src=\"https:\/\/www.solaal.org\/hauts-de-france\/wp-content\/uploads\/sites\/18\/2022\/08\/logofdsea62.jpg\" alt=\"\" class=\"wp-image-1213\" style=\"width:149px;height:auto\" srcset=\"https:\/\/www.solaal.org\/hauts-de-france\/wp-content\/uploads\/sites\/18\/2022\/08\/logofdsea62.jpg 470w, https:\/\/www.solaal.org\/hauts-de-france\/wp-content\/uploads\/sites\/18\/2022\/08\/logofdsea62-300x300.jpg 300w, https:\/\/www.solaal.org\/hauts-de-france\/wp-content\/uploads\/sites\/18\/2022\/08\/logofdsea62-150x150.jpg 150w, https:\/\/www.solaal.org\/hauts-de-france\/wp-content\/uploads\/sites\/18\/2022\/08\/logofdsea62-16x16.jpg 16w\" sizes=\"(max-width: 470px) 100vw, 470px\" \/><\/figure>\n<\/div><\/div>\n<\/div>\n\n\n\n<div class=\"wp-block-columns are-vertically-aligned-center is-layout-flex wp-container-core-columns-is-layout-9d6595d7 wp-block-columns-is-layout-flex\">\n<div class=\"wp-block-column is-vertically-aligned-center is-layout-flow wp-block-column-is-layout-flow\"><div class=\"wp-block-image\">\n<figure class=\"aligncenter size-large is-resized\"><img decoding=\"async\" width=\"1024\" height=\"1014\" src=\"https:\/\/www.solaal.org\/hauts-de-france\/wp-content\/uploads\/sites\/18\/2022\/08\/Logo-FDSEA-59-Pins-GIF-HD-1024x1014.gif\" alt=\"\" class=\"wp-image-1212\" style=\"aspect-ratio:1.0099055517161943;width:181px;height:auto\" srcset=\"https:\/\/www.solaal.org\/hauts-de-france\/wp-content\/uploads\/sites\/18\/2022\/08\/Logo-FDSEA-59-Pins-GIF-HD-1024x1014.gif 1024w, https:\/\/www.solaal.org\/hauts-de-france\/wp-content\/uploads\/sites\/18\/2022\/08\/Logo-FDSEA-59-Pins-GIF-HD-300x297.gif 300w, https:\/\/www.solaal.org\/hauts-de-france\/wp-content\/uploads\/sites\/18\/2022\/08\/Logo-FDSEA-59-Pins-GIF-HD-150x150.gif 150w, https:\/\/www.solaal.org\/hauts-de-france\/wp-content\/uploads\/sites\/18\/2022\/08\/Logo-FDSEA-59-Pins-GIF-HD-768x760.gif 768w, https:\/\/www.solaal.org\/hauts-de-france\/wp-content\/uploads\/sites\/18\/2022\/08\/Logo-FDSEA-59-Pins-GIF-HD-16x16.gif 16w\" sizes=\"(max-width: 1024px) 100vw, 1024px\" \/><\/figure>\n<\/div><\/div>\n\n\n\n<div class=\"wp-block-column is-vertically-aligned-center is-layout-flow wp-block-column-is-layout-flow\"><\/div>\n\n\n\n<div class=\"wp-block-column is-vertically-aligned-center is-layout-flow wp-block-column-is-layout-flow\"><\/div>\n<\/div>\n\n\n\n<div class=\"wp-block-columns is-layout-flex wp-container-core-columns-is-layout-9d6595d7 wp-block-columns-is-layout-flex\">\n<div class=\"wp-block-column is-layout-flow wp-block-column-is-layout-flow\"><\/div>\n\n\n\n<div class=\"wp-block-column is-layout-flow wp-block-column-is-layout-flow\"><\/div>\n<\/div>\n\n\n\n<div class=\"wp-block-columns is-layout-flex wp-container-core-columns-is-layout-9d6595d7 wp-block-columns-is-layout-flex\">\n<div class=\"wp-block-column is-layout-flow wp-block-column-is-layout-flow\" style=\"flex-basis:100%\">\n\t<div class=\"wp-block-button-two\">\n\t\t<a href=\"https:\/\/www.solaal.org\/hauts-de-france\/contact\/\" target=\"_self\"><i><\/i>Contacter notre \u00e9quipe<\/a>\n\t<\/div><\/div>\n<\/div>\n","protected":false},"excerpt":{"rendered":"","protected":false},"author":11,"featured_media":0,"parent":541,"menu_order":0,"comment_status":"closed","ping_status":"closed","template":"","meta":{"_acf_changed":false,"inline_featured_image":false,"footnotes":""},"class_list":["post-1043","page","type-page","status-publish","hentry"],"acf":[],"_links":{"self":[{"href":"https:\/\/www.solaal.org\/hauts-de-france\/wp-json\/wp\/v2\/pages\/1043","targetHints":{"allow":["GET"]}}],"collection":[{"href":"https:\/\/www.solaal.org\/hauts-de-france\/wp-json\/wp\/v2\/pages"}],"about":[{"href":"https:\/\/www.solaal.org\/hauts-de-france\/wp-json\/wp\/v2\/types\/page"}],"author":[{"embeddable":true,"href":"https:\/\/www.solaal.org\/hauts-de-france\/wp-json\/wp\/v2\/users\/11"}],"replies":[{"embeddable":true,"href":"https:\/\/www.solaal.org\/hauts-de-france\/wp-json\/wp\/v2\/comments?post=1043"}],"version-history":[{"count":84,"href":"https:\/\/www.solaal.org\/hauts-de-france\/wp-json\/wp\/v2\/pages\/1043\/revisions"}],"predecessor-version":[{"id":4785,"href":"https:\/\/www.solaal.org\/hauts-de-france\/wp-json\/wp\/v2\/pages\/1043\/revisions\/4785"}],"up":[{"embeddable":true,"href":"https:\/\/www.solaal.org\/hauts-de-france\/wp-json\/wp\/v2\/pages\/541"}],"wp:attachment":[{"href":"https:\/\/www.solaal.org\/hauts-de-france\/wp-json\/wp\/v2\/media?parent=1043"}],"curies":[{"name":"wp","href":"https:\/\/api.w.org\/{rel}","templated":true}]}}