{"id":607,"date":"2022-08-19T13:23:33","date_gmt":"2022-08-19T11:23:33","guid":{"rendered":"https:\/\/www.solaal.org\/grand-est\/?page_id=607"},"modified":"2022-08-19T13:23:35","modified_gmt":"2022-08-19T11:23:35","slug":"le-don-de-a-a-z","status":"publish","type":"page","link":"https:\/\/www.solaal.org\/grand-est\/vous-souhaitez-faire-un-don\/le-don-de-a-a-z\/","title":{"rendered":"Le don de A \u00e0 Z"},"content":{"rendered":"\n<p style=\"font-size:18px\">SOLAAL Grand Est facilite et organise la logistique du don agricole : du lieu de retrait jusqu&rsquo;\u00e0 l\u2019association d&rsquo;aide alimentaire b\u00e9n\u00e9ficiaire.<br>SOLAAL Grand Est assure \u00e9galement un service apr\u00e8s-don : retour de conditionnement consign\u00e9 ou pr\u00eat\u00e9, et aide dans votre d\u00e9claration fiscale, pour b\u00e9n\u00e9ficier de la r\u00e9duction d\u2019imp\u00f4t<\/p>\n\n\n\n<section class=\"wp-block-title-c\">\n\t<h2>Les diff\u00e9rents types de dons<\/h2>\n<\/section>\n\n\n<figure class=\"wp-block-image size-large is-resized\"><img loading=\"lazy\" decoding=\"async\" src=\"https:\/\/www.solaal.org\/hauts-de-france\/wp-content\/uploads\/sites\/18\/2022\/08\/Differents-types-de-dons-3-1024x433.png\" alt=\"\" class=\"wp-image-2005\" width=\"724\" height=\"306\" \/><\/figure>\n\n\n\n<section class=\"wp-block-title-c\">\n\t<h2>Le don, comment \u00e7a marche ?<\/h2>\n<\/section>\n\n\n<figure class=\"wp-block-image size-full\"><img decoding=\"async\" src=\"https:\/\/www.solaal.org\/hauts-de-france\/wp-content\/uploads\/sites\/18\/2022\/08\/INFO_CommentcaMarche.png\" alt=\"\" class=\"wp-image-2010\" \/><\/figure>\n\n\n\n<div style=\"height:12px\" aria-hidden=\"true\" class=\"wp-block-spacer\"><\/div>\n\n\n\n<section class=\"wp-block-title-c\">\n\t<h2>L&rsquo;application web, qui facilite vos dons !<\/h2>\n<\/section>\n\n\n<p style=\"font-size:18px\">Lanc\u00e9e par SOLAAL en 2019, la webapplication&nbsp;<strong><a href=\"https:\/\/dons.solaal.org\" target=\"_blank\" rel=\"noreferrer noopener\">dons.solaal.org<\/a>&nbsp;<\/strong>permet aux donateurs des secteurs agricole et agroalimentaire de d\u00e9clarer directement leurs dons via leur smartphone ou ordinateur, quels que soient l\u2019heure ou le lieu.<br>Cette application permet de fluidifier la gestion des dons et de contribuer au recensement des dons&nbsp;agricoles&nbsp;en France. En cr\u00e9ant un compte, vous pouvez :<\/p>\n\n\n\n<div class=\"wp-block-columns is-layout-flex wp-container-core-columns-is-layout-9d6595d7 wp-block-columns-is-layout-flex\">\n<div class=\"wp-block-column is-layout-flow wp-block-column-is-layout-flow\">\n<ul class=\"wp-block-list\" style=\"font-size:18px\"><li>Proposer un don \u00e0 tout moment (il est possible de dupliquer vos anciens dons et de modifier si besoin les caract\u00e9ristiques des produits)<\/li><li>Conna\u00eetre l&rsquo;impact de votre g\u00e9n\u00e9rosit\u00e9, calcul\u00e9e en \u00e9quivalent repas<\/li><li>Retrouver un historique des dons pour calculer sa r\u00e9duction d\u2019imp\u00f4t<\/li><li>Avoir \u00e0 disposition un r\u00e9capitulatif de chaque don<\/li><\/ul>\n<\/div>\n\n\n\n<div class=\"wp-block-column is-layout-flow wp-block-column-is-layout-flow\">\n\n\n<div class=\"wp-block-one-img width-770\">\n\t<a >\n\t\t<img decoding=\"async\" src=\"https:\/\/www.solaal.org\/grand-est\/wp-content\/uploads\/sites\/27\/2022\/08\/image-appli.png\" alt=\"\" \/>\n\t<\/a>\n\t<\/div>\r\n<\/div>\n<\/div>\n\n\n\n<p style=\"font-size:18px\">En 2022, l\u2019application a \u00e9volu\u00e9 et s\u2019ouvre ainsi aux donateurs qui r\u00e9alisent des dons hors du r\u00e9seau SOLAAL. En effet, cette nouvelle fonctionnalit\u00e9 permet de d\u00e9clarer ses dons et les enregistrer, annuellement par exemple. L\u2019objectif est de recenser toute la g\u00e9n\u00e9rosit\u00e9 du monde agricole, y compris les dons hors SOLAAL, pour avoir une vision globale de la g\u00e9n\u00e9rosit\u00e9 des acteurs des milieux agricole et agroalimentaire en France.<br>Pour en savoir plus, lire l&rsquo;article : \u00ab\u00a0Cr\u00e9ation de l\u2019observatoire national des dons agricoles\u00a0\u00bb<\/p>\n\n\n\n<p style=\"font-size:18px\"><strong>SOLAAL, c\u2019\u00e9tait&nbsp;<em>\u201csimple comme un coup de fil\u201d<\/em>, c\u2019est d\u00e9sormais simple comme un clic !<\/strong><\/p>\n\n\n\n<div style=\"height:4px\" aria-hidden=\"true\" class=\"wp-block-spacer\"><\/div>\n\n\n\n<section class=\"wp-block-title-c\">\n\t<h2>La r\u00e9duction d&rsquo;imp\u00f4t<\/h2>\n<\/section>\n\n\n<p style=\"font-size:18px\">Suite \u00e0 votre don, l\u2019association d&rsquo;aide alimentaire vous d\u00e9livre une attestation de don qui vous fait b\u00e9n\u00e9ficier d&rsquo;une r\u00e9duction d&rsquo;imp\u00f4t. Elle concerne \u00e9galement le <strong>conditionnement et le transport <\/strong>des produits donn\u00e9s. <\/p>\n\n\n\n<ul class=\"wp-block-list\" style=\"font-size:18px\"><li><strong>60% du co\u00fbt de revient dans la limite <strong>de 20 000 \u20ac<\/strong><\/strong> <strong>ou de 0,5 % du chiffre d&rsquo;affaires <\/strong><\/li><li>Si le plafond est d\u00e9pass\u00e9 : diff\u00e9rentiel valable sur les 5 exercices suivants<\/li><li>Si vous \u00eates non-imposable : valable les 5 exercices suivants<\/li><\/ul>\n\n\n\n<p style=\"font-size:18px\"><strong>Nous pouvons vous fournir un mod\u00e8le d&rsquo;attestation de don. <\/strong><br>Attention depuis le 1er janvier 2022, la mention de la\u00a0<strong>valorisation des dons sur les attestations de don devient obligatoire afin de pouvoir en b\u00e9n\u00e9ficier<\/strong>. <br>Pour en savoir plus, lire l&rsquo;article : \u00ab\u00a0Du nouveau sur la r\u00e9duction d\u2019imp\u00f4ts des dons !\u00a0\u00bb<\/p>\n\n\n\n<div style=\"height:5px\" aria-hidden=\"true\" class=\"wp-block-spacer\"><\/div>\n\n\n\n<p class=\"has-black-color has-text-color has-medium-font-size\"><strong>Des interrogations ? Jetez un \u0153il \u00e0 la <a href=\"https:\/\/www.solaal.org\/grand-est\/f-a-q-du-don-agricole\/\">FAQ<\/a><\/strong><\/p>\n\n\n\n\t<section class=\"home-alimentaire not-h2\">\n\t\t<div class=\"home-alimentaire-box inner fadeInUp\">\n\t\t\t<a class=\"content\" href=\"https:\/\/dons.solaal.org\/\" target=\"_blank\">\n\t\t\t\t<div class=\"img-p\">\n\t\t\t\t\t<img decoding=\"async\" src=\"https:\/\/www.solaal.org\/grand-est\/wp-content\/uploads\/sites\/27\/2022\/05\/16.png\" alt=\"\" class=\"desktop\">\n\t\t\t\t\t<img decoding=\"async\" src=\"https:\/\/www.solaal.org\/grand-est\/wp-content\/uploads\/sites\/27\/2022\/05\/17.png\" alt=\"\" class=\"mobile\">\n\t\t\t\t<\/div>\n\t\t\t\t<div class=\"text\">\n\t\t\t\t\t<h2>Anti-gaspillage alimentaire<\/h2>\n\t\t\t\t\t<h3>Vous avez des produits \u00e0 donner ?<\/h3>\n\t\t\t\t<\/div>\n\t\t\t\t<div class=\"img\">\n\t\t\t\t\t<div class=\"badge-svg\">\n\t\t\t\t\t\t<img decoding=\"async\" src=\"https:\/\/www.solaal.org\/grand-est\/wp-content\/uploads\/sites\/27\/2022\/05\/15-1.svg\" alt=\"\" \/>\n\t\t\t\t\t<\/div>\n\t\t\t\t<\/div>\n\t\t\t<\/a>\n\t\t\t<div class=\"links\">\n\t\t\t\t\t\t\t\t<a  class=\"btn btn-b btn-button\" href=\"https:\/\/dons.solaal.org\/\" target=\"_blank\"><i><\/i>Faire un don en ligne<\/a>\n\t\t\t\t\t\t\t\t<a  class=\"btn btn-b \" href=\"https:\/\/www.solaal.org\/grand-est\/contact\/\" target=\"_self\"><i><\/i>Contactez-nous<\/a>\n\t\t\t\t\t\t\t<\/div>\n\t\t<\/div>\n\t<\/section>","protected":false},"excerpt":{"rendered":"<p>SOLAAL Grand Est facilite et organise la logistique du don agricole : du lieu de retrait jusqu&rsquo;\u00e0 l\u2019association d&rsquo;aide alimentaire b\u00e9n\u00e9ficiaire.SOLAAL Grand Est assure \u00e9galement un service apr\u00e8s-don : retour de conditionnement consign\u00e9 ou pr\u00eat\u00e9, et aide dans votre d\u00e9claration fiscale, pour b\u00e9n\u00e9ficier de la r\u00e9duction d\u2019imp\u00f4t Lanc\u00e9e par SOLAAL en 2019, la webapplication&nbsp;dons.solaal.org&nbsp;permet aux [&hellip;]<\/p>\n","protected":false},"author":17,"featured_media":0,"parent":457,"menu_order":0,"comment_status":"closed","ping_status":"closed","template":"","meta":{"_acf_changed":false,"inline_featured_image":false,"footnotes":""},"class_list":["post-607","page","type-page","status-publish","hentry"],"acf":[],"_links":{"self":[{"href":"https:\/\/www.solaal.org\/grand-est\/wp-json\/wp\/v2\/pages\/607","targetHints":{"allow":["GET"]}}],"collection":[{"href":"https:\/\/www.solaal.org\/grand-est\/wp-json\/wp\/v2\/pages"}],"about":[{"href":"https:\/\/www.solaal.org\/grand-est\/wp-json\/wp\/v2\/types\/page"}],"author":[{"embeddable":true,"href":"https:\/\/www.solaal.org\/grand-est\/wp-json\/wp\/v2\/users\/17"}],"replies":[{"embeddable":true,"href":"https:\/\/www.solaal.org\/grand-est\/wp-json\/wp\/v2\/comments?post=607"}],"version-history":[{"count":2,"href":"https:\/\/www.solaal.org\/grand-est\/wp-json\/wp\/v2\/pages\/607\/revisions"}],"predecessor-version":[{"id":612,"href":"https:\/\/www.solaal.org\/grand-est\/wp-json\/wp\/v2\/pages\/607\/revisions\/612"}],"up":[{"embeddable":true,"href":"https:\/\/www.solaal.org\/grand-est\/wp-json\/wp\/v2\/pages\/457"}],"wp:attachment":[{"href":"https:\/\/www.solaal.org\/grand-est\/wp-json\/wp\/v2\/media?parent=607"}],"curies":[{"name":"wp","href":"https:\/\/api.w.org\/{rel}","templated":true}]}}