{"id":573,"date":"2022-08-19T12:11:31","date_gmt":"2022-08-19T10:11:31","guid":{"rendered":"https:\/\/www.solaal.org\/grand-est\/?page_id=573"},"modified":"2022-08-19T12:11:33","modified_gmt":"2022-08-19T10:11:33","slug":"projets-alimentaires-territoriaux","status":"publish","type":"page","link":"https:\/\/www.solaal.org\/grand-est\/nos-missions-nos-actions\/projets-alimentaires-territoriaux\/","title":{"rendered":"Projets Alimentaires Territoriaux"},"content":{"rendered":"\n<p style=\"font-size:18px\"><strong>SOLAAL Grand Est participe \u00e0 Projets Alimentaires Territoriaux (PAT) sur toute la r\u00e9gion. L&rsquo;objectif est de conna\u00eetre les territoires et les acteurs locaux afin que l&rsquo;association adapte ses actions en fonction des besoins des producteurs et des associations d\u2019aide alimentaire \u00e0 l\u2019\u00e9chelle locale.  <\/strong><\/p>\n\n\n\n<section class=\"wp-block-title-c\">\n\t<h2>QU\u2019EST CE QU\u2019UN PROJET ALIMENTAIRE DE TERRITOIRE ?<\/h2>\n<\/section>\n\n\n<p style=\"font-size:18px\">Selon le Minist\u00e8re de l\u2019Agriculture et de la Souverainet\u00e9 Alimentaire, les&nbsp;<a href=\"http:\/\/agriculture.gouv.fr\/comment-construire-son-projet-alimentaire-territorial\" target=\"_blank\" rel=\"noreferrer noopener\">projets alimentaires territoriaux<\/a>&nbsp;(PAT) ont pour objectif de relocaliser l\u2019agriculture et l\u2019alimentation dans les territoires en soutenant l\u2019installation d\u2019agriculteurs, les circuits courts ou les produits locaux dans les cantines. Issus de la Loi d\u2019avenir pour l\u2019agriculture qui encourage leur d\u00e9veloppement depuis 2014, ils sont \u00e9labor\u00e9s de mani\u00e8re collective \u00e0 l\u2019initiative des acteurs d\u2019un territoire (collectivit\u00e9s, entreprises agricoles et agroalimentaires, artisans, citoyens etc.).<br>Ce sont des d\u00e9marches de terrain, volontaires, collectives. C\u2019est un rassemblement des acteurs int\u00e9ress\u00e9s par la question de l\u2019alimentation, qui se regroupent, qui \u00e9tablissent un diagnostique du territoire et qui cherchent et mettent en \u0153uvre des solutions concr\u00e8tes pour r\u00e9pondre \u00e0 des probl\u00e9matiques locales.<\/p>\n\n\n\n<section class=\"wp-block-title-c\">\n\t<h2>Qu&rsquo;est ce que vous propose SOLAAL Grand Est ?<\/h2>\n<\/section>\n\n\n<p style=\"font-size:18px\">SOLAAL Grand Est vous apporte son expertise sur l&rsquo;approvisionnement en produits frais des associations d&rsquo;aide alimentaire par le don des invendus sains, loyaux et consommables des producteurs locaux. L&rsquo;association peut donc participer \u00e0 deux ateliers en particulier : <strong>lutte contre le gaspillage alimentaire et accessibilit\u00e9 aux produits locaux aupr\u00e8s des publics en pr\u00e9carit\u00e9 alimentaire<\/strong>.<\/p>\n\n\n\n<p style=\"font-size:18px\">SOLAAL Grand Est vous aide \u00e9galement dans l\u2019organisation d\u2019actions autour de la solidarit\u00e9 (liste non exhaustive) :<\/p>\n\n\n\n<ul class=\"wp-block-list\" style=\"font-size:18px\"><li>Glanage solidaire<\/li><li>Promotion du don agricole aupr\u00e8s des parties prenantes*<\/li><li>Interventions de sensibilisation dans les \u00e9tablissements scolaires<\/li><li>Visite d\u2019associations d\u2019aide alimentaire<\/li><li>Visite d\u2019entreprises agricole et\/ou agroalimentaire \u00ab\u00a0donatrice\u00a0\u00bb<\/li><li>Bilan des dons sur votre territoire<\/li><\/ul>\n\n\n\n<p style=\"font-size:16px\">*\u00e9lus, donateurs, associations <\/p>\n\n\n\n<p style=\"font-size:18px\">Contactez-nous pour nous convier aux ateliers de travail et\/ou mettre en place ce type d&rsquo;actions sur votre territoire.<\/p>\n\n\n\n\t<div class=\"wp-block-button-two\">\n\t\t<a href=\"https:\/\/www.solaal.org\/grand-est\/contact\/\" target=\"_self\"><i><\/i>Contactez notre \u00e9quipe<\/a>\n\t<\/div>\n\n\n<section class=\"four-img width-770\">\n\t\t<div class=\"four-img-box inner wowo fadeInUp\">\n\t\t\t<div class=\"content gallery-wrap\">\n\t\t\t\t\t\t\t\t<div class=\"block\">\n\t\t\t\t\t<a href=\"\" data-rel=\"lightcase:myCollection\">\n\t\t\t\t\t\t<div class=\"bg-img\" style=\"background-image: url();\"><\/div>\n\t\t\t\t\t<\/a>\n\t\t\t\t\t\t\t\t\t\t<span>Visite d&rsquo;une \u00e9picerie solidaire avec des agricultrices et \u00e9lus de la CABBALR (62)<\/span>\n\t\t\t\t\t\t\t\t\t<\/div>\n\t\t\t\t\t\t\t\t<div class=\"block\">\n\t\t\t\t\t<div class=\"box-box\">\n\t\t\t\t\t\t\t\t\t\t\t\t<div class=\"box\">\n\t\t\t\t\t\t\t<a href=\"\" data-rel=\"lightcase:myCollection\">\n\t\t\t\t\t\t\t<div class=\"bg-img\" style=\"background-image: url();\"><\/div>\n\t\t\t\t\t\t\t<\/a>\n\t\t\t\t\t\t\t\t\t\t\t\t\t\t<span>Participation \u00e0 la F\u00eate des producteurs organis\u00e9es par le Pays Sources et Vall\u00e9es et le Pays Compi\u00e9gnois (60)<\/span>\n\t\t\t\t\t\t\t\t\t\t\t\t\t<\/div>\n\t\t\t\t\t\t\t\t\t\t\t\t<div class=\"box\">\n\t\t\t\t\t\t\t<a href=\"\" data-rel=\"lightcase:myCollection\">\n\t\t\t\t\t\t\t<div class=\"bg-img\" style=\"background-image: url();\"><\/div>\n\t\t\t\t\t\t\t<\/a>\n\t\t\t\t\t\t\t\t\t\t\t\t\t\t<span>Glanage de pommes de terre par une \u00e9picerie solidaire sur la parcelle d&rsquo;un \u00e9lu de l&rsquo;Agglo du St Quentinois (02)<\/span>\n\t\t\t\t\t\t\t\t\t\t\t\t\t<\/div>\n\t\t\t\t\t\t\t\t\t\t\t\t<div class=\"box\">\n\t\t\t\t\t\t\t<a href=\"\" data-rel=\"lightcase:myCollection\">\n\t\t\t\t\t\t\t<div class=\"bg-img\" style=\"background-image: url();\"><\/div>\n\t\t\t\t\t\t\t<\/a>\n\t\t\t\t\t\t\t\t\t\t\t\t\t\t<span>Intervention lors de l&rsquo;inauguration du PAT d&rsquo;Amiens M\u00e9tropole<\/span>\n\t\t\t\t\t\t\t\t\t\t\t\t\t<\/div>\n\t\t\t\t\t\t\t\t\t\t\t<\/div>\n\t\t\t\t\t\n\t\t\t\t<\/div>\n\t\t\t<\/div>\n\t\t<\/div>\n\t<\/section>","protected":false},"excerpt":{"rendered":"<p>SOLAAL Grand Est participe \u00e0 Projets Alimentaires Territoriaux (PAT) sur toute la r\u00e9gion. L&rsquo;objectif est de conna\u00eetre les territoires et les acteurs locaux afin que l&rsquo;association adapte ses actions en fonction des besoins des producteurs et des associations d\u2019aide alimentaire \u00e0 l\u2019\u00e9chelle locale. Selon le Minist\u00e8re de l\u2019Agriculture et de la Souverainet\u00e9 Alimentaire, les&nbsp;projets alimentaires [&hellip;]<\/p>\n","protected":false},"author":17,"featured_media":0,"parent":455,"menu_order":0,"comment_status":"closed","ping_status":"closed","template":"","meta":{"_acf_changed":false,"inline_featured_image":false,"footnotes":""},"class_list":["post-573","page","type-page","status-publish","hentry"],"acf":[],"_links":{"self":[{"href":"https:\/\/www.solaal.org\/grand-est\/wp-json\/wp\/v2\/pages\/573","targetHints":{"allow":["GET"]}}],"collection":[{"href":"https:\/\/www.solaal.org\/grand-est\/wp-json\/wp\/v2\/pages"}],"about":[{"href":"https:\/\/www.solaal.org\/grand-est\/wp-json\/wp\/v2\/types\/page"}],"author":[{"embeddable":true,"href":"https:\/\/www.solaal.org\/grand-est\/wp-json\/wp\/v2\/users\/17"}],"replies":[{"embeddable":true,"href":"https:\/\/www.solaal.org\/grand-est\/wp-json\/wp\/v2\/comments?post=573"}],"version-history":[{"count":2,"href":"https:\/\/www.solaal.org\/grand-est\/wp-json\/wp\/v2\/pages\/573\/revisions"}],"predecessor-version":[{"id":575,"href":"https:\/\/www.solaal.org\/grand-est\/wp-json\/wp\/v2\/pages\/573\/revisions\/575"}],"up":[{"embeddable":true,"href":"https:\/\/www.solaal.org\/grand-est\/wp-json\/wp\/v2\/pages\/455"}],"wp:attachment":[{"href":"https:\/\/www.solaal.org\/grand-est\/wp-json\/wp\/v2\/media?parent=573"}],"curies":[{"name":"wp","href":"https:\/\/api.w.org\/{rel}","templated":true}]}}