{"id":545,"date":"2022-08-19T11:47:05","date_gmt":"2022-08-19T09:47:05","guid":{"rendered":"https:\/\/www.solaal.org\/grand-est\/?page_id=545"},"modified":"2022-08-19T11:59:41","modified_gmt":"2022-08-19T09:59:41","slug":"comment-nous-soutenir","status":"publish","type":"page","link":"https:\/\/www.solaal.org\/grand-est\/decouvrez-lassociation\/comment-nous-soutenir\/","title":{"rendered":"Comment nous soutenir ?"},"content":{"rendered":"<div class=\"wp-block-image\">\n<figure class=\"aligncenter size-full is-resized\"><img loading=\"lazy\" decoding=\"async\" src=\"https:\/\/www.solaal.org\/hauts-de-france\/wp-content\/uploads\/sites\/18\/2022\/08\/Pastille_fond_transparent.png\" alt=\"\" class=\"wp-image-1487\" width=\"199\" height=\"199\" \/><\/figure>\n<\/div>\n\n\n<p style=\"font-size:18px\"><strong>En soutenant <strong>SOLAAL Grand Est<\/strong> vous accompagner le d\u00e9veloppement du maillage territorial de l&rsquo;approvisionnement des associations d&rsquo;aide alimentaire :<\/strong><\/p>\n\n\n\n<ul class=\"wp-block-list\" style=\"font-size:18px\"><li><strong>Est la seule association qui facilite les dons des acteurs agricole et agro-alimentaire vers les associations d\u2019aide alimentaire<\/strong><\/li><li><strong>Accompagne les donateurs dans la gestion logistique et administrative de leurs dons <\/strong><\/li><li><strong>Vient en appui des associations d\u2019aide alimentaire en diversifiant leur approvisionnement en produits alimentaires<\/strong><\/li><li><strong>Fournit des produits frais \u00e0 des personnes en pr\u00e9carit\u00e9 alimentaire <\/strong><\/li><li><strong>Innove au service du don. C\u2019est le maillon indispensable dans la cha\u00eene du don<\/strong><\/li><\/ul>\n\n\n\n<h3 class=\"has-large-font-size wp-block-heading\">Boostez votre RSE<\/h3>\n\n\n\n<p style=\"font-size:18px\">La Responsabilit\u00e9 Soci\u00e9tale des Entreprises (RSE) est d\u00e9finie comme&nbsp;\u00ab&nbsp;l\u2019<strong>int\u00e9gration volontaire par les entreprises de pr\u00e9occupations sociales et environnementales \u00e0 leurs activit\u00e9s commerciales et leurs relations avec les parties prenantes<\/strong>.&nbsp;\u00bb<br>En d\u2019autres termes, la RSE est la recherche d\u2019une entreprise \u00e0 avoir un impact positif sur la soci\u00e9t\u00e9 tout en \u00e9tant \u00e9conomiquement viable.<br><br>Dans le cadre des activit\u00e9s de SOLAAL Grand Est,&nbsp;<strong>votre soutien contribue \u00e0 5 objectifs de d\u00e9veloppement durable<\/strong>&nbsp;(ODD).<\/p>\n\n\n\n<div class=\"wp-block-columns are-vertically-aligned-center is-layout-flex wp-container-core-columns-is-layout-9d6595d7 wp-block-columns-is-layout-flex\">\n<div class=\"wp-block-column is-vertically-aligned-center is-layout-flow wp-block-column-is-layout-flow\">\n<figure class=\"wp-block-image size-full\"><img decoding=\"async\" src=\"https:\/\/www.solaal.org\/hauts-de-france\/wp-content\/uploads\/sites\/18\/2022\/08\/ODD-1.png\" alt=\"\" class=\"wp-image-1374\" \/><\/figure>\n<\/div>\n\n\n\n<div class=\"wp-block-column is-vertically-aligned-center is-layout-flow wp-block-column-is-layout-flow\">\n<figure class=\"wp-block-image size-full\"><img decoding=\"async\" src=\"https:\/\/www.solaal.org\/hauts-de-france\/wp-content\/uploads\/sites\/18\/2022\/08\/ODD-2.png\" alt=\"\" class=\"wp-image-1376\" \/><\/figure>\n<\/div>\n\n\n\n<div class=\"wp-block-column is-vertically-aligned-center is-layout-flow wp-block-column-is-layout-flow\">\n<figure class=\"wp-block-image size-full\"><img decoding=\"async\" src=\"https:\/\/www.solaal.org\/hauts-de-france\/wp-content\/uploads\/sites\/18\/2022\/08\/ODD-3.png\" alt=\"\" class=\"wp-image-1377\" \/><\/figure>\n<\/div>\n\n\n\n<div class=\"wp-block-column is-vertically-aligned-center is-layout-flow wp-block-column-is-layout-flow\">\n<figure class=\"wp-block-image size-full\"><img decoding=\"async\" src=\"https:\/\/www.solaal.org\/hauts-de-france\/wp-content\/uploads\/sites\/18\/2022\/08\/ODD-10.png\" alt=\"\" class=\"wp-image-1375\" \/><\/figure>\n<\/div>\n\n\n\n<div class=\"wp-block-column is-vertically-aligned-center is-layout-flow wp-block-column-is-layout-flow\">\n<figure class=\"wp-block-image size-full\"><img decoding=\"async\" src=\"https:\/\/www.solaal.org\/hauts-de-france\/wp-content\/uploads\/sites\/18\/2022\/08\/ODD-12.png\" alt=\"\" class=\"wp-image-1378\" \/><\/figure>\n<\/div>\n<\/div>\n\n\n\n<p style=\"font-size:18px\">Les Objectifs de d\u00e9veloppement durable (ODD), \u00e9galement nomm\u00e9s Objectifs mondiaux,&nbsp;sont&nbsp;un appel mondial \u00e0 agir pour \u00e9radiquer la pauvret\u00e9, prot\u00e9ger la Plan\u00e8te et faire en sorte que tous les \u00eatres humains vivent dans la paix et la prosp\u00e9rit\u00e9.<\/p>\n\n\n\n<div style=\"height:2px\" aria-hidden=\"true\" class=\"wp-block-spacer\"><\/div>\n\n\n\n<h3 class=\"has-large-font-size wp-block-heading\">Ayez un impact sur les territoires<\/h3>\n\n\n<div class=\"wp-block-image\">\n<figure class=\"aligncenter size-large is-resized\"><img loading=\"lazy\" decoding=\"async\" src=\"https:\/\/www.solaal.org\/hauts-de-france\/wp-content\/uploads\/sites\/18\/2022\/08\/Impact-SOLAAL-mecenat-3-1024x557.jpg\" alt=\"\" class=\"wp-image-1423\" width=\"768\" height=\"418\" \/><\/figure>\n<\/div>\n\n\n<h3 class=\"has-large-font-size wp-block-heading\">Accroissez votre visibilit\u00e9<\/h3>\n\n\n<div class=\"wp-block-image\">\n<figure class=\"aligncenter size-large is-resized\"><img loading=\"lazy\" decoding=\"async\" src=\"https:\/\/www.solaal.org\/hauts-de-france\/wp-content\/uploads\/sites\/18\/2022\/08\/Accroitre-visibilite-mecenat-1024x424.png\" alt=\"\" class=\"wp-image-1421\" width=\"897\" height=\"371\" \/><\/figure>\n<\/div>\n\n\n<p style=\"font-size:18px\">Rejoindre SOLAAL&nbsp;Grand Est, c\u2019est&nbsp;d\u00e9velopper des solutions concr\u00e8tes sur le terrain et prouver \u00e0 vos&nbsp;membres, administrateurs, salari\u00e9s et parties prenantes la coh\u00e9rence de vos engagements.&nbsp;<strong>La solidarit\u00e9 permet \u00e9galement de communiquer sur les m\u00e9tiers de l&rsquo;agriculture diff\u00e9remment et positivement.&nbsp;<\/strong><\/p>\n\n\n\n<p style=\"font-size:16px\"><strong>L&rsquo;association SOLAAL Grand Est est une association loi 1901 \u00e0 but non lucratif et elle est reconnue d&rsquo;int\u00e9r\u00eat g\u00e9n\u00e9ral ce qui permet de faire valoir un avoir fiscal de 60% du montant des sommes vers\u00e9es.<\/strong><\/p>\n\n\n\n\t<div class=\"wp-block-button-two\">\n\t\t<a href=\"https:\/\/www.solaal.org\/grand-est\/contact\/\" target=\"_self\"><i><\/i>Rejoignez-nous !<\/a>\n\t<\/div>","protected":false},"excerpt":{"rendered":"<p>En soutenant SOLAAL Grand Est vous accompagner le d\u00e9veloppement du maillage territorial de l&rsquo;approvisionnement des associations d&rsquo;aide alimentaire : Est la seule association qui facilite les dons des acteurs agricole et agro-alimentaire vers les associations d\u2019aide alimentaire Accompagne les donateurs dans la gestion logistique et administrative de leurs dons Vient en appui des associations d\u2019aide [&hellip;]<\/p>\n","protected":false},"author":17,"featured_media":0,"parent":454,"menu_order":0,"comment_status":"closed","ping_status":"closed","template":"","meta":{"_acf_changed":false,"inline_featured_image":false,"footnotes":""},"class_list":["post-545","page","type-page","status-publish","hentry"],"acf":[],"_links":{"self":[{"href":"https:\/\/www.solaal.org\/grand-est\/wp-json\/wp\/v2\/pages\/545","targetHints":{"allow":["GET"]}}],"collection":[{"href":"https:\/\/www.solaal.org\/grand-est\/wp-json\/wp\/v2\/pages"}],"about":[{"href":"https:\/\/www.solaal.org\/grand-est\/wp-json\/wp\/v2\/types\/page"}],"author":[{"embeddable":true,"href":"https:\/\/www.solaal.org\/grand-est\/wp-json\/wp\/v2\/users\/17"}],"replies":[{"embeddable":true,"href":"https:\/\/www.solaal.org\/grand-est\/wp-json\/wp\/v2\/comments?post=545"}],"version-history":[{"count":3,"href":"https:\/\/www.solaal.org\/grand-est\/wp-json\/wp\/v2\/pages\/545\/revisions"}],"predecessor-version":[{"id":563,"href":"https:\/\/www.solaal.org\/grand-est\/wp-json\/wp\/v2\/pages\/545\/revisions\/563"}],"up":[{"embeddable":true,"href":"https:\/\/www.solaal.org\/grand-est\/wp-json\/wp\/v2\/pages\/454"}],"wp:attachment":[{"href":"https:\/\/www.solaal.org\/grand-est\/wp-json\/wp\/v2\/media?parent=545"}],"curies":[{"name":"wp","href":"https:\/\/api.w.org\/{rel}","templated":true}]}}