{"id":529,"date":"2022-08-19T11:35:11","date_gmt":"2022-08-19T09:35:11","guid":{"rendered":"https:\/\/www.solaal.org\/grand-est\/?page_id=529"},"modified":"2024-12-06T14:33:48","modified_gmt":"2024-12-06T13:33:48","slug":"notre-gouvernance","status":"publish","type":"page","link":"https:\/\/www.solaal.org\/grand-est\/decouvrez-lassociation\/notre-gouvernance\/","title":{"rendered":"Notre gouvernance"},"content":{"rendered":"\n<section class=\"wp-block-title-c\">\n\t<h2>Le Bureau<\/h2>\n<\/section>\n\n\n<div class=\"wp-block-columns are-vertically-aligned-center is-layout-flex wp-container-core-columns-is-layout-9d6595d7 wp-block-columns-is-layout-flex\">\n<div class=\"wp-block-column is-vertically-aligned-center is-layout-flow wp-block-column-is-layout-flow\">\n\t<section class=\"contacto-one-block\">\n\t\t<div class=\"contacto-one-block-box wowo fadeInUp\">\n\t\t\t<div class=\"block\">\n\t\t\t\t<div class=\"box\">\n\t\t\t\t\t<div class=\"img bg-img\" style=\"background-image: url(https:\/\/www.solaal.org\/grand-est\/wp-content\/uploads\/sites\/27\/2024\/07\/Luc-BARBIER.jpg);\">\n\t\t\t\t\t<\/div>\n\t\t\t\t\t<div class=\"text\">\n\t\t\t\t\t\t<h3>Luc BARBIER<\/h3>\n\t\t\t\t\t\t<h4><span>Pr\u00e9sident<\/span><\/h4>\n\t\t\t\t\t\t\t\t\t\t\t\t\t\t\t\t\t<\/div>\n\t\t\t\t<\/div>\n\t\t\t<\/div>\n\t\t<\/div>\n\t<\/section><\/div>\n\n\n\n<div class=\"wp-block-column is-vertically-aligned-center is-layout-flow wp-block-column-is-layout-flow\">\n\t<section class=\"contacto-one-block\">\n\t\t<div class=\"contacto-one-block-box wowo fadeInUp\">\n\t\t\t<div class=\"block\">\n\t\t\t\t<div class=\"box\">\n\t\t\t\t\t<div class=\"img bg-img\" style=\"background-image: url(https:\/\/www.solaal.org\/grand-est\/wp-content\/uploads\/sites\/27\/2024\/07\/Marie-Casenave-Pere-e1721395083233.jpg);\">\n\t\t\t\t\t<\/div>\n\t\t\t\t\t<div class=\"text\">\n\t\t\t\t\t\t<h3>Marie CASENAVE-P\u00c9R\u00c9<\/h3>\n\t\t\t\t\t\t<h4><span>Vice-Pr\u00e9sidente<\/span><\/h4>\n\t\t\t\t\t\t\t\t\t\t\t\t\t\t\t\t\t<\/div>\n\t\t\t\t<\/div>\n\t\t\t<\/div>\n\t\t<\/div>\n\t<\/section><\/div>\n\n\n\n<div class=\"wp-block-column is-vertically-aligned-center is-layout-flow wp-block-column-is-layout-flow\">\n\t<section class=\"contacto-one-block\">\n\t\t<div class=\"contacto-one-block-box wowo fadeInUp\">\n\t\t\t<div class=\"block\">\n\t\t\t\t<div class=\"box\">\n\t\t\t\t\t<div class=\"img bg-img\" style=\"background-image: url(https:\/\/www.solaal.org\/grand-est\/wp-content\/uploads\/sites\/27\/2024\/07\/NOTAT_Jean--e1726468553487.jpg);\">\n\t\t\t\t\t<\/div>\n\t\t\t\t\t<div class=\"text\">\n\t\t\t\t\t\t<h3>Jean NOTAT<\/h3>\n\t\t\t\t\t\t<h4><span>Vice-Pr\u00e9sident<\/span><\/h4>\n\t\t\t\t\t\t\t\t\t\t\t\t\t\t\t\t\t<\/div>\n\t\t\t\t<\/div>\n\t\t\t<\/div>\n\t\t<\/div>\n\t<\/section><\/div>\n<\/div>\n\n\n\n<div class=\"wp-block-columns are-vertically-aligned-center is-layout-flex wp-container-core-columns-is-layout-9d6595d7 wp-block-columns-is-layout-flex\">\n<div class=\"wp-block-column is-vertically-aligned-center is-layout-flow wp-block-column-is-layout-flow\">\n\t<section class=\"contacto-one-block\">\n\t\t<div class=\"contacto-one-block-box wowo fadeInUp\">\n\t\t\t<div class=\"block\">\n\t\t\t\t<div class=\"box\">\n\t\t\t\t\t<div class=\"img bg-img\" style=\"background-image: url(https:\/\/www.solaal.org\/grand-est\/wp-content\/uploads\/sites\/27\/2024\/09\/Denis-PIARD-e1726468527913.jpg);\">\n\t\t\t\t\t<\/div>\n\t\t\t\t\t<div class=\"text\">\n\t\t\t\t\t\t<h3>Denis Piard<\/h3>\n\t\t\t\t\t\t<h4><span>Tr\u00e9sorier<\/span><\/h4>\n\t\t\t\t\t\t\t\t\t\t\t\t\t\t\t\t\t<\/div>\n\t\t\t\t<\/div>\n\t\t\t<\/div>\n\t\t<\/div>\n\t<\/section><\/div>\n\n\n\n<div class=\"wp-block-column is-vertically-aligned-center is-layout-flow wp-block-column-is-layout-flow\">\n\t<section class=\"contacto-one-block\">\n\t\t<div class=\"contacto-one-block-box wowo fadeInUp\">\n\t\t\t<div class=\"block\">\n\t\t\t\t<div class=\"box\">\n\t\t\t\t\t<div class=\"img bg-img\" style=\"background-image: url(https:\/\/www.solaal.org\/grand-est\/wp-content\/uploads\/sites\/27\/2024\/07\/Eric-Petit-e1721395172562.png);\">\n\t\t\t\t\t<\/div>\n\t\t\t\t\t<div class=\"text\">\n\t\t\t\t\t\t<h3>Eric PETIT<\/h3>\n\t\t\t\t\t\t<h4><span>Secr\u00e9taire G\u00e9n\u00e9rale<\/span><\/h4>\n\t\t\t\t\t\t\t\t\t\t\t\t\t\t\t\t\t<\/div>\n\t\t\t\t<\/div>\n\t\t\t<\/div>\n\t\t<\/div>\n\t<\/section><\/div>\n\n\n\n<div class=\"wp-block-column is-vertically-aligned-center is-layout-flow wp-block-column-is-layout-flow\">\n\t<section class=\"contacto-one-block\">\n\t\t<div class=\"contacto-one-block-box wowo fadeInUp\">\n\t\t\t<div class=\"block\">\n\t\t\t\t<div class=\"box\">\n\t\t\t\t\t<div class=\"img bg-img\" style=\"background-image: url(https:\/\/www.solaal.org\/grand-est\/wp-content\/uploads\/sites\/27\/2024\/07\/20240221-Portait-Lydie-2-e1721395375958.jpg);\">\n\t\t\t\t\t<\/div>\n\t\t\t\t\t<div class=\"text\">\n\t\t\t\t\t\t<h3>Lydie SAUNIER<\/h3>\n\t\t\t\t\t\t<h4><span>Membre<\/span><\/h4>\n\t\t\t\t\t\t\t\t\t\t\t\t\t\t\t\t\t<\/div>\n\t\t\t\t<\/div>\n\t\t\t<\/div>\n\t\t<\/div>\n\t<\/section><\/div>\n<\/div>\n\n\n\n<section class=\"wp-block-title-c\">\n\t<h2>Le Conseil d&rsquo;Administration<\/h2>\n<\/section>\n\n\n<div class=\"wp-block-columns are-vertically-aligned-center is-layout-flex wp-container-core-columns-is-layout-9d6595d7 wp-block-columns-is-layout-flex\">\n<div class=\"wp-block-column is-vertically-aligned-center is-layout-flow wp-block-column-is-layout-flow\">\n<figure class=\"wp-block-image size-full is-resized\"><img loading=\"lazy\" decoding=\"async\" width=\"208\" height=\"213\" src=\"https:\/\/www.solaal.org\/grand-est\/wp-content\/uploads\/sites\/27\/2024\/07\/FRSEAGE.png\" alt=\"\" class=\"wp-image-863\" style=\"width:189px;height:auto\" srcset=\"https:\/\/www.solaal.org\/grand-est\/wp-content\/uploads\/sites\/27\/2024\/07\/FRSEAGE.png 208w, https:\/\/www.solaal.org\/grand-est\/wp-content\/uploads\/sites\/27\/2024\/07\/FRSEAGE-16x16.png 16w\" sizes=\"auto, (max-width: 208px) 100vw, 208px\" \/><\/figure>\n<\/div>\n\n\n\n<div class=\"wp-block-column is-vertically-aligned-center is-layout-flow wp-block-column-is-layout-flow\">\n<figure class=\"wp-block-image size-full is-resized\"><img loading=\"lazy\" decoding=\"async\" width=\"365\" height=\"357\" src=\"https:\/\/www.solaal.org\/grand-est\/wp-content\/uploads\/sites\/27\/2024\/07\/JA-GE.jpg\" alt=\"\" class=\"wp-image-865\" style=\"width:224px;height:auto\" srcset=\"https:\/\/www.solaal.org\/grand-est\/wp-content\/uploads\/sites\/27\/2024\/07\/JA-GE.jpg 365w, https:\/\/www.solaal.org\/grand-est\/wp-content\/uploads\/sites\/27\/2024\/07\/JA-GE-300x293.jpg 300w, https:\/\/www.solaal.org\/grand-est\/wp-content\/uploads\/sites\/27\/2024\/07\/JA-GE-16x16.jpg 16w\" sizes=\"auto, (max-width: 365px) 100vw, 365px\" \/><\/figure>\n<\/div>\n\n\n\n<div class=\"wp-block-column is-vertically-aligned-center is-layout-flow wp-block-column-is-layout-flow\">\n<figure class=\"wp-block-gallery has-nested-images columns-default is-cropped wp-block-gallery-1 is-layout-flex wp-block-gallery-is-layout-flex\">\n<figure class=\"wp-block-image size-large\"><img loading=\"lazy\" decoding=\"async\" width=\"1010\" height=\"1024\" data-id=\"870\" src=\"https:\/\/www.solaal.org\/grand-est\/wp-content\/uploads\/sites\/27\/2024\/07\/CA_GRAND-EST_V_RVB-1010x1024.png\" alt=\"\" class=\"wp-image-870\" srcset=\"https:\/\/www.solaal.org\/grand-est\/wp-content\/uploads\/sites\/27\/2024\/07\/CA_GRAND-EST_V_RVB-1010x1024.png 1010w, https:\/\/www.solaal.org\/grand-est\/wp-content\/uploads\/sites\/27\/2024\/07\/CA_GRAND-EST_V_RVB-296x300.png 296w, https:\/\/www.solaal.org\/grand-est\/wp-content\/uploads\/sites\/27\/2024\/07\/CA_GRAND-EST_V_RVB-768x778.png 768w, https:\/\/www.solaal.org\/grand-est\/wp-content\/uploads\/sites\/27\/2024\/07\/CA_GRAND-EST_V_RVB-16x16.png 16w, https:\/\/www.solaal.org\/grand-est\/wp-content\/uploads\/sites\/27\/2024\/07\/CA_GRAND-EST_V_RVB.png 1184w\" sizes=\"auto, (max-width: 1010px) 100vw, 1010px\" \/><\/figure>\n<\/figure>\n<\/div>\n<\/div>\n\n\n\n<div class=\"wp-block-columns are-vertically-aligned-center is-layout-flex wp-container-core-columns-is-layout-9d6595d7 wp-block-columns-is-layout-flex\">\n<div class=\"wp-block-column is-vertically-aligned-center is-layout-flow wp-block-column-is-layout-flow\"><\/div>\n\n\n\n<div class=\"wp-block-column is-vertically-aligned-center is-layout-flow wp-block-column-is-layout-flow\">\n<figure class=\"wp-block-gallery has-nested-images columns-default is-cropped wp-block-gallery-2 is-layout-flex wp-block-gallery-is-layout-flex\">\n<figure class=\"wp-block-image size-large\"><img loading=\"lazy\" decoding=\"async\" width=\"608\" height=\"145\" data-id=\"873\" src=\"https:\/\/www.solaal.org\/grand-est\/wp-content\/uploads\/sites\/27\/2024\/07\/Logo-ARCMSA-GE_0822-1.jpg\" alt=\"\" class=\"wp-image-873\" srcset=\"https:\/\/www.solaal.org\/grand-est\/wp-content\/uploads\/sites\/27\/2024\/07\/Logo-ARCMSA-GE_0822-1.jpg 608w, https:\/\/www.solaal.org\/grand-est\/wp-content\/uploads\/sites\/27\/2024\/07\/Logo-ARCMSA-GE_0822-1-300x72.jpg 300w\" sizes=\"auto, (max-width: 608px) 100vw, 608px\" \/><\/figure>\n<\/figure>\n<\/div>\n\n\n\n<div class=\"wp-block-column is-vertically-aligned-center is-layout-flow wp-block-column-is-layout-flow\"><div class=\"wp-block-image\">\n<figure class=\"aligncenter size-large is-resized\"><img loading=\"lazy\" decoding=\"async\" width=\"1024\" height=\"504\" src=\"https:\/\/www.solaal.org\/grand-est\/wp-content\/uploads\/sites\/27\/2024\/07\/ca-Lorraine-2-RVB_0822-1024x504.png\" alt=\"\" class=\"wp-image-877\" style=\"width:301px;height:187px\" srcset=\"https:\/\/www.solaal.org\/grand-est\/wp-content\/uploads\/sites\/27\/2024\/07\/ca-Lorraine-2-RVB_0822-1024x504.png 1024w, https:\/\/www.solaal.org\/grand-est\/wp-content\/uploads\/sites\/27\/2024\/07\/ca-Lorraine-2-RVB_0822-300x148.png 300w, https:\/\/www.solaal.org\/grand-est\/wp-content\/uploads\/sites\/27\/2024\/07\/ca-Lorraine-2-RVB_0822-768x378.png 768w, https:\/\/www.solaal.org\/grand-est\/wp-content\/uploads\/sites\/27\/2024\/07\/ca-Lorraine-2-RVB_0822.png 1200w\" sizes=\"auto, (max-width: 1024px) 100vw, 1024px\" \/><\/figure>\n<\/div><\/div>\n<\/div>\n\n\n\n<div class=\"wp-block-columns are-vertically-aligned-center is-layout-flex wp-container-core-columns-is-layout-9d6595d7 wp-block-columns-is-layout-flex\">\n<div class=\"wp-block-column is-vertically-aligned-center is-layout-flow wp-block-column-is-layout-flow\">\n<figure class=\"wp-block-gallery aligncenter has-nested-images columns-default is-cropped wp-block-gallery-3 is-layout-flex wp-block-gallery-is-layout-flex\">\n<figure class=\"wp-block-image size-full\"><img loading=\"lazy\" decoding=\"async\" width=\"1166\" height=\"986\" data-id=\"876\" src=\"https:\/\/www.solaal.org\/grand-est\/wp-content\/uploads\/sites\/27\/2024\/07\/ca-ChampBourg-v-rvb_0922.png\" alt=\"\" class=\"wp-image-876\" srcset=\"https:\/\/www.solaal.org\/grand-est\/wp-content\/uploads\/sites\/27\/2024\/07\/ca-ChampBourg-v-rvb_0922.png 1166w, https:\/\/www.solaal.org\/grand-est\/wp-content\/uploads\/sites\/27\/2024\/07\/ca-ChampBourg-v-rvb_0922-300x254.png 300w, https:\/\/www.solaal.org\/grand-est\/wp-content\/uploads\/sites\/27\/2024\/07\/ca-ChampBourg-v-rvb_0922-1024x866.png 1024w, https:\/\/www.solaal.org\/grand-est\/wp-content\/uploads\/sites\/27\/2024\/07\/ca-ChampBourg-v-rvb_0922-768x649.png 768w\" sizes=\"auto, (max-width: 1166px) 100vw, 1166px\" \/><\/figure>\n<\/figure>\n<\/div>\n\n\n\n<div class=\"wp-block-column is-vertically-aligned-center is-layout-flow wp-block-column-is-layout-flow\">\n<figure class=\"wp-block-gallery has-nested-images columns-default is-cropped wp-block-gallery-4 is-layout-flex wp-block-gallery-is-layout-flex\">\n<figure class=\"wp-block-image size-large\"><img loading=\"lazy\" decoding=\"async\" width=\"1024\" height=\"806\" data-id=\"878\" src=\"https:\/\/www.solaal.org\/grand-est\/wp-content\/uploads\/sites\/27\/2024\/07\/Coop-Agri-GE_250822-1024x806.jpg\" alt=\"\" class=\"wp-image-878\" srcset=\"https:\/\/www.solaal.org\/grand-est\/wp-content\/uploads\/sites\/27\/2024\/07\/Coop-Agri-GE_250822-1024x806.jpg 1024w, https:\/\/www.solaal.org\/grand-est\/wp-content\/uploads\/sites\/27\/2024\/07\/Coop-Agri-GE_250822-300x236.jpg 300w, https:\/\/www.solaal.org\/grand-est\/wp-content\/uploads\/sites\/27\/2024\/07\/Coop-Agri-GE_250822-768x604.jpg 768w, https:\/\/www.solaal.org\/grand-est\/wp-content\/uploads\/sites\/27\/2024\/07\/Coop-Agri-GE_250822.jpg 1200w\" sizes=\"auto, (max-width: 1024px) 100vw, 1024px\" \/><\/figure>\n<\/figure>\n<\/div>\n\n\n\n<div class=\"wp-block-column is-vertically-aligned-center is-layout-flow wp-block-column-is-layout-flow\">\n<figure class=\"wp-block-image size-full is-resized\"><img loading=\"lazy\" decoding=\"async\" width=\"118\" height=\"117\" src=\"https:\/\/www.solaal.org\/grand-est\/wp-content\/uploads\/sites\/27\/2024\/07\/fdsea10.png\" alt=\"\" class=\"wp-image-879\" style=\"width:223px;height:auto\" srcset=\"https:\/\/www.solaal.org\/grand-est\/wp-content\/uploads\/sites\/27\/2024\/07\/fdsea10.png 118w, https:\/\/www.solaal.org\/grand-est\/wp-content\/uploads\/sites\/27\/2024\/07\/fdsea10-16x16.png 16w\" sizes=\"auto, (max-width: 118px) 100vw, 118px\" \/><\/figure>\n<\/div>\n<\/div>\n\n\n\n<div class=\"wp-block-columns are-vertically-aligned-center is-layout-flex wp-container-core-columns-is-layout-9d6595d7 wp-block-columns-is-layout-flex\">\n<div class=\"wp-block-column is-vertically-aligned-center is-layout-flow wp-block-column-is-layout-flow\">\n<figure class=\"wp-block-image size-full is-resized\"><img loading=\"lazy\" decoding=\"async\" width=\"550\" height=\"553\" src=\"https:\/\/www.solaal.org\/grand-est\/wp-content\/uploads\/sites\/27\/2024\/07\/fdsea68.jpg\" alt=\"\" class=\"wp-image-880\" style=\"width:180px;height:auto\" srcset=\"https:\/\/www.solaal.org\/grand-est\/wp-content\/uploads\/sites\/27\/2024\/07\/fdsea68.jpg 550w, https:\/\/www.solaal.org\/grand-est\/wp-content\/uploads\/sites\/27\/2024\/07\/fdsea68-298x300.jpg 298w, https:\/\/www.solaal.org\/grand-est\/wp-content\/uploads\/sites\/27\/2024\/07\/fdsea68-150x150.jpg 150w, https:\/\/www.solaal.org\/grand-est\/wp-content\/uploads\/sites\/27\/2024\/07\/fdsea68-16x16.jpg 16w\" sizes=\"auto, (max-width: 550px) 100vw, 550px\" \/><\/figure>\n<\/div>\n\n\n\n<div class=\"wp-block-column is-vertically-aligned-center is-layout-flow wp-block-column-is-layout-flow\">\n<figure class=\"wp-block-image size-large\"><img loading=\"lazy\" decoding=\"async\" width=\"1024\" height=\"912\" src=\"https:\/\/www.solaal.org\/grand-est\/wp-content\/uploads\/sites\/27\/2024\/12\/CA_bloc_CC_CMJN_NordEst_arrondi-1024x912.png\" alt=\"\" class=\"wp-image-944\" srcset=\"https:\/\/www.solaal.org\/grand-est\/wp-content\/uploads\/sites\/27\/2024\/12\/CA_bloc_CC_CMJN_NordEst_arrondi-1024x912.png 1024w, https:\/\/www.solaal.org\/grand-est\/wp-content\/uploads\/sites\/27\/2024\/12\/CA_bloc_CC_CMJN_NordEst_arrondi-300x267.png 300w, https:\/\/www.solaal.org\/grand-est\/wp-content\/uploads\/sites\/27\/2024\/12\/CA_bloc_CC_CMJN_NordEst_arrondi-768x684.png 768w, https:\/\/www.solaal.org\/grand-est\/wp-content\/uploads\/sites\/27\/2024\/12\/CA_bloc_CC_CMJN_NordEst_arrondi.png 1070w\" sizes=\"auto, (max-width: 1024px) 100vw, 1024px\" \/><\/figure>\n<\/div>\n\n\n\n<div class=\"wp-block-column is-vertically-aligned-center is-layout-flow wp-block-column-is-layout-flow\"><\/div>\n<\/div>\n\n\n\n<div class=\"wp-block-columns are-vertically-aligned-center is-layout-flex wp-container-core-columns-is-layout-9d6595d7 wp-block-columns-is-layout-flex\">\n<div class=\"wp-block-column is-vertically-aligned-center is-layout-flow wp-block-column-is-layout-flow\"><\/div>\n\n\n\n<div class=\"wp-block-column is-vertically-aligned-center is-layout-flow wp-block-column-is-layout-flow\"><\/div>\n\n\n\n<div class=\"wp-block-column is-vertically-aligned-center is-layout-flow wp-block-column-is-layout-flow\"><\/div>\n<\/div>\n\n\n\n<section class=\"wp-block-title-c\">\n\t<h2>L&rsquo;\u00e9quipe<\/h2>\n<\/section>\n\n\n\t<section class=\"contacto-one-block\">\n\t\t<div class=\"contacto-one-block-box wowo fadeInUp\">\n\t\t\t<div class=\"block\">\n\t\t\t\t<div class=\"box\">\n\t\t\t\t\t<div class=\"img bg-img\" style=\"background-image: url(https:\/\/www.solaal.org\/grand-est\/wp-content\/uploads\/sites\/27\/2022\/09\/Amandine-PASQUIER-e1734430470718.jpg);\">\n\t\t\t\t\t<\/div>\n\t\t\t\t\t<div class=\"text\">\n\t\t\t\t\t\t<h3>Amandine PASQUIER<\/h3>\n\t\t\t\t\t\t<h4><span>Directrice r\u00e9gionale<\/span><\/h4>\n\t\t\t\t\t\t\t\t\t\t\t\t\t\t\t\t\t<\/div>\n\t\t\t\t<\/div>\n\t\t\t<\/div>\n\t\t<\/div>\n\t<\/section>\n\n\n\t<section class=\"contacto-one-block\">\n\t\t<div class=\"contacto-one-block-box wowo fadeInUp\">\n\t\t\t<div class=\"block\">\n\t\t\t\t<div class=\"box\">\n\t\t\t\t\t<div class=\"img bg-img\" style=\"background-image: url(https:\/\/www.solaal.org\/grand-est\/wp-content\/uploads\/sites\/27\/2023\/08\/Clementine-Bontems-Photobsis.jpg);\">\n\t\t\t\t\t<\/div>\n\t\t\t\t\t<div class=\"text\">\n\t\t\t\t\t\t<h3>Cl\u00e9mentine BONTEMS<\/h3>\n\t\t\t\t\t\t<h4><span>Charg\u00e9e des dons<\/span><\/h4>\n\t\t\t\t\t\t\t\t\t\t\t\t\t\t\t\t\t<\/div>\n\t\t\t\t<\/div>\n\t\t\t<\/div>\n\t\t<\/div>\n\t<\/section>\n\n\n<div class=\"wp-block-columns is-layout-flex wp-container-core-columns-is-layout-9d6595d7 wp-block-columns-is-layout-flex\">\n<div class=\"wp-block-column is-layout-flow wp-block-column-is-layout-flow\" style=\"flex-basis:100%\">\n\t<div class=\"wp-block-button-two\">\n\t\t<a href=\"https:\/\/www.solaal.org\/grand-est\/contact\/\" target=\"_self\"><i><\/i>Contacter SOLAAL Grand Est<\/a>\n\t<\/div><\/div>\n<\/div>\n","protected":false},"excerpt":{"rendered":"","protected":false},"author":17,"featured_media":0,"parent":454,"menu_order":0,"comment_status":"closed","ping_status":"closed","template":"","meta":{"_acf_changed":false,"inline_featured_image":false,"footnotes":""},"class_list":["post-529","page","type-page","status-publish","hentry"],"acf":[],"_links":{"self":[{"href":"https:\/\/www.solaal.org\/grand-est\/wp-json\/wp\/v2\/pages\/529","targetHints":{"allow":["GET"]}}],"collection":[{"href":"https:\/\/www.solaal.org\/grand-est\/wp-json\/wp\/v2\/pages"}],"about":[{"href":"https:\/\/www.solaal.org\/grand-est\/wp-json\/wp\/v2\/types\/page"}],"author":[{"embeddable":true,"href":"https:\/\/www.solaal.org\/grand-est\/wp-json\/wp\/v2\/users\/17"}],"replies":[{"embeddable":true,"href":"https:\/\/www.solaal.org\/grand-est\/wp-json\/wp\/v2\/comments?post=529"}],"version-history":[{"count":18,"href":"https:\/\/www.solaal.org\/grand-est\/wp-json\/wp\/v2\/pages\/529\/revisions"}],"predecessor-version":[{"id":946,"href":"https:\/\/www.solaal.org\/grand-est\/wp-json\/wp\/v2\/pages\/529\/revisions\/946"}],"up":[{"embeddable":true,"href":"https:\/\/www.solaal.org\/grand-est\/wp-json\/wp\/v2\/pages\/454"}],"wp:attachment":[{"href":"https:\/\/www.solaal.org\/grand-est\/wp-json\/wp\/v2\/media?parent=529"}],"curies":[{"name":"wp","href":"https:\/\/api.w.org\/{rel}","templated":true}]}}