{"id":420,"date":"2022-05-13T04:47:03","date_gmt":"2022-05-13T02:47:03","guid":{"rendered":"https:\/\/www.solaal.org\/centre-val-de-loire\/home\/"},"modified":"2026-04-16T14:47:13","modified_gmt":"2026-04-16T12:47:13","slug":"solaal-centre-val-de-loire","status":"publish","type":"page","link":"https:\/\/www.solaal.org\/centre-val-de-loire\/","title":{"rendered":"Home"},"content":{"rendered":"<section class=\"home-banner style-two\">\n\t\t<div class=\"home-banner-box wowo fadeInUp\">\n\t\t\t<div class=\"images\">\n\t\t\t\t<div class=\"img img-1\">\n\t\t\t\t\t<div class=\"box\">\n\t\t\t\t\t\t<div class=\"img-1-slider\">\n\t\t\t\t\t\t\t\t\t\t\t\t<div class=\"slider-block\">\n\t\t\t\t\t\t\t<img decoding=\"async\" src=\"https:\/\/www.solaal.org\/centre-val-de-loire\/wp-content\/uploads\/sites\/30\/2025\/10\/WhatsApp-Image-2025-05-02-at-15.34.23-186x478.jpeg\" alt=\"\" \/>\n\t\t\t\t\t\t<\/div>\n\t\t\t\t\t\t\t\t\t\t\t\t<div class=\"slider-block\">\n\t\t\t\t\t\t\t<img decoding=\"async\" src=\"https:\/\/www.solaal.org\/centre-val-de-loire\/wp-content\/uploads\/sites\/30\/2023\/09\/DSC_0326-186x478.jpg\" alt=\"\" \/>\n\t\t\t\t\t\t<\/div>\n\t\t\t\t\t\t\t\t\t\t\t<\/div>\n\t\t\t\t\t<\/div>\n\t\t\t\t<\/div>\n\t\t\t\t<div class=\"img img-2\">\n\t\t\t\t\t<div class=\"box\">\n\t\t\t\t\t\t<div class=\"img-2-slider\">\n\t\t\t\t\t\t\t\t\t\t\t\t\t<div class=\"slider-block\">\n\t\t\t\t\t\t\t\t<img decoding=\"async\" src=\"https:\/\/www.solaal.org\/centre-val-de-loire\/wp-content\/uploads\/sites\/30\/2025\/10\/IMG_3031.2-502x548.jpg\" alt=\"\" \/>\n\t\t\t\t\t\t\t<\/div>\n\t\t\t\t\t\t\t\t\t\t\t\t\t\t<div class=\"slider-block\">\n\t\t\t\t\t\t\t\t<img decoding=\"async\" src=\"https:\/\/www.solaal.org\/centre-val-de-loire\/wp-content\/uploads\/sites\/30\/2022\/05\/4-1-502x548.png\" alt=\"\" \/>\n\t\t\t\t\t\t\t<\/div>\n\t\t\t\t\t\t\t\t\t\t\t\t\t<\/div>\n\t\t\t\t\t\t<div class=\"icon-image\">\n\t\t\t\t\t\t\t<a href=\"https:\/\/dons.solaal.org\/\" target=\"_blank\"><img decoding=\"async\" src=\"https:\/\/www.solaal.org\/centre-val-de-loire\/wp-content\/uploads\/sites\/30\/2022\/05\/9.svg\" alt=\"\" \/><\/a>\n\t\t\t\t\t\t<\/div>\n\t\t\t\t\t<\/div>\n\t\t\t\t<\/div>\n\t\t\t\t<div class=\"img img-3\">\n\t\t\t\t\t<div class=\"box\">\n\t\t\t\t\t\t<div class=\"img-3-slider\">\n\t\t\t\t\t\t\t\t\t\t\t\t<div class=\"slider-block\">\n\t\t\t\t\t\t\t<img decoding=\"async\" src=\"https:\/\/www.solaal.org\/centre-val-de-loire\/wp-content\/uploads\/sites\/30\/2023\/12\/20231211_1144152-940x672.jpg\" alt=\"\" \/>\n\t\t\t\t\t\t<\/div>\n\t\t\t\t\t\t\t\t\t\t\t\t<div class=\"slider-block\">\n\t\t\t\t\t\t\t<img decoding=\"async\" src=\"https:\/\/www.solaal.org\/centre-val-de-loire\/wp-content\/uploads\/sites\/30\/2024\/07\/PXL_20240708_122551906.PORTRAIT-940x672.jpg\" alt=\"\" \/>\n\t\t\t\t\t\t<\/div>\n\t\t\t\t\t\t\t\t\t\t\t<\/div>\n\t\t\t\t\t\t<a href=\"#\" class=\"next-section btn-box\"><\/a>\n\t\t\t\t\t<\/div>\n\t\t\t\t<\/div>\n\t\t\t\t<div class=\"img img-4\">\n\t\t\t\t\t<div class=\"box\">\n\t\t\t\t\t\t<div class=\"img-p\"><img decoding=\"async\" src=\"https:\/\/www.solaal.org\/centre-val-de-loire\/wp-content\/uploads\/sites\/30\/2022\/05\/3.png\" alt=\"\" \/><\/div>\n\t\t\t\t\t\t<div class=\"home-banner-slider\">\n\t\t\t\t\t\t\t\t\t\t\t\t<div class=\"slider-block\">\n\t\t\t\t\t\t\t\n\t\t\t\t\t\t\t<div class=\"text\">\n\t\t\t\t\t\t\t\t<h2>SOLAAL Centre-Val de Loire c&rsquo;est d\u00e9j\u00e0 :<\/h2>\n\t\t\t\t\t\t\t\t<p><strong><span>3500<\/span><\/strong>tonnes<\/p>\n\t\t\t\t\t\t\t\t<h3>de produits <br \/>donn\u00e9s !<\/h3>\n\t\t\t\t\t\t\t<\/div>\n\t\t\t\t\t\t<\/div>\n\t\t\t\t\t\t\t\t\t\t\t\t<div class=\"slider-block\">\n\t\t\t\t\t\t\t\n\t\t\t\t\t\t\t<div class=\"text\">\n\t\t\t\t\t\t\t\t<h2>SOLAAL Centre-Val de Loire c&rsquo;est<\/h2>\n\t\t\t\t\t\t\t\t<p><strong><span>7<\/span><\/strong>millions<\/p>\n\t\t\t\t\t\t\t\t<h3>\u00e9quivalents repas<\/h3>\n\t\t\t\t\t\t\t<\/div>\n\t\t\t\t\t\t<\/div>\n\t\t\t\t\t\t\t\t\t\t\t\t<div class=\"slider-block\">\n\t\t\t\t\t\t\t\n\t\t\t\t\t\t\t<div class=\"text\">\n\t\t\t\t\t\t\t\t<h2>SOLAAL Centre-Val de Loire c&rsquo;est<\/h2>\n\t\t\t\t\t\t\t\t<p><strong><span>99<\/span><\/strong>%<\/p>\n\t\t\t\t\t\t\t\t<h3>produits frais<\/h3>\n\t\t\t\t\t\t\t<\/div>\n\t\t\t\t\t\t<\/div>\n\t\t\t\t\t\t\t\t\t\t\t<\/div>\n\t\t\t\t\t<img decoding=\"async\" src=\"https:\/\/www.solaal.org\/centre-val-de-loire\/wp-content\/themes\/Solaal\/images\/home-slider-2.png\" alt=\"\"  class=\"bg-img-cc\"\/>\n\t\t\t\t\t\t\t\t\t\t\t\t<p><a  href=\"#\" target=\"_self\">Vous aussi, rejoignez SOLAAL !<\/a><\/p>\n\t\t\t\t\t\t\t\t\t\t<\/div>\n\t\t\t\t<\/div>\n\t\t\t\t<div class=\"img img-5\">\n\t\t\t\t\t<div class=\"box\">\n\t\t\t\t\t\t<div class=\"img-4-slider\">\n\t\t\t\t\t\t\t\t\t\t\t\t<div class=\"slider-block\">\n\t\t\t\t\t\t\t<img decoding=\"async\" src=\"https:\/\/www.solaal.org\/centre-val-de-loire\/wp-content\/uploads\/sites\/30\/2025\/10\/WhatsApp-Image-2025-09-15-a-11.05.43_16471c38-186x360.jpg\" alt=\"\" \/>\n\t\t\t\t\t\t<\/div>\n\t\t\t\t\t\t\t\t\t\t\t\t<div class=\"slider-block\">\n\t\t\t\t\t\t\t<img decoding=\"async\" src=\"https:\/\/www.solaal.org\/centre-val-de-loire\/wp-content\/uploads\/sites\/30\/2023\/12\/Photos-1-186x360.jpg\" alt=\"\" \/>\n\t\t\t\t\t\t<\/div>\n\t\t\t\t\t\t\t\t\t\t\t<\/div>\n\t\t\t\t\t<\/div>\n\t\t\t\t<\/div>\n\t\t\t\t\n\t\t\t<\/div>\n\t\t<\/div>\t\n\t<\/section>\n\n\n<section class=\"home-left-text-and-right-images not-h2\">\n\t\t<div class=\"home-left-text-and-right-images-box inner wowo fadeInUp\">\n\t\t\t<div class=\"left\">\n\t\t\t\t<div class=\"transition-delay-1 wowo fadeInUp\">\n\t\t\t\t<h2>\u00e0 propos de Solaal Centre-Val de Loire<\/h2>\n\t\t\t\t<\/div>\n\t\t\t\t<div class=\"transition-delay-2 wowo fadeInUp\">\n\t\t\t\t<h3><span>SOLAAL Centre-Val de Loire organise les dons<\/span> entre agriculteurs et associations d\u2019aide alimentaire<\/h3>\n\t\t\t\t<\/div>\n\t\t\t\t<div class=\"transition-delay-3 wowo fadeInUp\">\n\t\t\t\t<p><strong>SOLAAL<\/strong> est une association reconnue d\u2019int\u00e9r\u00eat g\u00e9n\u00e9ral, qui facilite le lien entre les donateurs des fili\u00e8res agricole et alimentaire et les associations d\u2019aide alimentaire. Elle rassemble un grand nombre d\u2019organisations issues des secteurs agricole, industriel, de la grande distribution, des interprofessions agricoles et alimentaires et des march\u00e9s de gros.<\/p>\n\t\t\t\t\t\t\t\t<div class=\"link\">\n\t\t\t\t\t<a class=\"btn btn-b\" href=\"https:\/\/www.solaal.org\/centre-val-de-loire\/decouvrez-lassociation\/a-propos-de-solaal-centre-val-de-loire\/\" target=\"_self\"><i><\/i>D\u00e9couvrez SOLAAL Centre-Val de Loire <\/a>\n\t\t\t\t<\/div>\n\t\t\t\t\t\t\t\t\t<\/div>\n\t\t\t<\/div>\n\t\t\t<div class=\"right\">\n\t\t\t\t<div class=\"title\">\n\t\t\t\t\t<h2>L&rsquo;\u00e9quipe Solaal Centre &#8211; Val de Loire<\/h2>\n\t\t\t\t<\/div>\n\t\t\t\t<div class=\"block\">\n\t\t\t\t\t\t\t\t\t\t<div class=\"box\">\n\t\t\t\t\t\t<div class=\"img bg-img\" style=\"background-image: url(https:\/\/www.solaal.org\/centre-val-de-loire\/wp-content\/uploads\/sites\/30\/2024\/04\/Photo-SP-zoom.jpg);\">\n\t\t\t\t\t\t<\/div>\n\t\t\t\t\t\t<div class=\"text\">\n\t\t\t\t\t\t\t<h3>S\u00e9bastien PROUTEAU<\/h3>\n\t\t\t\t\t\t\t<h4>Pr\u00e9sident<\/h4>\n\t\t\t\t\t\t<\/div>\n\t\t\t\t\t<\/div>\n\t\t\t\t\t\t\t\t\t\t<div class=\"box\">\n\t\t\t\t\t\t<div class=\"img bg-img\" style=\"background-image: url(https:\/\/www.solaal.org\/centre-val-de-loire\/wp-content\/uploads\/sites\/30\/2023\/06\/Marie-MAGENDIE.jpg);\">\n\t\t\t\t\t\t<\/div>\n\t\t\t\t\t\t<div class=\"text\">\n\t\t\t\t\t\t\t<h3>Marie MAGENDIE<\/h3>\n\t\t\t\t\t\t\t<h4>Coordinatrice<\/h4>\n\t\t\t\t\t\t<\/div>\n\t\t\t\t\t<\/div>\n\t\t\t\t\t\t\t\t\t\t<div class=\"box\">\n\t\t\t\t\t\t<div class=\"img bg-img\" style=\"background-image: url(https:\/\/www.solaal.org\/centre-val-de-loire\/wp-content\/uploads\/sites\/30\/2025\/10\/250908_Arrivee-Amelie-carre.jpg);\">\n\t\t\t\t\t\t<\/div>\n\t\t\t\t\t\t<div class=\"text\">\n\t\t\t\t\t\t\t<h3>Am\u00e9lie Tardif<\/h3>\n\t\t\t\t\t\t\t<h4>Charg\u00e9e des dons<\/h4>\n\t\t\t\t\t\t<\/div>\n\t\t\t\t\t<\/div>\n\t\t\t\t\t\t\t\t\t\t<div class=\"box\">\n\t\t\t\t\t\t<div class=\"img bg-img\" style=\"background-image: url(https:\/\/www.solaal.org\/centre-val-de-loire\/wp-content\/uploads\/sites\/30\/2026\/04\/Chanelle-Dangeron-stagiaire-CVL.jpg);\">\n\t\t\t\t\t\t<\/div>\n\t\t\t\t\t\t<div class=\"text\">\n\t\t\t\t\t\t\t<h3>Chanelle Dangeron<\/h3>\n\t\t\t\t\t\t\t<h4>Stagiaire<\/h4>\n\t\t\t\t\t\t<\/div>\n\t\t\t\t\t<\/div>\n\t\t\t\t\t\t\t\t\t<\/div>\n\t\t\t\t\t\t\t\t<div class=\"link\">\n\t\t\t\t\t<a class=\"btn btn-b btn-button\" href=\"https:\/\/www.solaal.org\/centre-val-de-loire\/contact\/\" target=\"_self\"><i><\/i>Contactez-nous !<\/a>\n\t\t\t\t<\/div>\n\t\t\t\t\t\t\t<\/div>\n\t\t<\/div>\n\t<\/section>\n\n\n\n\t<section class=\"home-video style-two width-770\">\n\t\t<div class=\"home-video-box inner wowo fadeInUp\">\n\t\t\t<div class=\"video\">\n\t\t        <a href=\"#\" class=\"video-link embed\">\n\t\t          \t\t\t\t\t<div class=\"data-video\">\n\t\t\t\t\t\t<iframe loading=\"lazy\" title=\"Pr\u00e9sentation de SOLAAL Centre-Val de Loire\" width=\"640\" height=\"360\" src=\"https:\/\/www.youtube.com\/embed\/Ygpmw6XTBGM?feature=oembed\" frameborder=\"0\" allow=\"accelerometer; autoplay; clipboard-write; encrypted-media; gyroscope; picture-in-picture; web-share\" referrerpolicy=\"strict-origin-when-cross-origin\" allowfullscreen><\/iframe>\t\t\t\t\t\t\t\n\t\t\t\t\t\t<\/div>\n\t\t\t\t\t\t\t\t          <div class=\"img\">\n\t\t\t            <img decoding=\"async\" src=\"https:\/\/www.solaal.org\/centre-val-de-loire\/wp-content\/uploads\/sites\/30\/2022\/05\/1.jpg\" alt=\"\" class=\"img-bg \">\n\t\t\t          <\/div>\n\t\t\t          <div class=\"text-and-icon\">\n\t\t\t          \t<h2>Pr\u00e9sentation de <span>SOLAAL Centre-Val de Loire<\/span><\/h2>\n\t\t\t          \t<i class=\"icon-play\"><\/i>\n\t\t\t          <\/div>\n\t\t        <\/a>\n\t\t    <\/div>\n\t\t    <div class=\"text\">\n\t\t    \t<p>D\u00e9couvrez l\u2019association et ses missions en vid\u00e9o !<\/p>\n\t    \t<\/div>\n\t\t<\/div>\t\n\t<\/section>\n\n\n<section class=\"home-les-actualites not-h2\">\n\t<div class=\"home-les-actualites-box inner wowo fadeInUp\">\n\t\t<div class=\"title\">\n\t\t\t<h2><span>Les actualit\u00e9s<\/span> de SOLAAL Centre Val de Loire<\/h2>\n\t\t\t\t\t<\/div>\n\t\t<div class=\"content\" >\n\t\t\t\t\t\t<div class=\"left\">\n\t\t\t\t\t\t\t\t\t\t\n\t\t\t\t\t\t\n\t\t\t\t<div class=\"list\">\n\t\t\t\t\t<div class=\"img\">\n\t\t\t\t\t\t<a href=\"https:\/\/www.solaal.org\/centre-val-de-loire\/2025\/12\/11\/le-conseil-dadministration-au-coeur-des-restos-du-cher\/\" style=\"background-image: url(https:\/\/www.solaal.org\/centre-val-de-loire\/wp-content\/uploads\/sites\/30\/2025\/12\/WhatsApp-Image-2025-12-11-a-10.38.22_93bc8e60-300x225.jpg);\"><\/a>\n\t\t\t\t\t<\/div>\n\t\t\t\t\t<div class=\"text\">\n\t\t\t\t\t\t\t\t\t\t\t\t<span>actions-solidaires<\/span>\n\t\t\t\t\t\t\t\t\t\t\t\t<h3><a href=\"https:\/\/www.solaal.org\/centre-val-de-loire\/2025\/12\/11\/le-conseil-dadministration-au-coeur-des-restos-du-cher\/\">Le Conseil d&rsquo;administration au c\u0153ur des Restos du Cher<\/a><\/h3>\n\t\t\t\t\t\t<a href=\"https:\/\/www.solaal.org\/centre-val-de-loire\/2025\/12\/11\/le-conseil-dadministration-au-coeur-des-restos-du-cher\/\" class=\"btn\"><i><\/i>En savoir +<\/a>\n\t\t\t\t\t<\/div>\n\t\t\t\t<\/div>\n\t\t\t\t\t\n\t\t\t\t<div class=\"list\">\n\t\t\t\t\t<div class=\"img\">\n\t\t\t\t\t\t<a href=\"https:\/\/www.solaal.org\/centre-val-de-loire\/2025\/12\/03\/operation-cueillette-solidaire-avec-les-jardins-de-meslay-37\/\" style=\"background-image: url(https:\/\/www.solaal.org\/centre-val-de-loire\/wp-content\/uploads\/sites\/30\/2025\/12\/benjamin-sterlin-298x300.png);\"><\/a>\n\t\t\t\t\t<\/div>\n\t\t\t\t\t<div class=\"text\">\n\t\t\t\t\t\t\t\t\t\t\t\t<span>INTERVIEW<\/span>\n\t\t\t\t\t\t\t\t\t\t\t\t<h3><a href=\"https:\/\/www.solaal.org\/centre-val-de-loire\/2025\/12\/03\/operation-cueillette-solidaire-avec-les-jardins-de-meslay-37\/\">Op\u00e9ration Cueillette Solidaire avec les Jardins de Meslay (37)<\/a><\/h3>\n\t\t\t\t\t\t<a href=\"https:\/\/www.solaal.org\/centre-val-de-loire\/2025\/12\/03\/operation-cueillette-solidaire-avec-les-jardins-de-meslay-37\/\" class=\"btn\"><i><\/i>En savoir +<\/a>\n\t\t\t\t\t<\/div>\n\t\t\t\t<\/div>\n\t\t\t\t\t\n\t\t\t\t<div class=\"list\">\n\t\t\t\t\t<div class=\"img\">\n\t\t\t\t\t\t<a href=\"https:\/\/www.solaal.org\/centre-val-de-loire\/2025\/09\/29\/inauguration-de-la-cueillette-solidaire-des-jardins-de-meslay-37\/\" style=\"background-image: url(https:\/\/www.solaal.org\/centre-val-de-loire\/wp-content\/uploads\/sites\/30\/2025\/10\/IMG_2992-300x200.jpg);\"><\/a>\n\t\t\t\t\t<\/div>\n\t\t\t\t\t<div class=\"text\">\n\t\t\t\t\t\t\t\t\t\t\t\t<span>actions-solidaires<\/span>\n\t\t\t\t\t\t\t\t\t\t\t\t<h3><a href=\"https:\/\/www.solaal.org\/centre-val-de-loire\/2025\/09\/29\/inauguration-de-la-cueillette-solidaire-des-jardins-de-meslay-37\/\">Inauguration de La cueillette solidaire des Jardins de Meslay (37)<\/a><\/h3>\n\t\t\t\t\t\t<a href=\"https:\/\/www.solaal.org\/centre-val-de-loire\/2025\/09\/29\/inauguration-de-la-cueillette-solidaire-des-jardins-de-meslay-37\/\" class=\"btn\"><i><\/i>En savoir +<\/a>\n\t\t\t\t\t<\/div>\n\t\t\t\t<\/div>\n\t\t\t\t\t\n\t\t\t\t<div class=\"list\">\n\t\t\t\t\t<div class=\"img\">\n\t\t\t\t\t\t<a href=\"https:\/\/www.solaal.org\/centre-val-de-loire\/2025\/06\/01\/lsdh-relance-loperation-lait-du-coeur\/\" style=\"background-image: url(https:\/\/www.solaal.org\/centre-val-de-loire\/wp-content\/uploads\/sites\/30\/2025\/10\/20250428_115446-225x300.jpg);\"><\/a>\n\t\t\t\t\t<\/div>\n\t\t\t\t\t<div class=\"text\">\n\t\t\t\t\t\t\t\t\t\t\t\t<span>Don agricole<\/span>\n\t\t\t\t\t\t\t\t\t\t\t\t<h3><a href=\"https:\/\/www.solaal.org\/centre-val-de-loire\/2025\/06\/01\/lsdh-relance-loperation-lait-du-coeur\/\">LSDH relance l&rsquo;op\u00e9ration Lait du C\u0153ur<\/a><\/h3>\n\t\t\t\t\t\t<a href=\"https:\/\/www.solaal.org\/centre-val-de-loire\/2025\/06\/01\/lsdh-relance-loperation-lait-du-coeur\/\" class=\"btn\"><i><\/i>En savoir +<\/a>\n\t\t\t\t\t<\/div>\n\t\t\t\t<\/div>\n\t\t\t\t\t\t\t<\/div>\n\t\t\t\t\t\t<div class=\"right\">\n\t\t\t\t\n\n\n\n\t\t\t<\/div>\n\t\t<\/div>\n\t<\/div>\n<\/section>\n\n\n<div style=\"height:100px\" aria-hidden=\"true\" class=\"wp-block-spacer\"><\/div>\n\n\n\n<section class=\"home-logo-slider not-h2\">\n\t\t<div class=\"home-logo-slider-box wowo fadeInUp\">\n\t\t\t<div class=\"title inner\">\n\t\t\t\t\t\t\t\t<h2 class=\"is-active\">Nos membres<\/h2>\n\t\t\t\t\t\t\t\t\t\t\t\t<h2>Nos partenaires solidaires<\/h2>\n\t\t\t\t\t\t\t<\/div>\n\t\t\t<div class=\"content-box\">\n\t\t\t\t<div class=\"content-box-box inner\">\n\t\t\t\t\t<div class=\"content-list\">\n\t\t\t\t\t\t<div class=\"content-list-box is-active\">\n\t\t\t\t\t\t\t<div class=\"content logos-slider\">\n\t\t\t\t\t\t\t\t\t\t\t\t\t\t\t\t\t\t\t\t\t\t\t\t<div class=\"block\">\n\t\t\t\t\t\t\t\t\t<div class=\"box\">\n\t\t\t\t\t\t\t\t\t\t\t\t\t\t\t\t\t\t\t\t\t\t\t\t\t\t\t\t\t\t\t\t\t\t<a href=\"https:\/\/www.tours-metropole.fr\/\"><img decoding=\"async\" src=\"https:\/\/www.solaal.org\/centre-val-de-loire\/wp-content\/uploads\/sites\/30\/2024\/05\/Tours-metropole-val-de-loire.2-300x300.jpg\" alt=\"\" \/><\/a>\n\t\t\t\t\t\t\t\t\t\t\t\t\t\t\t\t\t\t\t\t\t\t\t\t\n\t\t\t\t\t\t\t\t\t\t\t\t\t\t\t\t\t\t\t<\/div>\n\t\t\t\t\t\t\t\t<\/div>\n\t\t\t\t\t\t\t\t\n\t\t\t\t\t\t\t\t\t\t\t\t\t\t\t<div class=\"block\">\n\t\t\t\t\t\t\t\t\t<div class=\"box\">\n\t\t\t\t\t\t\t\t\t\t\t\t\t\t\t\t\t\t\t\t\t\t\t\t\t\t\t\t\t\t\t\t\t\t<a href=\"https:\/\/www.fnseacvl.com\/\"><img decoding=\"async\" src=\"https:\/\/www.solaal.org\/centre-val-de-loire\/wp-content\/uploads\/sites\/30\/2023\/09\/FNSEA-CVL-246x300.jpg\" alt=\"\" \/><\/a>\n\t\t\t\t\t\t\t\t\t\t\t\t\t\t\t\t\t\t\t\t\t\t\t\t\n\t\t\t\t\t\t\t\t\t\t\t\t\t\t\t\t\t\t\t<\/div>\n\t\t\t\t\t\t\t\t<\/div>\n\t\t\t\t\t\t\t\t\n\t\t\t\t\t\t\t\t\t\t\t\t\t\t\t<div class=\"block\">\n\t\t\t\t\t\t\t\t\t<div class=\"box\">\n\t\t\t\t\t\t\t\t\t\t\t\t\t\t\t\t\t\t\t\t\t\t\t\t\t\t\t\t\t\t\t\t\t\t<a href=\"https:\/\/jacvl.fr\/jacvl-syndicat-agricole\/\"><img decoding=\"async\" src=\"https:\/\/www.solaal.org\/centre-val-de-loire\/wp-content\/uploads\/sites\/30\/2023\/09\/JA_Centre-Val-de-Loire-300x280.jpg\" alt=\"\" \/><\/a>\n\t\t\t\t\t\t\t\t\t\t\t\t\t\t\t\t\t\t\t\t\t\t\t\t\n\t\t\t\t\t\t\t\t\t\t\t\t\t\t\t\t\t\t\t<\/div>\n\t\t\t\t\t\t\t\t<\/div>\n\t\t\t\t\t\t\t\t\n\t\t\t\t\t\t\t\t\t\t\t\t\t\t\t<div class=\"block\">\n\t\t\t\t\t\t\t\t\t<div class=\"box\">\n\t\t\t\t\t\t\t\t\t\t\t\t\t\t\t\t\t\t\t\t\t\t\t\t\t\t\t\t\t\t\t\t\t\t<a href=\"https:\/\/indre-et-loire.chambres-agriculture.fr\/\"><img decoding=\"async\" src=\"https:\/\/www.solaal.org\/centre-val-de-loire\/wp-content\/uploads\/sites\/30\/2023\/09\/CA_INDRE-ET-LOIRE_V_RVB-296x300.jpg\" alt=\"\" \/><\/a>\n\t\t\t\t\t\t\t\t\t\t\t\t\t\t\t\t\t\t\t\t\t\t\t\t\n\t\t\t\t\t\t\t\t\t\t\t\t\t\t\t\t\t\t\t<\/div>\n\t\t\t\t\t\t\t\t<\/div>\n\t\t\t\t\t\t\t\t\n\t\t\t\t\t\t\t\t\t\t\t\t\t\t\t<div class=\"block\">\n\t\t\t\t\t\t\t\t\t<div class=\"box\">\n\t\t\t\t\t\t\t\t\t\t\t\t\t\t\t\t\t\t\t\t\t\t\t\t\t\t\t\t\t\t\t\t\t\t<a href=\"https:\/\/centre-valdeloire.chambres-agriculture.fr\/\"><img decoding=\"async\" src=\"https:\/\/www.solaal.org\/centre-val-de-loire\/wp-content\/uploads\/sites\/30\/2023\/09\/CA_CENTRE-VAL-DE-LOIRE_V_RVB-296x300.jpg\" alt=\"\" \/><\/a>\n\t\t\t\t\t\t\t\t\t\t\t\t\t\t\t\t\t\t\t\t\t\t\t\t\n\t\t\t\t\t\t\t\t\t\t\t\t\t\t\t\t\t\t\t<\/div>\n\t\t\t\t\t\t\t\t<\/div>\n\t\t\t\t\t\t\t\t\n\t\t\t\t\t\t\t\t\t\t\t\t\t\t<\/div>\n\t\t\t\t\t\t<\/div>\n\t\t\t\t\t\t<div class=\"content-list-box\">\n\t\t\t\t\t\t\t<div class=\"content logos-slider\">\n\t\t\t\t\t\t\t\t\t\t\t\t\t\t\t\t\t\t\t\t\t\t\t\t<div class=\"block\">\n\t\t\t\t\t\t\t\t\t<div class=\"box\">\n\t\t\t\t\t\t\t\t\t\t\t\t\t\t\t\t\t\t\t\t\t\t\t\t\t\t\t\t\t\t\t\t\t\t<a href=\"https:\/\/fondation.edf.com\/\"><img decoding=\"async\" src=\"https:\/\/www.solaal.org\/centre-val-de-loire\/wp-content\/uploads\/sites\/30\/2025\/12\/Fondation-Groupe-EDF-300x129.jpg\" alt=\"\" \/><\/a>\n\t\t\t\t\t\t\t\t\t\t\t\t\t\t\t\t\t\t\t\t\t\t\t\t\n\t\t\t\t\t\t\t\t\t\t\t\t\t\t\t\t\t\t\t<\/div>\n\t\t\t\t\t\t\t\t<\/div>\n\t\t\t\t\t\t\t\t\n\t\t\t\t\t\t\t\t\t\t\t\t\t\t\t<div class=\"block\">\n\t\t\t\t\t\t\t\t\t<div class=\"box\">\n\t\t\t\t\t\t\t\t\t\t\t\t\t\t\t\t\t\t\t\t\t\t\t\t\t\t\t\t\t\t\t\t\t\t<a href=\"https:\/\/www.loiret.fr\/\"><img decoding=\"async\" src=\"https:\/\/www.solaal.org\/centre-val-de-loire\/wp-content\/uploads\/sites\/30\/2024\/05\/Departement-Loiret-300x120.jpeg\" alt=\"\" \/><\/a>\n\t\t\t\t\t\t\t\t\t\t\t\t\t\t\t\t\t\t\t\t\t\t\t\t\n\t\t\t\t\t\t\t\t\t\t\t\t\t\t\t\t\t\t\t<\/div>\n\t\t\t\t\t\t\t\t<\/div>\n\t\t\t\t\t\t\t\t\n\t\t\t\t\t\t\t\t\t\t\t\t\t\t\t<div class=\"block\">\n\t\t\t\t\t\t\t\t\t<div class=\"box\">\n\t\t\t\t\t\t\t\t\t\t\t\t\t\t\t\t\t\t\t\t\t\t\t\t\t\t\t\t\t\t\t\t\t\t<a href=\"https:\/\/www.departement18.fr\/\"><img decoding=\"async\" src=\"https:\/\/www.solaal.org\/centre-val-de-loire\/wp-content\/uploads\/sites\/30\/2025\/02\/logo_cher-300x188.png\" alt=\"\" \/><\/a>\n\t\t\t\t\t\t\t\t\t\t\t\t\t\t\t\t\t\t\t\t\t\t\t\t\n\t\t\t\t\t\t\t\t\t\t\t\t\t\t\t\t\t\t\t<\/div>\n\t\t\t\t\t\t\t\t<\/div>\n\t\t\t\t\t\t\t\t\n\t\t\t\t\t\t\t\t\t\t\t\t\t\t\t<div class=\"block\">\n\t\t\t\t\t\t\t\t\t<div class=\"box\">\n\t\t\t\t\t\t\t\t\t\t\t\t\t\t\t\t\t\t\t\t\t\t\t\t\t\t\t\t\t\t\t\t\t\t<a href=\"https:\/\/www.departement41.fr\/\"><img decoding=\"async\" src=\"https:\/\/www.solaal.org\/centre-val-de-loire\/wp-content\/uploads\/sites\/30\/2023\/09\/VT_QUAD_LOIR_CHER_logo-228x300.png\" alt=\"\" \/><\/a>\n\t\t\t\t\t\t\t\t\t\t\t\t\t\t\t\t\t\t\t\t\t\t\t\t\n\t\t\t\t\t\t\t\t\t\t\t\t\t\t\t\t\t\t\t<\/div>\n\t\t\t\t\t\t\t\t<\/div>\n\t\t\t\t\t\t\t\t\n\t\t\t\t\t\t\t\t\t\t\t\t\t\t\t<div class=\"block\">\n\t\t\t\t\t\t\t\t\t<div class=\"box\">\n\t\t\t\t\t\t\t\t\t\t\t\t\t\t\t\t\t\t\t\t\t\t\t\t\t\t\t\t\t\t\t\t\t\t<a href=\"https:\/\/www.touraine.fr\/\"><img decoding=\"async\" src=\"https:\/\/www.solaal.org\/centre-val-de-loire\/wp-content\/uploads\/sites\/30\/2023\/09\/logo_touraine_dpt_bleu-1-300x57.png\" alt=\"\" \/><\/a>\n\t\t\t\t\t\t\t\t\t\t\t\t\t\t\t\t\t\t\t\t\t\t\t\t\n\t\t\t\t\t\t\t\t\t\t\t\t\t\t\t\t\t\t\t<\/div>\n\t\t\t\t\t\t\t\t<\/div>\n\t\t\t\t\t\t\t\t\n\t\t\t\t\t\t\t\t\t\t\t\t\t\t\t<div class=\"block\">\n\t\t\t\t\t\t\t\t\t<div class=\"box\">\n\t\t\t\t\t\t\t\t\t\t\t\t\t\t\t\t\t\t\t\t\t\t\t\t\t\t\t\t\t\t\t\t\t\t<a href=\"https:\/\/www.fondation-macif.org\/\"><img decoding=\"async\" src=\"https:\/\/www.solaal.org\/centre-val-de-loire\/wp-content\/uploads\/sites\/30\/2023\/09\/fondation-macif-300x142.png\" alt=\"\" \/><\/a>\n\t\t\t\t\t\t\t\t\t\t\t\t\t\t\t\t\t\t\t\t\t\t\t\t\n\t\t\t\t\t\t\t\t\t\t\t\t\t\t\t\t\t\t\t<\/div>\n\t\t\t\t\t\t\t\t<\/div>\n\t\t\t\t\t\t\t\t\n\t\t\t\t\t\t\t\t\t\t\t\t\t\t\t<div class=\"block\">\n\t\t\t\t\t\t\t\t\t<div class=\"box\">\n\t\t\t\t\t\t\t\t\t\t\t\t\t\t\t\t\t\t\t\t\t\t\t\t\t\t\t\t\t\t\t\t\t\t<a href=\"https:\/\/centre-val-de-loire.dreets.gouv.fr\/\"><img decoding=\"async\" src=\"https:\/\/www.solaal.org\/centre-val-de-loire\/wp-content\/uploads\/sites\/30\/2023\/09\/DREETS-300x140.jpg\" alt=\"\" \/><\/a>\n\t\t\t\t\t\t\t\t\t\t\t\t\t\t\t\t\t\t\t\t\t\t\t\t\n\t\t\t\t\t\t\t\t\t\t\t\t\t\t\t\t\t\t\t<\/div>\n\t\t\t\t\t\t\t\t<\/div>\n\t\t\t\t\t\t\t\t\n\t\t\t\t\t\t\t\t\t\t\t\t\t\t\t<div class=\"block\">\n\t\t\t\t\t\t\t\t\t<div class=\"box\">\n\t\t\t\t\t\t\t\t\t\t\t\t\t\t\t\t\t\t\t\t\t\t\t\t\t\t\t\t\t\t\t\t\t\t<a href=\"https:\/\/bcl.msa.fr\/lfp\"><img decoding=\"async\" src=\"https:\/\/www.solaal.org\/centre-val-de-loire\/wp-content\/uploads\/sites\/30\/2025\/04\/MSA-300x140.png\" alt=\"\" \/><\/a>\n\t\t\t\t\t\t\t\t\t\t\t\t\t\t\t\t\t\t\t\t\t\t\t\t\n\t\t\t\t\t\t\t\t\t\t\t\t\t\t\t\t\t\t\t<\/div>\n\t\t\t\t\t\t\t\t<\/div>\n\t\t\t\t\t\t\t\t\n\t\t\t\t\t\t\t\t\t\t\t\t\t\t\t<div class=\"block\">\n\t\t\t\t\t\t\t\t\t<div class=\"box\">\n\t\t\t\t\t\t\t\t\t\t\t\t\t\t\t\t\t\t\t\t\t\t\t\t\t\t\t\t\t\t\t\t\t\t<a href=\"https:\/\/berry-touraine.msa.fr\/lfp\"><img decoding=\"async\" src=\"https:\/\/www.solaal.org\/centre-val-de-loire\/wp-content\/uploads\/sites\/30\/2025\/04\/MSA-300x140.png\" alt=\"\" \/><\/a>\n\t\t\t\t\t\t\t\t\t\t\t\t\t\t\t\t\t\t\t\t\t\t\t\t\n\t\t\t\t\t\t\t\t\t\t\t\t\t\t\t\t\t\t\t<\/div>\n\t\t\t\t\t\t\t\t<\/div>\n\t\t\t\t\t\t\t\t\n\t\t\t\t\t\t\t\t\t\t\t\t\t\t\t<div class=\"block\">\n\t\t\t\t\t\t\t\t\t<div class=\"box\">\n\t\t\t\t\t\t\t\t\t\t\t\t\t\t\t\t\t\t\t\t\t<img decoding=\"async\" src=\"https:\/\/www.solaal.org\/centre-val-de-loire\/wp-content\/uploads\/sites\/30\/2024\/03\/CAVDF-auCoeurDelAction-QUADRI-webFondTransparent-300x214.png\" alt=\"\" \/>\n\t\t\t\t\t\t\t\t\t\t\t\t\t\t\t\t\t\t\t<\/div>\n\t\t\t\t\t\t\t\t<\/div>\n\t\t\t\t\t\t\t\t\n\t\t\t\t\t\t\t\t\t\t\t\t\t\t\t<div class=\"block\">\n\t\t\t\t\t\t\t\t\t<div class=\"box\">\n\t\t\t\t\t\t\t\t\t\t\t\t\t\t\t\t\t\t\t\t\t<img decoding=\"async\" src=\"https:\/\/www.solaal.org\/centre-val-de-loire\/wp-content\/uploads\/sites\/30\/2024\/03\/Logo-standard-Centre-Ouest-300x234.png\" alt=\"\" \/>\n\t\t\t\t\t\t\t\t\t\t\t\t\t\t\t\t\t\t\t<\/div>\n\t\t\t\t\t\t\t\t<\/div>\n\t\t\t\t\t\t\t\t\n\t\t\t\t\t\t\t\t\t\t\t\t\t\t\t<div class=\"block\">\n\t\t\t\t\t\t\t\t\t<div class=\"box\">\n\t\t\t\t\t\t\t\t\t\t\t\t\t\t\t\t\t\t\t\t\t<img decoding=\"async\" src=\"https:\/\/www.solaal.org\/centre-val-de-loire\/wp-content\/uploads\/sites\/30\/2024\/03\/CENTRE-LOIRE-LOGO.jpg\" alt=\"\" \/>\n\t\t\t\t\t\t\t\t\t\t\t\t\t\t\t\t\t\t\t<\/div>\n\t\t\t\t\t\t\t\t<\/div>\n\t\t\t\t\t\t\t\t\n\t\t\t\t\t\t\t\t\t\t\t\t\t\t\t<div class=\"block\">\n\t\t\t\t\t\t\t\t\t<div class=\"box\">\n\t\t\t\t\t\t\t\t\t\t\t\t\t\t\t\t\t\t\t\t\t<img decoding=\"async\" src=\"https:\/\/www.solaal.org\/centre-val-de-loire\/wp-content\/uploads\/sites\/30\/2024\/03\/ca-TourainePoit-v-rvb-1-300x254.jpg\" alt=\"\" \/>\n\t\t\t\t\t\t\t\t\t\t\t\t\t\t\t\t\t\t\t<\/div>\n\t\t\t\t\t\t\t\t<\/div>\n\t\t\t\t\t\t\t\t\n\t\t\t\t\t\t\t\t\t\t\t\t\t\t\t<div class=\"block\">\n\t\t\t\t\t\t\t\t\t<div class=\"box\">\n\t\t\t\t\t\t\t\t\t\t\t\t\t\t\t\t\t\t\t\t\t\t\t\t\t\t\t\t\t\t\t\t\t\t<a href=\"https:\/\/www.ademe.fr\/\"><img decoding=\"async\" src=\"https:\/\/www.solaal.org\/centre-val-de-loire\/wp-content\/uploads\/sites\/30\/2024\/03\/ADEME-300x148.png\" alt=\"\" \/><\/a>\n\t\t\t\t\t\t\t\t\t\t\t\t\t\t\t\t\t\t\t\t\t\t\t\t\n\t\t\t\t\t\t\t\t\t\t\t\t\t\t\t\t\t\t\t<\/div>\n\t\t\t\t\t\t\t\t<\/div>\n\t\t\t\t\t\t\t\t\n\t\t\t\t\t\t\t\t\t\t\t\t\t\t<\/div>\n\t\t\t\t\t\t<\/div>\n\t\t\t\t\t<\/div>\n\t\t\t\t\t\n\n\n\t\t\t\t<\/div>\n\t\t\t<\/div>\n\t\t\t\n\t\t\t<div class=\"links\">\n\t\t\t\t\t\t\t\t<a  class=\"btn btn-b\" href=\"https:\/\/www.solaal.org\/centre-val-de-loire\/decouvrez-lassociation\/nos-membres\/\" target=\"_self\"><i><\/i>Nos membres<\/a>\n\t\t\t\t\t\t\t\t<a  class=\"btn btn-b\" href=\"https:\/\/www.solaal.org\/centre-val-de-loire\/decouvrez-lassociation\/partenaires-solidaires\/\" target=\"_self\"><i><\/i>Nos partenaires solidaires<\/a>\n\t\t\t\t\t\t\t<\/div>\n\t\t<\/div>\n\t<\/section>\n\n\n\t<section class=\"home-alimentaire not-h2\">\n\t\t<div class=\"home-alimentaire-box inner fadeInUp\">\n\t\t\t<a class=\"content\" href=\"https:\/\/dons.solaal.org\/\" target=\"_blank\">\n\t\t\t\t<div class=\"img-p\">\n\t\t\t\t\t<img decoding=\"async\" src=\"https:\/\/www.solaal.org\/centre-val-de-loire\/wp-content\/uploads\/sites\/30\/2022\/05\/16.png\" alt=\"\" class=\"desktop\">\n\t\t\t\t\t<img decoding=\"async\" src=\"https:\/\/www.solaal.org\/centre-val-de-loire\/wp-content\/uploads\/sites\/30\/2022\/05\/17.png\" alt=\"\" class=\"mobile\">\n\t\t\t\t<\/div>\n\t\t\t\t<div class=\"text\">\n\t\t\t\t\t<h2>Anti-gaspillage alimentaire<\/h2>\n\t\t\t\t\t<h3>Vous avez des produits \u00e0 donner ?<\/h3>\n\t\t\t\t<\/div>\n\t\t\t\t<div class=\"img\">\n\t\t\t\t\t<div class=\"badge-svg\">\n\t\t\t\t\t\t<img decoding=\"async\" src=\"https:\/\/www.solaal.org\/centre-val-de-loire\/wp-content\/uploads\/sites\/30\/2022\/05\/15-1.svg\" alt=\"\" \/>\n\t\t\t\t\t<\/div>\n\t\t\t\t<\/div>\n\t\t\t<\/a>\n\t\t\t<div class=\"links\">\n\t\t\t\t\t\t\t\t<a  class=\"btn btn-b btn-button\" href=\"https:\/\/dons.solaal.org\/\" target=\"_blank\"><i><\/i>Faire un don en ligne<\/a>\n\t\t\t\t\t\t\t\t<a  class=\"btn btn-b \" href=\"https:\/\/www.solaal.org\/centre-val-de-loire\/contact\/\" target=\"_self\"><i><\/i>Contactez-nous<\/a>\n\t\t\t\t\t\t\t<\/div>\n\t\t<\/div>\n\t<\/section>","protected":false},"excerpt":{"rendered":"","protected":false},"author":1,"featured_media":0,"parent":0,"menu_order":1,"comment_status":"closed","ping_status":"closed","template":"","meta":{"_acf_changed":false,"inline_featured_image":false,"footnotes":""},"class_list":["post-420","page","type-page","status-publish","hentry"],"acf":[],"_links":{"self":[{"href":"https:\/\/www.solaal.org\/centre-val-de-loire\/wp-json\/wp\/v2\/pages\/420","targetHints":{"allow":["GET"]}}],"collection":[{"href":"https:\/\/www.solaal.org\/centre-val-de-loire\/wp-json\/wp\/v2\/pages"}],"about":[{"href":"https:\/\/www.solaal.org\/centre-val-de-loire\/wp-json\/wp\/v2\/types\/page"}],"author":[{"embeddable":true,"href":"https:\/\/www.solaal.org\/centre-val-de-loire\/wp-json\/wp\/v2\/users\/1"}],"replies":[{"embeddable":true,"href":"https:\/\/www.solaal.org\/centre-val-de-loire\/wp-json\/wp\/v2\/comments?post=420"}],"version-history":[{"count":156,"href":"https:\/\/www.solaal.org\/centre-val-de-loire\/wp-json\/wp\/v2\/pages\/420\/revisions"}],"predecessor-version":[{"id":1380,"href":"https:\/\/www.solaal.org\/centre-val-de-loire\/wp-json\/wp\/v2\/pages\/420\/revisions\/1380"}],"wp:attachment":[{"href":"https:\/\/www.solaal.org\/centre-val-de-loire\/wp-json\/wp\/v2\/media?parent=420"}],"curies":[{"name":"wp","href":"https:\/\/api.w.org\/{rel}","templated":true}]}}