{"id":895,"date":"2022-09-12T19:07:38","date_gmt":"2022-09-12T17:07:38","guid":{"rendered":"https:\/\/www.solaal.org\/bretagne\/?page_id=895"},"modified":"2022-09-12T19:09:31","modified_gmt":"2022-09-12T17:09:31","slug":"a-qui-donner","status":"publish","type":"page","link":"https:\/\/www.solaal.org\/bretagne\/vous-souhaitez-faire-un-don\/a-qui-donner\/","title":{"rendered":"A qui donner ?"},"content":{"rendered":"\n<p style=\"font-size:18px\">SOLAAL facilite l&rsquo;organisation des dons des entreprises agricoles et agroalimentaires \u00e0 destination des associations d&rsquo;aide alimentaire. Nous travaillons principalement avec les associations ayant une <strong>habilitation nationale<\/strong>. <\/p>\n\n\n\n<section class=\"wp-block-title-c\">\n\t<h2>A qui sont donn\u00e9s les produits ? <\/h2>\n<\/section>\n\n\n<p style=\"font-size:18px\">SOLAAL vous met en relation avec des associations d&rsquo;aide alimentaire ayant une <strong>habilitation nationale<\/strong>. Nous comptons en France 18 associations ayant une habilitation nationale, pour les Pays de la Loire 11 structures ont une ou plusieurs antennes sur notre r\u00e9gion. <br>Les associations d&rsquo;aide alimentaire redistribuent ensuite les produits aux personnes qui se sont inscrites aupr\u00e8s de leur association. <br><strong>Le saviez-vous ? <\/strong><br>Toutes les personnes accueillies \u00e0 l&rsquo;aide alimentaire sont accompagn\u00e9es pour construire leur projet social ou professionnel. L&rsquo;aide alimentaire est un tremplin pour rebondir sur une situation plus confortable pour les personnes accueillies.<\/p>\n\n\n\n<section class=\"wp-block-title-c\">\n\t<h2>Je souhaite donner, ai-je le droit \u00e0 une r\u00e9duction d&rsquo;imp\u00f4ts ?<\/h2>\n<\/section>\n\n\n<p style=\"font-size:18px\">Les entreprises agricoles ou agroalimentaires sont consid\u00e9r\u00e9es comme des donateurs lorsqu&rsquo;ils donnent une partie de leur production. Le don offre le droit \u00e0 une r\u00e9duction d&rsquo;imp\u00f4ts \u00e0 hauteur de 60% dans la limite de 20 000\u20ac du chiffre d&rsquo;affaires ou 0.5% de votre chiffre d&rsquo;affaires. <\/p>\n\n\n\n<div class=\"wp-block-buttons is-layout-flex wp-block-buttons-is-layout-flex\">\n<div class=\"wp-block-button\"><a class=\"wp-block-button__link\" href=\"https:\/\/www.solaal.org\/du-nouveau-sur-la-reduction-dimpot-des-dons-%ef%bf%bc\/\">Pour en savoir plus<\/a><\/div>\n<\/div>\n\n\n\n\t<section class=\"home-alimentaire not-h2\">\n\t\t<div class=\"home-alimentaire-box inner fadeInUp\">\n\t\t\t<a class=\"content\" href=\"http:\/\/www.dons.solaal.org\" target=\"_blank\">\n\t\t\t\t<div class=\"img-p\">\n\t\t\t\t\t<img decoding=\"async\" src=\"https:\/\/www.solaal.org\/bretagne\/wp-content\/uploads\/sites\/28\/2022\/05\/17.png\" alt=\"\" class=\"desktop\">\n\t\t\t\t\t<img decoding=\"async\" src=\"https:\/\/www.solaal.org\/bretagne\/wp-content\/uploads\/sites\/28\/2022\/05\/16.png\" alt=\"\" class=\"mobile\">\n\t\t\t\t<\/div>\n\t\t\t\t<div class=\"text\">\n\t\t\t\t\t<h2>Anti-gaspillage alimentaire<\/h2>\n\t\t\t\t\t<h3>Vous avez des produits \u00e0 donner ? <\/h3>\n\t\t\t\t<\/div>\n\t\t\t\t<div class=\"img\">\n\t\t\t\t\t<div class=\"badge-svg\">\n\t\t\t\t\t\t<img decoding=\"async\" src=\"https:\/\/www.solaal.org\/bretagne\/wp-content\/uploads\/sites\/28\/2022\/05\/9.svg\" alt=\"\" \/>\n\t\t\t\t\t<\/div>\n\t\t\t\t<\/div>\n\t\t\t<\/a>\n\t\t\t<div class=\"links\">\n\t\t\t\t\t\t\t\t<a  class=\"btn btn-b btn-button\" href=\"http:\/\/www.dons.solaal.org\" target=\"_blank\"><i><\/i>Faire un don en ligne<\/a>\n\t\t\t\t\t\t\t\t<a  class=\"btn btn-b \" href=\"https:\/\/www.solaal.org\/bretagne\/contact\/\" target=\"_blank\"><i><\/i>Contactez-nous ! <\/a>\n\t\t\t\t\t\t\t<\/div>\n\t\t<\/div>\n\t<\/section>","protected":false},"excerpt":{"rendered":"<p>SOLAAL facilite l&rsquo;organisation des dons des entreprises agricoles et agroalimentaires \u00e0 destination des associations d&rsquo;aide alimentaire. Nous travaillons principalement avec les associations ayant une habilitation nationale. SOLAAL vous met en relation avec des associations d&rsquo;aide alimentaire ayant une habilitation nationale. Nous comptons en France 18 associations ayant une habilitation nationale, pour les Pays de la [&hellip;]<\/p>\n","protected":false},"author":2,"featured_media":0,"parent":449,"menu_order":2,"comment_status":"closed","ping_status":"closed","template":"","meta":{"_acf_changed":false,"inline_featured_image":false,"footnotes":""},"class_list":["post-895","page","type-page","status-publish","hentry"],"acf":[],"_links":{"self":[{"href":"https:\/\/www.solaal.org\/bretagne\/wp-json\/wp\/v2\/pages\/895","targetHints":{"allow":["GET"]}}],"collection":[{"href":"https:\/\/www.solaal.org\/bretagne\/wp-json\/wp\/v2\/pages"}],"about":[{"href":"https:\/\/www.solaal.org\/bretagne\/wp-json\/wp\/v2\/types\/page"}],"author":[{"embeddable":true,"href":"https:\/\/www.solaal.org\/bretagne\/wp-json\/wp\/v2\/users\/2"}],"replies":[{"embeddable":true,"href":"https:\/\/www.solaal.org\/bretagne\/wp-json\/wp\/v2\/comments?post=895"}],"version-history":[{"count":4,"href":"https:\/\/www.solaal.org\/bretagne\/wp-json\/wp\/v2\/pages\/895\/revisions"}],"predecessor-version":[{"id":899,"href":"https:\/\/www.solaal.org\/bretagne\/wp-json\/wp\/v2\/pages\/895\/revisions\/899"}],"up":[{"embeddable":true,"href":"https:\/\/www.solaal.org\/bretagne\/wp-json\/wp\/v2\/pages\/449"}],"wp:attachment":[{"href":"https:\/\/www.solaal.org\/bretagne\/wp-json\/wp\/v2\/media?parent=895"}],"curies":[{"name":"wp","href":"https:\/\/api.w.org\/{rel}","templated":true}]}}