{"id":816,"date":"2022-08-26T09:39:56","date_gmt":"2022-08-26T07:39:56","guid":{"rendered":"https:\/\/www.solaal.org\/bretagne\/?page_id=816"},"modified":"2022-11-16T08:33:10","modified_gmt":"2022-11-16T07:33:10","slug":"a-propos-de-solaal-bretagne-2","status":"publish","type":"page","link":"https:\/\/www.solaal.org\/bretagne\/a-propos-de-solaal-bretagne-2\/","title":{"rendered":"\u00c0 propos de SOLAAL Bretagne"},"content":{"rendered":"\n<p><\/p>\n\n\n\n<p class=\"has-medium-font-size\"><strong><br>SOLidarit\u00e9 des producteurs Agricoles et des fili\u00e8res ALimentaires en Bretagne<\/strong><\/p>\n\n\n\n<p><strong>L\u2019antenne r\u00e9gionale de SOLAAL s\u2019est constitu\u00e9e en une association reconnue d\u2019int\u00e9r\u00eat g\u00e9n\u00e9ral en fin d\u2019ann\u00e9e 2021.<\/strong><\/p>\n\n\n\n<p><strong>SOLAAL Bretagne se positionne comme un maillon facilitateur entre les donateurs du monde agricole (exploitants, coop\u00e9ratives agricoles, industries agroalimentaires) et les associations d\u2019aide alimentaire habilit\u00e9es. <\/strong><\/p>\n\n\n\n<p><strong>Elle a pour ambition d\u2019aider gratuitement, sur tout le territoire breton, au d\u00e9veloppement des dons en nature, dans un souci de r\u00e9duction du gaspillage alimentaire et ainsi de veiller \u00e0 l\u2019\u00e9quilibre nutritionnel des b\u00e9n\u00e9ficiaires.<\/strong><\/p>\n\n\n\n<p class=\"has-medium-font-size\"><br><strong>SOLAAL est n\u00e9e en 2013 de l\u2019id\u00e9e d\u2019un homme visionnaire, Jean-Michel LEM\u00c9TAYER<\/strong>.<\/p>\n\n\n\n<blockquote class=\"wp-block-quote is-layout-flow wp-block-quote-is-layout-flow\"><p>JE NE SUPPORTE PAS DE VOIR LES GENS QUI NE MANGENT PAS \u00c0 LEUR FAIM DANS MON PAYS.<\/p><cite>Jean-Michel LEM\u00c9TAYER<br>Fondateur et premier Pr\u00e9sident de SOLAAL<\/cite><\/blockquote>\n\n\n\n<section class=\"wp-block-title-c\">\n\t<h2>UN RAYONNEMENT LOCAL<\/h2>\n<\/section>\n\n\n<p>Le r\u00f4le de SOLAAL est de&nbsp;<strong>renforcer&nbsp;<\/strong>et de&nbsp;<strong>compl\u00e9ter&nbsp;<\/strong>l\u2019existant au niveau national et local. La cr\u00e9ation d\u2019une antenne r\u00e9gionale en Bretagne a permis de faire conna\u00eetre son service au plus grand nombre et de d\u00e9velopper des projets innovants et locaux, tels que les&nbsp;<strong>glanages solidaires<\/strong>.<\/p>\n\n\n\n<p>Nous travaillons main dans la main avec les associations d\u2019aide alimentaire pr\u00e9sentes en R\u00e9gion. Nous leur proposons un&nbsp;<strong>approvisionnement<\/strong>&nbsp;suppl\u00e9mentaire et diversifi\u00e9 en produits frais (viandes, l\u00e9gumes, fruits, produits laitiers \u2026).<\/p>\n\n\n\n<p>Nous proposons au donateur, qui manque de temps, de se charger d\u2019<strong>organiser la r\u00e9cup\u00e9ration<\/strong>&nbsp;de ses produits invendus par les associations locales.<\/p>\n\n\n\n<section class=\"wp-block-title-c\">\n\t<h2>Un r\u00e9seau national<\/h2>\n<\/section>\n\n\n<figure class=\"wp-block-image size-large is-resized\"><img loading=\"lazy\" decoding=\"async\" src=\"https:\/\/www.solaal.org\/bretagne\/wp-content\/uploads\/sites\/28\/2022\/11\/SOLAAL_en_region_2022-724x1024.png\" alt=\"\" class=\"wp-image-1008\" width=\"543\" height=\"768\" srcset=\"https:\/\/www.solaal.org\/bretagne\/wp-content\/uploads\/sites\/28\/2022\/11\/SOLAAL_en_region_2022-724x1024.png 724w, https:\/\/www.solaal.org\/bretagne\/wp-content\/uploads\/sites\/28\/2022\/11\/SOLAAL_en_region_2022-212x300.png 212w, https:\/\/www.solaal.org\/bretagne\/wp-content\/uploads\/sites\/28\/2022\/11\/SOLAAL_en_region_2022-768x1087.png 768w, https:\/\/www.solaal.org\/bretagne\/wp-content\/uploads\/sites\/28\/2022\/11\/SOLAAL_en_region_2022.png 848w\" sizes=\"auto, (max-width: 543px) 100vw, 543px\" \/><\/figure>\n\n\n\n<section class=\"wp-block-title-c\">\n\t<h2>Nos valeurs et notre vision<\/h2>\n<\/section>\n\n\n<figure class=\"wp-block-image is-resized\"><img loading=\"lazy\" decoding=\"async\" src=\"https:\/\/www.solaal.org\/hauts-de-france\/wp-content\/uploads\/sites\/18\/2022\/08\/valeurs-1024x550.png\" alt=\"\" class=\"wp-image-1879\" width=\"768\" height=\"413\" \/><\/figure>\n\n\n\n<figure class=\"wp-block-image is-resized\"><img loading=\"lazy\" decoding=\"async\" src=\"https:\/\/www.solaal.org\/hauts-de-france\/wp-content\/uploads\/sites\/18\/2022\/08\/vision.png\" alt=\"\" class=\"wp-image-1880\" width=\"748\" height=\"230\" \/><\/figure>\n","protected":false},"excerpt":{"rendered":"<p>SOLidarit\u00e9 des producteurs Agricoles et des fili\u00e8res ALimentaires en Bretagne L\u2019antenne r\u00e9gionale de SOLAAL s\u2019est constitu\u00e9e en une association reconnue d\u2019int\u00e9r\u00eat g\u00e9n\u00e9ral en fin d\u2019ann\u00e9e 2021. SOLAAL Bretagne se positionne comme un maillon facilitateur entre les donateurs du monde agricole (exploitants, coop\u00e9ratives agricoles, industries agroalimentaires) et les associations d\u2019aide alimentaire habilit\u00e9es. Elle a pour ambition [&hellip;]<\/p>\n","protected":false},"author":18,"featured_media":0,"parent":0,"menu_order":10,"comment_status":"closed","ping_status":"closed","template":"","meta":{"_acf_changed":false,"inline_featured_image":false,"footnotes":""},"class_list":["post-816","page","type-page","status-publish","hentry"],"acf":[],"_links":{"self":[{"href":"https:\/\/www.solaal.org\/bretagne\/wp-json\/wp\/v2\/pages\/816","targetHints":{"allow":["GET"]}}],"collection":[{"href":"https:\/\/www.solaal.org\/bretagne\/wp-json\/wp\/v2\/pages"}],"about":[{"href":"https:\/\/www.solaal.org\/bretagne\/wp-json\/wp\/v2\/types\/page"}],"author":[{"embeddable":true,"href":"https:\/\/www.solaal.org\/bretagne\/wp-json\/wp\/v2\/users\/18"}],"replies":[{"embeddable":true,"href":"https:\/\/www.solaal.org\/bretagne\/wp-json\/wp\/v2\/comments?post=816"}],"version-history":[{"count":3,"href":"https:\/\/www.solaal.org\/bretagne\/wp-json\/wp\/v2\/pages\/816\/revisions"}],"predecessor-version":[{"id":1010,"href":"https:\/\/www.solaal.org\/bretagne\/wp-json\/wp\/v2\/pages\/816\/revisions\/1010"}],"wp:attachment":[{"href":"https:\/\/www.solaal.org\/bretagne\/wp-json\/wp\/v2\/media?parent=816"}],"curies":[{"name":"wp","href":"https:\/\/api.w.org\/{rel}","templated":true}]}}