{"id":767,"date":"2022-08-24T16:07:19","date_gmt":"2022-08-24T14:07:19","guid":{"rendered":"https:\/\/www.solaal.org\/bretagne\/?page_id=767"},"modified":"2022-08-26T15:37:29","modified_gmt":"2022-08-26T13:37:29","slug":"le-glanage-solidaire","status":"publish","type":"page","link":"https:\/\/www.solaal.org\/bretagne\/le-glanage-solidaire\/","title":{"rendered":"Le glanage solidaire"},"content":{"rendered":"\n<p><\/p>\n\n\n\n<p>SOLAAL Bretagne en partenariat avec les associations d&rsquo;aide alimentaire, les \u00e9tablissements agricoles organisent des <strong>op\u00e9rations de glanage solidaire<\/strong>. <br>Vous \u00eates producteur, il vous reste des produits au champ que vous ne pourrez pas commercialiser (pour des raisons de calibrage, ou un probl\u00e8me technique), sachez que vous pouvez organiser <strong>une action de solidarit\u00e9<\/strong>. <\/p>\n\n\n\n<h3 class=\"wp-block-heading\">Qu&rsquo;est-ce que le glanage solidaire ? <\/h3>\n\n\n\n<p class=\"has-medium-font-size\">Le temps d&rsquo;une matin\u00e9e, d&rsquo;une journ\u00e9e, un producteur met \u00e0 disposition sa parcelle aux b\u00e9n\u00e9voles des associations d&rsquo;aide alimentaire afin qu&rsquo;ils puissent r\u00e9colter les produits laisser au champ. Ces produits sont ensuite achemin\u00e9s aupr\u00e8s des entrep\u00f4ts des associations pour \u00eatre redistribu\u00e9s. <\/p>\n\n\n\n<h3 class=\"wp-block-heading\">Qui peut intervenir lors d&rsquo;un glanage ?<\/h3>\n\n\n\n<p class=\"has-medium-font-size\">Chacun peut trouver sa place dans une op\u00e9ration de glanage, <\/p>\n\n\n\n<ul class=\"has-medium-font-size wp-block-list\"><li><strong>les producteurs<\/strong> \u00e9videmment pour la mise \u00e0 disposition de leur parcelle, pour expliquer leur production et comment elle se r\u00e9colte pour \u00e9viter qu&rsquo;elle s&rsquo;ab\u00eeme. <\/li><li><strong>les associations d&rsquo;aide alimentaire<\/strong> : les b\u00e9n\u00e9voles et les personnes accueillies dans ces associations peuvent venir r\u00e9colter, glaner les produits laiss\u00e9s aux champs.<\/li><li><strong>les \u00e9tablissements agricoles<\/strong> : vous aussi engagez vos \u00e9tablissements agricoles et notamment les \u00e9tudiants qui sont de futurs install\u00e9s agricoles ou de futurs salari\u00e9s agricoles. C&rsquo;est l&rsquo;occasion de faire une journ\u00e9e d&rsquo;int\u00e9gration autour de valeurs humaines. <\/li><li><strong>les collectivit\u00e9s locales : <\/strong>en mobilisant les acteurs de votre territoire vous pouvez prendre part \u00e0 cette action de solidarit\u00e9 organis\u00e9e sur votre territoire.<\/li><\/ul>\n\n\n\n<h3 class=\"wp-block-heading\">Je souhaite organiser un glanage comment je fais ? <\/h3>\n\n\n\n<p class=\"has-medium-font-size\">Vous \u00eates au bon endroit, prenez contact avec nous et on s&rsquo;occupe ensemble de construire cette belle action de solidarit\u00e9 ! <\/p>\n\n\n\n<figure class=\"wp-block-gallery has-nested-images columns-default is-cropped wp-block-gallery-1 is-layout-flex wp-block-gallery-is-layout-flex\">\n<figure class=\"wp-block-image size-large\"><img loading=\"lazy\" decoding=\"async\" width=\"768\" height=\"1024\" data-id=\"851\" src=\"https:\/\/www.solaal.org\/bretagne\/wp-content\/uploads\/sites\/28\/2022\/08\/IMG_E9163-768x1024.jpg\" alt=\"\" class=\"wp-image-851\" srcset=\"https:\/\/www.solaal.org\/bretagne\/wp-content\/uploads\/sites\/28\/2022\/08\/IMG_E9163-768x1024.jpg 768w, https:\/\/www.solaal.org\/bretagne\/wp-content\/uploads\/sites\/28\/2022\/08\/IMG_E9163-225x300.jpg 225w, https:\/\/www.solaal.org\/bretagne\/wp-content\/uploads\/sites\/28\/2022\/08\/IMG_E9163.jpg 900w\" sizes=\"auto, (max-width: 768px) 100vw, 768px\" \/><figcaption>Glanage de pommes de terre<\/figcaption><\/figure>\n\n\n\n<figure class=\"wp-block-image size-large\"><img loading=\"lazy\" decoding=\"async\" width=\"768\" height=\"1024\" data-id=\"789\" src=\"https:\/\/www.solaal.org\/bretagne\/wp-content\/uploads\/sites\/28\/2022\/08\/IMG_9525-768x1024.jpg\" alt=\"\" class=\"wp-image-789\" srcset=\"https:\/\/www.solaal.org\/bretagne\/wp-content\/uploads\/sites\/28\/2022\/08\/IMG_9525-768x1024.jpg 768w, https:\/\/www.solaal.org\/bretagne\/wp-content\/uploads\/sites\/28\/2022\/08\/IMG_9525-225x300.jpg 225w, https:\/\/www.solaal.org\/bretagne\/wp-content\/uploads\/sites\/28\/2022\/08\/IMG_9525-rotated.jpg 900w\" sizes=\"auto, (max-width: 768px) 100vw, 768px\" \/><figcaption>Glanage de poireaux<\/figcaption><\/figure>\n\n\n\n<figure class=\"wp-block-image size-large\"><img loading=\"lazy\" decoding=\"async\" width=\"1024\" height=\"1024\" data-id=\"783\" src=\"https:\/\/www.solaal.org\/bretagne\/wp-content\/uploads\/sites\/28\/2022\/08\/WhatsApp-Image-2022-04-28-at-09.28.03-3-1024x1024.jpeg\" alt=\"\" class=\"wp-image-783\" srcset=\"https:\/\/www.solaal.org\/bretagne\/wp-content\/uploads\/sites\/28\/2022\/08\/WhatsApp-Image-2022-04-28-at-09.28.03-3.jpeg 1024w, https:\/\/www.solaal.org\/bretagne\/wp-content\/uploads\/sites\/28\/2022\/08\/WhatsApp-Image-2022-04-28-at-09.28.03-3-300x300.jpeg 300w, https:\/\/www.solaal.org\/bretagne\/wp-content\/uploads\/sites\/28\/2022\/08\/WhatsApp-Image-2022-04-28-at-09.28.03-3-150x150.jpeg 150w, https:\/\/www.solaal.org\/bretagne\/wp-content\/uploads\/sites\/28\/2022\/08\/WhatsApp-Image-2022-04-28-at-09.28.03-3-768x768.jpeg 768w, https:\/\/www.solaal.org\/bretagne\/wp-content\/uploads\/sites\/28\/2022\/08\/WhatsApp-Image-2022-04-28-at-09.28.03-3-16x16.jpeg 16w\" sizes=\"auto, (max-width: 1024px) 100vw, 1024px\" \/><figcaption>Glanage de carottes<\/figcaption><\/figure>\n<\/figure>\n\n\n\n\t<div class=\"wp-block-button-two\">\n\t\t<a href=\"https:\/\/www.solaal.org\/bretagne\/contact\/\" target=\"_self\"><i><\/i>Contactez nous<\/a>\n\t<\/div>","protected":false},"excerpt":{"rendered":"<p>SOLAAL Bretagne en partenariat avec les associations d&rsquo;aide alimentaire, les \u00e9tablissements agricoles organisent des op\u00e9rations de glanage solidaire. Vous \u00eates producteur, il vous reste des produits au champ que vous ne pourrez pas commercialiser (pour des raisons de calibrage, ou un probl\u00e8me technique), sachez que vous pouvez organiser une action de solidarit\u00e9. Qu&rsquo;est-ce que le [&hellip;]<\/p>\n","protected":false},"author":2,"featured_media":0,"parent":0,"menu_order":0,"comment_status":"closed","ping_status":"closed","template":"","meta":{"_acf_changed":false,"inline_featured_image":false,"footnotes":""},"class_list":["post-767","page","type-page","status-publish","hentry"],"acf":[],"_links":{"self":[{"href":"https:\/\/www.solaal.org\/bretagne\/wp-json\/wp\/v2\/pages\/767","targetHints":{"allow":["GET"]}}],"collection":[{"href":"https:\/\/www.solaal.org\/bretagne\/wp-json\/wp\/v2\/pages"}],"about":[{"href":"https:\/\/www.solaal.org\/bretagne\/wp-json\/wp\/v2\/types\/page"}],"author":[{"embeddable":true,"href":"https:\/\/www.solaal.org\/bretagne\/wp-json\/wp\/v2\/users\/2"}],"replies":[{"embeddable":true,"href":"https:\/\/www.solaal.org\/bretagne\/wp-json\/wp\/v2\/comments?post=767"}],"version-history":[{"count":11,"href":"https:\/\/www.solaal.org\/bretagne\/wp-json\/wp\/v2\/pages\/767\/revisions"}],"predecessor-version":[{"id":852,"href":"https:\/\/www.solaal.org\/bretagne\/wp-json\/wp\/v2\/pages\/767\/revisions\/852"}],"wp:attachment":[{"href":"https:\/\/www.solaal.org\/bretagne\/wp-json\/wp\/v2\/media?parent=767"}],"curies":[{"name":"wp","href":"https:\/\/api.w.org\/{rel}","templated":true}]}}