{"id":706,"date":"2022-08-24T09:07:30","date_gmt":"2022-08-24T07:07:30","guid":{"rendered":"https:\/\/www.solaal.org\/bretagne\/?page_id=706"},"modified":"2022-12-05T14:54:15","modified_gmt":"2022-12-05T13:54:15","slug":"nos-ambassadeur","status":"publish","type":"page","link":"https:\/\/www.solaal.org\/bretagne\/nos-ambassadeur\/","title":{"rendered":"Nos Ambassadeurs"},"content":{"rendered":"\n<div class=\"wp-block-cover\"><span aria-hidden=\"true\" class=\"wp-block-cover__background has-background-dim\"><\/span><img loading=\"lazy\" decoding=\"async\" width=\"1024\" height=\"768\" class=\"wp-block-cover__image-background wp-image-712\" alt=\"\" src=\"https:\/\/www.solaal.org\/bretagne\/wp-content\/uploads\/sites\/28\/2022\/08\/ambassadeurs-1024x768.jpg\" data-object-fit=\"cover\" srcset=\"https:\/\/www.solaal.org\/bretagne\/wp-content\/uploads\/sites\/28\/2022\/08\/ambassadeurs-1024x768.jpg 1024w, https:\/\/www.solaal.org\/bretagne\/wp-content\/uploads\/sites\/28\/2022\/08\/ambassadeurs-300x225.jpg 300w, https:\/\/www.solaal.org\/bretagne\/wp-content\/uploads\/sites\/28\/2022\/08\/ambassadeurs-768x576.jpg 768w, https:\/\/www.solaal.org\/bretagne\/wp-content\/uploads\/sites\/28\/2022\/08\/ambassadeurs.jpg 1200w\" sizes=\"auto, (max-width: 1024px) 100vw, 1024px\" \/><div class=\"wp-block-cover__inner-container is-layout-flow wp-block-cover-is-layout-flow\">\n<p class=\"has-text-align-center has-large-font-size\"><strong>Je suis un agriculteur solidaire,<\/strong><br><strong>je deviens Ambassadeur SOLAAL Bretagne !<\/strong><\/p>\n<\/div><\/div>\n\n\n\n<p><\/p>\n\n\n\n<p><\/p>\n\n\n\n<p><\/p>\n\n\n\n<p><\/p>\n\n\n\n<p class=\"has-medium-font-size\"><strong>La volont\u00e9 de SOLAAL Bretagne est de cr\u00e9er un r\u00e9seau d\u2019agriculteurs-Ambassadeurs dans tous les d\u00e9partements de Bretagne et de l\u2019animer par des rencontres r\u00e9guli\u00e8res.<\/strong><br><strong>Le r\u00f4le de l\u2019Ambassadeur est de communiquer&nbsp;au niveau local<\/strong>&nbsp;<strong>sur le don agricole et sur la solidarit\u00e9 des m\u00e9tiers de l\u2019agriculture et de des fili\u00e8res.<\/strong><\/p>\n\n\n\n<section class=\"wp-block-title-c\">\n\t<h2>POURQUOI NOUS AVONS BESOIN DE VOUS ?<\/h2>\n<\/section>\n\n\n<div class=\"wp-block-columns is-layout-flex wp-container-core-columns-is-layout-9d6595d7 wp-block-columns-is-layout-flex\">\n<div class=\"wp-block-column is-layout-flow wp-block-column-is-layout-flow\">\n<figure class=\"wp-block-image size-full\"><img loading=\"lazy\" decoding=\"async\" width=\"603\" height=\"287\" src=\"https:\/\/www.solaal.org\/bretagne\/wp-content\/uploads\/sites\/28\/2022\/08\/Image1-1.jpg\" alt=\"\" class=\"wp-image-726\" srcset=\"https:\/\/www.solaal.org\/bretagne\/wp-content\/uploads\/sites\/28\/2022\/08\/Image1-1.jpg 603w, https:\/\/www.solaal.org\/bretagne\/wp-content\/uploads\/sites\/28\/2022\/08\/Image1-1-300x143.jpg 300w\" sizes=\"auto, (max-width: 603px) 100vw, 603px\" \/><\/figure>\n<\/div>\n\n\n\n<div class=\"wp-block-column is-layout-flow wp-block-column-is-layout-flow\">\n<figure class=\"wp-block-image size-full\"><img loading=\"lazy\" decoding=\"async\" width=\"577\" height=\"344\" src=\"https:\/\/www.solaal.org\/bretagne\/wp-content\/uploads\/sites\/28\/2022\/08\/Image2.jpg\" alt=\"\" class=\"wp-image-727\" srcset=\"https:\/\/www.solaal.org\/bretagne\/wp-content\/uploads\/sites\/28\/2022\/08\/Image2.jpg 577w, https:\/\/www.solaal.org\/bretagne\/wp-content\/uploads\/sites\/28\/2022\/08\/Image2-300x179.jpg 300w\" sizes=\"auto, (max-width: 577px) 100vw, 577px\" \/><\/figure>\n<\/div>\n<\/div>\n\n\n\n<section class=\"wp-block-title-c\">\n\t<h2>QUELLES SONT VOS MISSIONS ?<\/h2>\n<\/section>\n\n\n<ul class=\"wp-block-list\">\n<li>Faire conna\u00eetre la d\u00e9marche de SOLAAL Bretagne sur son territoire de vie locale<\/li>\n\n\n\n<li>Participer \u00e0 des op\u00e9rations organis\u00e9es de r\u00e9cup\u00e9ration de produits alimentaires invendus<\/li>\n\n\n\n<li>Promouvoir les glanages solidaires<\/li>\n\n\n\n<li>Participer \u00e0 des \u00e9v\u00e9nements agricoles et grand public<\/li>\n\n\n\n<li>Faire conna\u00eetre les <strong>J<\/strong>ourn\u00e9es <strong>N<\/strong>ationales du <strong>D<\/strong>on <strong>A<\/strong>gricole<\/li>\n<\/ul>\n\n\n\n<section class=\"wp-block-title-c\">\n\t<h2>QUELS MOYENS SONT MIS \u00c0 VOTRE DISPOSITION ?<\/h2>\n<\/section>\n\n\n<ul class=\"wp-block-list\">\n<li>Une formation organis\u00e9e sur une journ\u00e9e et divis\u00e9e en deux parties : pr\u00e9sentation en salle de la logistique du don agricole et du fonctionnement de SOLAAL Bretagne, puis une visite d\u2019associations d\u2019aide alimentaire<\/li>\n\n\n\n<li><a href=\"https:\/\/acrobat.adobe.com\/link\/review?uri=urn:aaid:scds:US:bdf9764c-22f4-3a0a-809b-e4fb3b3ec5a7\" target=\"_blank\" rel=\"noreferrer noopener\">Un guide du don<\/a>&nbsp;: fiches techniques par type de don<\/li>\n\n\n\n<li>Des outils de communication : flyers, affiches, t-shirt, acc\u00e8s \u00e0 un kak\u00e9mono et un oriflamme<\/li>\n<\/ul>\n\n\n\n<p><strong>Chaque ann\u00e9e, une formation est propos\u00e9e dans un d\u00e9partement diff\u00e9rent. Contactez-nous pour en savoir plus<\/strong>.<\/p>\n\n\n\n\t<div class=\"wp-block-button-two\">\n\t\t<a href=\"https:\/\/www.solaal.org\/bretagne\/contact\/\" target=\"_self\"><i><\/i>Je veux devenir Ambassadeur<\/a>\n\t<\/div>\n\n\n<section class=\"wp-block-title-c\">\n\t<h2>NOS AMBASSADEURS<\/h2>\n<\/section>\n\n<div class=\"wp-block-image\">\n<figure class=\"aligncenter size-large is-resized\"><img loading=\"lazy\" decoding=\"async\" src=\"https:\/\/www.solaal.org\/bretagne\/wp-content\/uploads\/sites\/28\/2022\/08\/MSA-Portes-de-Bretagne-1024x639.jpg\" alt=\"\" class=\"wp-image-563\" width=\"256\" height=\"160\" srcset=\"https:\/\/www.solaal.org\/bretagne\/wp-content\/uploads\/sites\/28\/2022\/08\/MSA-Portes-de-Bretagne-1024x639.jpg 1024w, https:\/\/www.solaal.org\/bretagne\/wp-content\/uploads\/sites\/28\/2022\/08\/MSA-Portes-de-Bretagne-300x187.jpg 300w, https:\/\/www.solaal.org\/bretagne\/wp-content\/uploads\/sites\/28\/2022\/08\/MSA-Portes-de-Bretagne-768x479.jpg 768w, https:\/\/www.solaal.org\/bretagne\/wp-content\/uploads\/sites\/28\/2022\/08\/MSA-Portes-de-Bretagne.jpg 1200w\" sizes=\"auto, (max-width: 256px) 100vw, 256px\" \/><\/figure>\n<\/div>\n\n\n<p>En 2022 des D\u00e9l\u00e9gu\u00e9s de la MSA Portes de Bretagne ont \u00e9t\u00e9 form\u00e9s pour devenir des Ambassadeurs de SOLAAL Bretagne<\/p>\n\n\n\n\t<section class=\"home-video style-two width-770\">\n\t\t<div class=\"home-video-box inner wowo fadeInUp\">\n\t\t\t<div class=\"video\">\n\t\t        <a href=\"#\" class=\"video-link embed\">\n\t\t          \t\t\t\t\t<div class=\"data-video\">\n\t\t\t\t\t\t<iframe loading=\"lazy\" title=\"Glanage de carotte \u2013 Exploitation Oncle patate \u00e0 Grand Champ\" width=\"640\" height=\"360\" src=\"https:\/\/www.youtube.com\/embed\/6ug6pK5gjko?feature=oembed\" frameborder=\"0\" allow=\"accelerometer; autoplay; clipboard-write; encrypted-media; gyroscope; picture-in-picture; web-share\" referrerpolicy=\"strict-origin-when-cross-origin\" allowfullscreen><\/iframe>\t\t\t\t\t\t\t\n\t\t\t\t\t\t<\/div>\n\t\t\t\t\t\t\t\t          <div class=\"img\">\n\t\t\t            <img decoding=\"async\" src=\"https:\/\/www.solaal.org\/bretagne\/wp-content\/uploads\/sites\/28\/2022\/11\/Capturemsa.jpg\" alt=\"\" class=\"img-bg \">\n\t\t\t          <\/div>\n\t\t\t          <div class=\"text-and-icon\">\n\t\t\t          \t<h2>Actions des Elus de la MSA Portes de Bretagne<\/h2>\n\t\t\t          \t<i class=\"icon-play\"><\/i>\n\t\t\t          <\/div>\n\t\t        <\/a>\n\t\t    <\/div>\n\t\t    <div class=\"text\">\n\t\t    \t\t    \t<\/div>\n\t\t<\/div>\t\n\t<\/section>","protected":false},"excerpt":{"rendered":"<p>La volont\u00e9 de SOLAAL Bretagne est de cr\u00e9er un r\u00e9seau d\u2019agriculteurs-Ambassadeurs dans tous les d\u00e9partements de Bretagne et de l\u2019animer par des rencontres r\u00e9guli\u00e8res.Le r\u00f4le de l\u2019Ambassadeur est de communiquer&nbsp;au niveau local&nbsp;sur le don agricole et sur la solidarit\u00e9 des m\u00e9tiers de l\u2019agriculture et de des fili\u00e8res. Chaque ann\u00e9e, une formation est propos\u00e9e dans un [&hellip;]<\/p>\n","protected":false},"author":18,"featured_media":0,"parent":0,"menu_order":0,"comment_status":"closed","ping_status":"closed","template":"","meta":{"_acf_changed":false,"inline_featured_image":false,"footnotes":""},"class_list":["post-706","page","type-page","status-publish","hentry"],"acf":[],"_links":{"self":[{"href":"https:\/\/www.solaal.org\/bretagne\/wp-json\/wp\/v2\/pages\/706","targetHints":{"allow":["GET"]}}],"collection":[{"href":"https:\/\/www.solaal.org\/bretagne\/wp-json\/wp\/v2\/pages"}],"about":[{"href":"https:\/\/www.solaal.org\/bretagne\/wp-json\/wp\/v2\/types\/page"}],"author":[{"embeddable":true,"href":"https:\/\/www.solaal.org\/bretagne\/wp-json\/wp\/v2\/users\/18"}],"replies":[{"embeddable":true,"href":"https:\/\/www.solaal.org\/bretagne\/wp-json\/wp\/v2\/comments?post=706"}],"version-history":[{"count":37,"href":"https:\/\/www.solaal.org\/bretagne\/wp-json\/wp\/v2\/pages\/706\/revisions"}],"predecessor-version":[{"id":1054,"href":"https:\/\/www.solaal.org\/bretagne\/wp-json\/wp\/v2\/pages\/706\/revisions\/1054"}],"wp:attachment":[{"href":"https:\/\/www.solaal.org\/bretagne\/wp-json\/wp\/v2\/media?parent=706"}],"curies":[{"name":"wp","href":"https:\/\/api.w.org\/{rel}","templated":true}]}}