{"id":473,"date":"2022-05-17T16:22:20","date_gmt":"2022-05-17T14:22:20","guid":{"rendered":"https:\/\/www.solaal.org\/bretagne\/partenaires-solidaires\/"},"modified":"2025-04-16T09:06:48","modified_gmt":"2025-04-16T07:06:48","slug":"partenaires-solidaires","status":"publish","type":"page","link":"https:\/\/www.solaal.org\/bretagne\/a-propos-de-solaal-bretagne\/partenaires-solidaires\/","title":{"rendered":"Partenaires solidaires"},"content":{"rendered":"\n<p>Les partenaires solidaires de SOLAAL Bretagne sont des entreprises, m\u00e9c\u00e8nes, fondations, collectivit\u00e9s, etc. qui soutiennent sous diff\u00e9rentes formes les actions de SOLAAL Bretagne, pour une dur\u00e9e d\u00e9finie.<\/p>\n\n\n\n<p>\u00catre partenaire solidaire, c\u2019est&nbsp;<strong>accompagner&nbsp;<\/strong>et&nbsp;<strong>soutenir&nbsp;<\/strong>SOLAAL Bretagne sous forme de m\u00e9c\u00e9nat. Il est possible de faire du&nbsp;<strong>m\u00e9c\u00e9nat&nbsp;<\/strong>:<\/p>\n\n\n\n<ul class=\"wp-block-list\">\n<li><strong>de comp\u00e9tences<\/strong>&nbsp;: mettre \u00e0 disposition un collaborateur<\/li>\n\n\n\n<li><strong>financier&nbsp;<\/strong>: donner une somme d\u2019argent<\/li>\n\n\n\n<li><strong>en nature<\/strong>&nbsp;: faire don de mat\u00e9riel<\/li>\n<\/ul>\n\n\n\n\t<div class=\"wp-block-button-two\">\n\t\t<a href=\"https:\/\/www.solaal.org\/bretagne\/contact\/\" target=\"_self\"><i><\/i>Je veux \u00eatre un partenaire solidaire<\/a>\n\t<\/div>\n\n\n\t<section class=\"actualites-list not-h2\">\n\t\t<div class=\"actualites-list-box inner\">\n\t\t\n\t\t\t\n\n\t\t\t<div class=\"part-membres-content\">\n\t\t\t\t\t\t\t\t\t\t\n\t\t\t\t\t\t\t\t            \t\t\t\t\t\t<div class=\"list\">\n\t\t\t\t\t\t\t<a href=\"https:\/\/www.prefectures-regions.gouv.fr\/bretagne\"  target=\"_blank\" class=\"list-box\">\n\t\t\t\t\t\t\t\t<div class=\"img-c\">\n\t\t\t\t\t\t\t        <div class=\"img\" style=\"background-image: url(https:\/\/www.solaal.org\/bretagne\/wp-content\/uploads\/sites\/28\/2022\/08\/OIP.jpg);\"><\/div>\n\t\t\t\t\t\t\t\t<\/div>\n\t\t\t\t\t\t\t\t<div class=\"title-c\">\n\t\t\t\t\t\t\t\t\t<h2>Pr\u00e9fecture de R\u00e9gion<\/h2>\n\t\t\t\t\t\t\t\t\t<div class=\"link\">\n\t\t\t\t\t\t\t\t\t\t<span class=\"btn\"><i><\/i>En savoir +<\/span>\n\t\t\t\t\t\t\t\t\t<\/div>\n\t\t\t\t\t\t\t\t<\/div>\n\t\t\t\t\t\t\t<\/a>\n\t\t\t\t\t\t<\/div>\n\t\t\t\t\t\t\t\t\t\t\t\t\t\t\t\t\t\t            \t\t\t\t\t\t<div class=\"list\">\n\t\t\t\t\t\t\t<a href=\"https:\/\/www.bretagne.bzh\/\"  target=\"_blank\" class=\"list-box\">\n\t\t\t\t\t\t\t\t<div class=\"img-c\">\n\t\t\t\t\t\t\t        <div class=\"img\" style=\"background-image: url(https:\/\/www.solaal.org\/bretagne\/wp-content\/uploads\/sites\/28\/2022\/08\/telecharger-1.jpg);\"><\/div>\n\t\t\t\t\t\t\t\t<\/div>\n\t\t\t\t\t\t\t\t<div class=\"title-c\">\n\t\t\t\t\t\t\t\t\t<h2>Conseil R\u00e9gional de Bretagne<\/h2>\n\t\t\t\t\t\t\t\t\t<div class=\"link\">\n\t\t\t\t\t\t\t\t\t\t<span class=\"btn\"><i><\/i>En savoir +<\/span>\n\t\t\t\t\t\t\t\t\t<\/div>\n\t\t\t\t\t\t\t\t<\/div>\n\t\t\t\t\t\t\t<\/a>\n\t\t\t\t\t\t<\/div>\n\t\t\t\t\t\t\t\t\t\t\t\t\t\t\t\t\t\t            \t\t\t\t\t\t<div class=\"list\">\n\t\t\t\t\t\t\t<a href=\"https:\/\/www.ille-et-vilaine.fr\/\"  target=\"_blank\" class=\"list-box\">\n\t\t\t\t\t\t\t\t<div class=\"img-c\">\n\t\t\t\t\t\t\t        <div class=\"img\" style=\"background-image: url(https:\/\/www.solaal.org\/bretagne\/wp-content\/uploads\/sites\/28\/2022\/05\/CD35.png);\"><\/div>\n\t\t\t\t\t\t\t\t<\/div>\n\t\t\t\t\t\t\t\t<div class=\"title-c\">\n\t\t\t\t\t\t\t\t\t<h2>Conseil D\u00e9partemental d&rsquo;Ille et Vilaine<\/h2>\n\t\t\t\t\t\t\t\t\t<div class=\"link\">\n\t\t\t\t\t\t\t\t\t\t<span class=\"btn\"><i><\/i>En savoir +<\/span>\n\t\t\t\t\t\t\t\t\t<\/div>\n\t\t\t\t\t\t\t\t<\/div>\n\t\t\t\t\t\t\t<\/a>\n\t\t\t\t\t\t<\/div>\n\t\t\t\t\t\t\t\t\t\t\t\t\t\t\t\t\t\t            \t\t\t\t\t\t<div class=\"list\">\n\t\t\t\t\t\t\t<a href=\"https:\/\/www.finistere.fr\/\"  target=\"_blank\" class=\"list-box\">\n\t\t\t\t\t\t\t\t<div class=\"img-c\">\n\t\t\t\t\t\t\t        <div class=\"img\" style=\"background-image: url(https:\/\/www.solaal.org\/bretagne\/wp-content\/uploads\/sites\/28\/2025\/04\/Logo2023-CD29DEPT-VERT-quadri.jpg);\"><\/div>\n\t\t\t\t\t\t\t\t<\/div>\n\t\t\t\t\t\t\t\t<div class=\"title-c\">\n\t\t\t\t\t\t\t\t\t<h2>Conseil D\u00e9partemental du Finist\u00e8re<\/h2>\n\t\t\t\t\t\t\t\t\t<div class=\"link\">\n\t\t\t\t\t\t\t\t\t\t<span class=\"btn\"><i><\/i>En savoir +<\/span>\n\t\t\t\t\t\t\t\t\t<\/div>\n\t\t\t\t\t\t\t\t<\/div>\n\t\t\t\t\t\t\t<\/a>\n\t\t\t\t\t\t<\/div>\n\t\t\t\t\t\t\t\t\t\t\t\t\t\t\t\t\t\t            \t\t\t\t\t\t<div class=\"list\">\n\t\t\t\t\t\t\t<a href=\"https:\/\/www.credit-agricole.fr\/ca-illeetvilaine\/association.html\"  target=\"_blank\" class=\"list-box\">\n\t\t\t\t\t\t\t\t<div class=\"img-c\">\n\t\t\t\t\t\t\t        <div class=\"img\" style=\"background-image: url(https:\/\/www.solaal.org\/bretagne\/wp-content\/uploads\/sites\/28\/2022\/05\/ca-Bretagne-1-CMYN.jpg);\"><\/div>\n\t\t\t\t\t\t\t\t<\/div>\n\t\t\t\t\t\t\t\t<div class=\"title-c\">\n\t\t\t\t\t\t\t\t\t<h2>Cr\u00e9dit Agricole en Bretagne<\/h2>\n\t\t\t\t\t\t\t\t\t<div class=\"link\">\n\t\t\t\t\t\t\t\t\t\t<span class=\"btn\"><i><\/i>En savoir +<\/span>\n\t\t\t\t\t\t\t\t\t<\/div>\n\t\t\t\t\t\t\t\t<\/div>\n\t\t\t\t\t\t\t<\/a>\n\t\t\t\t\t\t<\/div>\n\t\t\t\t\t\t\t\t\t\t\t\t\t\t\t\t\t\t            \t\t\t\t\t\t<div class=\"list\">\n\t\t\t\t\t\t\t<a href=\"https:\/\/www.space.fr\/\"  target=\"_blank\" class=\"list-box\">\n\t\t\t\t\t\t\t\t<div class=\"img-c\">\n\t\t\t\t\t\t\t        <div class=\"img\" style=\"background-image: url(https:\/\/www.solaal.org\/bretagne\/wp-content\/uploads\/sites\/28\/2022\/08\/SPACE-Expo.png);\"><\/div>\n\t\t\t\t\t\t\t\t<\/div>\n\t\t\t\t\t\t\t\t<div class=\"title-c\">\n\t\t\t\t\t\t\t\t\t<h2>SPACE<\/h2>\n\t\t\t\t\t\t\t\t\t<div class=\"link\">\n\t\t\t\t\t\t\t\t\t\t<span class=\"btn\"><i><\/i>En savoir +<\/span>\n\t\t\t\t\t\t\t\t\t<\/div>\n\t\t\t\t\t\t\t\t<\/div>\n\t\t\t\t\t\t\t<\/a>\n\t\t\t\t\t\t<\/div>\n\t\t\t\t\t\t\t\t\t\t\t\t\t\t\t\t\t\t<\/div>\n\t\t\t\t\t\t\t\t<\/div>\n\t<\/section>\n\n\n<p><a href=\"https:\/\/www.solaal.org\/hauts-de-france\/contact\/\"><\/a><\/p>\n","protected":false},"excerpt":{"rendered":"<p>Les partenaires solidaires de SOLAAL Bretagne sont des entreprises, m\u00e9c\u00e8nes, fondations, collectivit\u00e9s, etc. qui soutiennent sous diff\u00e9rentes formes les actions de SOLAAL Bretagne, pour une dur\u00e9e d\u00e9finie. \u00catre partenaire solidaire, c\u2019est&nbsp;accompagner&nbsp;et&nbsp;soutenir&nbsp;SOLAAL Bretagne sous forme de m\u00e9c\u00e9nat. Il est possible de faire du&nbsp;m\u00e9c\u00e9nat&nbsp;:<\/p>\n","protected":false},"author":1,"featured_media":0,"parent":446,"menu_order":0,"comment_status":"closed","ping_status":"closed","template":"","meta":{"_acf_changed":false,"inline_featured_image":false,"footnotes":""},"class_list":["post-473","page","type-page","status-publish","hentry"],"acf":[],"_links":{"self":[{"href":"https:\/\/www.solaal.org\/bretagne\/wp-json\/wp\/v2\/pages\/473","targetHints":{"allow":["GET"]}}],"collection":[{"href":"https:\/\/www.solaal.org\/bretagne\/wp-json\/wp\/v2\/pages"}],"about":[{"href":"https:\/\/www.solaal.org\/bretagne\/wp-json\/wp\/v2\/types\/page"}],"author":[{"embeddable":true,"href":"https:\/\/www.solaal.org\/bretagne\/wp-json\/wp\/v2\/users\/1"}],"replies":[{"embeddable":true,"href":"https:\/\/www.solaal.org\/bretagne\/wp-json\/wp\/v2\/comments?post=473"}],"version-history":[{"count":11,"href":"https:\/\/www.solaal.org\/bretagne\/wp-json\/wp\/v2\/pages\/473\/revisions"}],"predecessor-version":[{"id":1167,"href":"https:\/\/www.solaal.org\/bretagne\/wp-json\/wp\/v2\/pages\/473\/revisions\/1167"}],"up":[{"embeddable":true,"href":"https:\/\/www.solaal.org\/bretagne\/wp-json\/wp\/v2\/pages\/446"}],"wp:attachment":[{"href":"https:\/\/www.solaal.org\/bretagne\/wp-json\/wp\/v2\/media?parent=473"}],"curies":[{"name":"wp","href":"https:\/\/api.w.org\/{rel}","templated":true}]}}