{"id":468,"date":"2022-05-17T16:19:31","date_gmt":"2022-05-17T14:19:31","guid":{"rendered":"https:\/\/www.solaal.org\/bretagne\/temoignages\/"},"modified":"2022-11-16T08:29:45","modified_gmt":"2022-11-16T07:29:45","slug":"temoignages","status":"publish","type":"page","link":"https:\/\/www.solaal.org\/bretagne\/temoignages\/","title":{"rendered":"Ils nous font confiance"},"content":{"rendered":"\n<section class=\"actualites-list not-h2\">\n\t\t<div class=\"actualites-list-box inner\">\n\t\t\n\t\t\t<div class=\"title\">\n\t\t\t\t<p>Retrouvez ici quelques t\u00e9moignages sur l&rsquo;association SOLAAL Bretagne<\/p>\n\t\t\t<\/div>\n\t\t\t<div class=\"filtrer\">\n\t\t\t\t<span>Filtrer :<\/span>\n\t\t\t\t<div class=\"filtrer-box\">\n\t\t\t\t\t\t\t\t\t            <div class=\"box\" data=\"6\">\n\t\t\t\t\t\t\t\t<a href=\"https:\/\/www.solaal.org\/bretagne\/?temoignages_categories=agriculteurs\">Agriculteurs<sup>(8)<\/sup><\/a>\n\t\t\t\t\t\t\t<\/div>\n\n\t\t\t\t\t\t\t\t\t\t            <div class=\"box\" data=\"7\">\n\t\t\t\t\t\t\t\t<a href=\"https:\/\/www.solaal.org\/bretagne\/?temoignages_categories=associations-daide-alimentaire\">Associations d&rsquo;aide alimentaire<sup>(3)<\/sup><\/a>\n\t\t\t\t\t\t\t<\/div>\n\n\t\t\t\t\t\t\t\t\t\t            <div class=\"box\" data=\"8\">\n\t\t\t\t\t\t\t\t<a href=\"https:\/\/www.solaal.org\/bretagne\/?temoignages_categories=cooperatives-iaa\">Coop\u00e9ratives &#8211; IAA<sup>(2)<\/sup><\/a>\n\t\t\t\t\t\t\t<\/div>\n\n\t\t\t\t\t\t\t\t\t\t            <div class=\"box\" data=\"9\">\n\t\t\t\t\t\t\t\t<a href=\"https:\/\/www.solaal.org\/bretagne\/?temoignages_categories=partenaires\">Partenaires<sup>(3)<\/sup><\/a>\n\t\t\t\t\t\t\t<\/div>\n\n\t\t\t\t\t\t\t\t\t\t<\/div>\n\t\t\t\t\n\t\t\t<\/div>\n\t\t\t<div class=\"temoignages-content\">\n\t\t\t\t\t\t\t\t\t\t\n\t\t\t\t\t\t\t\t\t<div class=\"list\">\n\t\t\t\t\t<div class=\"list-box\">\n\n\t\t\t\t\t\t<div class=\"not-video\">\n\t\t\t\t\t\t\t<div class=\"text-c-box\">\n\t\t\t\t\t\t\t\t<div class=\"text-c\">\n\t\t\t\t\t\t\t\t\t<blockquote>Je vous remercie pour votre efficacit\u00e9 pour l\u2019enl\u00e8vement de ces courgettes. Je vous laisse donc le soin de distribuer ces belles courgettes cultiv\u00e9es avec amour et engagement aux personnes qui en ont le plus besoin.<\/blockquote>\n\t\t\t\t\t\t\t\t<\/div>\n\t\t\t\t\t\t\t<\/div>\n\t\t\t\t\t\t\t<div class=\"img\">\n\t\t\t\t\t\t\t\t<img decoding=\"async\" src=\"\" alt=\"\" \/>\n\t\t\t\t\t\t\t<\/div>\n\t\t\t\t\t\t\t<div class=\"title-c\">\n\t\t\t\t\t\t\t\t\t\t\t\t\t\t\t\t<h4>Les Jardins Maraichers des bords de Rance<\/h4>\n\t\t\t\t\t\t\t\t\t\t\t\t\t\t\t\t<p>PLOUER SUR RANCE (22)<\/p>\n\t\t\t\t\t\t\t<\/div>\n\t\t\t\t\t\t<\/div>\n\n\t\t\t\t\t<\/div>\n\t\t\t\t<\/div>\n\t\t\t\t\t\t\t\t\n\t\t\t\t\t\t\t\t<div class=\"list\">\n\t\t\t\t\t<div class=\"list-box\">\n\n\t\t\t\t\t\t<div class=\"not-video\">\n\t\t\t\t\t\t\t<div class=\"text-c-box\">\n\t\t\t\t\t\t\t\t<div class=\"text-c\">\n\t\t\t\t\t\t\t\t\t<blockquote>SOLAAL&#8230;.comme une \u00e9vidence !! Il est des rencontres qui semblent couler de source, tant l&rsquo;objet de l&rsquo;association sonne juste au regard des enjeux \u00e9ducatifs qui sont les n\u00f4tres<\/blockquote>\n\t\t\t\t\t\t\t\t<\/div>\n\t\t\t\t\t\t\t<\/div>\n\t\t\t\t\t\t\t<div class=\"img\">\n\t\t\t\t\t\t\t\t<img decoding=\"async\" src=\"\" alt=\"\" \/>\n\t\t\t\t\t\t\t<\/div>\n\t\t\t\t\t\t\t<div class=\"title-c\">\n\t\t\t\t\t\t\t\t\t\t\t\t\t\t\t\t<h4>CFA MFR Plabennec-Ploudaniel<\/h4>\n\t\t\t\t\t\t\t\t\t\t\t\t\t\t\t\t<p>Ploudaniel (29)<\/p>\n\t\t\t\t\t\t\t<\/div>\n\t\t\t\t\t\t<\/div>\n\n\t\t\t\t\t<\/div>\n\t\t\t\t<\/div>\n\t\t\t\t\t\t\t\t\n\t\t\t\t\t\t\t\t<div class=\"list\">\n\t\t\t\t\t<div class=\"list-box\">\n\n\t\t\t\t\t\t<div class=\"not-video\">\n\t\t\t\t\t\t\t<div class=\"text-c-box\">\n\t\t\t\t\t\t\t\t<div class=\"text-c\">\n\t\t\t\t\t\t\t\t\t<blockquote>LA LUTTE CONTRE LE GASPILLAGE ALIMENTAIRE ET LA G\u00c9N\u00c9ROSIT\u00c9 FONT PARTIE DE L&rsquo;ADN DES AGRICULTEURS.<\/blockquote>\n\t\t\t\t\t\t\t\t<\/div>\n\t\t\t\t\t\t\t<\/div>\n\t\t\t\t\t\t\t<div class=\"img\">\n\t\t\t\t\t\t\t\t<img decoding=\"async\" src=\"https:\/\/www.solaal.org\/bretagne\/wp-content\/uploads\/sites\/28\/2022\/11\/Angelique.png\" alt=\"\" \/>\n\t\t\t\t\t\t\t<\/div>\n\t\t\t\t\t\t\t<div class=\"title-c\">\n\t\t\t\t\t\t\t\t\t\t\t\t\t\t\t\t<h4>Ang\u00e9lique DELAHAYE<\/h4>\n\t\t\t\t\t\t\t\t\t\t\t\t\t\t\t\t<p>Pr\u00e9sidente de SOLAAL<\/p>\n\t\t\t\t\t\t\t<\/div>\n\t\t\t\t\t\t<\/div>\n\n\t\t\t\t\t<\/div>\n\t\t\t\t<\/div>\n\t\t\t\t\t\t\t\t\n\t\t\t\t\t\t\t\t<div class=\"list\">\n\t\t\t\t\t<div class=\"list-box\">\n\n\t\t\t\t\t\t<div class=\"not-video\">\n\t\t\t\t\t\t\t<div class=\"text-c-box\">\n\t\t\t\t\t\t\t\t<div class=\"text-c\">\n\t\t\t\t\t\t\t\t\t<blockquote>Nous avons bien re\u00e7u les tomates cerise ce matin. Elles sont magnifiques ! MERCI \u00e0 SOLAAL pour la mise en relation et \u00e0 coop\u00e9rative SOLARENN pour la valeur et la qualit\u00e9 du don<\/blockquote>\n\t\t\t\t\t\t\t\t<\/div>\n\t\t\t\t\t\t\t<\/div>\n\t\t\t\t\t\t\t<div class=\"img\">\n\t\t\t\t\t\t\t\t<img decoding=\"async\" src=\"\" alt=\"\" \/>\n\t\t\t\t\t\t\t<\/div>\n\t\t\t\t\t\t\t<div class=\"title-c\">\n\t\t\t\t\t\t\t\t\t\t\t\t\t\t\t\t<h4>Banque Alimentaire<\/h4>\n\t\t\t\t\t\t\t\t\t\t\t\t\t\t\t\t<p>Pac\u00e9 (35)<\/p>\n\t\t\t\t\t\t\t<\/div>\n\t\t\t\t\t\t<\/div>\n\n\t\t\t\t\t<\/div>\n\t\t\t\t<\/div>\n\t\t\t\t\t\t\t\t\n\t\t\t\t\t\t\t\t<div class=\"list\">\n\t\t\t\t\t<div class=\"list-box\">\n\n\t\t\t\t\t\t<div class=\"not-video\">\n\t\t\t\t\t\t\t<div class=\"text-c-box\">\n\t\t\t\t\t\t\t\t<div class=\"text-c\">\n\t\t\t\t\t\t\t\t\t<blockquote>Je vous remercie de l&rsquo;aide constante que vous donniez \u00e0 l&rsquo;Association, par les dons d&rsquo;une tr\u00e8s bonne qualit\u00e9 des producteurs auxquels j&rsquo;exprime toute ma reconnaissance<\/blockquote>\n\t\t\t\t\t\t\t\t<\/div>\n\t\t\t\t\t\t\t<\/div>\n\t\t\t\t\t\t\t<div class=\"img\">\n\t\t\t\t\t\t\t\t<img decoding=\"async\" src=\"\" alt=\"\" \/>\n\t\t\t\t\t\t\t<\/div>\n\t\t\t\t\t\t\t<div class=\"title-c\">\n\t\t\t\t\t\t\t\t\t\t\t\t\t\t\t\t<h4>Croix Rouge<\/h4>\n\t\t\t\t\t\t\t\t\t\t\t\t\t\t\t\t<p>Rennes (35)<\/p>\n\t\t\t\t\t\t\t<\/div>\n\t\t\t\t\t\t<\/div>\n\n\t\t\t\t\t<\/div>\n\t\t\t\t<\/div>\n\t\t\t\t\t\t\t\t\n\t\t\t\t\t\t\t\t<div class=\"list\">\n\t\t\t\t\t<div class=\"list-box\">\n\n\t\t\t\t\t\t<div class=\"not-video\">\n\t\t\t\t\t\t\t<div class=\"text-c-box\">\n\t\t\t\t\t\t\t\t<div class=\"text-c\">\n\t\t\t\t\t\t\t\t\t<blockquote>On donne pour lutter contre le gaspillage, pour ne pas jeter notre travail, et si en plus c\u2019est positif pour la soci\u00e9t\u00e9, tant mieux !<\/blockquote>\n\t\t\t\t\t\t\t\t<\/div>\n\t\t\t\t\t\t\t<\/div>\n\t\t\t\t\t\t\t<div class=\"img\">\n\t\t\t\t\t\t\t\t<img decoding=\"async\" src=\"\" alt=\"\" \/>\n\t\t\t\t\t\t\t<\/div>\n\t\t\t\t\t\t\t<div class=\"title-c\">\n\t\t\t\t\t\t\t\t\t\t\t\t\t\t\t\t<h4>SOLARENN<\/h4>\n\t\t\t\t\t\t\t\t\t\t\t\t\t\t\t\t<p>coop\u00e9rative de producteurs de tomates &#8211; Saint Armel (35)<\/p>\n\t\t\t\t\t\t\t<\/div>\n\t\t\t\t\t\t<\/div>\n\n\t\t\t\t\t<\/div>\n\t\t\t\t<\/div>\n\t\t\t\t\t\t\t\t\n\t\t\t\t\t\n\t\t\t\t<div class=\"list\">\n\t\t\t\t\t<div class=\"list-box video-list\">\n\t\t\t\t\t\t<div class=\"video\">\n\t\t\t\t\t        <a href=\"#\" class=\"video-link embed \">\n\t\t\t\t\t          \t\t\t\t\t\t\t\t<div class=\"data-video\">\n\t\t\t\t\t\t\t\t\t<iframe loading=\"lazy\" title=\"T\u00e9moignage Gilles Guillard , donateur SOLAAL Bretagne\" width=\"640\" height=\"360\" src=\"https:\/\/www.youtube.com\/embed\/OFLhTB0ItRI?feature=oembed\" frameborder=\"0\" allow=\"accelerometer; autoplay; clipboard-write; encrypted-media; gyroscope; picture-in-picture; web-share\" referrerpolicy=\"strict-origin-when-cross-origin\" allowfullscreen><\/iframe>\t\t\t\t\t\t\t\t\t\t\n\t\t\t\t\t\t\t\t\t<\/div>\n\t\t\t\t\t\t\t\t\t\t\t\t\t          \n\t\t\t\t\t          <div class=\"img\"  style=\"background-image: url(https:\/\/www.solaal.org\/bretagne\/wp-content\/uploads\/sites\/28\/2022\/11\/Guillard.png);\">\n\t\t\t\t\t            \n\t\t\t\t\t          <\/div>\n\t\t\t\t\t          <div class=\"text-and-icon\">\n\t\t\t\t\t          \t<i class=\"icon-play\"><\/i>\n\t\t\t\t\t          \t<h3>voir !<\/h3>\n\t\t\t\t\t          <\/div>\n\t\t\t\t\t        <\/a>\n\t\t\t\t\t\t<\/div>\n\t\t\t\t\t\t<div class=\"title-c\">\n\t\t\t\t\t\t\t\t\t\t\t\t\t\t\t<h4>Gilles GUILLARD<\/h4>\n\t\t\t\t\t\t\t\t\t\t\t\t\t\t\t<p>Agriculteur \u00e0 Ga\u00ebl (35)<\/p>\n\t\t\t\t\t\t<\/div>\n\t\t\t\t\t<\/div>\n\t\t\t\t<\/div>\n\t\t\t\t\t\t\t\t\n\t\t\t\t\t\n\t\t\t\t<div class=\"list\">\n\t\t\t\t\t<div class=\"list-box video-list\">\n\t\t\t\t\t\t<div class=\"video\">\n\t\t\t\t\t        <a href=\"#\" class=\"video-link embed \">\n\t\t\t\t\t          \t\t\t\t\t\t\t\t<div class=\"data-video\">\n\t\t\t\t\t\t\t\t\t<iframe loading=\"lazy\" title=\"[LE DON, UNE SOLUTION] Jean Michel Piot \u2013 EARL Piot Gall\u00e9e (35)\" width=\"219\" height=\"389\" src=\"https:\/\/www.youtube.com\/embed\/8buAanzabSM?feature=oembed\" frameborder=\"0\" allow=\"accelerometer; autoplay; clipboard-write; encrypted-media; gyroscope; picture-in-picture; web-share\" referrerpolicy=\"strict-origin-when-cross-origin\" allowfullscreen><\/iframe>\t\t\t\t\t\t\t\t\t\t\n\t\t\t\t\t\t\t\t\t<\/div>\n\t\t\t\t\t\t\t\t\t\t\t\t\t          \n\t\t\t\t\t          <div class=\"img\"  style=\"background-image: url(https:\/\/www.solaal.org\/bretagne\/wp-content\/uploads\/sites\/28\/2022\/11\/piot.jpg);\">\n\t\t\t\t\t            \n\t\t\t\t\t          <\/div>\n\t\t\t\t\t          <div class=\"text-and-icon\">\n\t\t\t\t\t          \t<i class=\"icon-play\"><\/i>\n\t\t\t\t\t          \t<h3>voir !<\/h3>\n\t\t\t\t\t          <\/div>\n\t\t\t\t\t        <\/a>\n\t\t\t\t\t\t<\/div>\n\t\t\t\t\t\t<div class=\"title-c\">\n\t\t\t\t\t\t\t\t\t\t\t\t\t\t\t<h4>Jean Michel PIOT<\/h4>\n\t\t\t\t\t\t\t\t\t\t\t\t\t\t\t<p><!-- wp:paragraph --> <p>EARL Piot &#8211; Gall\u00e9e (35)<\/p> <!-- \/wp:paragraph --><\/p>\n\t\t\t\t\t\t<\/div>\n\t\t\t\t\t<\/div>\n\t\t\t\t<\/div>\n\t\t\t\t\t\t\t\t\n\t\t\t\t\t\t\t\t<div class=\"list\">\n\t\t\t\t\t<div class=\"list-box\">\n\n\t\t\t\t\t\t<div class=\"not-video\">\n\t\t\t\t\t\t\t<div class=\"text-c-box\">\n\t\t\t\t\t\t\t\t<div class=\"text-c\">\n\t\t\t\t\t\t\t\t\t<blockquote>SOLAAL d\u00e9montre une nouvelle fois, si besoin l\u2019\u00e9tait, que le monde agricole  est r\u00e9solument solidaire et ancr\u00e9 dans nos territoires<\/blockquote>\n\t\t\t\t\t\t\t\t<\/div>\n\t\t\t\t\t\t\t<\/div>\n\t\t\t\t\t\t\t<div class=\"img\">\n\t\t\t\t\t\t\t\t<img decoding=\"async\" src=\"\" alt=\"\" \/>\n\t\t\t\t\t\t\t<\/div>\n\t\t\t\t\t\t\t<div class=\"title-c\">\n\t\t\t\t\t\t\t\t\t\t\t\t\t\t\t\t<h4>Julien DENORMANDIE<\/h4>\n\t\t\t\t\t\t\t\t\t\t\t\t\t\t\t\t<p>Ministre de l\u2019Agriculture et de l\u2019Alimentation (2020-2022)<\/p>\n\t\t\t\t\t\t\t<\/div>\n\t\t\t\t\t\t<\/div>\n\n\t\t\t\t\t<\/div>\n\t\t\t\t<\/div>\n\t\t\t\t\t\t\t\t\n\t\t\t\t\t\t\t\t<div class=\"list\">\n\t\t\t\t\t<div class=\"list-box\">\n\n\t\t\t\t\t\t<div class=\"not-video\">\n\t\t\t\t\t\t\t<div class=\"text-c-box\">\n\t\t\t\t\t\t\t\t<div class=\"text-c\">\n\t\t\t\t\t\t\t\t\t<blockquote> Nous \u0153uvrons tous les jours pour que le don agricole r\u00e9ponde aux besoins des  associations d&rsquo;aide alimentaire<\/blockquote>\n\t\t\t\t\t\t\t\t<\/div>\n\t\t\t\t\t\t\t<\/div>\n\t\t\t\t\t\t\t<div class=\"img\">\n\t\t\t\t\t\t\t\t<img decoding=\"async\" src=\"\" alt=\"\" \/>\n\t\t\t\t\t\t\t<\/div>\n\t\t\t\t\t\t\t<div class=\"title-c\">\n\t\t\t\t\t\t\t\t\t\t\t\t\t\t\t\t<h4>Jean-Yves RIAULT<\/h4>\n\t\t\t\t\t\t\t\t\t\t\t\t\t\t\t\t<p>Pr\u00e9sident de SOLAAL Bretagne<\/p>\n\t\t\t\t\t\t\t<\/div>\n\t\t\t\t\t\t<\/div>\n\n\t\t\t\t\t<\/div>\n\t\t\t\t<\/div>\n\t\t\t\t\t\t\t\t\n\t\t\t\t\t\t\t\t<div class=\"list\">\n\t\t\t\t\t<div class=\"list-box\">\n\n\t\t\t\t\t\t<div class=\"not-video\">\n\t\t\t\t\t\t\t<div class=\"text-c-box\">\n\t\t\t\t\t\t\t\t<div class=\"text-c\">\n\t\t\t\t\t\t\t\t\t<blockquote>Notre r\u00f4le \u00e0 nous, c&rsquo;est de nourrir les gens, pas de d\u00e9truire. Et \u00e7a, c&rsquo;est l&rsquo;\u00e9tat d&rsquo;esprit de beaucoup de producteurs <\/blockquote>\n\t\t\t\t\t\t\t\t<\/div>\n\t\t\t\t\t\t\t<\/div>\n\t\t\t\t\t\t\t<div class=\"img\">\n\t\t\t\t\t\t\t\t<img decoding=\"async\" src=\"\" alt=\"\" \/>\n\t\t\t\t\t\t\t<\/div>\n\t\t\t\t\t\t\t<div class=\"title-c\">\n\t\t\t\t\t\t\t\t\t\t\t\t\t\t\t\t<h4>Michel INISAN<\/h4>\n\t\t\t\t\t\t\t\t\t\t\t\t\t\t\t\t<p>Agriculteur \u00e0 Plouider (29)<\/p>\n\t\t\t\t\t\t\t<\/div>\n\t\t\t\t\t\t<\/div>\n\n\t\t\t\t\t<\/div>\n\t\t\t\t<\/div>\n\t\t\t\t\t\t\t\t\n\t\t\t\t\t\t\t\t<div class=\"list\">\n\t\t\t\t\t<div class=\"list-box\">\n\n\t\t\t\t\t\t<div class=\"not-video\">\n\t\t\t\t\t\t\t<div class=\"text-c-box\">\n\t\t\t\t\t\t\t\t<div class=\"text-c\">\n\t\t\t\t\t\t\t\t\t<blockquote>Heureusement que la SOLAAL est l\u00e0 pour faire le lien, car autrement on n&rsquo;aurait pas le temps de s&rsquo;en occuper<\/blockquote>\n\t\t\t\t\t\t\t\t<\/div>\n\t\t\t\t\t\t\t<\/div>\n\t\t\t\t\t\t\t<div class=\"img\">\n\t\t\t\t\t\t\t\t<img decoding=\"async\" src=\"\" alt=\"\" \/>\n\t\t\t\t\t\t\t<\/div>\n\t\t\t\t\t\t\t<div class=\"title-c\">\n\t\t\t\t\t\t\t\t\t\t\t\t\t\t\t\t<h4>GAEC de Grimidou<\/h4>\n\t\t\t\t\t\t\t\t\t\t\t\t\t\t\t\t<p>Plouider (29)<\/p>\n\t\t\t\t\t\t\t<\/div>\n\t\t\t\t\t\t<\/div>\n\n\t\t\t\t\t<\/div>\n\t\t\t\t<\/div>\n\t\t\t\t\t\t\t\t\n\t\t\t\t\t\t\t\t<div class=\"list\">\n\t\t\t\t\t<div class=\"list-box\">\n\n\t\t\t\t\t\t<div class=\"not-video\">\n\t\t\t\t\t\t\t<div class=\"text-c-box\">\n\t\t\t\t\t\t\t\t<div class=\"text-c\">\n\t\t\t\t\t\t\t\t\t<blockquote>Je trouve que l\u2019on ne connait pas assez SOLAAL et qu\u2019il faut en parler autour de nous car tout le monde en ressort gagnant ; les agriculteurs, les associations d\u2019aide alimentaire et les b\u00e9n\u00e9ficiaires <\/blockquote>\n\t\t\t\t\t\t\t\t<\/div>\n\t\t\t\t\t\t\t<\/div>\n\t\t\t\t\t\t\t<div class=\"img\">\n\t\t\t\t\t\t\t\t<img decoding=\"async\" src=\"\" alt=\"\" \/>\n\t\t\t\t\t\t\t<\/div>\n\t\t\t\t\t\t\t<div class=\"title-c\">\n\t\t\t\t\t\t\t\t\t\t\t\t\t\t\t\t<h4>Gilles GUILLARD<\/h4>\n\t\t\t\t\t\t\t\t\t\t\t\t\t\t\t\t<p>Agriculteur \u00e0 Ga\u00ebl (35)<\/p>\n\t\t\t\t\t\t\t<\/div>\n\t\t\t\t\t\t<\/div>\n\n\t\t\t\t\t<\/div>\n\t\t\t\t<\/div>\n\t\t\t\t\t\t\t\t\n\t\t\t\t\t\t\t\t<div class=\"list\">\n\t\t\t\t\t<div class=\"list-box\">\n\n\t\t\t\t\t\t<div class=\"not-video\">\n\t\t\t\t\t\t\t<div class=\"text-c-box\">\n\t\t\t\t\t\t\t\t<div class=\"text-c\">\n\t\t\t\t\t\t\t\t\t<blockquote>Nous vous remercions pour le don de ce produit tr\u00e8s appr\u00e9ci\u00e9 des b\u00e9n\u00e9ficiaires de l&rsquo;aide alimentaire apport\u00e9e par nos Associations Partenaires. Par ce geste, vous vous \u00eates positionn\u00e9s comme \u00ab\u00a0acteurs de la solidarit\u00e9\u00a0\u00bb \u00e0 nos c\u00f4t\u00e9s. C&rsquo;est un statut que nous ne manquons pas de promouvoir autour de nous, car il nous permet de satisfaire, du mieux possible, les besoins des plus d\u00e9munis de notre territoire<\/blockquote>\n\t\t\t\t\t\t\t\t<\/div>\n\t\t\t\t\t\t\t<\/div>\n\t\t\t\t\t\t\t<div class=\"img\">\n\t\t\t\t\t\t\t\t<img decoding=\"async\" src=\"\" alt=\"\" \/>\n\t\t\t\t\t\t\t<\/div>\n\t\t\t\t\t\t\t<div class=\"title-c\">\n\t\t\t\t\t\t\t\t\t\t\t\t\t\t\t\t<h4>Gilles LE POTTIER<\/h4>\n\t\t\t\t\t\t\t\t\t\t\t\t\t\t\t\t<p>Pr\u00e9sident de la Banque Alimentaire de RENNES (35)<\/p>\n\t\t\t\t\t\t\t<\/div>\n\t\t\t\t\t\t<\/div>\n\n\t\t\t\t\t<\/div>\n\t\t\t\t<\/div>\n\t\t\t\t\t\t\t\t\n\t\t\t\t\t\t\t\t<div class=\"list\">\n\t\t\t\t\t<div class=\"list-box\">\n\n\t\t\t\t\t\t<div class=\"not-video\">\n\t\t\t\t\t\t\t<div class=\"text-c-box\">\n\t\t\t\t\t\t\t\t<div class=\"text-c\">\n\t\t\t\t\t\t\t\t\t<blockquote>SOLAAL nous facilite l\u2019offre de dons aux associations. Il est important pour nous de b\u00e9n\u00e9ficier de cette plateforme internet. Celle-ci nous permet de toucher un grand nombre d\u2019acteurs associatifs afin de maitriser et organiser les flux d\u2019approvisionnements. Ces diff\u00e9rentes op\u00e9rations nous ont permis de donner 100 tonnes de volailles (Pintade, Coquelets et Poulet jaune)<\/blockquote>\n\t\t\t\t\t\t\t\t<\/div>\n\t\t\t\t\t\t\t<\/div>\n\t\t\t\t\t\t\t<div class=\"img\">\n\t\t\t\t\t\t\t\t<img decoding=\"async\" src=\"\" alt=\"\" \/>\n\t\t\t\t\t\t\t<\/div>\n\t\t\t\t\t\t\t<div class=\"title-c\">\n\t\t\t\t\t\t\t\t\t\t\t\t\t\t\t\t<h4>Eric LEFEUVRE<\/h4>\n\t\t\t\t\t\t\t\t\t\t\t\t\t\t\t\t<p>Directeur G\u00e9n\u00e9ral SAVEL (29)<\/p>\n\t\t\t\t\t\t\t<\/div>\n\t\t\t\t\t\t<\/div>\n\n\t\t\t\t\t<\/div>\n\t\t\t\t<\/div>\n\t\t\t\t\t\t\t\t\n\t\t\t\t\t\t\t\t<div class=\"list\">\n\t\t\t\t\t<div class=\"list-box\">\n\n\t\t\t\t\t\t<div class=\"not-video\">\n\t\t\t\t\t\t\t<div class=\"text-c-box\">\n\t\t\t\t\t\t\t\t<div class=\"text-c\">\n\t\t\t\t\t\t\t\t\t<blockquote>SOLAAL RASSEMBLE DE NOMBREUX ACTEURS ET FAIT PREUVE DE T\u00c9NACIT\u00c9 DANS LA LUTTE CONTRE LE GASPILLAGE ET FAIT PREUVE DE T\u00c9NACIT\u00c9 DANS LA LUTTE CONTRE LE GASPILLAGE<\/blockquote>\n\t\t\t\t\t\t\t\t<\/div>\n\t\t\t\t\t\t\t<\/div>\n\t\t\t\t\t\t\t<div class=\"img\">\n\t\t\t\t\t\t\t\t<img decoding=\"async\" src=\"https:\/\/www.solaal.org\/bretagne\/wp-content\/uploads\/sites\/28\/2022\/05\/temoignages-2.png\" alt=\"\" \/>\n\t\t\t\t\t\t\t<\/div>\n\t\t\t\t\t\t\t<div class=\"title-c\">\n\t\t\t\t\t\t\t\t\t\t\t\t\t\t\t\t<h4>Guillaume GAROT<\/h4>\n\t\t\t\t\t\t\t\t\t\t\t\t\t\t\t\t<p>D\u00e9put\u00e9 de la Mayenne et pr\u00e9sident du Conseil national de l\u2019alimentation &#8211; Parrain de SOLAAL<\/p>\n\t\t\t\t\t\t\t<\/div>\n\t\t\t\t\t\t<\/div>\n\n\t\t\t\t\t<\/div>\n\t\t\t\t<\/div>\n\t\t\t\t\t\t\t\t\n\t\t\t\t\t\t\t\t\n\t\t\t\t<!--end-->\n\t\t\t<\/div>\n\t\t\t\n\n\t\t<\/div>\n\t<\/section>\n\t\n\t<script>\n\t\t\tjQuery(\".filtrer .filtrer-box .box a\").click(function (e) {\n\t\t    \te.preventDefault();\n\t\t\t    \tvar me = jQuery(this);\n\t\t\t    \tme.parents(\".box\").siblings().children(\"a\").removeClass(\"is-active\");\n\t\t\t    \t\n\t\t\t\t\tvar dataid=\"\";\n\t\t\t\t\t\n\t\t\t\t\tif(me.hasClass(\"is-active\")){\n\t\t\t\t\t\tdataid=\"all\";\n\t\t\t\t\t}else{\n\t\t\t\t\t\tdataid=me.parents(\".box\").attr(\"data\");\n\t\t\t\t\t}\n\t\t\t\t\tme.toggleClass(\"is-active\");\n\t\t\t\t\t\n\t\t\t\t\t\n\t\t\t\tvar blogList = jQuery(\".temoignages-content\");\n\t\t\t\tblogList.addClass(\"is-active\");\n\t\t\t\tjQuery.ajax({\n\t\t\t      \ttype: \"POST\",\n\t\t\t      \turl: \"https:\/\/www.solaal.org\/bretagne\/wp-content\/themes\/Solaal\/ajax-temoignages-category.php\",\n\t\t\t     \tdata: {\"dataid\": dataid},\n\t\t\t      \tsuccess: function (msg) {\n\t\t\t\t\tblogList.removeClass(\"is-active\");\n\n\t\t\t          \n\t\t\t          blogList.html(msg);\n\t\t\t\t\t\t\n\t\t\t\t\t\tjQuery(\".temoignages-content .list\").each(function(){\n\t\t\t\t\t\t\tvar th=jQuery(this).find(\".text-c\");\n\t\t\t\t\t\t\tvar he=jQuery(this).find(\"blockquote\").outerHeight();\n\t\t\t\t\t\t\tconsole.log(he);\n\t\t\t\t\t\t\tif(he > 190){\n\t\t\t\t\t\t\t\tth.addClass(\"overflow-c\");\n\t\t\t\t\t\t\t}\n\t\t\t\t\t\t});\n\t\t\t        \tjQuery(\".overflow-c\").mCustomScrollbar({\n\t\t\t            axis:\"y\",\n\t\t\t\n\t\t\t\n\t\t\t        \t});\n\t\t\t      \t}\n\t\t\t  \t});\n\t\t\n\t\t \t});\n\t\t<\/script>","protected":false},"excerpt":{"rendered":"","protected":false},"author":1,"featured_media":0,"parent":0,"menu_order":3,"comment_status":"closed","ping_status":"closed","template":"","meta":{"_acf_changed":false,"inline_featured_image":false,"footnotes":""},"class_list":["post-468","page","type-page","status-publish","hentry"],"acf":[],"_links":{"self":[{"href":"https:\/\/www.solaal.org\/bretagne\/wp-json\/wp\/v2\/pages\/468","targetHints":{"allow":["GET"]}}],"collection":[{"href":"https:\/\/www.solaal.org\/bretagne\/wp-json\/wp\/v2\/pages"}],"about":[{"href":"https:\/\/www.solaal.org\/bretagne\/wp-json\/wp\/v2\/types\/page"}],"author":[{"embeddable":true,"href":"https:\/\/www.solaal.org\/bretagne\/wp-json\/wp\/v2\/users\/1"}],"replies":[{"embeddable":true,"href":"https:\/\/www.solaal.org\/bretagne\/wp-json\/wp\/v2\/comments?post=468"}],"version-history":[{"count":10,"href":"https:\/\/www.solaal.org\/bretagne\/wp-json\/wp\/v2\/pages\/468\/revisions"}],"predecessor-version":[{"id":990,"href":"https:\/\/www.solaal.org\/bretagne\/wp-json\/wp\/v2\/pages\/468\/revisions\/990"}],"wp:attachment":[{"href":"https:\/\/www.solaal.org\/bretagne\/wp-json\/wp\/v2\/media?parent=468"}],"curies":[{"name":"wp","href":"https:\/\/api.w.org\/{rel}","templated":true}]}}