{"id":1140,"date":"2025-06-30T09:38:47","date_gmt":"2025-06-30T07:38:47","guid":{"rendered":"https:\/\/www.solaal.org\/?page_id=15015"},"modified":"2025-09-16T10:31:48","modified_gmt":"2025-09-16T08:31:48","slug":"journees-nationales-du-don-agricole-2025","status":"publish","type":"page","link":"https:\/\/www.solaal.org\/bretagne\/journees-nationales-du-don-agricole-2025\/","title":{"rendered":"Journ\u00e9es nationales du don agricole 2025"},"content":{"rendered":"\n<div class=\"wp-block-group\"><div class=\"wp-block-group__inner-container is-layout-constrained wp-block-group-is-layout-constrained\"><div class=\"wp-block-image\">\n<figure class=\"alignright size-full is-resized\"><img decoding=\"async\" src=\"https:\/\/www.solaal.org\/wp-content\/uploads\/2024\/07\/Pastille_fond_transparent-1.png\" alt=\"\" class=\"wp-image-14345\" style=\"width:163px;height:auto\"\/><\/figure>\n<\/div>\n\n\n<p style=\"font-size:18px\"><strong>Ev\u00e8nement phare de l\u2019association SOLAAL, cr\u00e9\u00e9es en 2015 \u00e0 l\u2019initiative de la pr\u00e9sidente Ang\u00e9lique Delahaye, les Journ\u00e9es nationales du don agricole (JNDA) mettent en avant la solidarit\u00e9 des acteurs du monde agricole et agroalimentaire. Soutenues par le Minist\u00e8re de l&rsquo;Agriculture et de la Souverainet\u00e9 Alimentaire, les JNDA ont lieu chaque ann\u00e9e depuis 2015 durant le mois de septembre. Pour SOLAAL, le mois de septembre est devenu celui de la solidarit\u00e9 agricole.<\/strong><\/p>\n<\/div><\/div>\n\n\n\n<section class=\"four-img width-770\">\n\t\t<div class=\"four-img-box inner wowo fadeInUp\">\n\t\t\t<div class=\"content gallery-wrap\">\n\t\t\t\t\t\t\t\t<div class=\"block\">\n\t\t\t\t\t<a href=\"https:\/\/www.solaal.org\/bretagne\/wp-content\/uploads\/sites\/28\/2024\/07\/20230925_180717.jpg\" data-rel=\"lightcase:myCollection\">\n\t\t\t\t\t\t<div class=\"bg-img\" style=\"background-image: url(https:\/\/www.solaal.org\/bretagne\/wp-content\/uploads\/sites\/28\/2024\/07\/20230925_180717.jpg);\"><\/div>\n\t\t\t\t\t<\/a>\n\t\t\t\t\t\t\t\t\t\t<span>Glanage solidaire de salades (26) &#8211; Tech&amp;Bio<\/span>\n\t\t\t\t\t\t\t\t\t<\/div>\n\t\t\t\t\t\t\t\t<div class=\"block\">\n\t\t\t\t\t<div class=\"box-box\">\n\t\t\t\t\t\t\t\t\t\t\t\t<div class=\"box\">\n\t\t\t\t\t\t\t<a href=\"https:\/\/www.solaal.org\/bretagne\/wp-content\/uploads\/sites\/28\/2024\/07\/IMG-20230908-WA0035.jpg\" data-rel=\"lightcase:myCollection\">\n\t\t\t\t\t\t\t<div class=\"bg-img\" style=\"background-image: url(https:\/\/www.solaal.org\/bretagne\/wp-content\/uploads\/sites\/28\/2024\/07\/IMG-20230908-WA0035.jpg);\"><\/div>\n\t\t\t\t\t\t\t<\/a>\n\t\t\t\t\t\t\t\t\t\t\t\t\t\t<span>Chaine du don a Innov&rsquo;Agri (45) avec Ang\u00e9lique Delahaye<\/span>\n\t\t\t\t\t\t\t\t\t\t\t\t\t<\/div>\n\t\t\t\t\t\t\t\t\t\t\t\t<div class=\"box\">\n\t\t\t\t\t\t\t<a href=\"https:\/\/www.solaal.org\/bretagne\/wp-content\/uploads\/sites\/28\/2024\/07\/IMG_9325.jpg\" data-rel=\"lightcase:myCollection\">\n\t\t\t\t\t\t\t<div class=\"bg-img\" style=\"background-image: url(https:\/\/www.solaal.org\/bretagne\/wp-content\/uploads\/sites\/28\/2024\/07\/IMG_9325.jpg);\"><\/div>\n\t\t\t\t\t\t\t<\/a>\n\t\t\t\t\t\t\t\t\t\t\t\t\t\t<span>Grande tabl\u00e9e a la foire de Chalons (51) avec SOLAAL Grand Est<\/span>\n\t\t\t\t\t\t\t\t\t\t\t\t\t<\/div>\n\t\t\t\t\t\t\t\t\t\t\t\t<div class=\"box\">\n\t\t\t\t\t\t\t<a href=\"https:\/\/www.solaal.org\/bretagne\/wp-content\/uploads\/sites\/28\/2024\/07\/20230913_121120.jpg\" data-rel=\"lightcase:myCollection\">\n\t\t\t\t\t\t\t<div class=\"bg-img\" style=\"background-image: url(https:\/\/www.solaal.org\/bretagne\/wp-content\/uploads\/sites\/28\/2024\/07\/20230913_121120.jpg);\"><\/div>\n\t\t\t\t\t\t\t<\/a>\n\t\t\t\t\t\t\t\t\t\t\t\t\t\t<span>SOLAAL Normandie au SPACE a Rennes (35)<\/span>\n\t\t\t\t\t\t\t\t\t\t\t\t\t<\/div>\n\t\t\t\t\t\t\t\t\t\t\t<\/div>\n\t\t\t\t\t\n\t\t\t\t<\/div>\n\t\t\t<\/div>\n\t\t<\/div>\n\t<\/section>\n\n\n<section class=\"wp-block-title-c\">\n\t<h2>Pourquoi participer ? <\/h2>\n<\/section>\n\n\n<p style=\"font-size:18px\">Objectif&nbsp;: <strong>mobiliser les acteurs du monde agricole, sur tout le territoire, autour d\u2019une d\u00e9marche de solidarit\u00e9<\/strong><\/p>\n\n\n\n<p style=\"font-size:18px\">Cibles&nbsp;: <strong>les agriculteurs, les coop\u00e9ratives, les membres de SOLAAL, tout acteur de la fili\u00e8re agricole<\/strong><\/p>\n\n\n\n<ul style=\"font-size:18px\" class=\"wp-block-list\">\n<li>Valoriser son activit\u00e9<\/li>\n\n\n\n<li>Faire conna\u00eetre son m\u00e9tier, son exploitation<\/li>\n\n\n\n<li>\u00catre initiateur du projet dans sa r\u00e9gion, avec une visibilit\u00e9 nationale<\/li>\n\n\n\n<li>\u00catre porteur de solidarit\u00e9 et de lutte contre le gaspillage<\/li>\n\n\n\n<li>D\u00e9velopper un r\u00e9seau local solidaire<\/li>\n<\/ul>\n\n\n\n<section class=\"wp-block-title-c\">\n\t<h2>D\u00e9couvrez le calendrier des actions #JNDA25 de toutes les antennes SOLAAL !<\/h2>\n<\/section>\n\n\n<div style=\"position: relative; width: 80%; height: 600px; border-radius: 20px; overflow: hidden; margin: 0 auto\"><iframe src=\"https:\/\/www.solaal.org\/jnda\/jnda-25.html\" width=\"100%\" height=\"100%\" \tframeborder=\"0\" style=\"border: none; display: block;\"\tallowfullscreen loading=\"lazy\"\ttitle=\"Carte des \u00e9v\u00e9nements SOLAAL\"><\/iframe><\/div>\n\n\n\n<div style=\"height:76px\" aria-hidden=\"true\" class=\"wp-block-spacer\"><\/div>\n\n\n\n<figure class=\"wp-block-image size-large\"><img decoding=\"async\" src=\"https:\/\/www.solaal.org\/wp-content\/uploads\/2025\/07\/ok-linkedin-1024x173.png\" alt=\"\" class=\"wp-image-15454\"\/><\/figure>\n\n\n\n<div data-wp-interactive=\"core\/file\" class=\"wp-block-file\"><object data-wp-bind--hidden=\"!state.hasPdfPreview\" hidden class=\"wp-block-file__embed\" data=\"https:\/\/www.solaal.org\/wp-content\/uploads\/2025\/09\/DossierPresse_JNDA2025.pdf\" type=\"application\/pdf\" style=\"width:100%;height:600px\" aria-label=\"Contenu embarqu\u00e9 DossierPresse_JNDA2025.\"><\/object><a id=\"wp-block-file--media-74f573b5-6e57-4325-88ae-331bf1c6059c\" href=\"https:\/\/www.solaal.org\/wp-content\/uploads\/2025\/09\/DossierPresse_JNDA2025.pdf\">DossierPresse_JNDA2025<\/a><a href=\"https:\/\/www.solaal.org\/wp-content\/uploads\/2025\/09\/DossierPresse_JNDA2025.pdf\" class=\"wp-block-file__button wp-element-button\" download aria-describedby=\"wp-block-file--media-74f573b5-6e57-4325-88ae-331bf1c6059c\">T\u00e9l\u00e9charger le dossier de presse JNDA 2025<\/a><\/div>\n\n\n\n<div class=\"wp-block-file\"><a id=\"wp-block-file--media-5908426c-87ea-4982-bb8a-51bb0d4f1b6e\" href=\"https:\/\/www.solaal.org\/wp-content\/uploads\/2025\/09\/Communique_PresseJNDA25.pdf\">Communique_PresseJNDA25<\/a><a href=\"https:\/\/www.solaal.org\/wp-content\/uploads\/2025\/09\/Communique_PresseJNDA25.pdf\" class=\"wp-block-file__button wp-element-button\" download aria-describedby=\"wp-block-file--media-5908426c-87ea-4982-bb8a-51bb0d4f1b6e\">T\u00e9l\u00e9charger communiqu\u00e9 de presse JNDA 2025<\/a><\/div>\n\n\n\n<section class=\"wp-block-title-c\">\n\t<h2>Lancement des Journ\u00e9es nationales du don agricole par Ang\u00e9lique Delahaye, pr\u00e9sidente de SOLAAL <\/h2>\n<\/section>\n\n\n\t<section class=\"home-video style-two width-770\">\n\t\t<div class=\"home-video-box inner wowo fadeInUp\">\n\t\t\t<div class=\"video\">\n\t\t        <a href=\"#\" class=\"video-link embed\">\n\t\t          \t\t\t\t\t<div class=\"data-video\">\n\t\t\t\t\t\t<iframe loading=\"lazy\" title=\"Journ\u00e9es nationales du don agricole 2025\" width=\"219\" height=\"389\" src=\"https:\/\/www.youtube.com\/embed\/CFEIrUAo6Yg?feature=oembed\" frameborder=\"0\" allow=\"accelerometer; autoplay; clipboard-write; encrypted-media; gyroscope; picture-in-picture; web-share\" referrerpolicy=\"strict-origin-when-cross-origin\" allowfullscreen><\/iframe>\t\t\t\t\t\t\t\n\t\t\t\t\t\t<\/div>\n\t\t\t\t\t\t\t\t          <div class=\"img\">\n\t\t\t            <img decoding=\"async\" src=\"https:\/\/www.solaal.org\/bretagne\/wp-content\/uploads\/sites\/28\/2025\/09\/IMG_3416.jpg\" alt=\"\" class=\"img-bg \">\n\t\t\t          <\/div>\n\t\t\t          <div class=\"text-and-icon\">\n\t\t\t          \t<h2>  <\/h2>\n\t\t\t          \t<i class=\"icon-play\"><\/i>\n\t\t\t          <\/div>\n\t\t        <\/a>\n\t\t    <\/div>\n\t\t    <div class=\"text\">\n\t\t    \t<p>Ang\u00e9lique Delahaye, pr\u00e9sidente de SOLAAL<\/p>\n\t    \t<\/div>\n\t\t<\/div>\t\n\t<\/section>\n\n\n<section class=\"wp-block-title-c\">\n\t<h2>Les Journ\u00e9es nationales du don agricole en moins d&rsquo;une minute ! <\/h2>\n<\/section>\n\n\n\t<section class=\"home-video style-two width-770\">\n\t\t<div class=\"home-video-box inner wowo fadeInUp\">\n\t\t\t<div class=\"video\">\n\t\t        <a href=\"#\" class=\"video-link embed\">\n\t\t          \t\t\t\t\t<div class=\"data-video\">\n\t\t\t\t\t\t<iframe loading=\"lazy\" title=\"Les Journ\u00e9es nationales du don agricole en moins d&#039;une minute !\" width=\"640\" height=\"360\" src=\"https:\/\/www.youtube.com\/embed\/JcRzybVWzoY?feature=oembed\" frameborder=\"0\" allow=\"accelerometer; autoplay; clipboard-write; encrypted-media; gyroscope; picture-in-picture; web-share\" referrerpolicy=\"strict-origin-when-cross-origin\" allowfullscreen><\/iframe>\t\t\t\t\t\t\t\n\t\t\t\t\t\t<\/div>\n\t\t\t\t\t\t\t\t          <div class=\"img\">\n\t\t\t            <img decoding=\"async\" src=\"https:\/\/www.solaal.org\/bretagne\/wp-content\/uploads\/sites\/28\/2025\/07\/Prez-JNDA24-retour-en-image-1.png\" alt=\"\" class=\"img-bg \">\n\t\t\t          <\/div>\n\t\t\t          <div class=\"text-and-icon\">\n\t\t\t          \t<h2><\/h2>\n\t\t\t          \t<i class=\"icon-play\"><\/i>\n\t\t\t          <\/div>\n\t\t        <\/a>\n\t\t    <\/div>\n\t\t    <div class=\"text\">\n\t\t    \t<p>Les JNDA en moins d&rsquo;1 minute !<\/p>\n\t    \t<\/div>\n\t\t<\/div>\t\n\t<\/section>\n\n\n<h2 class=\"wp-block-heading\"><\/h2>\n\n\n\n<section class=\"wp-block-title-c\">\n\t<h2>Retours sur les \u00e9ditions pr\u00e9c\u00e9dentes<\/h2>\n<\/section>\n\n\n<div class=\"wp-block-buttons is-layout-flex wp-block-buttons-is-layout-flex\">\n<div class=\"wp-block-button\"><a class=\"wp-block-button__link has-medium-font-size has-custom-font-size wp-element-button\" href=\"https:\/\/www.solaal.org\/journees-nationales-du-don-agricole-2024\/\" target=\"_blank\" rel=\"noreferrer noopener\">JNDA 2024<\/a><\/div>\n<\/div>\n\n\n\n<div class=\"wp-block-buttons is-layout-flex wp-block-buttons-is-layout-flex\">\n<div class=\"wp-block-button\"><a class=\"wp-block-button__link has-medium-font-size has-custom-font-size wp-element-button\" href=\"https:\/\/www.solaal.org\/9emes-journees-nationales-du-don-agricole-record-de-dons\/\">JNDA 2023<\/a><\/div>\n<\/div>\n\n\n\n<div class=\"wp-block-buttons is-layout-flex wp-block-buttons-is-layout-flex\">\n<div class=\"wp-block-button\"><a class=\"wp-block-button__link has-medium-font-size has-custom-font-size wp-element-button\" href=\"https:\/\/www.solaal.org\/8emes-journees-nationales-du-don-agricole-un-succes-renouvele\/\">JNDA 2022<\/a><\/div>\n<\/div>\n\n\n\n<div class=\"wp-block-buttons is-layout-flex wp-block-buttons-is-layout-flex\">\n<div class=\"wp-block-button\"><a class=\"wp-block-button__link has-medium-font-size has-custom-font-size wp-element-button\" href=\"https:\/\/www.solaal.org\/7emes-journees-nationales-du-don-agricole-mobilisation-record\/\">JNDA 2021<\/a><\/div>\n<\/div>\n\n\n\n\t<div class=\"wp-block-button-two\">\n\t\t<a href=\"https:\/\/www.solaal.org\/contacter-solaal\/\" target=\"_blank\"><i><\/i>Contactez notre \u00e9quipe<\/a>\n\t<\/div>\n\n\n<p><\/p>\n\n\n","protected":false},"excerpt":{"rendered":"<p>Ev\u00e8nement phare de l\u2019association SOLAAL, cr\u00e9\u00e9es en 2015 \u00e0 l\u2019initiative de la pr\u00e9sidente Ang\u00e9lique Delahaye, les Journ\u00e9es nationales du don agricole (JNDA) mettent en avant la solidarit\u00e9 des acteurs du monde agricole et agroalimentaire. Soutenues par le Minist\u00e8re de l&rsquo;Agriculture et de la Souverainet\u00e9 Alimentaire, les JNDA ont lieu chaque ann\u00e9e depuis 2015 durant le [&hellip;]<\/p>\n","protected":false},"author":2,"featured_media":0,"parent":0,"menu_order":1,"comment_status":"closed","ping_status":"closed","template":"","meta":{"_acf_changed":true,"inline_featured_image":false,"footnotes":""},"class_list":["post-1140","page","type-page","status-publish","hentry"],"acf":[],"_links":{"self":[{"href":"https:\/\/www.solaal.org\/bretagne\/wp-json\/wp\/v2\/pages\/1140","targetHints":{"allow":["GET"]}}],"collection":[{"href":"https:\/\/www.solaal.org\/bretagne\/wp-json\/wp\/v2\/pages"}],"about":[{"href":"https:\/\/www.solaal.org\/bretagne\/wp-json\/wp\/v2\/types\/page"}],"author":[{"embeddable":true,"href":"https:\/\/www.solaal.org\/bretagne\/wp-json\/wp\/v2\/users\/2"}],"replies":[{"embeddable":true,"href":"https:\/\/www.solaal.org\/bretagne\/wp-json\/wp\/v2\/comments?post=1140"}],"version-history":[{"count":0,"href":"https:\/\/www.solaal.org\/bretagne\/wp-json\/wp\/v2\/pages\/1140\/revisions"}],"wp:attachment":[{"href":"https:\/\/www.solaal.org\/bretagne\/wp-json\/wp\/v2\/media?parent=1140"}],"curies":[{"name":"wp","href":"https:\/\/api.w.org\/{rel}","templated":true}]}}