{"id":1065,"date":"2022-07-25T15:14:45","date_gmt":"2022-07-25T13:14:45","guid":{"rendered":"https:\/\/www.solaal.org\/aura\/?page_id=1065"},"modified":"2023-08-03T13:35:26","modified_gmt":"2023-08-03T11:35:26","slug":"decouvrez-lassociation","status":"publish","type":"page","link":"https:\/\/www.solaal.org\/aura\/decouvrez-lassociation\/decouvrez-lassociation\/","title":{"rendered":"L&rsquo;antenne SOLAAL Auvergne-Rh\u00f4ne-Alpes"},"content":{"rendered":"\n<div class=\"wp-block-cover is-light\"><span aria-hidden=\"true\" class=\"wp-block-cover__background has-black-background-color has-background-dim-30 has-background-dim\"><\/span><img loading=\"lazy\" decoding=\"async\" width=\"1200\" height=\"795\" class=\"wp-block-cover__image-background wp-image-656\" alt=\"\" src=\"https:\/\/www.solaal.org\/aura\/wp-content\/uploads\/sites\/29\/2022\/07\/ears-of-corn-g6c8469545_1920.jpg\" data-object-fit=\"cover\" srcset=\"https:\/\/www.solaal.org\/aura\/wp-content\/uploads\/sites\/29\/2022\/07\/ears-of-corn-g6c8469545_1920.jpg 1200w, https:\/\/www.solaal.org\/aura\/wp-content\/uploads\/sites\/29\/2022\/07\/ears-of-corn-g6c8469545_1920-300x199.jpg 300w, https:\/\/www.solaal.org\/aura\/wp-content\/uploads\/sites\/29\/2022\/07\/ears-of-corn-g6c8469545_1920-1024x678.jpg 1024w, https:\/\/www.solaal.org\/aura\/wp-content\/uploads\/sites\/29\/2022\/07\/ears-of-corn-g6c8469545_1920-768x509.jpg 768w\" sizes=\"auto, (max-width: 1200px) 100vw, 1200px\" \/><div class=\"wp-block-cover__inner-container is-layout-flow wp-block-cover-is-layout-flow\">\n<p class=\"has-text-align-center has-white-color has-text-color\" style=\"font-size:27px\"><strong><strong>SOLAAL<\/strong> (SOLidarit\u00e9 des producteurs Agricoles et des fili\u00e8res ALimentaires) AURA est une association d\u2019int\u00e9r\u00eat g\u00e9n\u00e9ral dont la mission est de <strong>lutter contre le gaspillage alimentaire et la pr\u00e9carit\u00e9 alimentaire<\/strong> dans la r\u00e9gion.<\/strong><\/p>\n<\/div><\/div>\n\n\n\n<div style=\"height:20px\" aria-hidden=\"true\" class=\"wp-block-spacer\"><\/div>\n\n\n\n<p class=\"has-medium-font-size\"><strong>SOLAAL AURA est une association reconnue d&rsquo;int\u00e9r\u00eat g\u00e9n\u00e9ral lanc\u00e9e \u00e0 l&rsquo;automne 2021,<strong>dont la mission est de faciliter et d\u2019organiser les dons des fili\u00e8res agricole et agroalimentaire vers les associations d\u2019aide alimentaire.<\/strong> <\/strong><\/p>\n\n\n\n<p class=\"has-medium-font-size\"><strong>Son objectif est de lutter contre le gaspillage des invendus alimentaires et offrir des produits frais aux personnes les plus d\u00e9munies.<\/strong><\/p>\n\n\n\n<figure class=\"wp-block-pullquote has-text-align-center has-white-background-color has-background has-small-font-size\" style=\"border-style:none;border-width:0px;border-radius:0px\"><blockquote><p> <span style=\"font-size: revert;font-weight: revert\">\u201cJe ne supporte pas de voir des gens qui ne mangent pas \u00e0 leur faim dans mon pays.\u201d <\/span><\/p><cite><em>Jean-Michel Lem\u00e9tayer, fondateur et premier pr\u00e9sident de SOLAAL<\/em><\/cite><\/blockquote><\/figure>\n\n\n\n<section class=\"wp-block-title-c\">\n\t<h2>Un rayonnement local<\/h2>\n<\/section>\n\n<p><\/p>\n\n\n<\/p>\n<p>Le r\u00f4le de SOLAAL est de\u00a0<strong>renforcer\u00a0<\/strong>et de\u00a0<strong>compl\u00e9ter\u00a0<\/strong>l\u2019existant au niveau national et local. La cr\u00e9ation d\u2019une antenne r\u00e9gionale en Auvergne-Rh\u00f4ne-Alpes a permis de faire conna\u00eetre son service gratuit au plus grand nombre et de d\u00e9velopper des projet innovants et locaux, tels que les\u00a0<strong>glanages solidaires<\/strong>.<\/p>\n<p>\n\n\n\n<\/p>\n<p>Nous travaillons main dans la main avec les 16 associations d\u2019aide alimentaire nationales habilit\u00e9es pr\u00e9sentes en r\u00e9gion. Nous leur proposons un <strong>approvisionnement<\/strong>\u00a0suppl\u00e9mentaire et diversifi\u00e9 en produits frais (viandes, l\u00e9gumes, fruits, produits laitiers \u2026) et en produits transform\u00e9s (agroalimentaire).<\/p>\n<p>\n\n\n\n<\/p>\n<p>Nous proposons aux donateurs, qui manquent de temps, de se charger d\u2019<strong>organiser la r\u00e9cup\u00e9ration<\/strong>\u00a0de leurs produits invendus par les associations d&rsquo;aide alimentaire locales.\n\n\n<p><\/p>\n\n\n<section class=\"wp-block-title-c\">\n\t<h2>Un r\u00e9seau national<\/h2>\n<\/section>\n\n\n<div class=\"wp-block-media-text alignfull has-media-on-the-right is-stacked-on-mobile is-vertically-aligned-center is-style-default\" style=\"grid-template-columns:auto 36%\"><div class=\"wp-block-media-text__content\">\n<p>Depuis sa cr\u00e9ation en 2013,&nbsp;SOLAAL essaime des antennes en r\u00e9gion afin de&nbsp;sensibiliser et promouvoir la pratique du don. Le travail de r\u00e9seau de l\u2019association lui permet d\u2019assurer des d\u00e9bouch\u00e9es&nbsp;aux dons en les proposants aux d\u00e9partements limitrophes si besoin. Aussi, cela permet d\u2019\u00e9changer des produits&nbsp;entre r\u00e9gions et d\u2019offrir une offre de produits diversifi\u00e9e aux personnes accueillies par les associations d\u2019aide alimentaire.<\/p>\n\n\n\n<p>\u00c0 travers le don de produit \u00e0 destination de l\u2019aide alimentaire, l\u2019association valorise le travail de ces professionnels \u00e0 travers une r\u00e9duction d\u2019imp\u00f4t \u00e0 hauteur de 60% du co\u00fbt de revient.<\/p>\n<\/div><figure class=\"wp-block-media-text__media\"><img loading=\"lazy\" decoding=\"async\" width=\"393\" height=\"441\" src=\"https:\/\/www.solaal.org\/aura\/wp-content\/uploads\/sites\/29\/2023\/07\/carte-des-antennes_orangeetvert.png\" alt=\"\" class=\"wp-image-1701 size-full\" srcset=\"https:\/\/www.solaal.org\/aura\/wp-content\/uploads\/sites\/29\/2023\/07\/carte-des-antennes_orangeetvert.png 393w, https:\/\/www.solaal.org\/aura\/wp-content\/uploads\/sites\/29\/2023\/07\/carte-des-antennes_orangeetvert-267x300.png 267w\" sizes=\"auto, (max-width: 393px) 100vw, 393px\" \/><\/figure><\/div>\n\n\n<p><\/p>\n\n\n<\/p>\n<p>Avec la prospection des donateurs et la gestion administrative des dons, SOLAAL apporte une vraie plus-value tant aux donateurs qu\u2019aux b\u00e9n\u00e9ficiaires: <strong>SOLAAL a concouru au don de 30 000 tonnes de denr\u00e9es alimentaires soit l\u2019\u00e9quivalent de 60 millions d\u2019\u00e9quivalents repas au b\u00e9n\u00e9fice de 4 millions de personnes en situation de pr\u00e9carit\u00e9.<\/strong><\/p>\n<p>\n\n\n<p><\/p>\n\n\n<section class=\"home-logo-slider not-h2\">\n\t\t<div class=\"home-logo-slider-box wowo fadeInUp\">\n\t\t\t<div class=\"title inner\">\n\t\t\t\t\t\t\t\t\t\t\t<\/div>\n\t\t\t<div class=\"content-box\">\n\t\t\t\t<div class=\"content-box-box inner\">\n\t\t\t\t\t<div class=\"content-list\">\n\t\t\t\t\t\t<div class=\"content-list-box is-active\">\n\t\t\t\t\t\t\t<div class=\"content logos-slider\">\n\t\t\t\t\t\t\t\t\t\t\t\t\t\t\t\t\t\t\t\t\t\t\t\t<div class=\"block\">\n\t\t\t\t\t\t\t\t\t<div class=\"box\">\n\t\t\t\t\t\t\t\t\t\t\t\t\t\t\t\t\t\t\t\t\t\t\t\t\t\t\t\t\t\t\t\t\t\t<a href=\"https:\/\/www.agrapole.eu\/portfolio_page\/frsea\/\"><img decoding=\"async\" src=\"https:\/\/www.solaal.org\/aura\/wp-content\/uploads\/sites\/29\/2022\/07\/frsea-300x300.png\" alt=\"\" \/><\/a>\n\t\t\t\t\t\t\t\t\t\t\t\t\t\t\t\t\t\t\t\t\t\t\t\t\n\t\t\t\t\t\t\t\t\t\t\t\t\t\t\t\t\t\t\t<\/div>\n\t\t\t\t\t\t\t\t<\/div>\n\t\t\t\t\t\t\t\t\n\t\t\t\t\t\t\t\t\t\t\t\t\t\t\t<div class=\"block\">\n\t\t\t\t\t\t\t\t\t<div class=\"box\">\n\t\t\t\t\t\t\t\t\t\t\t\t\t\t\t\t\t\t\t\t\t\t\t\t\t\t\t\t\t\t\t\t\t\t<a href=\"https:\/\/www.jeunes-agriculteurs.fr\/reseau\/jeunes-agriculteurs-rhone-alpes\/\"><img decoding=\"async\" src=\"https:\/\/www.solaal.org\/aura\/wp-content\/uploads\/sites\/29\/2022\/07\/JA-AURA-300x239.png\" alt=\"\" \/><\/a>\n\t\t\t\t\t\t\t\t\t\t\t\t\t\t\t\t\t\t\t\t\t\t\t\t\n\t\t\t\t\t\t\t\t\t\t\t\t\t\t\t\t\t\t\t<\/div>\n\t\t\t\t\t\t\t\t<\/div>\n\t\t\t\t\t\t\t\t\n\t\t\t\t\t\t\t\t\t\t\t\t\t\t\t<div class=\"block\">\n\t\t\t\t\t\t\t\t\t<div class=\"box\">\n\t\t\t\t\t\t\t\t\t\t\t\t\t\t\t\t\t\t\t\t\t\t\t\t\t\t\t\t\t\t\t\t\t\t<a href=\"https:\/\/aura.chambres-agriculture.fr\/\"><img decoding=\"async\" src=\"https:\/\/www.solaal.org\/aura\/wp-content\/uploads\/sites\/29\/2022\/06\/logo_capluriel_auvergne-rhone-alpes_rvb.jpg\" alt=\"\" \/><\/a>\n\t\t\t\t\t\t\t\t\t\t\t\t\t\t\t\t\t\t\t\t\t\t\t\t\n\t\t\t\t\t\t\t\t\t\t\t\t\t\t\t\t\t\t\t<\/div>\n\t\t\t\t\t\t\t\t<\/div>\n\t\t\t\t\t\t\t\t\n\t\t\t\t\t\t\t\t\t\t\t\t\t\t\t<div class=\"block\">\n\t\t\t\t\t\t\t\t\t<div class=\"box\">\n\t\t\t\t\t\t\t\t\t\t\t\t\t\t\t\t\t\t\t\t\t<img decoding=\"async\" src=\"https:\/\/www.solaal.org\/aura\/wp-content\/uploads\/sites\/29\/2022\/07\/Groupama-RAA-300x92.jpg\" alt=\"\" \/>\n\t\t\t\t\t\t\t\t\t\t\t\t\t\t\t\t\t\t\t<\/div>\n\t\t\t\t\t\t\t\t<\/div>\n\t\t\t\t\t\t\t\t\n\t\t\t\t\t\t\t\t\t\t\t\t\t\t\t<div class=\"block\">\n\t\t\t\t\t\t\t\t\t<div class=\"box\">\n\t\t\t\t\t\t\t\t\t\t\t\t\t\t\t\t\t\t\t\t\t\t\t\t\t\t\t\t\t\t\t\t\t\t<a href=\"https:\/\/www.safer-aura.fr\/website\/accueil_du_site_de_la_safer_auvergne_rhone_alpes_&#038;901.html\"><img decoding=\"async\" src=\"https:\/\/www.solaal.org\/aura\/wp-content\/uploads\/sites\/29\/2022\/12\/logo-safer-300x105.jpg\" alt=\"\" \/><\/a>\n\t\t\t\t\t\t\t\t\t\t\t\t\t\t\t\t\t\t\t\t\t\t\t\t\n\t\t\t\t\t\t\t\t\t\t\t\t\t\t\t\t\t\t\t<\/div>\n\t\t\t\t\t\t\t\t<\/div>\n\t\t\t\t\t\t\t\t\n\t\t\t\t\t\t\t\t\t\t\t\t\t\t\t<div class=\"block\">\n\t\t\t\t\t\t\t\t\t<div class=\"box\">\n\t\t\t\t\t\t\t\t\t\t\t\t\t\t\t\t\t\t\t\t\t<img decoding=\"async\" src=\"https:\/\/www.solaal.org\/aura\/wp-content\/uploads\/sites\/29\/2023\/07\/interfel-aura-300x85.jpg\" alt=\"\" \/>\n\t\t\t\t\t\t\t\t\t\t\t\t\t\t\t\t\t\t\t<\/div>\n\t\t\t\t\t\t\t\t<\/div>\n\t\t\t\t\t\t\t\t\n\t\t\t\t\t\t\t\t\t\t\t\t\t\t\t<div class=\"block\">\n\t\t\t\t\t\t\t\t\t<div class=\"box\">\n\t\t\t\t\t\t\t\t\t\t\t\t\t\t\t\t\t\t\t\t\t<img decoding=\"async\" src=\"https:\/\/www.solaal.org\/aura\/wp-content\/uploads\/sites\/29\/2023\/08\/telechargement-3.png\" alt=\"\" \/>\n\t\t\t\t\t\t\t\t\t\t\t\t\t\t\t\t\t\t\t<\/div>\n\t\t\t\t\t\t\t\t<\/div>\n\t\t\t\t\t\t\t\t\n\t\t\t\t\t\t\t\t\t\t\t\t\t\t\t<div class=\"block\">\n\t\t\t\t\t\t\t\t\t<div class=\"box\">\n\t\t\t\t\t\t\t\t\t\t\t\t\t\t\t\t\t\t\t\t\t<img decoding=\"async\" src=\"https:\/\/www.solaal.org\/aura\/wp-content\/uploads\/sites\/29\/2023\/12\/2022-10-04-296x300.jpg\" alt=\"\" \/>\n\t\t\t\t\t\t\t\t\t\t\t\t\t\t\t\t\t\t\t<\/div>\n\t\t\t\t\t\t\t\t<\/div>\n\t\t\t\t\t\t\t\t\n\t\t\t\t\t\t\t\t\t\t\t\t\t\t\t<div class=\"block\">\n\t\t\t\t\t\t\t\t\t<div class=\"box\">\n\t\t\t\t\t\t\t\t\t\t\t\t\t\t\t\t\t\t\t\t\t<img decoding=\"async\" src=\"https:\/\/www.solaal.org\/aura\/wp-content\/uploads\/sites\/29\/2023\/08\/2021-03-05-269x300.jpg\" alt=\"\" \/>\n\t\t\t\t\t\t\t\t\t\t\t\t\t\t\t\t\t\t\t<\/div>\n\t\t\t\t\t\t\t\t<\/div>\n\t\t\t\t\t\t\t\t\n\t\t\t\t\t\t\t\t\t\t\t\t\t\t\t<div class=\"block\">\n\t\t\t\t\t\t\t\t\t<div class=\"box\">\n\t\t\t\t\t\t\t\t\t\t\t\t\t\t\t\t\t\t\t\t\t<img decoding=\"async\" src=\"https:\/\/www.solaal.org\/aura\/wp-content\/uploads\/sites\/29\/2023\/08\/305809527_459871356182982_6844590654146691757_n-296x300.jpg\" alt=\"\" \/>\n\t\t\t\t\t\t\t\t\t\t\t\t\t\t\t\t\t\t\t<\/div>\n\t\t\t\t\t\t\t\t<\/div>\n\t\t\t\t\t\t\t\t\n\t\t\t\t\t\t\t\t\t\t\t\t\t\t\t<div class=\"block\">\n\t\t\t\t\t\t\t\t\t<div class=\"box\">\n\t\t\t\t\t\t\t\t\t\t\t\t\t\t\t\t\t\t\t\t\t\t\t\t\t\t\t\t\t\t\t\t\t\t<a href=\"https:\/\/www.haute-loire-paysanne.fr\/fdsea-43?page=\"><img decoding=\"async\" src=\"https:\/\/www.solaal.org\/aura\/wp-content\/uploads\/sites\/29\/2022\/07\/FDSEA43-300x300.jpg\" alt=\"\" \/><\/a>\n\t\t\t\t\t\t\t\t\t\t\t\t\t\t\t\t\t\t\t\t\t\t\t\t\n\t\t\t\t\t\t\t\t\t\t\t\t\t\t\t\t\t\t\t<\/div>\n\t\t\t\t\t\t\t\t<\/div>\n\t\t\t\t\t\t\t\t\n\t\t\t\t\t\t\t\t\t\t\t\t\t\t\t<div class=\"block\">\n\t\t\t\t\t\t\t\t\t<div class=\"box\">\n\t\t\t\t\t\t\t\t\t\t\t\t\t\t\t\t\t\t\t\t\t\t\t\t\t\t\t\t\t\t\t\t\t\t<a href=\"https:\/\/www.fdsea38.fr\/\"><img decoding=\"async\" src=\"https:\/\/www.solaal.org\/aura\/wp-content\/uploads\/sites\/29\/2022\/07\/FDSEA38-300x300.png\" alt=\"\" \/><\/a>\n\t\t\t\t\t\t\t\t\t\t\t\t\t\t\t\t\t\t\t\t\t\t\t\t\n\t\t\t\t\t\t\t\t\t\t\t\t\t\t\t\t\t\t\t<\/div>\n\t\t\t\t\t\t\t\t<\/div>\n\t\t\t\t\t\t\t\t\n\t\t\t\t\t\t\t\t\t\t\t\t\t\t\t<div class=\"block\">\n\t\t\t\t\t\t\t\t\t<div class=\"box\">\n\t\t\t\t\t\t\t\t\t\t\t\t\t\t\t\t\t\t\t\t\t\t\t\t\t\t\t\t\t\t\t\t\t\t<a href=\"https:\/\/www.facebook.com\/fdsea42\/\"><img decoding=\"async\" src=\"https:\/\/www.solaal.org\/aura\/wp-content\/uploads\/sites\/29\/2022\/07\/FDSEA42.jpg\" alt=\"\" \/><\/a>\n\t\t\t\t\t\t\t\t\t\t\t\t\t\t\t\t\t\t\t\t\t\t\t\t\n\t\t\t\t\t\t\t\t\t\t\t\t\t\t\t\t\t\t\t<\/div>\n\t\t\t\t\t\t\t\t<\/div>\n\t\t\t\t\t\t\t\t\n\t\t\t\t\t\t\t\t\t\t\t\t\t\t\t<div class=\"block\">\n\t\t\t\t\t\t\t\t\t<div class=\"box\">\n\t\t\t\t\t\t\t\t\t\t\t\t\t\t\t\t\t\t\t\t\t\t\t\t\t\t\t\t\t\t\t\t\t\t<a href=\"https:\/\/www.fdsea26.fr\/\"><img decoding=\"async\" src=\"https:\/\/www.solaal.org\/aura\/wp-content\/uploads\/sites\/29\/2022\/07\/FDSEA26-300x300.jpg\" alt=\"\" \/><\/a>\n\t\t\t\t\t\t\t\t\t\t\t\t\t\t\t\t\t\t\t\t\t\t\t\t\n\t\t\t\t\t\t\t\t\t\t\t\t\t\t\t\t\t\t\t<\/div>\n\t\t\t\t\t\t\t\t<\/div>\n\t\t\t\t\t\t\t\t\n\t\t\t\t\t\t\t\t\t\t\t\t\t\t\t<div class=\"block\">\n\t\t\t\t\t\t\t\t\t<div class=\"box\">\n\t\t\t\t\t\t\t\t\t\t\t\t\t\t\t\t\t\t\t\t\t<img decoding=\"async\" src=\"https:\/\/www.solaal.org\/aura\/wp-content\/uploads\/sites\/29\/2023\/08\/logo_ca_allier_rvb_01.jpg\" alt=\"\" \/>\n\t\t\t\t\t\t\t\t\t\t\t\t\t\t\t\t\t\t\t<\/div>\n\t\t\t\t\t\t\t\t<\/div>\n\t\t\t\t\t\t\t\t\n\t\t\t\t\t\t\t\t\t\t\t\t\t\t\t<div class=\"block\">\n\t\t\t\t\t\t\t\t\t<div class=\"box\">\n\t\t\t\t\t\t\t\t\t\t\t\t\t\t\t\t\t\t\t\t\t\t\t\t\t\t\t\t\t\t\t\t\t\t<a href=\"https:\/\/extranet-isere.chambres-agriculture.fr\/\"><img decoding=\"async\" src=\"https:\/\/www.solaal.org\/aura\/wp-content\/uploads\/sites\/29\/2023\/01\/logo_ca_isere_rvb-296x300.jpg\" alt=\"\" \/><\/a>\n\t\t\t\t\t\t\t\t\t\t\t\t\t\t\t\t\t\t\t\t\t\t\t\t\n\t\t\t\t\t\t\t\t\t\t\t\t\t\t\t\t\t\t\t<\/div>\n\t\t\t\t\t\t\t\t<\/div>\n\t\t\t\t\t\t\t\t\n\t\t\t\t\t\t\t\t\t\t\t\t\t\t\t<div class=\"block\">\n\t\t\t\t\t\t\t\t\t<div class=\"box\">\n\t\t\t\t\t\t\t\t\t\t\t\t\t\t\t\t\t\t\t\t\t<img decoding=\"async\" src=\"https:\/\/www.solaal.org\/aura\/wp-content\/uploads\/sites\/29\/2023\/12\/cantal.png\" alt=\"\" \/>\n\t\t\t\t\t\t\t\t\t\t\t\t\t\t\t\t\t\t\t<\/div>\n\t\t\t\t\t\t\t\t<\/div>\n\t\t\t\t\t\t\t\t\n\t\t\t\t\t\t\t\t\t\t\t\t\t\t\t<div class=\"block\">\n\t\t\t\t\t\t\t\t\t<div class=\"box\">\n\t\t\t\t\t\t\t\t\t\t\t\t\t\t\t\t\t\t\t\t\t\t\t\t\t\t\t\t\t\t\t\t\t\t<a href=\"https:\/\/extranet-drome.chambres-agriculture.fr\/\"><img decoding=\"async\" src=\"https:\/\/www.solaal.org\/aura\/wp-content\/uploads\/sites\/29\/2022\/12\/logo_ca_drome_rvb_01.jpg\" alt=\"\" \/><\/a>\n\t\t\t\t\t\t\t\t\t\t\t\t\t\t\t\t\t\t\t\t\t\t\t\t\n\t\t\t\t\t\t\t\t\t\t\t\t\t\t\t\t\t\t\t<\/div>\n\t\t\t\t\t\t\t\t<\/div>\n\t\t\t\t\t\t\t\t\n\t\t\t\t\t\t\t\t\t\t\t\t\t\t\t<div class=\"block\">\n\t\t\t\t\t\t\t\t\t<div class=\"box\">\n\t\t\t\t\t\t\t\t\t\t\t\t\t\t\t\t\t\t\t\t\t\t\t\t\t\t\t\t\t\t\t\t\t\t<a href=\"https:\/\/extranet-ain.chambres-agriculture.fr\/\"><img decoding=\"async\" src=\"https:\/\/www.solaal.org\/aura\/wp-content\/uploads\/sites\/29\/2022\/12\/logo_ca_ain_rvb_01.jpg\" alt=\"\" \/><\/a>\n\t\t\t\t\t\t\t\t\t\t\t\t\t\t\t\t\t\t\t\t\t\t\t\t\n\t\t\t\t\t\t\t\t\t\t\t\t\t\t\t\t\t\t\t<\/div>\n\t\t\t\t\t\t\t\t<\/div>\n\t\t\t\t\t\t\t\t\n\t\t\t\t\t\t\t\t\t\t\t\t\t\t\t<div class=\"block\">\n\t\t\t\t\t\t\t\t\t<div class=\"box\">\n\t\t\t\t\t\t\t\t\t\t\t\t\t\t\t\t\t\t\t\t\t\t\t\t\t\t\t\t\t\t\t\t\t\t<a href=\"https:\/\/extranet-loire.chambres-agriculture.fr\/\"><img decoding=\"async\" src=\"https:\/\/www.solaal.org\/aura\/wp-content\/uploads\/sites\/29\/2022\/12\/logo_ca_loire_rvb.jpg\" alt=\"\" \/><\/a>\n\t\t\t\t\t\t\t\t\t\t\t\t\t\t\t\t\t\t\t\t\t\t\t\t\n\t\t\t\t\t\t\t\t\t\t\t\t\t\t\t\t\t\t\t<\/div>\n\t\t\t\t\t\t\t\t<\/div>\n\t\t\t\t\t\t\t\t\n\t\t\t\t\t\t\t\t\t\t\t\t\t\t\t<div class=\"block\">\n\t\t\t\t\t\t\t\t\t<div class=\"box\">\n\t\t\t\t\t\t\t\t\t\t\t\t\t\t\t\t\t\t\t\t\t\t\t\t\t\t\t\t\t\t\t\t\t\t<a href=\"https:\/\/extranet-puy-de-dome.chambres-agriculture.fr\/\"><img decoding=\"async\" src=\"https:\/\/www.solaal.org\/aura\/wp-content\/uploads\/sites\/29\/2023\/01\/logo_ca_puy_dome_rvb_01.jpg\" alt=\"\" \/><\/a>\n\t\t\t\t\t\t\t\t\t\t\t\t\t\t\t\t\t\t\t\t\t\t\t\t\n\t\t\t\t\t\t\t\t\t\t\t\t\t\t\t\t\t\t\t<\/div>\n\t\t\t\t\t\t\t\t<\/div>\n\t\t\t\t\t\t\t\t\n\t\t\t\t\t\t\t\t\t\t\t\t\t\t\t<div class=\"block\">\n\t\t\t\t\t\t\t\t\t<div class=\"box\">\n\t\t\t\t\t\t\t\t\t\t\t\t\t\t\t\t\t\t\t\t\t\t\t\t\t\t\t\t\t\t\t\t\t\t<a href=\"https:\/\/extranet-savoie-mont-blanc.chambres-agriculture.fr\/\"><img decoding=\"async\" src=\"https:\/\/www.solaal.org\/aura\/wp-content\/uploads\/sites\/29\/2023\/01\/logo_casmb_400px.jpg\" alt=\"\" \/><\/a>\n\t\t\t\t\t\t\t\t\t\t\t\t\t\t\t\t\t\t\t\t\t\t\t\t\n\t\t\t\t\t\t\t\t\t\t\t\t\t\t\t\t\t\t\t<\/div>\n\t\t\t\t\t\t\t\t<\/div>\n\t\t\t\t\t\t\t\t\n\t\t\t\t\t\t\t\t\t\t\t\t\t\t\t<div class=\"block\">\n\t\t\t\t\t\t\t\t\t<div class=\"box\">\n\t\t\t\t\t\t\t\t\t\t\t\t\t\t\t\t\t\t\t\t\t<img decoding=\"async\" src=\"https:\/\/www.solaal.org\/aura\/wp-content\/uploads\/sites\/29\/2023\/08\/logo_ca_haute_loire_rvb-296x300.png\" alt=\"\" \/>\n\t\t\t\t\t\t\t\t\t\t\t\t\t\t\t\t\t\t\t<\/div>\n\t\t\t\t\t\t\t\t<\/div>\n\t\t\t\t\t\t\t\t\n\t\t\t\t\t\t\t\t\t\t\t\t\t\t\t<div class=\"block\">\n\t\t\t\t\t\t\t\t\t<div class=\"box\">\n\t\t\t\t\t\t\t\t\t\t\t\t\t\t\t\t\t\t\t\t\t<img decoding=\"async\" src=\"https:\/\/www.solaal.org\/aura\/wp-content\/uploads\/sites\/29\/2023\/08\/logo_ca_rhone_rvb.png\" alt=\"\" \/>\n\t\t\t\t\t\t\t\t\t\t\t\t\t\t\t\t\t\t\t<\/div>\n\t\t\t\t\t\t\t\t<\/div>\n\t\t\t\t\t\t\t\t\n\t\t\t\t\t\t\t\t\t\t\t\t\t\t<\/div>\n\t\t\t\t\t\t<\/div>\n\t\t\t\t\t\t<div class=\"content-list-box\">\n\t\t\t\t\t\t\t<div class=\"content logos-slider\">\n\t\t\t\t\t\t\t\t\t\t\t\t\t\t\t\t\t\t\t\t\t\t\t\t<div class=\"block\">\n\t\t\t\t\t\t\t\t\t<div class=\"box\">\n\t\t\t\t\t\t\t\t\t\t\t\t\t\t\t\t\t\t\t\t\t<img decoding=\"async\" src=\"https:\/\/www.solaal.org\/aura\/wp-content\/uploads\/sites\/29\/2026\/01\/logo-loire-couleur.jpg\" alt=\"\" \/>\n\t\t\t\t\t\t\t\t\t\t\t\t\t\t\t\t\t\t\t<\/div>\n\t\t\t\t\t\t\t\t<\/div>\n\t\t\t\t\t\t\t\t\n\t\t\t\t\t\t\t\t\t\t\t\t\t\t\t<div class=\"block\">\n\t\t\t\t\t\t\t\t\t<div class=\"box\">\n\t\t\t\t\t\t\t\t\t\t\t\t\t\t\t\t\t\t\t\t\t<img decoding=\"async\" src=\"https:\/\/www.solaal.org\/aura\/wp-content\/uploads\/sites\/29\/2026\/01\/images-1.png\" alt=\"\" \/>\n\t\t\t\t\t\t\t\t\t\t\t\t\t\t\t\t\t\t\t<\/div>\n\t\t\t\t\t\t\t\t<\/div>\n\t\t\t\t\t\t\t\t\n\t\t\t\t\t\t\t\t\t\t\t\t\t\t\t<div class=\"block\">\n\t\t\t\t\t\t\t\t\t<div class=\"box\">\n\t\t\t\t\t\t\t\t\t\t\t\t\t\t\t\t\t\t\t\t\t<img decoding=\"async\" src=\"https:\/\/www.solaal.org\/aura\/wp-content\/uploads\/sites\/29\/2022\/06\/logo_Francerelance.png\" alt=\"\" \/>\n\t\t\t\t\t\t\t\t\t\t\t\t\t\t\t\t\t\t\t<\/div>\n\t\t\t\t\t\t\t\t<\/div>\n\t\t\t\t\t\t\t\t\n\t\t\t\t\t\t\t\t\t\t\t\t\t\t\t<div class=\"block\">\n\t\t\t\t\t\t\t\t\t<div class=\"box\">\n\t\t\t\t\t\t\t\t\t\t\t\t\t\t\t\t\t\t\t\t\t<img decoding=\"async\" src=\"https:\/\/www.solaal.org\/aura\/wp-content\/uploads\/sites\/29\/2022\/12\/siteon0-1-300x145.png\" alt=\"\" \/>\n\t\t\t\t\t\t\t\t\t\t\t\t\t\t\t\t\t\t\t<\/div>\n\t\t\t\t\t\t\t\t<\/div>\n\t\t\t\t\t\t\t\t\n\t\t\t\t\t\t\t\t\t\t\t\t\t\t\t<div class=\"block\">\n\t\t\t\t\t\t\t\t\t<div class=\"box\">\n\t\t\t\t\t\t\t\t\t\t\t\t\t\t\t\t\t\t\t\t\t<img decoding=\"async\" src=\"https:\/\/www.solaal.org\/aura\/wp-content\/uploads\/sites\/29\/2023\/12\/DRAAF-300x48.png\" alt=\"\" \/>\n\t\t\t\t\t\t\t\t\t\t\t\t\t\t\t\t\t\t\t<\/div>\n\t\t\t\t\t\t\t\t<\/div>\n\t\t\t\t\t\t\t\t\n\t\t\t\t\t\t\t\t\t\t\t\t\t\t\t<div class=\"block\">\n\t\t\t\t\t\t\t\t\t<div class=\"box\">\n\t\t\t\t\t\t\t\t\t\t\t\t\t\t\t\t\t\t\t\t\t<img decoding=\"async\" src=\"https:\/\/www.solaal.org\/aura\/wp-content\/uploads\/sites\/29\/2023\/05\/LOGO_REGION_RVB-BLEU-GRIS-300x70.png\" alt=\"\" \/>\n\t\t\t\t\t\t\t\t\t\t\t\t\t\t\t\t\t\t\t<\/div>\n\t\t\t\t\t\t\t\t<\/div>\n\t\t\t\t\t\t\t\t\n\t\t\t\t\t\t\t\t\t\t\t\t\t\t\t<div class=\"block\">\n\t\t\t\t\t\t\t\t\t<div class=\"box\">\n\t\t\t\t\t\t\t\t\t\t\t\t\t\t\t\t\t\t\t\t\t<img decoding=\"async\" src=\"https:\/\/www.solaal.org\/aura\/wp-content\/uploads\/sites\/29\/2023\/12\/logoDromeBLEU-RVB-300x125.png\" alt=\"\" \/>\n\t\t\t\t\t\t\t\t\t\t\t\t\t\t\t\t\t\t\t<\/div>\n\t\t\t\t\t\t\t\t<\/div>\n\t\t\t\t\t\t\t\t\n\t\t\t\t\t\t\t\t\t\t\t\t\t\t\t<div class=\"block\">\n\t\t\t\t\t\t\t\t\t<div class=\"box\">\n\t\t\t\t\t\t\t\t\t\t\t\t\t\t\t\t\t\t\t\t\t<img decoding=\"async\" src=\"https:\/\/www.solaal.org\/aura\/wp-content\/uploads\/sites\/29\/2023\/05\/logo-MECENAT-MUTUALIA-300x133.png\" alt=\"\" \/>\n\t\t\t\t\t\t\t\t\t\t\t\t\t\t\t\t\t\t\t<\/div>\n\t\t\t\t\t\t\t\t<\/div>\n\t\t\t\t\t\t\t\t\n\t\t\t\t\t\t\t\t\t\t\t\t\t\t\t<div class=\"block\">\n\t\t\t\t\t\t\t\t\t<div class=\"box\">\n\t\t\t\t\t\t\t\t\t\t\t\t\t\t\t\t\t\t\t\t\t<img decoding=\"async\" src=\"https:\/\/www.solaal.org\/aura\/wp-content\/uploads\/sites\/29\/2022\/12\/logo-cmjn-credit-agricole-centre-france-fondation-entreprises-300x76.png\" alt=\"\" \/>\n\t\t\t\t\t\t\t\t\t\t\t\t\t\t\t\t\t\t\t<\/div>\n\t\t\t\t\t\t\t\t<\/div>\n\t\t\t\t\t\t\t\t\n\t\t\t\t\t\t\t\t\t\t\t\t\t\t\t<div class=\"block\">\n\t\t\t\t\t\t\t\t\t<div class=\"box\">\n\t\t\t\t\t\t\t\t\t\t\t\t\t\t\t\t\t\t\t\t\t<img decoding=\"async\" src=\"https:\/\/www.solaal.org\/aura\/wp-content\/uploads\/sites\/29\/2022\/12\/logo_capluriel_auvergne-rhone-alpes_rvb.jpg\" alt=\"\" \/>\n\t\t\t\t\t\t\t\t\t\t\t\t\t\t\t\t\t\t\t<\/div>\n\t\t\t\t\t\t\t\t<\/div>\n\t\t\t\t\t\t\t\t\n\t\t\t\t\t\t\t\t\t\t\t\t\t\t\t<div class=\"block\">\n\t\t\t\t\t\t\t\t\t<div class=\"box\">\n\t\t\t\t\t\t\t\t\t\t\t\t\t\t\t\t\t\t\t\t\t<img decoding=\"async\" src=\"https:\/\/www.solaal.org\/aura\/wp-content\/uploads\/sites\/29\/2022\/12\/logo-safer-300x105.jpg\" alt=\"\" \/>\n\t\t\t\t\t\t\t\t\t\t\t\t\t\t\t\t\t\t\t<\/div>\n\t\t\t\t\t\t\t\t<\/div>\n\t\t\t\t\t\t\t\t\n\t\t\t\t\t\t\t\t\t\t\t\t\t\t\t<div class=\"block\">\n\t\t\t\t\t\t\t\t\t<div class=\"box\">\n\t\t\t\t\t\t\t\t\t\t\t\t\t\t\t\t\t\t\t\t\t<img decoding=\"async\" src=\"https:\/\/www.solaal.org\/aura\/wp-content\/uploads\/sites\/29\/2022\/12\/msa-1.png\" alt=\"\" \/>\n\t\t\t\t\t\t\t\t\t\t\t\t\t\t\t\t\t\t\t<\/div>\n\t\t\t\t\t\t\t\t<\/div>\n\t\t\t\t\t\t\t\t\n\t\t\t\t\t\t\t\t\t\t\t\t\t\t\t<div class=\"block\">\n\t\t\t\t\t\t\t\t\t<div class=\"box\">\n\t\t\t\t\t\t\t\t\t\t\t\t\t\t\t\t\t\t\t\t\t<img decoding=\"async\" src=\"https:\/\/www.solaal.org\/aura\/wp-content\/uploads\/sites\/29\/2023\/05\/telechargement-2-300x80.jpeg\" alt=\"\" \/>\n\t\t\t\t\t\t\t\t\t\t\t\t\t\t\t\t\t\t\t<\/div>\n\t\t\t\t\t\t\t\t<\/div>\n\t\t\t\t\t\t\t\t\n\t\t\t\t\t\t\t\t\t\t\t\t\t\t\t<div class=\"block\">\n\t\t\t\t\t\t\t\t\t<div class=\"box\">\n\t\t\t\t\t\t\t\t\t\t\t\t\t\t\t\t\t\t\t\t\t<img decoding=\"async\" src=\"https:\/\/www.solaal.org\/aura\/wp-content\/uploads\/sites\/29\/2022\/12\/Logo-Fondation-Saint-Irenee.png\" alt=\"\" \/>\n\t\t\t\t\t\t\t\t\t\t\t\t\t\t\t\t\t\t\t<\/div>\n\t\t\t\t\t\t\t\t<\/div>\n\t\t\t\t\t\t\t\t\n\t\t\t\t\t\t\t\t\t\t\t\t\t\t\t<div class=\"block\">\n\t\t\t\t\t\t\t\t\t<div class=\"box\">\n\t\t\t\t\t\t\t\t\t\t\t\t\t\t\t\t\t\t\t\t\t<img decoding=\"async\" src=\"https:\/\/www.solaal.org\/aura\/wp-content\/uploads\/sites\/29\/2022\/05\/AG2R-300x115.png\" alt=\"\" \/>\n\t\t\t\t\t\t\t\t\t\t\t\t\t\t\t\t\t\t\t<\/div>\n\t\t\t\t\t\t\t\t<\/div>\n\t\t\t\t\t\t\t\t\n\t\t\t\t\t\t\t\t\t\t\t\t\t\t<\/div>\n\t\t\t\t\t\t<\/div>\n\t\t\t\t\t<\/div>\n\t\t\t\t\t\n\n\n\t\t\t\t<\/div>\n\t\t\t<\/div>\n\t\t\t\n\t\t\t<div class=\"links\">\n\t\t\t\t\t\t\t\t<a  class=\"btn btn-b\" href=\"https:\/\/www.solaal.org\/aura\/decouvrez-lassociation\/membres-fondateurs\/\" target=\"_self\"><i><\/i>Les membres de SOLAAL AURA<\/a>\n\t\t\t\t\t\t\t\t<a  class=\"btn btn-b\" href=\"https:\/\/www.solaal.org\/aura\/decouvrez-lassociation\/les-partenaires-solidaires\/\" target=\"_self\"><i><\/i>Les partenaires solidaires<\/a>\n\t\t\t\t\t\t\t<\/div>\n\t\t<\/div>\n\t<\/section>","protected":false},"excerpt":{"rendered":"<p>SOLAAL AURA est une association reconnue d&rsquo;int\u00e9r\u00eat g\u00e9n\u00e9ral lanc\u00e9e \u00e0 l&rsquo;automne 2021,dont la mission est de faciliter et d\u2019organiser les dons des fili\u00e8res agricole et agroalimentaire vers les associations d\u2019aide alimentaire. Son objectif est de lutter contre le gaspillage des invendus alimentaires et offrir des produits frais aux personnes les plus d\u00e9munies. \u201cJe ne supporte [&hellip;]<\/p>\n","protected":false},"author":19,"featured_media":0,"parent":448,"menu_order":1,"comment_status":"closed","ping_status":"closed","template":"","meta":{"_acf_changed":false,"inline_featured_image":false,"footnotes":""},"class_list":["post-1065","page","type-page","status-publish","hentry"],"acf":[],"_links":{"self":[{"href":"https:\/\/www.solaal.org\/aura\/wp-json\/wp\/v2\/pages\/1065","targetHints":{"allow":["GET"]}}],"collection":[{"href":"https:\/\/www.solaal.org\/aura\/wp-json\/wp\/v2\/pages"}],"about":[{"href":"https:\/\/www.solaal.org\/aura\/wp-json\/wp\/v2\/types\/page"}],"author":[{"embeddable":true,"href":"https:\/\/www.solaal.org\/aura\/wp-json\/wp\/v2\/users\/19"}],"replies":[{"embeddable":true,"href":"https:\/\/www.solaal.org\/aura\/wp-json\/wp\/v2\/comments?post=1065"}],"version-history":[{"count":78,"href":"https:\/\/www.solaal.org\/aura\/wp-json\/wp\/v2\/pages\/1065\/revisions"}],"predecessor-version":[{"id":1761,"href":"https:\/\/www.solaal.org\/aura\/wp-json\/wp\/v2\/pages\/1065\/revisions\/1761"}],"up":[{"embeddable":true,"href":"https:\/\/www.solaal.org\/aura\/wp-json\/wp\/v2\/pages\/448"}],"wp:attachment":[{"href":"https:\/\/www.solaal.org\/aura\/wp-json\/wp\/v2\/media?parent=1065"}],"curies":[{"name":"wp","href":"https:\/\/api.w.org\/{rel}","templated":true}]}}